{"id":8967,"date":"2021-01-31T17:36:09","date_gmt":"2021-01-31T17:36:09","guid":{"rendered":"https:\/\/www.solidaridadobrera.org\/confederal\/?page_id=8967"},"modified":"2022-02-07T11:24:18","modified_gmt":"2022-02-07T11:24:18","slug":"vigilancia-sanitaria-especifica-por-amianto-vsea-en-metro-de-madrid","status":"publish","type":"page","link":"https:\/\/www.solidaridadobrera.org\/confederal\/vigilancia-sanitaria-especifica-por-amianto-vsea-en-metro-de-madrid\/","title":{"rendered":"VIGILANCIA SANITARIA ESPEC\u00cdFICA POR AMIANTO (VSEA) EN METRO DE MADRID"},"content":{"rendered":"\n<p><strong>Documento en pdf:<\/strong><\/p>\n\n\n\n<div class=\"wp-block-file\"><a href=\"https:\/\/www.solidaridadobrera.org\/confederal\/wp-content\/uploads\/2021\/01\/VIGILANCIA-SANITARIA-ESPECIFICA-POR-AMIANTO-en-METRO-DE-MADRID.pdf\">VIGILANCIA-SANITARIA-ESPECIFICA-POR-AMIANTO-en-METRO-DE-MADRID<\/a><a href=\"https:\/\/www.solidaridadobrera.org\/confederal\/wp-content\/uploads\/2021\/01\/VIGILANCIA-SANITARIA-ESPECIFICA-POR-AMIANTO-en-METRO-DE-MADRID.pdf\" class=\"wp-block-file__button\" download>Descarga<\/a><\/div>\n\n\n\n<p>Tras tratarse en la Comisi\u00f3n de Desamiantado y en el trascurso del pleno extraordinario del Comit\u00e9 de Seguridad y Salud de Metro de Madrid, S.A., celebrado el d\u00eda 2 de septiembre de 2020, se acord\u00f3 hacer la VSEA obligatoria a los siguientes colectivos cuya incorporaci\u00f3n a dichos colectivos profesionales haya sido anterior a noviembre de 2017:<\/p>\n\n\n\n<p>Del \u00c1rea de Material Mantenimiento M\u00f3vil, los siguientes:<\/p>\n\n\n\n<ul class=\"wp-block-list\"><li><strong>Talleres Centrales (Secciones de M\u00e1quinas El\u00e9ctricas, M\u00e1quinas Herramientas, componentes de Instalaciones de Estaciones, Aparellaje, Chapa, Caja, Conservaci\u00f3n, Veh\u00edculos Auxiliares, Electromec\u00e1nica, Manutenci\u00f3n y Transporte, Bogies, Acondicionamiento de Caja y Taller Electr\u00f3nico.)<\/strong><\/li><li><strong>Ciclo corto.<\/strong><\/li><\/ul>\n\n\n\n<p>Del \u00c1rea de Infraestructuras, los siguientes:<\/p>\n\n\n\n<ul class=\"wp-block-list\"><li><strong>Obras<\/strong><\/li><li><strong>Tratamientos Ambientales (secci\u00f3n residuos)<\/strong><\/li><\/ul>\n\n\n\n<p>Del \u00c1rea de Mantenimiento de Instalaciones, los siguientes:<\/p>\n\n\n\n<ul class=\"wp-block-list\"><li><strong>Escaleras mec\u00e1nicas<\/strong><\/li><li><strong>Se\u00f1ales<\/strong><\/li><li><strong>Mantenimiento de Instalaciones de Baja Tensi\u00f3n.<\/strong><\/li><li><strong>Mantenimiento operativo de Comunicaciones en Red.<\/strong><\/li><li><strong>Energ\u00eda<\/strong><\/li><li><strong>L\u00ednea A\u00e9rea<\/strong><\/li><\/ul>\n\n\n\n<p>Trabajadores de los siguientes \u00e1mbitos organizativos:<\/p>\n\n\n\n<ul class=\"wp-block-list\"><li><strong>Secci\u00f3n de Almacenes y Laboratorio de Recepci\u00f3n de Materiales<\/strong><\/li><li><strong>Oficial Polivalente<\/strong><\/li><li><strong>Secci\u00f3n CCR<\/strong><\/li><li><strong>Conductores o Maquinistas de Tracci\u00f3n El\u00e9ctrica (Veh\u00edculos Cl\u00e1sicos; 300; 500; 1000; Veh\u00edculos auxiliares; VAI; VR-15; VR-16; VR-111; VR-112; AT-1; AT-2; Series 2000; 5000 y 6000)<\/strong><\/li><li><strong>Instructores de formaci\u00f3n (Veh\u00edculos Cl\u00e1sicos; 300; 500; 1000; Veh\u00edculos auxiliares; VAI; VR-15; VR-16; VR-111; VR-112; AT-1; AT-2; Series 2000; 5000 y 6000)<\/strong><\/li><\/ul>\n\n\n\n<p><em>\u201cMetro de Madrid garantiza que la VSEA anterior pudiera hacerse extensiva a trabajadores inicialmente no incluidos en los colectivos profesionales y \u00e1mbitos organizativos antes rese\u00f1ados.\u201d<\/em><\/p>\n\n\n\n<p><strong>SI NO EST\u00c1S O HAS ESTADO EN LOS COLECTIVOS ANTES INDICADOS DEBE REALIZAR UNA SOLICITUD INDIVIDUAL<\/strong> (Los incluidos en la vigilancia, son cualquier trabajador\/a que durante su vida laboral en la empresa est\u00e1 o estuviera en los colectivos indicados anteriormente sin importar el periodo de tiempo)<\/p>\n\n\n\n<p>Es muy importante destacar que se deben atender todas las solicitudes que se presenten para la inclusi\u00f3n en la vigilancia de otros colectivos no incluidos, atendiendo a las particularidades, para ello la empresa las llevar\u00e1 al Pleno del Comit\u00e9 de Seguridad y Salud, donde entre empresa y Delegados de Prevenci\u00f3n (o Sindicales) debe debatirse dichas solicitudes.<\/p>\n\n\n\n<p><strong>Est\u00e1s Solicitudes pueden cumplimentarse de la siguiente manera o bien por Anden Central o por valija (o correspondencia) al Servicio de Salud Laboral de Metro de Madrid S.A., sita en la Calle N\u00e9ctar 44, 28022 Madrid.<\/strong><\/p>\n\n\n\n<p><strong>\u00c9stas solicitudes pueden estar fundamentadas por la exposici\u00f3n a obras en estaciones u otras en la que la proximidad en el ambiente de trabajo es tenida en cuenta por la ley para tener que aplicar la VSEA.<\/strong><\/p>\n\n\n\n<p>En And\u00e9n Central lo podr\u00e1s encontrar en la pesta\u00f1a de Amianto:<\/p>\n\n\n\n<div class=\"wp-block-image\"><figure class=\"aligncenter size-large\"><img fetchpriority=\"high\" decoding=\"async\" width=\"438\" height=\"851\" src=\"https:\/\/www.solidaridadobrera.org\/confederal\/wp-content\/uploads\/2021\/01\/andencentral_01.jpg\" alt=\"\" class=\"wp-image-8970\" srcset=\"https:\/\/www.solidaridadobrera.org\/confederal\/wp-content\/uploads\/2021\/01\/andencentral_01.jpg 438w, https:\/\/www.solidaridadobrera.org\/confederal\/wp-content\/uploads\/2021\/01\/andencentral_01-154x300.jpg 154w\" sizes=\"(max-width: 438px) 100vw, 438px\" \/><\/figure><\/div>\n\n\n\n<p>Despu\u00e9s en la pesta\u00f1a de Salud (Ver m\u00e1s):<\/p>\n\n\n\n<figure class=\"wp-block-image size-large\"><img decoding=\"async\" width=\"794\" height=\"209\" src=\"https:\/\/www.solidaridadobrera.org\/confederal\/wp-content\/uploads\/2021\/01\/andencentral_02.jpg\" alt=\"\" class=\"wp-image-8971\" srcset=\"https:\/\/www.solidaridadobrera.org\/confederal\/wp-content\/uploads\/2021\/01\/andencentral_02.jpg 794w, https:\/\/www.solidaridadobrera.org\/confederal\/wp-content\/uploads\/2021\/01\/andencentral_02-300x79.jpg 300w, https:\/\/www.solidaridadobrera.org\/confederal\/wp-content\/uploads\/2021\/01\/andencentral_02-768x202.jpg 768w\" sizes=\"(max-width: 794px) 100vw, 794px\" \/><\/figure>\n\n\n\n<p>Una vez dentro de la pesta\u00f1a Amianto\/Salud al final de la \u00faltima p\u00e1gina habr\u00eda que marcar \u201cSi no est\u00e1s Incluido\u201d, de esta forma se abre el formulario en l\u00ednea para cumplimentar:<\/p>\n\n\n\n<figure class=\"wp-block-image size-large\"><img decoding=\"async\" width=\"767\" height=\"182\" src=\"https:\/\/www.solidaridadobrera.org\/confederal\/wp-content\/uploads\/2021\/01\/andencentral_03.jpg\" alt=\"\" class=\"wp-image-8972\" srcset=\"https:\/\/www.solidaridadobrera.org\/confederal\/wp-content\/uploads\/2021\/01\/andencentral_03.jpg 767w, https:\/\/www.solidaridadobrera.org\/confederal\/wp-content\/uploads\/2021\/01\/andencentral_03-300x71.jpg 300w\" sizes=\"(max-width: 767px) 100vw, 767px\" \/><\/figure>\n\n\n\n<p>Este ser\u00eda el informe a cumplimentar:<\/p>\n\n\n\n<figure class=\"wp-block-image size-large\"><img loading=\"lazy\" decoding=\"async\" width=\"764\" height=\"858\" src=\"https:\/\/www.solidaridadobrera.org\/confederal\/wp-content\/uploads\/2021\/01\/andencentral_04.jpg\" alt=\"\" class=\"wp-image-8973\" srcset=\"https:\/\/www.solidaridadobrera.org\/confederal\/wp-content\/uploads\/2021\/01\/andencentral_04.jpg 764w, https:\/\/www.solidaridadobrera.org\/confederal\/wp-content\/uploads\/2021\/01\/andencentral_04-267x300.jpg 267w\" sizes=\"(max-width: 764px) 100vw, 764px\" \/><\/figure>\n\n\n\n<p>Por supuesto que tambi\u00e9n se deben atender las solicitudes de trabajadores\/as jubilados\/as que, aunque la vigilancia la realizar\u00e1 el Sistema P\u00fablico de Sanidad es Metro de Madrid qui\u00e9n debe mandar la inscripci\u00f3n a la Unidad T\u00e9cnica Laboral de la Consejer\u00eda de Sanidad de la Comunidad de Madrid para que sean citados.<\/p>\n\n\n\n<p>Para finalizar incluimos un modelo de solicitud para imprimir y rellenar que puede ser remitido a bien por correo electr\u00f3nico a <a href=\"mailto:gmlab112@metromadrid.es\">gmlab112@metromadrid.es<\/a>, o a la direcci\u00f3n postal antes se\u00f1alada (<strong>Servicio de Salud Laboral de Metro de Madrid S.A., sita en la Calle N\u00e9ctar 44, 28022 Madrid)<\/strong>:<\/p>\n\n\n\n<div class=\"wp-block-file\"><a href=\"https:\/\/www.solidaridadobrera.org\/confederal\/wp-content\/uploads\/2021\/01\/Solicitud-inclusion-VSEA-Metro-Madrid-amianto.pdf\">Solicitud-inclusion-VSEA-Metro-Madrid-amianto<\/a><a href=\"https:\/\/www.solidaridadobrera.org\/confederal\/wp-content\/uploads\/2021\/01\/Solicitud-inclusion-VSEA-Metro-Madrid-amianto.pdf\" class=\"wp-block-file__button\" download>Descarga<\/a><\/div>\n\n\n\n<p>SERVICIO DE SALUD LABORAL<\/p>\n\n\n\n<p>SOLICITUD INDIVIDUAL&nbsp;<\/p>\n\n\n\n<p>Inclusi\u00f3n en la Vigilancia de la Salud Espec\u00edfica por Amianto (VSEA)<\/p>\n\n\n\n<p>&nbsp;Yo __________________________________________ con DNE (o DNI) __________ solicito ser incluido\/a en la Vigilancia de la Salud Espec\u00edfica por Amianto dado que considero haber estado expuesto\/a a este elemento por (marque la\/las que correspondan):<\/p>\n\n\n\n<p>&nbsp;&nbsp; Haber realizado trabajos con amianto o con materiales que conten\u00edan MCA.<\/p>\n\n\n\n<figure class=\"wp-block-table\"><table><tbody><tr><td>Tarea\/Pieza<\/td><td>A\u00f1o aprox.<\/td><\/tr><tr><td>&nbsp;<\/td><td>&nbsp;<\/td><\/tr><tr><td>&nbsp;<\/td><td>&nbsp;<\/td><\/tr><tr><td>&nbsp;<\/td><td>&nbsp;<\/td><\/tr><tr><td>&nbsp;<\/td><td>&nbsp;<\/td><\/tr><\/tbody><\/table><\/figure>\n\n\n\n<p>&nbsp;&nbsp; Haber estado\/trabajado cerca de trabajos con amianto.<\/p>\n\n\n\n<figure class=\"wp-block-table\"><table><tbody><tr><td>Lugar\/Secci\u00f3n<\/td><td>A\u00f1o aprox.<\/td><\/tr><tr><td>&nbsp;<\/td><td>&nbsp;<\/td><\/tr><tr><td>&nbsp;<\/td><td>&nbsp;<\/td><\/tr><tr><td>&nbsp;<\/td><td>&nbsp;<\/td><\/tr><tr><td>&nbsp;<\/td><td>&nbsp;<\/td><\/tr><\/tbody><\/table><\/figure>\n\n\n\n<p>&nbsp;&nbsp; Pertenecer a alguno de los colectivos ya incluidos en la VSEA.<\/p>\n\n\n\n<figure class=\"wp-block-table\"><table><tbody><tr><td>Colectivo\/Secci\u00f3n<\/td><td>A\u00f1o aprox.<\/td><\/tr><tr><td>&nbsp;<\/td><td>&nbsp;<\/td><\/tr><tr><td>&nbsp;<\/td><td>&nbsp;<\/td><\/tr><tr><td>&nbsp;<\/td><td>&nbsp;<\/td><\/tr><tr><td>&nbsp;<\/td><td>&nbsp;<\/td><\/tr><\/tbody><\/table><\/figure>\n\n\n\n<p>&nbsp;&nbsp; Otros.<\/p>\n\n\n\n<figure class=\"wp-block-table\"><table><tbody><tr><td>Motivos<\/td><td>A\u00f1o aprox.<\/td><\/tr><tr><td>&nbsp; &nbsp; &nbsp; &nbsp; &nbsp; &nbsp;<\/td><td>&nbsp; &nbsp; &nbsp; &nbsp;<\/td><\/tr><\/tbody><\/table><\/figure>\n\n\n\n<p>&nbsp;&nbsp; Se adjuntan __ documentos.<\/p>\n\n\n\n<p>Los datos aportados, salvo documentaci\u00f3n adjunta, son aproximados dado el tiempo transcurrido y, por ello, solicito se investigue mi caso y no sea descartado por alg\u00fan error en los datos.<\/p>\n\n\n\n<p>Fdo.: &nbsp;&nbsp; &nbsp;&nbsp;&nbsp;&nbsp;&nbsp;&nbsp;&nbsp;&nbsp;&nbsp;&nbsp;&nbsp; &nbsp;&nbsp;&nbsp;&nbsp;&nbsp;&nbsp;&nbsp;&nbsp;&nbsp;&nbsp;&nbsp;<\/p>\n\n\n\n<p>Metro de Madrid S.A. tramitar\u00e1 su solicitud y le contestar\u00e1 por escrito en el menor tiempo posible.<\/p>\n\n\n\n<p>Recib\u00ed (fecha y sello):&nbsp;<\/p>\n","protected":false},"excerpt":{"rendered":"<p>Documento en pdf: Tras tratarse en la Comisi\u00f3n de Desamiantado y en el trascurso del pleno extraordinario del Comit\u00e9 de Seguridad y Salud de Metro de Madrid, S.A., celebrado el [&hellip;]<\/p>\n","protected":false},"author":3,"featured_media":0,"parent":0,"menu_order":0,"comment_status":"closed","ping_status":"closed","template":"","meta":{"postBodyCss":"","postBodyMargin":[],"postBodyPadding":[],"postBodyBackground":{"backgroundType":"classic","gradient":""},"ngg_post_thumbnail":0,"footnotes":""},"class_list":["post-8967","page","type-page","status-publish","hentry"],"yoast_head":"<!-- This site is optimized with the Yoast SEO plugin v27.3 - https:\/\/yoast.com\/product\/yoast-seo-wordpress\/ -->\n<title>VIGILANCIA SANITARIA ESPEC\u00cdFICA POR AMIANTO (VSEA) EN METRO DE MADRID - CONFEDERACI\u00d3N SOLIDARIDAD OBRERA<\/title>\n<meta name=\"robots\" content=\"index, follow, max-snippet:-1, max-image-preview:large, max-video-preview:-1\" \/>\n<link rel=\"canonical\" href=\"https:\/\/www.solidaridadobrera.org\/confederal\/vigilancia-sanitaria-especifica-por-amianto-vsea-en-metro-de-madrid\/\" \/>\n<meta property=\"og:locale\" content=\"es_ES\" \/>\n<meta property=\"og:type\" content=\"article\" \/>\n<meta property=\"og:title\" content=\"VIGILANCIA SANITARIA ESPEC\u00cdFICA POR AMIANTO (VSEA) EN METRO DE MADRID - CONFEDERACI\u00d3N SOLIDARIDAD OBRERA\" \/>\n<meta property=\"og:description\" content=\"Documento en pdf: Tras tratarse en la Comisi\u00f3n de Desamiantado y en el trascurso del pleno extraordinario del Comit\u00e9 de Seguridad y Salud de Metro de Madrid, S.A., celebrado el [&hellip;]\" \/>\n<meta property=\"og:url\" content=\"https:\/\/www.solidaridadobrera.org\/confederal\/vigilancia-sanitaria-especifica-por-amianto-vsea-en-metro-de-madrid\/\" \/>\n<meta property=\"og:site_name\" content=\"CONFEDERACI\u00d3N SOLIDARIDAD OBRERA\" \/>\n<meta property=\"article:publisher\" content=\"https:\/\/es-es.facebook.com\/Soliobrera\" \/>\n<meta property=\"article:modified_time\" content=\"2022-02-07T11:24:18+00:00\" \/>\n<meta property=\"og:image\" content=\"https:\/\/www.solidaridadobrera.org\/confederal\/wp-content\/uploads\/2021\/01\/andencentral_01.jpg\" \/>\n<meta name=\"twitter:card\" content=\"summary_large_image\" \/>\n<meta name=\"twitter:label1\" content=\"Tiempo de lectura\" \/>\n\t<meta name=\"twitter:data1\" content=\"5 minutos\" \/>\n<script type=\"application\/ld+json\" class=\"yoast-schema-graph\">{\"@context\":\"https:\\\/\\\/schema.org\",\"@graph\":[{\"@type\":\"WebPage\",\"@id\":\"https:\\\/\\\/www.solidaridadobrera.org\\\/confederal\\\/vigilancia-sanitaria-especifica-por-amianto-vsea-en-metro-de-madrid\\\/\",\"url\":\"https:\\\/\\\/www.solidaridadobrera.org\\\/confederal\\\/vigilancia-sanitaria-especifica-por-amianto-vsea-en-metro-de-madrid\\\/\",\"name\":\"VIGILANCIA SANITARIA ESPEC\u00cdFICA POR AMIANTO (VSEA) EN METRO DE MADRID - CONFEDERACI\u00d3N SOLIDARIDAD OBRERA\",\"isPartOf\":{\"@id\":\"https:\\\/\\\/www.solidaridadobrera.org\\\/confederal\\\/#website\"},\"primaryImageOfPage\":{\"@id\":\"https:\\\/\\\/www.solidaridadobrera.org\\\/confederal\\\/vigilancia-sanitaria-especifica-por-amianto-vsea-en-metro-de-madrid\\\/#primaryimage\"},\"image\":{\"@id\":\"https:\\\/\\\/www.solidaridadobrera.org\\\/confederal\\\/vigilancia-sanitaria-especifica-por-amianto-vsea-en-metro-de-madrid\\\/#primaryimage\"},\"thumbnailUrl\":\"https:\\\/\\\/www.solidaridadobrera.org\\\/confederal\\\/wp-content\\\/uploads\\\/2021\\\/01\\\/andencentral_01.jpg\",\"datePublished\":\"2021-01-31T17:36:09+00:00\",\"dateModified\":\"2022-02-07T11:24:18+00:00\",\"breadcrumb\":{\"@id\":\"https:\\\/\\\/www.solidaridadobrera.org\\\/confederal\\\/vigilancia-sanitaria-especifica-por-amianto-vsea-en-metro-de-madrid\\\/#breadcrumb\"},\"inLanguage\":\"es\",\"potentialAction\":[{\"@type\":\"ReadAction\",\"target\":[\"https:\\\/\\\/www.solidaridadobrera.org\\\/confederal\\\/vigilancia-sanitaria-especifica-por-amianto-vsea-en-metro-de-madrid\\\/\"]}]},{\"@type\":\"ImageObject\",\"inLanguage\":\"es\",\"@id\":\"https:\\\/\\\/www.solidaridadobrera.org\\\/confederal\\\/vigilancia-sanitaria-especifica-por-amianto-vsea-en-metro-de-madrid\\\/#primaryimage\",\"url\":\"https:\\\/\\\/www.solidaridadobrera.org\\\/confederal\\\/wp-content\\\/uploads\\\/2021\\\/01\\\/andencentral_01.jpg\",\"contentUrl\":\"https:\\\/\\\/www.solidaridadobrera.org\\\/confederal\\\/wp-content\\\/uploads\\\/2021\\\/01\\\/andencentral_01.jpg\",\"width\":438,\"height\":851},{\"@type\":\"BreadcrumbList\",\"@id\":\"https:\\\/\\\/www.solidaridadobrera.org\\\/confederal\\\/vigilancia-sanitaria-especifica-por-amianto-vsea-en-metro-de-madrid\\\/#breadcrumb\",\"itemListElement\":[{\"@type\":\"ListItem\",\"position\":1,\"name\":\"Portada\",\"item\":\"https:\\\/\\\/www.solidaridadobrera.org\\\/confederal\\\/\"},{\"@type\":\"ListItem\",\"position\":2,\"name\":\"VIGILANCIA SANITARIA ESPEC\u00cdFICA POR AMIANTO (VSEA) EN METRO DE MADRID\"}]},{\"@type\":\"WebSite\",\"@id\":\"https:\\\/\\\/www.solidaridadobrera.org\\\/confederal\\\/#website\",\"url\":\"https:\\\/\\\/www.solidaridadobrera.org\\\/confederal\\\/\",\"name\":\"SOLIDARIDAD OBRERA\",\"description\":\"Confederaci\u00f3n Anarcosindicalista. La lucha es el \u00fanico camino.\",\"publisher\":{\"@id\":\"https:\\\/\\\/www.solidaridadobrera.org\\\/confederal\\\/#organization\"},\"potentialAction\":[{\"@type\":\"SearchAction\",\"target\":{\"@type\":\"EntryPoint\",\"urlTemplate\":\"https:\\\/\\\/www.solidaridadobrera.org\\\/confederal\\\/?s={search_term_string}\"},\"query-input\":{\"@type\":\"PropertyValueSpecification\",\"valueRequired\":true,\"valueName\":\"search_term_string\"}}],\"inLanguage\":\"es\"},{\"@type\":\"Organization\",\"@id\":\"https:\\\/\\\/www.solidaridadobrera.org\\\/confederal\\\/#organization\",\"name\":\"Solidaridad Obrera\",\"url\":\"https:\\\/\\\/www.solidaridadobrera.org\\\/confederal\\\/\",\"logo\":{\"@type\":\"ImageObject\",\"inLanguage\":\"es\",\"@id\":\"https:\\\/\\\/www.solidaridadobrera.org\\\/confederal\\\/#\\\/schema\\\/logo\\\/image\\\/\",\"url\":\"https:\\\/\\\/www.solidaridadobrera.org\\\/confederal\\\/wp-content\\\/uploads\\\/2021\\\/07\\\/logo_soli_web.png\",\"contentUrl\":\"https:\\\/\\\/www.solidaridadobrera.org\\\/confederal\\\/wp-content\\\/uploads\\\/2021\\\/07\\\/logo_soli_web.png\",\"width\":1181,\"height\":1181,\"caption\":\"Solidaridad Obrera\"},\"image\":{\"@id\":\"https:\\\/\\\/www.solidaridadobrera.org\\\/confederal\\\/#\\\/schema\\\/logo\\\/image\\\/\"},\"sameAs\":[\"https:\\\/\\\/es-es.facebook.com\\\/Soliobrera\",\"https:\\\/\\\/www.instagram.com\\\/soliobrera\\\/\",\"https:\\\/\\\/web.telegram.org\\\/a\\\/#-1001124968543\"]}]}<\/script>\n<!-- \/ Yoast SEO plugin. -->","yoast_head_json":{"title":"VIGILANCIA SANITARIA ESPEC\u00cdFICA POR AMIANTO (VSEA) EN METRO DE MADRID - CONFEDERACI\u00d3N SOLIDARIDAD OBRERA","robots":{"index":"index","follow":"follow","max-snippet":"max-snippet:-1","max-image-preview":"max-image-preview:large","max-video-preview":"max-video-preview:-1"},"canonical":"https:\/\/www.solidaridadobrera.org\/confederal\/vigilancia-sanitaria-especifica-por-amianto-vsea-en-metro-de-madrid\/","og_locale":"es_ES","og_type":"article","og_title":"VIGILANCIA SANITARIA ESPEC\u00cdFICA POR AMIANTO (VSEA) EN METRO DE MADRID - CONFEDERACI\u00d3N SOLIDARIDAD OBRERA","og_description":"Documento en pdf: Tras tratarse en la Comisi\u00f3n de Desamiantado y en el trascurso del pleno extraordinario del Comit\u00e9 de Seguridad y Salud de Metro de Madrid, S.A., celebrado el [&hellip;]","og_url":"https:\/\/www.solidaridadobrera.org\/confederal\/vigilancia-sanitaria-especifica-por-amianto-vsea-en-metro-de-madrid\/","og_site_name":"CONFEDERACI\u00d3N SOLIDARIDAD OBRERA","article_publisher":"https:\/\/es-es.facebook.com\/Soliobrera","article_modified_time":"2022-02-07T11:24:18+00:00","og_image":[{"url":"https:\/\/www.solidaridadobrera.org\/confederal\/wp-content\/uploads\/2021\/01\/andencentral_01.jpg","type":"","width":"","height":""}],"twitter_card":"summary_large_image","twitter_misc":{"Tiempo de lectura":"5 minutos"},"schema":{"@context":"https:\/\/schema.org","@graph":[{"@type":"WebPage","@id":"https:\/\/www.solidaridadobrera.org\/confederal\/vigilancia-sanitaria-especifica-por-amianto-vsea-en-metro-de-madrid\/","url":"https:\/\/www.solidaridadobrera.org\/confederal\/vigilancia-sanitaria-especifica-por-amianto-vsea-en-metro-de-madrid\/","name":"VIGILANCIA SANITARIA ESPEC\u00cdFICA POR AMIANTO (VSEA) EN METRO DE MADRID - CONFEDERACI\u00d3N SOLIDARIDAD OBRERA","isPartOf":{"@id":"https:\/\/www.solidaridadobrera.org\/confederal\/#website"},"primaryImageOfPage":{"@id":"https:\/\/www.solidaridadobrera.org\/confederal\/vigilancia-sanitaria-especifica-por-amianto-vsea-en-metro-de-madrid\/#primaryimage"},"image":{"@id":"https:\/\/www.solidaridadobrera.org\/confederal\/vigilancia-sanitaria-especifica-por-amianto-vsea-en-metro-de-madrid\/#primaryimage"},"thumbnailUrl":"https:\/\/www.solidaridadobrera.org\/confederal\/wp-content\/uploads\/2021\/01\/andencentral_01.jpg","datePublished":"2021-01-31T17:36:09+00:00","dateModified":"2022-02-07T11:24:18+00:00","breadcrumb":{"@id":"https:\/\/www.solidaridadobrera.org\/confederal\/vigilancia-sanitaria-especifica-por-amianto-vsea-en-metro-de-madrid\/#breadcrumb"},"inLanguage":"es","potentialAction":[{"@type":"ReadAction","target":["https:\/\/www.solidaridadobrera.org\/confederal\/vigilancia-sanitaria-especifica-por-amianto-vsea-en-metro-de-madrid\/"]}]},{"@type":"ImageObject","inLanguage":"es","@id":"https:\/\/www.solidaridadobrera.org\/confederal\/vigilancia-sanitaria-especifica-por-amianto-vsea-en-metro-de-madrid\/#primaryimage","url":"https:\/\/www.solidaridadobrera.org\/confederal\/wp-content\/uploads\/2021\/01\/andencentral_01.jpg","contentUrl":"https:\/\/www.solidaridadobrera.org\/confederal\/wp-content\/uploads\/2021\/01\/andencentral_01.jpg","width":438,"height":851},{"@type":"BreadcrumbList","@id":"https:\/\/www.solidaridadobrera.org\/confederal\/vigilancia-sanitaria-especifica-por-amianto-vsea-en-metro-de-madrid\/#breadcrumb","itemListElement":[{"@type":"ListItem","position":1,"name":"Portada","item":"https:\/\/www.solidaridadobrera.org\/confederal\/"},{"@type":"ListItem","position":2,"name":"VIGILANCIA SANITARIA ESPEC\u00cdFICA POR AMIANTO (VSEA) EN METRO DE MADRID"}]},{"@type":"WebSite","@id":"https:\/\/www.solidaridadobrera.org\/confederal\/#website","url":"https:\/\/www.solidaridadobrera.org\/confederal\/","name":"SOLIDARIDAD OBRERA","description":"Confederaci\u00f3n Anarcosindicalista. La lucha es el \u00fanico camino.","publisher":{"@id":"https:\/\/www.solidaridadobrera.org\/confederal\/#organization"},"potentialAction":[{"@type":"SearchAction","target":{"@type":"EntryPoint","urlTemplate":"https:\/\/www.solidaridadobrera.org\/confederal\/?s={search_term_string}"},"query-input":{"@type":"PropertyValueSpecification","valueRequired":true,"valueName":"search_term_string"}}],"inLanguage":"es"},{"@type":"Organization","@id":"https:\/\/www.solidaridadobrera.org\/confederal\/#organization","name":"Solidaridad Obrera","url":"https:\/\/www.solidaridadobrera.org\/confederal\/","logo":{"@type":"ImageObject","inLanguage":"es","@id":"https:\/\/www.solidaridadobrera.org\/confederal\/#\/schema\/logo\/image\/","url":"https:\/\/www.solidaridadobrera.org\/confederal\/wp-content\/uploads\/2021\/07\/logo_soli_web.png","contentUrl":"https:\/\/www.solidaridadobrera.org\/confederal\/wp-content\/uploads\/2021\/07\/logo_soli_web.png","width":1181,"height":1181,"caption":"Solidaridad Obrera"},"image":{"@id":"https:\/\/www.solidaridadobrera.org\/confederal\/#\/schema\/logo\/image\/"},"sameAs":["https:\/\/es-es.facebook.com\/Soliobrera","https:\/\/www.instagram.com\/soliobrera\/","https:\/\/web.telegram.org\/a\/#-1001124968543"]}]}},"_links":{"self":[{"href":"https:\/\/www.solidaridadobrera.org\/confederal\/wp-json\/wp\/v2\/pages\/8967","targetHints":{"allow":["GET"]}}],"collection":[{"href":"https:\/\/www.solidaridadobrera.org\/confederal\/wp-json\/wp\/v2\/pages"}],"about":[{"href":"https:\/\/www.solidaridadobrera.org\/confederal\/wp-json\/wp\/v2\/types\/page"}],"author":[{"embeddable":true,"href":"https:\/\/www.solidaridadobrera.org\/confederal\/wp-json\/wp\/v2\/users\/3"}],"replies":[{"embeddable":true,"href":"https:\/\/www.solidaridadobrera.org\/confederal\/wp-json\/wp\/v2\/comments?post=8967"}],"version-history":[{"count":1,"href":"https:\/\/www.solidaridadobrera.org\/confederal\/wp-json\/wp\/v2\/pages\/8967\/revisions"}],"predecessor-version":[{"id":8975,"href":"https:\/\/www.solidaridadobrera.org\/confederal\/wp-json\/wp\/v2\/pages\/8967\/revisions\/8975"}],"wp:attachment":[{"href":"https:\/\/www.solidaridadobrera.org\/confederal\/wp-json\/wp\/v2\/media?parent=8967"}],"curies":[{"name":"wp","href":"https:\/\/api.w.org\/{rel}","templated":true}]}}