{"id":7801,"date":"2019-12-13T19:16:00","date_gmt":"2019-12-13T19:16:00","guid":{"rendered":"https:\/\/www.solidaridadobrera.org\/confederal\/?page_id=7801"},"modified":"2019-12-13T19:21:31","modified_gmt":"2019-12-13T19:21:31","slug":"amianto-declaracion-en-los-juzgados","status":"publish","type":"page","link":"https:\/\/www.solidaridadobrera.org\/confederal\/amianto-declaracion-en-los-juzgados\/","title":{"rendered":"amianto. declaraci\u00f3n en los juzgados"},"content":{"rendered":"\n<p>La semana que viene declaran nuestros compa\u00f1eros y los familiares de nuestros compa\u00f1eros afectados por amianto, habr\u00e1 una Concentraci\u00f3n de apoyo en la que, como no puede ser de otra manera, Solidaridad Obrera estar\u00e1. Ser\u00e1 el pr\u00f3ximo lunes 16 a las 8:30 en Plaza de Castilla en el  Juzgado N\u00ba 1.<\/p>\n\n\n\n<p>La semana pasada tendr\u00edan que haber declarado los\ninculpados, pero han decidido alargar el proceso y han solicitado un\naplazamiento para el mes de marzo, algo que nos perjudica ya que si la justicia\nes lenta, con estas estrategias se hace menos justa, y est\u00e1 condicionando las\nactuaciones actuales de la empresa en un desesperado intento de mantener su\nl\u00ednea de defensa jur\u00eddica, cerrando los ojos a la realidad. <\/p>\n\n\n\n<p>LA \u00daNICA LUCHA QUE SE PIERDE ES LA QUE SE ABANDONA<\/p>\n\n\n\n<p style=\"text-align:right\">Madrid, 13 de diciembre de 2019<\/p>\n\n\n\n<p style=\"text-align:right\">Por Solidaridad Obrera<\/p>\n\n\n\n<p style=\"text-align:right\">LA JUNTA SINDICAL<\/p>\n","protected":false},"excerpt":{"rendered":"<p>La semana que viene declaran nuestros compa\u00f1eros y los familiares de nuestros compa\u00f1eros afectados por amianto, habr\u00e1 una Concentraci\u00f3n de apoyo en la que, como no puede ser de otra [&hellip;]<\/p>\n","protected":false},"author":14,"featured_media":6988,"parent":0,"menu_order":0,"comment_status":"closed","ping_status":"closed","template":"","meta":{"postBodyCss":"","postBodyMargin":[],"postBodyPadding":[],"postBodyBackground":{"backgroundType":"classic","gradient":""},"ngg_post_thumbnail":0,"footnotes":""},"class_list":["post-7801","page","type-page","status-publish","has-post-thumbnail","hentry"],"yoast_head":"<!-- This site is optimized with the Yoast SEO plugin v27.4 - https:\/\/yoast.com\/product\/yoast-seo-wordpress\/ -->\n<title>amianto. declaraci\u00f3n en los juzgados - CONFEDERACI\u00d3N SOLIDARIDAD OBRERA<\/title>\n<meta name=\"robots\" content=\"index, follow, max-snippet:-1, max-image-preview:large, max-video-preview:-1\" \/>\n<link rel=\"canonical\" href=\"https:\/\/www.solidaridadobrera.org\/confederal\/amianto-declaracion-en-los-juzgados\/\" \/>\n<meta property=\"og:locale\" content=\"es_ES\" \/>\n<meta property=\"og:type\" content=\"article\" \/>\n<meta property=\"og:title\" content=\"amianto. declaraci\u00f3n en los juzgados - CONFEDERACI\u00d3N SOLIDARIDAD OBRERA\" \/>\n<meta property=\"og:description\" content=\"La semana que viene declaran nuestros compa\u00f1eros y los familiares de nuestros compa\u00f1eros afectados por amianto, habr\u00e1 una Concentraci\u00f3n de apoyo en la que, como no puede ser de otra [&hellip;]\" \/>\n<meta property=\"og:url\" content=\"https:\/\/www.solidaridadobrera.org\/confederal\/amianto-declaracion-en-los-juzgados\/\" \/>\n<meta property=\"og:site_name\" content=\"CONFEDERACI\u00d3N SOLIDARIDAD OBRERA\" \/>\n<meta property=\"article:publisher\" content=\"https:\/\/es-es.facebook.com\/Soliobrera\" \/>\n<meta property=\"article:modified_time\" content=\"2019-12-13T19:21:31+00:00\" \/>\n<meta property=\"og:image\" content=\"https:\/\/www.solidaridadobrera.org\/confederal\/wp-content\/uploads\/2019\/02\/gato_solidaridad_obrera_miniatura.gif\" \/>\n\t<meta property=\"og:image:width\" content=\"119\" \/>\n\t<meta property=\"og:image:height\" content=\"130\" \/>\n\t<meta property=\"og:image:type\" content=\"image\/gif\" \/>\n<meta name=\"twitter:card\" content=\"summary_large_image\" \/>\n<meta name=\"twitter:label1\" content=\"Tiempo de lectura\" \/>\n\t<meta name=\"twitter:data1\" content=\"1 minuto\" \/>\n<script type=\"application\/ld+json\" class=\"yoast-schema-graph\">{\"@context\":\"https:\\\/\\\/schema.org\",\"@graph\":[{\"@type\":\"WebPage\",\"@id\":\"https:\\\/\\\/www.solidaridadobrera.org\\\/confederal\\\/amianto-declaracion-en-los-juzgados\\\/\",\"url\":\"https:\\\/\\\/www.solidaridadobrera.org\\\/confederal\\\/amianto-declaracion-en-los-juzgados\\\/\",\"name\":\"amianto. declaraci\u00f3n en los juzgados - CONFEDERACI\u00d3N SOLIDARIDAD OBRERA\",\"isPartOf\":{\"@id\":\"https:\\\/\\\/www.solidaridadobrera.org\\\/confederal\\\/#website\"},\"primaryImageOfPage\":{\"@id\":\"https:\\\/\\\/www.solidaridadobrera.org\\\/confederal\\\/amianto-declaracion-en-los-juzgados\\\/#primaryimage\"},\"image\":{\"@id\":\"https:\\\/\\\/www.solidaridadobrera.org\\\/confederal\\\/amianto-declaracion-en-los-juzgados\\\/#primaryimage\"},\"thumbnailUrl\":\"https:\\\/\\\/www.solidaridadobrera.org\\\/confederal\\\/wp-content\\\/uploads\\\/2019\\\/02\\\/gato_solidaridad_obrera_miniatura.gif\",\"datePublished\":\"2019-12-13T19:16:00+00:00\",\"dateModified\":\"2019-12-13T19:21:31+00:00\",\"breadcrumb\":{\"@id\":\"https:\\\/\\\/www.solidaridadobrera.org\\\/confederal\\\/amianto-declaracion-en-los-juzgados\\\/#breadcrumb\"},\"inLanguage\":\"es\",\"potentialAction\":[{\"@type\":\"ReadAction\",\"target\":[\"https:\\\/\\\/www.solidaridadobrera.org\\\/confederal\\\/amianto-declaracion-en-los-juzgados\\\/\"]}]},{\"@type\":\"ImageObject\",\"inLanguage\":\"es\",\"@id\":\"https:\\\/\\\/www.solidaridadobrera.org\\\/confederal\\\/amianto-declaracion-en-los-juzgados\\\/#primaryimage\",\"url\":\"https:\\\/\\\/www.solidaridadobrera.org\\\/confederal\\\/wp-content\\\/uploads\\\/2019\\\/02\\\/gato_solidaridad_obrera_miniatura.gif\",\"contentUrl\":\"https:\\\/\\\/www.solidaridadobrera.org\\\/confederal\\\/wp-content\\\/uploads\\\/2019\\\/02\\\/gato_solidaridad_obrera_miniatura.gif\",\"width\":119,\"height\":130},{\"@type\":\"BreadcrumbList\",\"@id\":\"https:\\\/\\\/www.solidaridadobrera.org\\\/confederal\\\/amianto-declaracion-en-los-juzgados\\\/#breadcrumb\",\"itemListElement\":[{\"@type\":\"ListItem\",\"position\":1,\"name\":\"Portada\",\"item\":\"https:\\\/\\\/www.solidaridadobrera.org\\\/confederal\\\/\"},{\"@type\":\"ListItem\",\"position\":2,\"name\":\"amianto. declaraci\u00f3n en los juzgados\"}]},{\"@type\":\"WebSite\",\"@id\":\"https:\\\/\\\/www.solidaridadobrera.org\\\/confederal\\\/#website\",\"url\":\"https:\\\/\\\/www.solidaridadobrera.org\\\/confederal\\\/\",\"name\":\"SOLIDARIDAD OBRERA\",\"description\":\"Confederaci\u00f3n Anarcosindicalista. La lucha es el \u00fanico camino.\",\"publisher\":{\"@id\":\"https:\\\/\\\/www.solidaridadobrera.org\\\/confederal\\\/#organization\"},\"potentialAction\":[{\"@type\":\"SearchAction\",\"target\":{\"@type\":\"EntryPoint\",\"urlTemplate\":\"https:\\\/\\\/www.solidaridadobrera.org\\\/confederal\\\/?s={search_term_string}\"},\"query-input\":{\"@type\":\"PropertyValueSpecification\",\"valueRequired\":true,\"valueName\":\"search_term_string\"}}],\"inLanguage\":\"es\"},{\"@type\":\"Organization\",\"@id\":\"https:\\\/\\\/www.solidaridadobrera.org\\\/confederal\\\/#organization\",\"name\":\"Solidaridad Obrera\",\"url\":\"https:\\\/\\\/www.solidaridadobrera.org\\\/confederal\\\/\",\"logo\":{\"@type\":\"ImageObject\",\"inLanguage\":\"es\",\"@id\":\"https:\\\/\\\/www.solidaridadobrera.org\\\/confederal\\\/#\\\/schema\\\/logo\\\/image\\\/\",\"url\":\"https:\\\/\\\/www.solidaridadobrera.org\\\/confederal\\\/wp-content\\\/uploads\\\/2021\\\/07\\\/logo_soli_web.png\",\"contentUrl\":\"https:\\\/\\\/www.solidaridadobrera.org\\\/confederal\\\/wp-content\\\/uploads\\\/2021\\\/07\\\/logo_soli_web.png\",\"width\":1181,\"height\":1181,\"caption\":\"Solidaridad Obrera\"},\"image\":{\"@id\":\"https:\\\/\\\/www.solidaridadobrera.org\\\/confederal\\\/#\\\/schema\\\/logo\\\/image\\\/\"},\"sameAs\":[\"https:\\\/\\\/es-es.facebook.com\\\/Soliobrera\",\"https:\\\/\\\/www.instagram.com\\\/soliobrera\\\/\",\"https:\\\/\\\/web.telegram.org\\\/a\\\/#-1001124968543\"]}]}<\/script>\n<!-- \/ Yoast SEO plugin. -->","yoast_head_json":{"title":"amianto. declaraci\u00f3n en los juzgados - CONFEDERACI\u00d3N SOLIDARIDAD OBRERA","robots":{"index":"index","follow":"follow","max-snippet":"max-snippet:-1","max-image-preview":"max-image-preview:large","max-video-preview":"max-video-preview:-1"},"canonical":"https:\/\/www.solidaridadobrera.org\/confederal\/amianto-declaracion-en-los-juzgados\/","og_locale":"es_ES","og_type":"article","og_title":"amianto. declaraci\u00f3n en los juzgados - CONFEDERACI\u00d3N SOLIDARIDAD OBRERA","og_description":"La semana que viene declaran nuestros compa\u00f1eros y los familiares de nuestros compa\u00f1eros afectados por amianto, habr\u00e1 una Concentraci\u00f3n de apoyo en la que, como no puede ser de otra [&hellip;]","og_url":"https:\/\/www.solidaridadobrera.org\/confederal\/amianto-declaracion-en-los-juzgados\/","og_site_name":"CONFEDERACI\u00d3N SOLIDARIDAD OBRERA","article_publisher":"https:\/\/es-es.facebook.com\/Soliobrera","article_modified_time":"2019-12-13T19:21:31+00:00","og_image":[{"width":119,"height":130,"url":"https:\/\/www.solidaridadobrera.org\/confederal\/wp-content\/uploads\/2019\/02\/gato_solidaridad_obrera_miniatura.gif","type":"image\/gif"}],"twitter_card":"summary_large_image","twitter_misc":{"Tiempo de lectura":"1 minuto"},"schema":{"@context":"https:\/\/schema.org","@graph":[{"@type":"WebPage","@id":"https:\/\/www.solidaridadobrera.org\/confederal\/amianto-declaracion-en-los-juzgados\/","url":"https:\/\/www.solidaridadobrera.org\/confederal\/amianto-declaracion-en-los-juzgados\/","name":"amianto. declaraci\u00f3n en los juzgados - CONFEDERACI\u00d3N SOLIDARIDAD OBRERA","isPartOf":{"@id":"https:\/\/www.solidaridadobrera.org\/confederal\/#website"},"primaryImageOfPage":{"@id":"https:\/\/www.solidaridadobrera.org\/confederal\/amianto-declaracion-en-los-juzgados\/#primaryimage"},"image":{"@id":"https:\/\/www.solidaridadobrera.org\/confederal\/amianto-declaracion-en-los-juzgados\/#primaryimage"},"thumbnailUrl":"https:\/\/www.solidaridadobrera.org\/confederal\/wp-content\/uploads\/2019\/02\/gato_solidaridad_obrera_miniatura.gif","datePublished":"2019-12-13T19:16:00+00:00","dateModified":"2019-12-13T19:21:31+00:00","breadcrumb":{"@id":"https:\/\/www.solidaridadobrera.org\/confederal\/amianto-declaracion-en-los-juzgados\/#breadcrumb"},"inLanguage":"es","potentialAction":[{"@type":"ReadAction","target":["https:\/\/www.solidaridadobrera.org\/confederal\/amianto-declaracion-en-los-juzgados\/"]}]},{"@type":"ImageObject","inLanguage":"es","@id":"https:\/\/www.solidaridadobrera.org\/confederal\/amianto-declaracion-en-los-juzgados\/#primaryimage","url":"https:\/\/www.solidaridadobrera.org\/confederal\/wp-content\/uploads\/2019\/02\/gato_solidaridad_obrera_miniatura.gif","contentUrl":"https:\/\/www.solidaridadobrera.org\/confederal\/wp-content\/uploads\/2019\/02\/gato_solidaridad_obrera_miniatura.gif","width":119,"height":130},{"@type":"BreadcrumbList","@id":"https:\/\/www.solidaridadobrera.org\/confederal\/amianto-declaracion-en-los-juzgados\/#breadcrumb","itemListElement":[{"@type":"ListItem","position":1,"name":"Portada","item":"https:\/\/www.solidaridadobrera.org\/confederal\/"},{"@type":"ListItem","position":2,"name":"amianto. declaraci\u00f3n en los juzgados"}]},{"@type":"WebSite","@id":"https:\/\/www.solidaridadobrera.org\/confederal\/#website","url":"https:\/\/www.solidaridadobrera.org\/confederal\/","name":"SOLIDARIDAD OBRERA","description":"Confederaci\u00f3n Anarcosindicalista. La lucha es el \u00fanico camino.","publisher":{"@id":"https:\/\/www.solidaridadobrera.org\/confederal\/#organization"},"potentialAction":[{"@type":"SearchAction","target":{"@type":"EntryPoint","urlTemplate":"https:\/\/www.solidaridadobrera.org\/confederal\/?s={search_term_string}"},"query-input":{"@type":"PropertyValueSpecification","valueRequired":true,"valueName":"search_term_string"}}],"inLanguage":"es"},{"@type":"Organization","@id":"https:\/\/www.solidaridadobrera.org\/confederal\/#organization","name":"Solidaridad Obrera","url":"https:\/\/www.solidaridadobrera.org\/confederal\/","logo":{"@type":"ImageObject","inLanguage":"es","@id":"https:\/\/www.solidaridadobrera.org\/confederal\/#\/schema\/logo\/image\/","url":"https:\/\/www.solidaridadobrera.org\/confederal\/wp-content\/uploads\/2021\/07\/logo_soli_web.png","contentUrl":"https:\/\/www.solidaridadobrera.org\/confederal\/wp-content\/uploads\/2021\/07\/logo_soli_web.png","width":1181,"height":1181,"caption":"Solidaridad Obrera"},"image":{"@id":"https:\/\/www.solidaridadobrera.org\/confederal\/#\/schema\/logo\/image\/"},"sameAs":["https:\/\/es-es.facebook.com\/Soliobrera","https:\/\/www.instagram.com\/soliobrera\/","https:\/\/web.telegram.org\/a\/#-1001124968543"]}]}},"_links":{"self":[{"href":"https:\/\/www.solidaridadobrera.org\/confederal\/wp-json\/wp\/v2\/pages\/7801","targetHints":{"allow":["GET"]}}],"collection":[{"href":"https:\/\/www.solidaridadobrera.org\/confederal\/wp-json\/wp\/v2\/pages"}],"about":[{"href":"https:\/\/www.solidaridadobrera.org\/confederal\/wp-json\/wp\/v2\/types\/page"}],"author":[{"embeddable":true,"href":"https:\/\/www.solidaridadobrera.org\/confederal\/wp-json\/wp\/v2\/users\/14"}],"replies":[{"embeddable":true,"href":"https:\/\/www.solidaridadobrera.org\/confederal\/wp-json\/wp\/v2\/comments?post=7801"}],"version-history":[{"count":2,"href":"https:\/\/www.solidaridadobrera.org\/confederal\/wp-json\/wp\/v2\/pages\/7801\/revisions"}],"predecessor-version":[{"id":7804,"href":"https:\/\/www.solidaridadobrera.org\/confederal\/wp-json\/wp\/v2\/pages\/7801\/revisions\/7804"}],"wp:featuredmedia":[{"embeddable":true,"href":"https:\/\/www.solidaridadobrera.org\/confederal\/wp-json\/wp\/v2\/media\/6988"}],"wp:attachment":[{"href":"https:\/\/www.solidaridadobrera.org\/confederal\/wp-json\/wp\/v2\/media?parent=7801"}],"curies":[{"name":"wp","href":"https:\/\/api.w.org\/{rel}","templated":true}]}}