{"id":6608,"date":"2018-11-06T18:14:04","date_gmt":"2018-11-06T18:14:04","guid":{"rendered":"http:\/\/www.solidaridadobrera.org\/?page_id=6608"},"modified":"2026-01-30T23:09:12","modified_gmt":"2026-01-30T23:09:12","slug":"contactanos","status":"publish","type":"page","link":"https:\/\/www.solidaridadobrera.org\/confederal\/contactanos\/","title":{"rendered":"Cont\u00e1ctanos"},"content":{"rendered":"<p class=\"wpcf7-contact-form-not-found\"><strong>Error:<\/strong> Formulario de contacto no encontrado.<\/p>\n<p>Si prefieres el correo ordinario, nuestra direcci\u00f3n es:<\/p>\n<p style=\"text-align: center;\">Solidaridad Obrera<\/p>\n<p style=\"text-align: center;\">C\/ Espoz y Mina 15, 1\u00ba izda.<\/p>\n<p style=\"text-align: center;\">28012 Madrid &#8211; Espa\u00f1a<\/p>\n<p style=\"text-align: center;\">Tel\u00e9fono: 91 523 15 16<\/p>\n<p style=\"text-align: center;\">M\u00f3vil: 610 078 090<\/p>\n<table style=\"width: 75.02%; mso-cellspacing: 1.5pt; mso-yfti-tbllook: 1184;\" border=\"0\" width=\"75%\" cellpadding=\"0\">\n<tbody>\n<tr>\n<td style=\"width: 99.06%; padding: .75pt .75pt .75pt .75pt;\" width=\"99%\">\n<p style=\"margin-left: 14.8pt; text-indent: -21.25pt; mso-list: l0 level1 lfo1;\"><!-- [if !supportLists]-->\u00b7&nbsp;&nbsp;&nbsp;&nbsp;&nbsp;&nbsp;&nbsp;&nbsp;&nbsp;&nbsp; <!--[endif]--><a href=\"https:\/\/www.facebook.com\/Soliobrera\/\" target=\"new\" rel=\"noopener\">FACEBOOK SOLIDARIDAD OBRERA<\/a><\/p>\n<\/td>\n<\/tr>\n<tr>\n<td style=\"width: 99.06%; padding: .75pt .75pt .75pt .75pt;\" width=\"99%\">&nbsp;<\/td>\n<\/tr>\n<tr>\n<td style=\"width: 99.06%; padding: .75pt .75pt .75pt .75pt;\" width=\"99%\">\n<p style=\"margin-left: 14.8pt; text-indent: -21.25pt; mso-list: l0 level1 lfo1;\"><!-- [if !supportLists]-->\u00b7&nbsp;&nbsp;&nbsp;&nbsp;&nbsp;&nbsp;&nbsp;&nbsp;&nbsp;&nbsp; <!--[endif]--><a href=\"https:\/\/www.facebook.com\/SoliMetroBCN\/\" target=\"new\" rel=\"noopener\">FACEBOOK METRO DE BARCELONA<\/a><\/p>\n<\/td>\n<\/tr>\n<tr>\n<td style=\"width: 99.06%; padding: .75pt .75pt .75pt .75pt;\" width=\"99%\">&nbsp;<\/td>\n<\/tr>\n<tr>\n<td style=\"width: 99.06%; padding: .75pt .75pt .75pt .75pt;\" width=\"99%\">\n<p style=\"margin-left: 14.8pt; text-indent: -21.25pt; mso-list: l0 level1 lfo1;\"><!-- [if !supportLists]-->\u00b7&nbsp;&nbsp;&nbsp;&nbsp;&nbsp;&nbsp;&nbsp;&nbsp;&nbsp;&nbsp; <!--[endif]--><a href=\"https:\/\/www.facebook.com\/solidaridadobrera.limpiezaviaria\" target=\"new\" rel=\"noopener\">FACEBOOK LIMPIEZA VIARIA MADRID<\/a><\/p>\n<\/td>\n<\/tr>\n<tr>\n<td style=\"width: 99.06%; padding: .75pt .75pt .75pt .75pt;\" width=\"99%\">&nbsp;<\/td>\n<\/tr>\n<tr>\n<td style=\"width: 99.06%; padding: .75pt .75pt .75pt .75pt;\" width=\"99%\">\n<p style=\"margin-left: 14.8pt; text-indent: -21.25pt; mso-list: l0 level1 lfo1;\"><!-- [if !supportLists]-->\u00b7&nbsp;&nbsp;&nbsp;&nbsp;&nbsp;&nbsp;&nbsp;&nbsp;&nbsp;&nbsp; <!--[endif]--><a href=\"https:\/\/www.facebook.com\/solikonectabto\/\" target=\"new\" rel=\"noopener\">FACEBOOK KONECTA BTO MADRID<\/a><\/p>\n<\/td>\n<\/tr>\n<tr>\n<td style=\"width: 99.06%; padding: .75pt .75pt .75pt .75pt;\" width=\"99%\">&nbsp;<\/td>\n<\/tr>\n<tr>\n<td style=\"width: 99.06%; padding: .75pt .75pt .75pt .75pt;\" width=\"99%\">\n<p style=\"margin-left: 14.8pt; text-indent: -21.25pt; mso-list: l0 level1 lfo1;\"><!-- [if !supportLists]-->\u00b7&nbsp;&nbsp;&nbsp;&nbsp;&nbsp;&nbsp;&nbsp;&nbsp;&nbsp;&nbsp; <!--[endif]--><a href=\"https:\/\/www.facebook.com\/Solidaridad-Obrera-Sescam-375349663023874\/\" target=\"new\" rel=\"noopener\">FACEBOOK SERVICIO SALUD CASTELLANO-MANCHEGO<\/a><\/p>\n<\/td>\n<\/tr>\n<tr>\n<td style=\"width: 99.06%; padding: .75pt .75pt .75pt .75pt;\" width=\"99%\">&nbsp;<\/td>\n<\/tr>\n<tr>\n<td style=\"width: 99.06%; padding: .75pt .75pt .75pt .75pt;\" width=\"99%\">\n<p style=\"margin-left: 14.8pt; text-indent: -21.25pt; mso-list: l0 level1 lfo1;\"><!-- [if !supportLists]-->\u00b7&nbsp;&nbsp;&nbsp;&nbsp;&nbsp;&nbsp;&nbsp;&nbsp;&nbsp;&nbsp; <!--[endif]--><a href=\"https:\/\/www.facebook.com\/Solidaridad-Obrera-Aranjuez-1824105261150431\/\" target=\"new\" rel=\"noopener\">FACEBOOK SOLIDARIDAD OBRERA ARANJUEZ<\/a><\/p>\n<\/td>\n<\/tr>\n<tr>\n<td style=\"width: 99.06%; padding: .75pt .75pt .75pt .75pt;\" width=\"99%\">&nbsp;<\/td>\n<\/tr>\n<tr>\n<td style=\"width: 99.06%; padding: .75pt .75pt .75pt .75pt;\" width=\"99%\">\n<p style=\"margin-left: 14.8pt; text-indent: -21.25pt; mso-list: l0 level1 lfo1;\"><!-- [if !supportLists]-->\u00b7&nbsp;&nbsp;&nbsp;&nbsp;&nbsp;&nbsp;&nbsp;&nbsp;&nbsp;&nbsp; <!--[endif]--><a href=\"https:\/\/www.facebook.com\/solistapmadrid\/?ref=py_c\" target=\"new\" rel=\"noopener\">FACEBOOK S S TRABAJADORES ADMINISTRACI\u00d3N P\u00daBLICA<\/a><\/p>\n<\/td>\n<\/tr>\n<tr>\n<td style=\"width: 99.06%; padding: .75pt .75pt .75pt .75pt;\" width=\"99%\">&nbsp;<\/td>\n<\/tr>\n<tr>\n<td style=\"width: 99.06%; padding: .75pt .75pt .75pt .75pt;\" width=\"99%\">\n<p style=\"margin-left: 14.8pt; text-indent: -21.25pt; mso-list: l0 level1 lfo1;\"><!-- [if !supportLists]-->\u00b7&nbsp;&nbsp;&nbsp;&nbsp;&nbsp;&nbsp;&nbsp;&nbsp;&nbsp;&nbsp; <!--[endif]--><a href=\"https:\/\/www.facebook.com\/Solidaridad-Obrera-Alicante-110305990544474\/?ti=as\" target=\"new\" rel=\"noopener\">FACEBOOK SOLIDARIDAD OBRERA ALICANTE<\/a><\/p>\n<\/td>\n<\/tr>\n<tr>\n<td style=\"width: 99.06%; padding: .75pt .75pt .75pt .75pt;\" width=\"99%\">&nbsp;<\/td>\n<\/tr>\n<tr>\n<td style=\"width: 99.06%; padding: .75pt .75pt .75pt .75pt;\" width=\"99%\">\n<p style=\"margin-left: 14.8pt; text-indent: -21.25pt; mso-list: l0 level1 lfo1;\"><!-- [if !supportLists]-->\u00b7&nbsp;&nbsp;&nbsp;&nbsp;&nbsp;&nbsp;&nbsp;&nbsp;&nbsp;&nbsp; <!--[endif]--><a href=\"https:\/\/www.facebook.com\/solidaridadobrera.renfebcn\" target=\"new\" rel=\"noopener\">FACEBOOK RENFE BCN<\/a><\/p>\n<\/td>\n<\/tr>\n<tr>\n<td style=\"width: 99.06%; padding: .75pt .75pt .75pt .75pt;\" width=\"99%\">&nbsp;<\/td>\n<\/tr>\n<tr>\n<td style=\"width: 99.06%; padding: .75pt .75pt .75pt .75pt;\" width=\"99%\">\n<p style=\"margin-left: 14.8pt; text-indent: -21.25pt; mso-list: l0 level1 lfo1;\"><!-- [if !supportLists]-->\u00b7&nbsp;&nbsp;&nbsp;&nbsp;&nbsp;&nbsp;&nbsp;&nbsp;&nbsp;&nbsp; <!--[endif]--><a href=\"https:\/\/www.facebook.com\/Soliobrera\/?ref=page_internal\" target=\"new\" rel=\"noopener\">FACEBOOK HOSTELER\u00cdA SOLIDARIA<\/a><\/p>\n<\/td>\n<\/tr>\n<tr>\n<td style=\"width: 99.06%; padding: .75pt .75pt .75pt .75pt;\" width=\"99%\">&nbsp;<\/td>\n<\/tr>\n<tr>\n<td style=\"width: 99.06%; padding: .75pt .75pt .75pt .75pt;\" width=\"99%\">\n<p style=\"margin-left: 14.8pt; text-indent: -21.25pt; mso-list: l0 level1 lfo1;\"><!-- [if !supportLists]-->\u00b7&nbsp;&nbsp;&nbsp;&nbsp;&nbsp;&nbsp;&nbsp;&nbsp;&nbsp;&nbsp; <!--[endif]--><a href=\"https:\/\/www.facebook.com\/SoliAcorcon\/\" target=\"new\" rel=\"noopener\">FACEBOOK SOLIDARIDAD OBRERA ALCORC\u00d3N<\/a><\/p>\n<\/td>\n<\/tr>\n<tr>\n<td style=\"width: 99.06%; padding: .75pt .75pt .75pt .75pt;\" width=\"99%\">&nbsp;<\/td>\n<\/tr>\n<tr>\n<td style=\"width: 99.06%; padding: .75pt .75pt .75pt .75pt;\" width=\"99%\">\n<p style=\"margin-left: 14.8pt; text-indent: -21.25pt; mso-list: l0 level1 lfo1;\"><!-- [if !supportLists]-->\u00b7&nbsp;&nbsp;&nbsp;&nbsp;&nbsp;&nbsp;&nbsp;&nbsp;&nbsp;&nbsp; <!--[endif]--><a href=\"https:\/\/twitter.com\/soliobrera?lang=es\" target=\"new\" rel=\"noopener\">TWITTER SOLIDARIDAD OBRERA<\/a><\/p>\n<\/td>\n<\/tr>\n<tr>\n<td style=\"width: 99.06%; padding: .75pt .75pt .75pt .75pt;\" width=\"99%\">&nbsp;<\/td>\n<\/tr>\n<tr>\n<td style=\"width: 99.06%; padding: .75pt .75pt .75pt .75pt;\" width=\"99%\">\n<p style=\"margin-left: 14.8pt; text-indent: -21.25pt; mso-list: l0 level1 lfo1;\"><!-- [if !supportLists]-->\u00b7&nbsp;&nbsp;&nbsp;&nbsp;&nbsp;&nbsp;&nbsp;&nbsp;&nbsp;&nbsp; <!--[endif]--><a href=\"https:\/\/twitter.com\/libertariasyso1?s=09\" target=\"new\" rel=\"noopener\">TWITTER LIBERTARIAS SOLIDARIAS<\/a><\/p>\n<\/td>\n<\/tr>\n<tr>\n<td style=\"width: 99.06%; padding: .75pt .75pt .75pt .75pt;\" width=\"99%\">&nbsp;<\/td>\n<\/tr>\n<tr>\n<td style=\"width: 99.06%; padding: .75pt .75pt .75pt .75pt;\" width=\"99%\">\n<p style=\"margin-left: 14.8pt; text-indent: -21.25pt; mso-list: l0 level1 lfo1;\"><!-- [if !supportLists]-->\u00b7&nbsp;&nbsp;&nbsp;&nbsp;&nbsp;&nbsp;&nbsp;&nbsp;&nbsp;&nbsp; <!--[endif]--><a href=\"https:\/\/twitter.com\/SoliObreraGu\" target=\"new\" rel=\"noopener\">TWITTER SOLIDARIDAD GUADALAJARA<\/a><\/p>\n<\/td>\n<\/tr>\n<tr>\n<td style=\"width: 99.06%; padding: .75pt .75pt .75pt .75pt;\" width=\"99%\">&nbsp;<\/td>\n<\/tr>\n<tr>\n<td style=\"width: 99.06%; padding: .75pt .75pt .75pt .75pt;\" width=\"99%\">\n<p style=\"margin-left: 14.8pt; text-indent: -21.25pt; mso-list: l0 level1 lfo1;\"><!-- [if !supportLists]-->\u00b7&nbsp;&nbsp;&nbsp;&nbsp;&nbsp;&nbsp;&nbsp;&nbsp;&nbsp;&nbsp; <!--[endif]--><a href=\"https:\/\/twitter.com\/SoliMetrobcn\" target=\"new\" rel=\"noopener\">TWITTER METRO DE BARCELONA<\/a><\/p>\n<\/td>\n<\/tr>\n<tr>\n<td style=\"width: 99.06%; padding: .75pt .75pt .75pt .75pt;\" width=\"99%\">&nbsp;<\/td>\n<\/tr>\n<tr>\n<td style=\"width: 99.06%; padding: .75pt .75pt .75pt .75pt;\" width=\"99%\">\n<p style=\"margin-left: 14.8pt; text-indent: -21.25pt; mso-list: l0 level1 lfo1;\"><!-- [if !supportLists]-->\u00b7&nbsp;&nbsp;&nbsp;&nbsp;&nbsp;&nbsp;&nbsp;&nbsp;&nbsp;&nbsp; <!--[endif]--><a href=\"https:\/\/twitter.com\/ObreraMetro?s=03\" target=\"new\" rel=\"noopener\">TWITTER METRO DE MADRID<\/a><\/p>\n<\/td>\n<\/tr>\n<tr>\n<td style=\"width: 99.06%; padding: .75pt .75pt .75pt .75pt;\" width=\"99%\">&nbsp;<\/td>\n<\/tr>\n<tr>\n<td style=\"width: 99.06%; padding: .75pt .75pt .75pt .75pt;\" width=\"99%\">\n<p style=\"margin-left: 14.8pt; text-indent: -21.25pt; mso-list: l0 level1 lfo1;\"><!-- [if !supportLists]-->\u00b7&nbsp;&nbsp;&nbsp;&nbsp;&nbsp;&nbsp;&nbsp;&nbsp;&nbsp;&nbsp; <!--[endif]--><a href=\"https:\/\/twitter.com\/solikonectaBTO\" target=\"new\" rel=\"noopener\">TWITTER KONECTA BTO MADRID<\/a><\/p>\n<\/td>\n<\/tr>\n<tr>\n<td style=\"width: 99.06%; padding: .75pt .75pt .75pt .75pt;\" width=\"99%\">&nbsp;<\/td>\n<\/tr>\n<tr>\n<td style=\"width: 99.06%; padding: .75pt .75pt .75pt .75pt;\" width=\"99%\">\n<p style=\"margin-left: 14.8pt; text-indent: -21.25pt; mso-list: l0 level1 lfo1;\"><!-- [if !supportLists]-->\u00b7&nbsp;&nbsp;&nbsp;&nbsp;&nbsp;&nbsp;&nbsp;&nbsp;&nbsp;&nbsp; <!--[endif]--><a href=\"https:\/\/twitter.com\/SoliObSescam\" target=\"new\" rel=\"noopener\">TWITTER SERVICIO SALUD CASTELLANO-MANCHEGO<\/a><\/p>\n<\/td>\n<\/tr>\n<tr>\n<td style=\"width: 99.06%; padding: .75pt .75pt .75pt .75pt;\" width=\"99%\">&nbsp;<\/td>\n<\/tr>\n<tr>\n<td style=\"width: 99.06%; padding: .75pt .75pt .75pt .75pt;\" width=\"99%\">\n<p style=\"margin-left: 14.8pt; text-indent: -21.25pt; mso-list: l0 level1 lfo1;\"><!-- [if !supportLists]-->\u00b7&nbsp;&nbsp;&nbsp;&nbsp;&nbsp;&nbsp;&nbsp;&nbsp;&nbsp;&nbsp; <!--[endif]--><a href=\"https:\/\/twitter.com\/SoliStapMadrid?s=09\" target=\"new\" rel=\"noopener\">TWITTER S S TRABAJADORES ADMINISTRACI\u00d3N P\u00daBLICA<\/a><\/p>\n<\/td>\n<\/tr>\n<tr>\n<td style=\"width: 99.06%; padding: .75pt .75pt .75pt .75pt;\" width=\"99%\">&nbsp;<\/td>\n<\/tr>\n<tr>\n<td style=\"width: 99.06%; padding: .75pt .75pt .75pt .75pt;\" width=\"99%\">\n<p style=\"margin-left: 14.8pt; text-indent: -21.25pt; mso-list: l0 level1 lfo1;\"><!-- [if !supportLists]-->\u00b7&nbsp;&nbsp;&nbsp;&nbsp;&nbsp;&nbsp;&nbsp;&nbsp;&nbsp;&nbsp; <!--[endif]--><a href=\"https:\/\/twitter.com\/SoliCultura\" target=\"new\" rel=\"noopener\">TWITTER CULTURA SOS \u00b7 SOLIOBRERA<\/a><\/p>\n<\/td>\n<\/tr>\n<tr>\n<td style=\"width: 99.06%; padding: .75pt .75pt .75pt .75pt;\" width=\"99%\">&nbsp;<\/td>\n<\/tr>\n<tr>\n<td style=\"width: 99.06%; padding: .75pt .75pt .75pt .75pt;\" width=\"99%\">\n<p style=\"margin-left: 14.8pt; text-indent: -21.25pt; mso-list: l0 level1 lfo1;\"><!-- [if !supportLists]-->\u00b7&nbsp;&nbsp;&nbsp;&nbsp;&nbsp;&nbsp;&nbsp;&nbsp;&nbsp;&nbsp; <!--[endif]--><a href=\"https:\/\/twitter.com\/soligss?s=03\" target=\"new\" rel=\"noopener\">TWITTER GSS TELEMARKETING<\/a><\/p>\n<\/td>\n<\/tr>\n<tr>\n<td style=\"width: 99.06%; padding: .75pt .75pt .75pt .75pt;\" width=\"99%\">&nbsp;<\/td>\n<\/tr>\n<tr>\n<td style=\"width: 99.06%; padding: .75pt .75pt .75pt .75pt;\" width=\"99%\">\n<p style=\"margin-left: 14.8pt; text-indent: -21.25pt; mso-list: l0 level1 lfo1;\"><!-- [if !supportLists]-->\u00b7&nbsp;&nbsp;&nbsp;&nbsp;&nbsp;&nbsp;&nbsp;&nbsp;&nbsp;&nbsp; <!--[endif]--><a href=\"https:\/\/twitter.com\/SoliHosteleria\" target=\"new\" rel=\"noopener\">TWITTER HOSTELER\u00cdA SOLIDARIA<\/a><\/p>\n<\/td>\n<\/tr>\n<\/tbody>\n<\/table>\n","protected":false},"excerpt":{"rendered":"<p>Si prefieres el correo ordinario, nuestra direcci\u00f3n es: Solidaridad Obrera C\/ Espoz y Mina 15, 1\u00ba izda. 28012 Madrid &#8211; Espa\u00f1a Tel\u00e9fono: 91 523 15 16 M\u00f3vil: 610 078 090 [&hellip;]<\/p>\n","protected":false},"author":10,"featured_media":0,"parent":0,"menu_order":0,"comment_status":"closed","ping_status":"closed","template":"","meta":{"postBodyCss":"","postBodyMargin":[],"postBodyPadding":[],"postBodyBackground":{"backgroundType":"classic","gradient":""},"ngg_post_thumbnail":0,"footnotes":""},"class_list":["post-6608","page","type-page","status-publish","hentry"],"yoast_head":"<!-- This site is optimized with the Yoast SEO plugin v27.4 - https:\/\/yoast.com\/product\/yoast-seo-wordpress\/ -->\n<title>Cont\u00e1ctanos - CONFEDERACI\u00d3N SOLIDARIDAD OBRERA<\/title>\n<meta name=\"robots\" content=\"index, follow, max-snippet:-1, max-image-preview:large, max-video-preview:-1\" \/>\n<link rel=\"canonical\" href=\"https:\/\/www.solidaridadobrera.org\/confederal\/contactanos\/\" \/>\n<meta property=\"og:locale\" content=\"es_ES\" \/>\n<meta property=\"og:type\" content=\"article\" \/>\n<meta property=\"og:title\" content=\"Cont\u00e1ctanos - CONFEDERACI\u00d3N SOLIDARIDAD OBRERA\" \/>\n<meta property=\"og:description\" content=\"Si prefieres el correo ordinario, nuestra direcci\u00f3n es: Solidaridad Obrera C\/ Espoz y Mina 15, 1\u00ba izda. 28012 Madrid &#8211; Espa\u00f1a Tel\u00e9fono: 91 523 15 16 M\u00f3vil: 610 078 090 [&hellip;]\" \/>\n<meta property=\"og:url\" content=\"https:\/\/www.solidaridadobrera.org\/confederal\/contactanos\/\" \/>\n<meta property=\"og:site_name\" content=\"CONFEDERACI\u00d3N SOLIDARIDAD OBRERA\" \/>\n<meta property=\"article:publisher\" content=\"https:\/\/es-es.facebook.com\/Soliobrera\" \/>\n<meta property=\"article:modified_time\" content=\"2026-01-30T23:09:12+00:00\" \/>\n<meta name=\"twitter:card\" content=\"summary_large_image\" \/>\n<meta name=\"twitter:label1\" content=\"Tiempo de lectura\" \/>\n\t<meta name=\"twitter:data1\" content=\"1 minuto\" \/>\n<script type=\"application\/ld+json\" class=\"yoast-schema-graph\">{\"@context\":\"https:\\\/\\\/schema.org\",\"@graph\":[{\"@type\":\"WebPage\",\"@id\":\"https:\\\/\\\/www.solidaridadobrera.org\\\/confederal\\\/contactanos\\\/\",\"url\":\"https:\\\/\\\/www.solidaridadobrera.org\\\/confederal\\\/contactanos\\\/\",\"name\":\"Cont\u00e1ctanos - CONFEDERACI\u00d3N SOLIDARIDAD OBRERA\",\"isPartOf\":{\"@id\":\"https:\\\/\\\/www.solidaridadobrera.org\\\/confederal\\\/#website\"},\"datePublished\":\"2018-11-06T18:14:04+00:00\",\"dateModified\":\"2026-01-30T23:09:12+00:00\",\"breadcrumb\":{\"@id\":\"https:\\\/\\\/www.solidaridadobrera.org\\\/confederal\\\/contactanos\\\/#breadcrumb\"},\"inLanguage\":\"es\",\"potentialAction\":[{\"@type\":\"ReadAction\",\"target\":[\"https:\\\/\\\/www.solidaridadobrera.org\\\/confederal\\\/contactanos\\\/\"]}]},{\"@type\":\"BreadcrumbList\",\"@id\":\"https:\\\/\\\/www.solidaridadobrera.org\\\/confederal\\\/contactanos\\\/#breadcrumb\",\"itemListElement\":[{\"@type\":\"ListItem\",\"position\":1,\"name\":\"Portada\",\"item\":\"https:\\\/\\\/www.solidaridadobrera.org\\\/confederal\\\/\"},{\"@type\":\"ListItem\",\"position\":2,\"name\":\"Cont\u00e1ctanos\"}]},{\"@type\":\"WebSite\",\"@id\":\"https:\\\/\\\/www.solidaridadobrera.org\\\/confederal\\\/#website\",\"url\":\"https:\\\/\\\/www.solidaridadobrera.org\\\/confederal\\\/\",\"name\":\"SOLIDARIDAD OBRERA\",\"description\":\"Confederaci\u00f3n Anarcosindicalista. La lucha es el \u00fanico camino.\",\"publisher\":{\"@id\":\"https:\\\/\\\/www.solidaridadobrera.org\\\/confederal\\\/#organization\"},\"potentialAction\":[{\"@type\":\"SearchAction\",\"target\":{\"@type\":\"EntryPoint\",\"urlTemplate\":\"https:\\\/\\\/www.solidaridadobrera.org\\\/confederal\\\/?s={search_term_string}\"},\"query-input\":{\"@type\":\"PropertyValueSpecification\",\"valueRequired\":true,\"valueName\":\"search_term_string\"}}],\"inLanguage\":\"es\"},{\"@type\":\"Organization\",\"@id\":\"https:\\\/\\\/www.solidaridadobrera.org\\\/confederal\\\/#organization\",\"name\":\"Solidaridad Obrera\",\"url\":\"https:\\\/\\\/www.solidaridadobrera.org\\\/confederal\\\/\",\"logo\":{\"@type\":\"ImageObject\",\"inLanguage\":\"es\",\"@id\":\"https:\\\/\\\/www.solidaridadobrera.org\\\/confederal\\\/#\\\/schema\\\/logo\\\/image\\\/\",\"url\":\"https:\\\/\\\/www.solidaridadobrera.org\\\/confederal\\\/wp-content\\\/uploads\\\/2021\\\/07\\\/logo_soli_web.png\",\"contentUrl\":\"https:\\\/\\\/www.solidaridadobrera.org\\\/confederal\\\/wp-content\\\/uploads\\\/2021\\\/07\\\/logo_soli_web.png\",\"width\":1181,\"height\":1181,\"caption\":\"Solidaridad Obrera\"},\"image\":{\"@id\":\"https:\\\/\\\/www.solidaridadobrera.org\\\/confederal\\\/#\\\/schema\\\/logo\\\/image\\\/\"},\"sameAs\":[\"https:\\\/\\\/es-es.facebook.com\\\/Soliobrera\",\"https:\\\/\\\/www.instagram.com\\\/soliobrera\\\/\",\"https:\\\/\\\/web.telegram.org\\\/a\\\/#-1001124968543\"]}]}<\/script>\n<!-- \/ Yoast SEO plugin. -->","yoast_head_json":{"title":"Cont\u00e1ctanos - CONFEDERACI\u00d3N SOLIDARIDAD OBRERA","robots":{"index":"index","follow":"follow","max-snippet":"max-snippet:-1","max-image-preview":"max-image-preview:large","max-video-preview":"max-video-preview:-1"},"canonical":"https:\/\/www.solidaridadobrera.org\/confederal\/contactanos\/","og_locale":"es_ES","og_type":"article","og_title":"Cont\u00e1ctanos - CONFEDERACI\u00d3N SOLIDARIDAD OBRERA","og_description":"Si prefieres el correo ordinario, nuestra direcci\u00f3n es: Solidaridad Obrera C\/ Espoz y Mina 15, 1\u00ba izda. 28012 Madrid &#8211; Espa\u00f1a Tel\u00e9fono: 91 523 15 16 M\u00f3vil: 610 078 090 [&hellip;]","og_url":"https:\/\/www.solidaridadobrera.org\/confederal\/contactanos\/","og_site_name":"CONFEDERACI\u00d3N SOLIDARIDAD OBRERA","article_publisher":"https:\/\/es-es.facebook.com\/Soliobrera","article_modified_time":"2026-01-30T23:09:12+00:00","twitter_card":"summary_large_image","twitter_misc":{"Tiempo de lectura":"1 minuto"},"schema":{"@context":"https:\/\/schema.org","@graph":[{"@type":"WebPage","@id":"https:\/\/www.solidaridadobrera.org\/confederal\/contactanos\/","url":"https:\/\/www.solidaridadobrera.org\/confederal\/contactanos\/","name":"Cont\u00e1ctanos - CONFEDERACI\u00d3N SOLIDARIDAD OBRERA","isPartOf":{"@id":"https:\/\/www.solidaridadobrera.org\/confederal\/#website"},"datePublished":"2018-11-06T18:14:04+00:00","dateModified":"2026-01-30T23:09:12+00:00","breadcrumb":{"@id":"https:\/\/www.solidaridadobrera.org\/confederal\/contactanos\/#breadcrumb"},"inLanguage":"es","potentialAction":[{"@type":"ReadAction","target":["https:\/\/www.solidaridadobrera.org\/confederal\/contactanos\/"]}]},{"@type":"BreadcrumbList","@id":"https:\/\/www.solidaridadobrera.org\/confederal\/contactanos\/#breadcrumb","itemListElement":[{"@type":"ListItem","position":1,"name":"Portada","item":"https:\/\/www.solidaridadobrera.org\/confederal\/"},{"@type":"ListItem","position":2,"name":"Cont\u00e1ctanos"}]},{"@type":"WebSite","@id":"https:\/\/www.solidaridadobrera.org\/confederal\/#website","url":"https:\/\/www.solidaridadobrera.org\/confederal\/","name":"SOLIDARIDAD OBRERA","description":"Confederaci\u00f3n Anarcosindicalista. La lucha es el \u00fanico camino.","publisher":{"@id":"https:\/\/www.solidaridadobrera.org\/confederal\/#organization"},"potentialAction":[{"@type":"SearchAction","target":{"@type":"EntryPoint","urlTemplate":"https:\/\/www.solidaridadobrera.org\/confederal\/?s={search_term_string}"},"query-input":{"@type":"PropertyValueSpecification","valueRequired":true,"valueName":"search_term_string"}}],"inLanguage":"es"},{"@type":"Organization","@id":"https:\/\/www.solidaridadobrera.org\/confederal\/#organization","name":"Solidaridad Obrera","url":"https:\/\/www.solidaridadobrera.org\/confederal\/","logo":{"@type":"ImageObject","inLanguage":"es","@id":"https:\/\/www.solidaridadobrera.org\/confederal\/#\/schema\/logo\/image\/","url":"https:\/\/www.solidaridadobrera.org\/confederal\/wp-content\/uploads\/2021\/07\/logo_soli_web.png","contentUrl":"https:\/\/www.solidaridadobrera.org\/confederal\/wp-content\/uploads\/2021\/07\/logo_soli_web.png","width":1181,"height":1181,"caption":"Solidaridad Obrera"},"image":{"@id":"https:\/\/www.solidaridadobrera.org\/confederal\/#\/schema\/logo\/image\/"},"sameAs":["https:\/\/es-es.facebook.com\/Soliobrera","https:\/\/www.instagram.com\/soliobrera\/","https:\/\/web.telegram.org\/a\/#-1001124968543"]}]}},"_links":{"self":[{"href":"https:\/\/www.solidaridadobrera.org\/confederal\/wp-json\/wp\/v2\/pages\/6608","targetHints":{"allow":["GET"]}}],"collection":[{"href":"https:\/\/www.solidaridadobrera.org\/confederal\/wp-json\/wp\/v2\/pages"}],"about":[{"href":"https:\/\/www.solidaridadobrera.org\/confederal\/wp-json\/wp\/v2\/types\/page"}],"author":[{"embeddable":true,"href":"https:\/\/www.solidaridadobrera.org\/confederal\/wp-json\/wp\/v2\/users\/10"}],"replies":[{"embeddable":true,"href":"https:\/\/www.solidaridadobrera.org\/confederal\/wp-json\/wp\/v2\/comments?post=6608"}],"version-history":[{"count":22,"href":"https:\/\/www.solidaridadobrera.org\/confederal\/wp-json\/wp\/v2\/pages\/6608\/revisions"}],"predecessor-version":[{"id":11757,"href":"https:\/\/www.solidaridadobrera.org\/confederal\/wp-json\/wp\/v2\/pages\/6608\/revisions\/11757"}],"wp:attachment":[{"href":"https:\/\/www.solidaridadobrera.org\/confederal\/wp-json\/wp\/v2\/media?parent=6608"}],"curies":[{"name":"wp","href":"https:\/\/api.w.org\/{rel}","templated":true}]}}