{"id":12839,"date":"2026-03-03T21:30:19","date_gmt":"2026-03-03T21:30:19","guid":{"rendered":"https:\/\/www.solidaridadobrera.org\/confederal\/?page_id=12839"},"modified":"2026-03-29T09:45:12","modified_gmt":"2026-03-29T09:45:12","slug":"pinacoteca","status":"publish","type":"page","link":"https:\/\/www.solidaridadobrera.org\/confederal\/pinacoteca\/","title":{"rendered":"PINACOTECA"},"content":{"rendered":"\n<p>Nuestro peque\u00f1o \u00abmuseo\u00bb no pretende ser exhaustivo en ning\u00fan caso. Ha de servir en cualquier forma como iniciaci\u00f3n a un tema a\u00fan por explorar. Y siempre, siempre, ha de considerarse que solo podemos mostrar la punta del iceberg. Es una invitaci\u00f3n por tanto a indagar e investigar, pero tenga Vd. en cuenta que se busca y se descubre la belleza.<\/p>\n\n\n\n<p class=\"has-text-align-center\">Disfrute de sus ojos<\/p>\n\n\n\n<div class=\"wp-block-columns is-layout-flex wp-container-core-columns-is-layout-28f84493 wp-block-columns-is-layout-flex\">\n<div class=\"wp-block-column is-layout-flow wp-block-column-is-layout-flow\"><div class=\"wp-block-image\">\n<figure class=\"aligncenter size-full\"><a href=\"https:\/\/www.solidaridadobrera.org\/confederal\/arte-y-anarquismo\/\"><img fetchpriority=\"high\" decoding=\"async\" width=\"304\" height=\"244\" src=\"https:\/\/www.solidaridadobrera.org\/confederal\/wp-content\/uploads\/2026\/03\/arte_anarquista.jpg\" alt=\"\" class=\"wp-image-12841\" srcset=\"https:\/\/www.solidaridadobrera.org\/confederal\/wp-content\/uploads\/2026\/03\/arte_anarquista.jpg 304w, https:\/\/www.solidaridadobrera.org\/confederal\/wp-content\/uploads\/2026\/03\/arte_anarquista-300x241.jpg 300w\" sizes=\"(max-width: 304px) 100vw, 304px\" \/><\/a><\/figure>\n<\/div>\n\n\n<p class=\"has-text-align-center\"><strong><a href=\"https:\/\/www.solidaridadobrera.org\/confederal\/arte-y-anarquismo\/\">ARTE Y ANARQUISMO<\/a><\/strong><\/p>\n<\/div>\n\n\n\n<div class=\"wp-block-column is-layout-flow wp-block-column-is-layout-flow\"><div class=\"wp-block-image\">\n<figure class=\"aligncenter size-full\"><a href=\"https:\/\/www.solidaridadobrera.org\/confederal\/movimiento-obrero-y-arte-social\/\"><img decoding=\"async\" width=\"304\" height=\"244\" src=\"https:\/\/www.solidaridadobrera.org\/confederal\/wp-content\/uploads\/2026\/03\/arte_proletario.jpg\" alt=\"\" class=\"wp-image-12842\" srcset=\"https:\/\/www.solidaridadobrera.org\/confederal\/wp-content\/uploads\/2026\/03\/arte_proletario.jpg 304w, https:\/\/www.solidaridadobrera.org\/confederal\/wp-content\/uploads\/2026\/03\/arte_proletario-300x241.jpg 300w\" sizes=\"(max-width: 304px) 100vw, 304px\" \/><\/a><\/figure>\n<\/div>\n\n\n<p class=\"has-text-align-center\"><strong><a href=\"https:\/\/www.solidaridadobrera.org\/confederal\/movimiento-obrero-y-arte-social\/\">MOVIMIENTO OBRERO Y ARTE SOCIAL<\/a><\/strong><\/p>\n<\/div>\n<\/div>\n\n\n\n<div class=\"wp-block-columns is-layout-flex wp-container-core-columns-is-layout-28f84493 wp-block-columns-is-layout-flex\">\n<div class=\"wp-block-column is-layout-flow wp-block-column-is-layout-flow\"><\/div>\n\n\n\n<div class=\"wp-block-column is-layout-flow wp-block-column-is-layout-flow\">\n<style>\n.contenedor-hover {\n  position: relative;\n  width: 100%;\n  height: 290px;\n  overflow: hidden;\n}\n\n.contenedor-hover img {\n  position: absolute;\n  width: 100%;\n  height: 100%;\n  object-fit: cover;\n  top: 0;\n  left: 0;\n  transition: opacity 0.4s ease;\n}\n\n\/* Imagen normal visible *\/\n.imagen-normal {\n  opacity: 1;\n  z-index: 1;\n}\n\n\/* Imagen hover oculta *\/\n.imagen-hover {\n  opacity: 0;\n  z-index: 2;\n}\n\n\/* Cuando pasas el rat\u00f3n *\/\n.contenedor-hover:hover .imagen-normal {\n  opacity: 0;\n}\n\n.contenedor-hover:hover .imagen-hover {\n  opacity: 1;\n}\n\n\/* Centrar texto *\/\n.texto-centro {\n  position: absolute;\n  width: 100%;\n  height: 100%;\n  display: flex;\n  align-items: center;\n  justify-content: center;\n  z-index: 3;\n}\n<\/style>\n\n<div class=\"contenedor-hover\">\n  <img decoding=\"async\" src=\"https:\/\/www.solidaridadobrera.org\/confederal\/wp-content\/uploads\/2026\/03\/exposiciones_1.gif\" class=\"imagen-normal\" alt=\"Exposiciones\">\n  \n  <img decoding=\"async\" src=\"https:\/\/www.solidaridadobrera.org\/confederal\/wp-content\/uploads\/2026\/03\/exposiciones_2.gif\" class=\"imagen-hover\" alt=\"Exposiciones Hover\">\n\n  <div class=\"texto-centro\">\n    <p style=\"font-size:24px; margin:0;\">\n      <a href=\"https:\/\/www.solidaridadobrera.org\/confederal\/galeria\/\" style=\"color:black; text-decoration:none;\">\n          Sala de Exposiciones\n      <\/a>\n    <\/p>\n  <\/div>\n<\/div>\n<\/div>\n\n\n\n<div class=\"wp-block-column is-layout-flow wp-block-column-is-layout-flow\"><\/div>\n<\/div>\n","protected":false},"excerpt":{"rendered":"<p>Nuestro peque\u00f1o \u00abmuseo\u00bb no pretende ser exhaustivo en ning\u00fan caso. Ha de servir en cualquier forma como iniciaci\u00f3n a un tema a\u00fan por explorar. Y siempre, siempre, ha de considerarse [&hellip;]<\/p>\n","protected":false},"author":14,"featured_media":0,"parent":0,"menu_order":0,"comment_status":"closed","ping_status":"closed","template":"","meta":{"postBodyCss":"","postBodyMargin":[],"postBodyPadding":[],"postBodyBackground":{"backgroundType":"classic","gradient":""},"ngg_post_thumbnail":0,"footnotes":""},"class_list":["post-12839","page","type-page","status-publish","hentry"],"yoast_head":"<!-- This site is optimized with the Yoast SEO plugin v27.3 - https:\/\/yoast.com\/product\/yoast-seo-wordpress\/ -->\n<title>PINACOTECA - CONFEDERACI\u00d3N SOLIDARIDAD OBRERA<\/title>\n<meta name=\"robots\" content=\"index, follow, max-snippet:-1, max-image-preview:large, max-video-preview:-1\" \/>\n<link rel=\"canonical\" href=\"https:\/\/www.solidaridadobrera.org\/confederal\/pinacoteca\/\" \/>\n<meta property=\"og:locale\" content=\"es_ES\" \/>\n<meta property=\"og:type\" content=\"article\" \/>\n<meta property=\"og:title\" content=\"PINACOTECA - CONFEDERACI\u00d3N SOLIDARIDAD OBRERA\" \/>\n<meta property=\"og:description\" content=\"Nuestro peque\u00f1o \u00abmuseo\u00bb no pretende ser exhaustivo en ning\u00fan caso. Ha de servir en cualquier forma como iniciaci\u00f3n a un tema a\u00fan por explorar. Y siempre, siempre, ha de considerarse [&hellip;]\" \/>\n<meta property=\"og:url\" content=\"https:\/\/www.solidaridadobrera.org\/confederal\/pinacoteca\/\" \/>\n<meta property=\"og:site_name\" content=\"CONFEDERACI\u00d3N SOLIDARIDAD OBRERA\" \/>\n<meta property=\"article:publisher\" content=\"https:\/\/es-es.facebook.com\/Soliobrera\" \/>\n<meta property=\"article:modified_time\" content=\"2026-03-29T09:45:12+00:00\" \/>\n<meta property=\"og:image\" content=\"https:\/\/www.solidaridadobrera.org\/confederal\/wp-content\/uploads\/2026\/03\/arte_anarquista.jpg\" \/>\n\t<meta property=\"og:image:width\" content=\"304\" \/>\n\t<meta property=\"og:image:height\" content=\"244\" \/>\n\t<meta property=\"og:image:type\" content=\"image\/jpeg\" \/>\n<meta name=\"twitter:card\" content=\"summary_large_image\" \/>\n<meta name=\"twitter:label1\" content=\"Tiempo de lectura\" \/>\n\t<meta name=\"twitter:data1\" content=\"2 minutos\" \/>\n<script type=\"application\/ld+json\" class=\"yoast-schema-graph\">{\"@context\":\"https:\\\/\\\/schema.org\",\"@graph\":[{\"@type\":\"WebPage\",\"@id\":\"https:\\\/\\\/www.solidaridadobrera.org\\\/confederal\\\/pinacoteca\\\/\",\"url\":\"https:\\\/\\\/www.solidaridadobrera.org\\\/confederal\\\/pinacoteca\\\/\",\"name\":\"PINACOTECA - CONFEDERACI\u00d3N SOLIDARIDAD OBRERA\",\"isPartOf\":{\"@id\":\"https:\\\/\\\/www.solidaridadobrera.org\\\/confederal\\\/#website\"},\"primaryImageOfPage\":{\"@id\":\"https:\\\/\\\/www.solidaridadobrera.org\\\/confederal\\\/pinacoteca\\\/#primaryimage\"},\"image\":{\"@id\":\"https:\\\/\\\/www.solidaridadobrera.org\\\/confederal\\\/pinacoteca\\\/#primaryimage\"},\"thumbnailUrl\":\"https:\\\/\\\/www.solidaridadobrera.org\\\/confederal\\\/wp-content\\\/uploads\\\/2026\\\/03\\\/arte_anarquista.jpg\",\"datePublished\":\"2026-03-03T21:30:19+00:00\",\"dateModified\":\"2026-03-29T09:45:12+00:00\",\"breadcrumb\":{\"@id\":\"https:\\\/\\\/www.solidaridadobrera.org\\\/confederal\\\/pinacoteca\\\/#breadcrumb\"},\"inLanguage\":\"es\",\"potentialAction\":[{\"@type\":\"ReadAction\",\"target\":[\"https:\\\/\\\/www.solidaridadobrera.org\\\/confederal\\\/pinacoteca\\\/\"]}]},{\"@type\":\"ImageObject\",\"inLanguage\":\"es\",\"@id\":\"https:\\\/\\\/www.solidaridadobrera.org\\\/confederal\\\/pinacoteca\\\/#primaryimage\",\"url\":\"https:\\\/\\\/www.solidaridadobrera.org\\\/confederal\\\/wp-content\\\/uploads\\\/2026\\\/03\\\/arte_anarquista.jpg\",\"contentUrl\":\"https:\\\/\\\/www.solidaridadobrera.org\\\/confederal\\\/wp-content\\\/uploads\\\/2026\\\/03\\\/arte_anarquista.jpg\",\"width\":304,\"height\":244},{\"@type\":\"BreadcrumbList\",\"@id\":\"https:\\\/\\\/www.solidaridadobrera.org\\\/confederal\\\/pinacoteca\\\/#breadcrumb\",\"itemListElement\":[{\"@type\":\"ListItem\",\"position\":1,\"name\":\"Portada\",\"item\":\"https:\\\/\\\/www.solidaridadobrera.org\\\/confederal\\\/\"},{\"@type\":\"ListItem\",\"position\":2,\"name\":\"PINACOTECA\"}]},{\"@type\":\"WebSite\",\"@id\":\"https:\\\/\\\/www.solidaridadobrera.org\\\/confederal\\\/#website\",\"url\":\"https:\\\/\\\/www.solidaridadobrera.org\\\/confederal\\\/\",\"name\":\"SOLIDARIDAD OBRERA\",\"description\":\"Confederaci\u00f3n Anarcosindicalista. La lucha es el \u00fanico camino.\",\"publisher\":{\"@id\":\"https:\\\/\\\/www.solidaridadobrera.org\\\/confederal\\\/#organization\"},\"potentialAction\":[{\"@type\":\"SearchAction\",\"target\":{\"@type\":\"EntryPoint\",\"urlTemplate\":\"https:\\\/\\\/www.solidaridadobrera.org\\\/confederal\\\/?s={search_term_string}\"},\"query-input\":{\"@type\":\"PropertyValueSpecification\",\"valueRequired\":true,\"valueName\":\"search_term_string\"}}],\"inLanguage\":\"es\"},{\"@type\":\"Organization\",\"@id\":\"https:\\\/\\\/www.solidaridadobrera.org\\\/confederal\\\/#organization\",\"name\":\"Solidaridad Obrera\",\"url\":\"https:\\\/\\\/www.solidaridadobrera.org\\\/confederal\\\/\",\"logo\":{\"@type\":\"ImageObject\",\"inLanguage\":\"es\",\"@id\":\"https:\\\/\\\/www.solidaridadobrera.org\\\/confederal\\\/#\\\/schema\\\/logo\\\/image\\\/\",\"url\":\"https:\\\/\\\/www.solidaridadobrera.org\\\/confederal\\\/wp-content\\\/uploads\\\/2021\\\/07\\\/logo_soli_web.png\",\"contentUrl\":\"https:\\\/\\\/www.solidaridadobrera.org\\\/confederal\\\/wp-content\\\/uploads\\\/2021\\\/07\\\/logo_soli_web.png\",\"width\":1181,\"height\":1181,\"caption\":\"Solidaridad Obrera\"},\"image\":{\"@id\":\"https:\\\/\\\/www.solidaridadobrera.org\\\/confederal\\\/#\\\/schema\\\/logo\\\/image\\\/\"},\"sameAs\":[\"https:\\\/\\\/es-es.facebook.com\\\/Soliobrera\",\"https:\\\/\\\/www.instagram.com\\\/soliobrera\\\/\",\"https:\\\/\\\/web.telegram.org\\\/a\\\/#-1001124968543\"]}]}<\/script>\n<!-- \/ Yoast SEO plugin. -->","yoast_head_json":{"title":"PINACOTECA - CONFEDERACI\u00d3N SOLIDARIDAD OBRERA","robots":{"index":"index","follow":"follow","max-snippet":"max-snippet:-1","max-image-preview":"max-image-preview:large","max-video-preview":"max-video-preview:-1"},"canonical":"https:\/\/www.solidaridadobrera.org\/confederal\/pinacoteca\/","og_locale":"es_ES","og_type":"article","og_title":"PINACOTECA - CONFEDERACI\u00d3N SOLIDARIDAD OBRERA","og_description":"Nuestro peque\u00f1o \u00abmuseo\u00bb no pretende ser exhaustivo en ning\u00fan caso. Ha de servir en cualquier forma como iniciaci\u00f3n a un tema a\u00fan por explorar. Y siempre, siempre, ha de considerarse [&hellip;]","og_url":"https:\/\/www.solidaridadobrera.org\/confederal\/pinacoteca\/","og_site_name":"CONFEDERACI\u00d3N SOLIDARIDAD OBRERA","article_publisher":"https:\/\/es-es.facebook.com\/Soliobrera","article_modified_time":"2026-03-29T09:45:12+00:00","og_image":[{"width":304,"height":244,"url":"https:\/\/www.solidaridadobrera.org\/confederal\/wp-content\/uploads\/2026\/03\/arte_anarquista.jpg","type":"image\/jpeg"}],"twitter_card":"summary_large_image","twitter_misc":{"Tiempo de lectura":"2 minutos"},"schema":{"@context":"https:\/\/schema.org","@graph":[{"@type":"WebPage","@id":"https:\/\/www.solidaridadobrera.org\/confederal\/pinacoteca\/","url":"https:\/\/www.solidaridadobrera.org\/confederal\/pinacoteca\/","name":"PINACOTECA - CONFEDERACI\u00d3N SOLIDARIDAD OBRERA","isPartOf":{"@id":"https:\/\/www.solidaridadobrera.org\/confederal\/#website"},"primaryImageOfPage":{"@id":"https:\/\/www.solidaridadobrera.org\/confederal\/pinacoteca\/#primaryimage"},"image":{"@id":"https:\/\/www.solidaridadobrera.org\/confederal\/pinacoteca\/#primaryimage"},"thumbnailUrl":"https:\/\/www.solidaridadobrera.org\/confederal\/wp-content\/uploads\/2026\/03\/arte_anarquista.jpg","datePublished":"2026-03-03T21:30:19+00:00","dateModified":"2026-03-29T09:45:12+00:00","breadcrumb":{"@id":"https:\/\/www.solidaridadobrera.org\/confederal\/pinacoteca\/#breadcrumb"},"inLanguage":"es","potentialAction":[{"@type":"ReadAction","target":["https:\/\/www.solidaridadobrera.org\/confederal\/pinacoteca\/"]}]},{"@type":"ImageObject","inLanguage":"es","@id":"https:\/\/www.solidaridadobrera.org\/confederal\/pinacoteca\/#primaryimage","url":"https:\/\/www.solidaridadobrera.org\/confederal\/wp-content\/uploads\/2026\/03\/arte_anarquista.jpg","contentUrl":"https:\/\/www.solidaridadobrera.org\/confederal\/wp-content\/uploads\/2026\/03\/arte_anarquista.jpg","width":304,"height":244},{"@type":"BreadcrumbList","@id":"https:\/\/www.solidaridadobrera.org\/confederal\/pinacoteca\/#breadcrumb","itemListElement":[{"@type":"ListItem","position":1,"name":"Portada","item":"https:\/\/www.solidaridadobrera.org\/confederal\/"},{"@type":"ListItem","position":2,"name":"PINACOTECA"}]},{"@type":"WebSite","@id":"https:\/\/www.solidaridadobrera.org\/confederal\/#website","url":"https:\/\/www.solidaridadobrera.org\/confederal\/","name":"SOLIDARIDAD OBRERA","description":"Confederaci\u00f3n Anarcosindicalista. La lucha es el \u00fanico camino.","publisher":{"@id":"https:\/\/www.solidaridadobrera.org\/confederal\/#organization"},"potentialAction":[{"@type":"SearchAction","target":{"@type":"EntryPoint","urlTemplate":"https:\/\/www.solidaridadobrera.org\/confederal\/?s={search_term_string}"},"query-input":{"@type":"PropertyValueSpecification","valueRequired":true,"valueName":"search_term_string"}}],"inLanguage":"es"},{"@type":"Organization","@id":"https:\/\/www.solidaridadobrera.org\/confederal\/#organization","name":"Solidaridad Obrera","url":"https:\/\/www.solidaridadobrera.org\/confederal\/","logo":{"@type":"ImageObject","inLanguage":"es","@id":"https:\/\/www.solidaridadobrera.org\/confederal\/#\/schema\/logo\/image\/","url":"https:\/\/www.solidaridadobrera.org\/confederal\/wp-content\/uploads\/2021\/07\/logo_soli_web.png","contentUrl":"https:\/\/www.solidaridadobrera.org\/confederal\/wp-content\/uploads\/2021\/07\/logo_soli_web.png","width":1181,"height":1181,"caption":"Solidaridad Obrera"},"image":{"@id":"https:\/\/www.solidaridadobrera.org\/confederal\/#\/schema\/logo\/image\/"},"sameAs":["https:\/\/es-es.facebook.com\/Soliobrera","https:\/\/www.instagram.com\/soliobrera\/","https:\/\/web.telegram.org\/a\/#-1001124968543"]}]}},"_links":{"self":[{"href":"https:\/\/www.solidaridadobrera.org\/confederal\/wp-json\/wp\/v2\/pages\/12839","targetHints":{"allow":["GET"]}}],"collection":[{"href":"https:\/\/www.solidaridadobrera.org\/confederal\/wp-json\/wp\/v2\/pages"}],"about":[{"href":"https:\/\/www.solidaridadobrera.org\/confederal\/wp-json\/wp\/v2\/types\/page"}],"author":[{"embeddable":true,"href":"https:\/\/www.solidaridadobrera.org\/confederal\/wp-json\/wp\/v2\/users\/14"}],"replies":[{"embeddable":true,"href":"https:\/\/www.solidaridadobrera.org\/confederal\/wp-json\/wp\/v2\/comments?post=12839"}],"version-history":[{"count":6,"href":"https:\/\/www.solidaridadobrera.org\/confederal\/wp-json\/wp\/v2\/pages\/12839\/revisions"}],"predecessor-version":[{"id":178342,"href":"https:\/\/www.solidaridadobrera.org\/confederal\/wp-json\/wp\/v2\/pages\/12839\/revisions\/178342"}],"wp:attachment":[{"href":"https:\/\/www.solidaridadobrera.org\/confederal\/wp-json\/wp\/v2\/media?parent=12839"}],"curies":[{"name":"wp","href":"https:\/\/api.w.org\/{rel}","templated":true}]}}