{"id":12725,"date":"2026-03-03T10:10:02","date_gmt":"2026-03-03T10:10:02","guid":{"rendered":"https:\/\/www.solidaridadobrera.org\/confederal\/?page_id=12725"},"modified":"2026-03-29T09:43:18","modified_gmt":"2026-03-29T09:43:18","slug":"ateneo_nacho","status":"publish","type":"page","link":"https:\/\/www.solidaridadobrera.org\/confederal\/ateneo_nacho\/","title":{"rendered":"Ateneo Nacho Caba\u00f1as"},"content":{"rendered":"\n<figure class=\"wp-block-image size-full is-resized\"><img fetchpriority=\"high\" decoding=\"async\" width=\"703\" height=\"173\" src=\"https:\/\/www.solidaridadobrera.org\/confederal\/wp-content\/uploads\/2026\/03\/ateneo.jpg\" alt=\"\" class=\"wp-image-12726\" style=\"width:840px;height:auto\" srcset=\"https:\/\/www.solidaridadobrera.org\/confederal\/wp-content\/uploads\/2026\/03\/ateneo.jpg 703w, https:\/\/www.solidaridadobrera.org\/confederal\/wp-content\/uploads\/2026\/03\/ateneo-300x74.jpg 300w\" sizes=\"(max-width: 703px) 100vw, 703px\" \/><\/figure>\n\n\n<div class=\"wp-block-image\">\n<figure class=\"aligncenter size-full\"><img decoding=\"async\" width=\"556\" height=\"301\" src=\"https:\/\/www.solidaridadobrera.org\/confederal\/wp-content\/uploads\/2026\/03\/nacho_cabanas.jpg\" alt=\"\" class=\"wp-image-12727\" srcset=\"https:\/\/www.solidaridadobrera.org\/confederal\/wp-content\/uploads\/2026\/03\/nacho_cabanas.jpg 556w, https:\/\/www.solidaridadobrera.org\/confederal\/wp-content\/uploads\/2026\/03\/nacho_cabanas-300x162.jpg 300w\" sizes=\"(max-width: 556px) 100vw, 556px\" \/><\/figure>\n<\/div>\n\n\n<p>El Ateneo, lugar de encuentro, centro de difusi\u00f3n de ideas y de transmisi\u00f3n de experiencias y luchas, es la instituci\u00f3n cultural por excelencia del movimiento libertario de emancipaci\u00f3n social. Su funci\u00f3n hist\u00f3rica fue difundir la Idea tanto en el barrio como en la localidad.<br>En el Ateneo se dispone de biblioteca y salas de proyecci\u00f3n y exposiciones. Se fomentan debates, actuaciones teatrales y musicales. Se organizan excursiones y actos de convivencia. Se estudian, fomentan, difunden y practican el naturismo, el vegetarismo, e incluso el esperanto.<br>Solidaridad Obrera quiere poner a disposici\u00f3n del visitante este peque\u00f1o Ateneo Libertario Virtual.<\/p>\n\n\n\n<p>Dedicamos este Ateneo Virtual a nuestro ya desaparecido y querido compa\u00f1ero Jos\u00e9 Ignacio Caba\u00f1as.<\/p>\n\n\n\n<p>Que usted lo disfrute.<\/p>\n\n\n\n<div class=\"wp-block-columns is-layout-flex wp-container-core-columns-is-layout-28f84493 wp-block-columns-is-layout-flex\">\n<div class=\"wp-block-column is-layout-flow wp-block-column-is-layout-flow\"><\/div>\n\n\n\n<div class=\"wp-block-column is-layout-flow wp-block-column-is-layout-flow\"><\/div>\n\n\n\n<div class=\"wp-block-column is-layout-flow wp-block-column-is-layout-flow\"><\/div>\n<\/div>\n\n\n\n<div class=\"wp-block-columns is-layout-flex wp-container-core-columns-is-layout-28f84493 wp-block-columns-is-layout-flex\">\n<div class=\"wp-block-column is-layout-flow wp-block-column-is-layout-flow\">\n<style>\n.contenedor-hover {\n  position: relative;\n  width: 100%;\n  height: 290px;\n  overflow: hidden;\n}\n\n.contenedor-hover img {\n  position: absolute;\n  width: 100%;\n  height: 100%;\n  object-fit: cover;\n  top: 0;\n  left: 0;\n  transition: opacity 0.4s ease;\n}\n\n\/* Imagen normal visible *\/\n.imagen-normal {\n  opacity: 1;\n  z-index: 1;\n}\n\n\/* Imagen hover oculta *\/\n.imagen-hover {\n  opacity: 0;\n  z-index: 2;\n}\n\n\/* Cuando pasas el rat\u00f3n *\/\n.contenedor-hover:hover .imagen-normal {\n  opacity: 0;\n}\n\n.contenedor-hover:hover .imagen-hover {\n  opacity: 1;\n}\n\n\/* Centrar texto *\/\n.texto-centro {\n  position: absolute;\n  width: 100%;\n  height: 100%;\n  display: flex;\n  align-items: center;\n  justify-content: center;\n  z-index: 3;\n}\n<\/style>\n\n<div class=\"contenedor-hover\">\n  <img decoding=\"async\" src=\"https:\/\/www.solidaridadobrera.org\/confederal\/wp-content\/uploads\/2026\/03\/biblioteca_1.gif\" class=\"imagen-normal\" alt=\"Biblioteca\">\n  \n  <img decoding=\"async\" src=\"https:\/\/www.solidaridadobrera.org\/confederal\/wp-content\/uploads\/2026\/03\/biblioteca_2.gif\" class=\"imagen-hover\" alt=\"Biblioteca Hover\">\n\n  <div class=\"texto-centro\">\n    <p style=\"font-size:24px; margin:0;\">\n      <a href=\"https:\/\/solidaridadobrera.org\/ateneo_nacho\/biblioteca.html\" style=\"color:black; text-decoration:none;\">\n        Biblioteca\n      <\/a>\n    <\/p>\n  <\/div>\n<\/div>\n<\/div>\n\n\n\n<div class=\"wp-block-column is-layout-flow wp-block-column-is-layout-flow\">\n<style>\n.contenedor-hover {\n  position: relative;\n  width: 100%;\n  height: 290px;\n  overflow: hidden;\n}\n\n.contenedor-hover img {\n  position: absolute;\n  width: 100%;\n  height: 100%;\n  object-fit: cover;\n  top: 0;\n  left: 0;\n  transition: opacity 0.4s ease;\n}\n\n\/* Imagen normal visible *\/\n.imagen-normal {\n  opacity: 1;\n  z-index: 1;\n}\n\n\/* Imagen hover oculta *\/\n.imagen-hover {\n  opacity: 0;\n  z-index: 2;\n}\n\n\/* Cuando pasas el rat\u00f3n *\/\n.contenedor-hover:hover .imagen-normal {\n  opacity: 0;\n}\n\n.contenedor-hover:hover .imagen-hover {\n  opacity: 1;\n}\n\n\/* Centrar texto *\/\n.texto-centro {\n  position: absolute;\n  width: 100%;\n  height: 100%;\n  display: flex;\n  align-items: center;\n  justify-content: center;\n  z-index: 3;\n}\n<\/style>\n\n<div class=\"contenedor-hover\">\n  <img decoding=\"async\" src=\"https:\/\/www.solidaridadobrera.org\/confederal\/wp-content\/uploads\/2026\/03\/exposiciones_1.gif\" class=\"imagen-normal\" alt=\"Exposiciones\">\n  \n  <img decoding=\"async\" src=\"https:\/\/www.solidaridadobrera.org\/confederal\/wp-content\/uploads\/2026\/03\/exposiciones_2.gif\" class=\"imagen-hover\" alt=\"Exposiciones Hover\">\n\n  <div class=\"texto-centro\">\n    <p style=\"font-size:24px; margin:0;\">\n      <a href=\"https:\/\/www.solidaridadobrera.org\/confederal\/galeria\/\" style=\"color:black; text-decoration:none;\">\n        Exposiciones\n      <\/a>\n    <\/p>\n  <\/div>\n<\/div>\n<\/div>\n\n\n\n<div class=\"wp-block-column is-layout-flow wp-block-column-is-layout-flow\">\n<style>\n.contenedor-hover {\n  position: relative;\n  width: 100%;\n  height: 290px;\n  overflow: hidden;\n}\n\n.contenedor-hover img {\n  position: absolute;\n  width: 100%;\n  height: 100%;\n  object-fit: cover;\n  top: 0;\n  left: 0;\n  transition: opacity 0.4s ease;\n}\n\n\/* Imagen normal visible *\/\n.imagen-normal {\n  opacity: 1;\n  z-index: 1;\n}\n\n\/* Imagen hover oculta *\/\n.imagen-hover {\n  opacity: 0;\n  z-index: 2;\n}\n\n\/* Cuando pasas el rat\u00f3n *\/\n.contenedor-hover:hover .imagen-normal {\n  opacity: 0;\n}\n\n.contenedor-hover:hover .imagen-hover {\n  opacity: 1;\n}\n\n\/* Centrar texto *\/\n.texto-centro {\n  position: absolute;\n  width: 100%;\n  height: 100%;\n  display: flex;\n  align-items: center;\n  justify-content: center;\n  z-index: 3;\n}\n<\/style>\n\n<div class=\"contenedor-hover\">\n  <img decoding=\"async\" src=\"https:\/\/www.solidaridadobrera.org\/confederal\/wp-content\/uploads\/2026\/03\/fonoteca_1.gif\" class=\"imagen-normal\" alt=\"Fonoteca\">\n  \n  <img decoding=\"async\" src=\"https:\/\/www.solidaridadobrera.org\/confederal\/wp-content\/uploads\/2026\/03\/fonoteca_2.gif\" class=\"imagen-hover\" alt=\"Exposiciones Hover\">\n\n  <div class=\"texto-centro\">\n    <p style=\"font-size:24px; margin:0;\">\n      <a href=\"https:\/\/solidaridadobrera.org\/ateneo_nacho\/fonoteca.html\" style=\"color:black; text-decoration:none;\">\n        Fonoteca\n      <\/a>\n    <\/p>\n  <\/div>\n<\/div>\n<\/div>\n<\/div>\n\n\n\n<div class=\"wp-block-columns is-layout-flex wp-container-core-columns-is-layout-28f84493 wp-block-columns-is-layout-flex\">\n<div class=\"wp-block-column is-layout-flow wp-block-column-is-layout-flow\">\n<style>\n.contenedor-hover {\n  position: relative;\n  width: 100%;\n  height: 290px;\n  overflow: hidden;\n}\n\n.contenedor-hover img {\n  position: absolute;\n  width: 100%;\n  height: 100%;\n  object-fit: cover;\n  top: 0;\n  left: 0;\n  transition: opacity 0.4s ease;\n}\n\n\/* Imagen normal visible *\/\n.imagen-normal {\n  opacity: 1;\n  z-index: 1;\n}\n\n\/* Imagen hover oculta *\/\n.imagen-hover {\n  opacity: 0;\n  z-index: 2;\n}\n\n\/* Cuando pasas el rat\u00f3n *\/\n.contenedor-hover:hover .imagen-normal {\n  opacity: 0;\n}\n\n.contenedor-hover:hover .imagen-hover {\n  opacity: 1;\n}\n\n\/* Centrar texto *\/\n.texto-centro {\n  position: absolute;\n  width: 100%;\n  height: 100%;\n  display: flex;\n  align-items: center;\n  justify-content: center;\n  z-index: 3;\n}\n<\/style>\n\n<div class=\"contenedor-hover\">\n  <img decoding=\"async\" src=\"https:\/\/www.solidaridadobrera.org\/confederal\/wp-content\/uploads\/2026\/03\/agora_1.gif\" class=\"imagen-normal\" alt=\"\u00c1gora\">\n  \n  <img decoding=\"async\" src=\"https:\/\/www.solidaridadobrera.org\/confederal\/wp-content\/uploads\/2026\/03\/agora_2.gif\" class=\"imagen-hover\" alt=\"\u00c1gora Hover\">\n\n  <div class=\"texto-centro\">\n    <p style=\"font-size:24px; margin:0;\">\n      <a href=\"https:\/\/www.solidaridadobrera.org\/confederal\/agora\/\" style=\"color:black; text-decoration:none;\">\n        \u00c1gora\n      <\/a>\n    <\/p>\n  <\/div>\n<\/div>\n<\/div>\n\n\n\n<div class=\"wp-block-column is-layout-flow wp-block-column-is-layout-flow\">\n<style>\n.contenedor-hover {\n  position: relative;\n  width: 100%;\n  height: 290px;\n  overflow: hidden;\n}\n\n.contenedor-hover img {\n  position: absolute;\n  width: 100%;\n  height: 100%;\n  object-fit: cover;\n  top: 0;\n  left: 0;\n  transition: opacity 0.4s ease;\n}\n\n\/* Imagen normal visible *\/\n.imagen-normal {\n  opacity: 1;\n  z-index: 1;\n}\n\n\/* Imagen hover oculta *\/\n.imagen-hover {\n  opacity: 0;\n  z-index: 2;\n}\n\n\/* Cuando pasas el rat\u00f3n *\/\n.contenedor-hover:hover .imagen-normal {\n  opacity: 0;\n}\n\n.contenedor-hover:hover .imagen-hover {\n  opacity: 1;\n}\n\n\/* Centrar texto *\/\n.texto-centro {\n  position: absolute;\n  width: 100%;\n  height: 100%;\n  display: flex;\n  align-items: center;\n  justify-content: center;\n  z-index: 3;\n}\n<\/style>\n\n<div class=\"contenedor-hover\">\n  <img decoding=\"async\" src=\"https:\/\/www.solidaridadobrera.org\/confederal\/wp-content\/uploads\/2026\/03\/hemeroteca_1-1.gif\" class=\"imagen-normal\" alt=\"\u00c1gora\">\n  \n  <img decoding=\"async\" src=\"https:\/\/www.solidaridadobrera.org\/confederal\/wp-content\/uploads\/2026\/03\/hemeroteca_2.gif\" class=\"imagen-hover\" alt=\"\u00c1gora Hover\">\n\n  <div class=\"texto-centro\">\n    <p style=\"font-size:24px; margin:0;\">\n      <a href=\"https:\/\/www.solidaridadobrera.org\/ateneo_nacho\/hemeroteca.html\" style=\"color:black; text-decoration:none;\">\n        Hemeroteca\n      <\/a>\n    <\/p>\n  <\/div>\n<\/div>\n<\/div>\n\n\n\n<div class=\"wp-block-column is-layout-flow wp-block-column-is-layout-flow\">\n<style>\n.contenedor-hover {\n  position: relative;\n  width: 100%;\n  height: 290px;\n  overflow: hidden;\n}\n\n.contenedor-hover img {\n  position: absolute;\n  width: 100%;\n  height: 100%;\n  object-fit: cover;\n  top: 0;\n  left: 0;\n  transition: opacity 0.4s ease;\n}\n\n\/* Imagen normal visible *\/\n.imagen-normal {\n  opacity: 1;\n  z-index: 1;\n}\n\n\/* Imagen hover oculta *\/\n.imagen-hover {\n  opacity: 0;\n  z-index: 2;\n}\n\n\/* Cuando pasas el rat\u00f3n *\/\n.contenedor-hover:hover .imagen-normal {\n  opacity: 0;\n}\n\n.contenedor-hover:hover .imagen-hover {\n  opacity: 1;\n}\n\n\/* Centrar texto *\/\n.texto-centro {\n  position: absolute;\n  width: 100%;\n  height: 100%;\n  display: flex;\n  align-items: center;\n  justify-content: center;\n  z-index: 3;\n}\n<\/style>\n\n<div class=\"contenedor-hover\">\n  <img decoding=\"async\" src=\"https:\/\/www.solidaridadobrera.org\/confederal\/wp-content\/uploads\/2026\/03\/proyeccion_1.gif\" class=\"imagen-normal\" alt=\"Proyecci\u00f3n\">\n  \n  <img decoding=\"async\" src=\"https:\/\/www.solidaridadobrera.org\/confederal\/wp-content\/uploads\/2026\/03\/proyeccion_2.gif\" class=\"imagen-hover\" alt=\"Proyecci\u00f3n Hover\">\n\n  <div class=\"texto-centro\">\n    <p style=\"font-size:24px; margin:0;\">\n      <a href=\"https:\/\/www.solidaridadobrera.org\/ateneo_nacho\/proyeccion.html\" style=\"color:black; text-decoration:none;\">\n        Proyecci\u00f3n\n      <\/a>\n    <\/p>\n  <\/div>\n<\/div>\n<\/div>\n<\/div>\n\n\n\n<div class=\"wp-block-columns is-layout-flex wp-container-core-columns-is-layout-28f84493 wp-block-columns-is-layout-flex\">\n<div class=\"wp-block-column is-layout-flow wp-block-column-is-layout-flow\"><\/div>\n\n\n\n<div class=\"wp-block-column is-layout-flow wp-block-column-is-layout-flow\">\n<style>\n.contenedor-hover {\n  position: relative;\n  width: 100%;\n  height: 290px;\n  overflow: hidden;\n}\n\n.contenedor-hover img {\n  position: absolute;\n  width: 100%;\n  height: 100%;\n  object-fit: cover;\n  top: 0;\n  left: 0;\n  transition: opacity 0.4s ease;\n}\n\n\/* Imagen normal visible *\/\n.imagen-normal {\n  opacity: 1;\n  z-index: 1;\n}\n\n\/* Imagen hover oculta *\/\n.imagen-hover {\n  opacity: 0;\n  z-index: 2;\n}\n\n\/* Cuando pasas el rat\u00f3n *\/\n.contenedor-hover:hover .imagen-normal {\n  opacity: 0;\n}\n\n.contenedor-hover:hover .imagen-hover {\n  opacity: 1;\n}\n\n\/* Centrar texto *\/\n.texto-centro {\n  position: absolute;\n  width: 100%;\n  height: 100%;\n  display: flex;\n  align-items: center;\n  justify-content: center;\n  z-index: 3;\n}\n<\/style>\n\n<div class=\"contenedor-hover\">\n  <img decoding=\"async\" src=\"https:\/\/www.solidaridadobrera.org\/confederal\/wp-content\/uploads\/2026\/03\/soli_1.gif\" class=\"imagen-normal\" alt=\"Inicio\">\n  \n  <img decoding=\"async\" src=\"https:\/\/www.solidaridadobrera.org\/confederal\/wp-content\/uploads\/2026\/03\/soli_2.gif\" class=\"imagen-hover\" alt=\"Inicio Hover\">\n\n  <div class=\"texto-centro\">\n    <p style=\"font-size:24px; margin:0;\">\n      <a href=\"https:\/\/www.solidaridadobrera.org\/confederal\" style=\"color:black; text-decoration:none;\">\n        Inicio\n      <\/a>\n    <\/p>\n  <\/div>\n<\/div>\n<\/div>\n\n\n\n<div class=\"wp-block-column is-layout-flow wp-block-column-is-layout-flow\"><\/div>\n<\/div>\n\n\n\n<p><\/p>\n","protected":false},"excerpt":{"rendered":"<p>El Ateneo, lugar de encuentro, centro de difusi\u00f3n de ideas y de transmisi\u00f3n de experiencias y luchas, es la instituci\u00f3n cultural por excelencia del movimiento libertario de emancipaci\u00f3n social. Su [&hellip;]<\/p>\n","protected":false},"author":14,"featured_media":0,"parent":0,"menu_order":0,"comment_status":"closed","ping_status":"closed","template":"","meta":{"postBodyCss":"","postBodyMargin":[],"postBodyPadding":[],"postBodyBackground":{"backgroundType":"classic","gradient":""},"ngg_post_thumbnail":0,"footnotes":""},"class_list":["post-12725","page","type-page","status-publish","hentry"],"yoast_head":"<!-- This site is optimized with the Yoast SEO plugin v27.3 - https:\/\/yoast.com\/product\/yoast-seo-wordpress\/ -->\n<title>Ateneo Nacho Caba\u00f1as - CONFEDERACI\u00d3N SOLIDARIDAD OBRERA<\/title>\n<meta name=\"description\" content=\"El Ateneo, lugar de encuentro, centro de difusi\u00f3n de ideas y de transmisi\u00f3n de experiencias y luchas, es la instituci\u00f3n cultural por excelencia del movimiento libertario de emancipaci\u00f3n social. Su funci\u00f3n hist\u00f3rica fue difundir la Idea tanto en el barrio como en la localidad.\" \/>\n<meta name=\"robots\" content=\"index, follow, max-snippet:-1, max-image-preview:large, max-video-preview:-1\" \/>\n<link rel=\"canonical\" href=\"https:\/\/www.solidaridadobrera.org\/confederal\/ateneo_nacho\/\" \/>\n<meta property=\"og:locale\" content=\"es_ES\" \/>\n<meta property=\"og:type\" content=\"article\" \/>\n<meta property=\"og:title\" content=\"Ateneo Nacho Caba\u00f1as - CONFEDERACI\u00d3N SOLIDARIDAD OBRERA\" \/>\n<meta property=\"og:description\" content=\"El Ateneo, lugar de encuentro, centro de difusi\u00f3n de ideas y de transmisi\u00f3n de experiencias y luchas, es la instituci\u00f3n cultural por excelencia del movimiento libertario de emancipaci\u00f3n social. Su funci\u00f3n hist\u00f3rica fue difundir la Idea tanto en el barrio como en la localidad.\" \/>\n<meta property=\"og:url\" content=\"https:\/\/www.solidaridadobrera.org\/confederal\/ateneo_nacho\/\" \/>\n<meta property=\"og:site_name\" content=\"CONFEDERACI\u00d3N SOLIDARIDAD OBRERA\" \/>\n<meta property=\"article:publisher\" content=\"https:\/\/es-es.facebook.com\/Soliobrera\" \/>\n<meta property=\"article:modified_time\" content=\"2026-03-29T09:43:18+00:00\" \/>\n<meta property=\"og:image\" content=\"https:\/\/www.solidaridadobrera.org\/confederal\/wp-content\/uploads\/2026\/03\/ateneo.jpg\" \/>\n\t<meta property=\"og:image:width\" content=\"703\" \/>\n\t<meta property=\"og:image:height\" content=\"173\" \/>\n\t<meta property=\"og:image:type\" content=\"image\/jpeg\" \/>\n<meta name=\"twitter:card\" content=\"summary_large_image\" \/>\n<meta name=\"twitter:label1\" content=\"Tiempo de lectura\" \/>\n\t<meta name=\"twitter:data1\" content=\"4 minutos\" \/>\n<script type=\"application\/ld+json\" class=\"yoast-schema-graph\">{\"@context\":\"https:\\\/\\\/schema.org\",\"@graph\":[{\"@type\":\"WebPage\",\"@id\":\"https:\\\/\\\/www.solidaridadobrera.org\\\/confederal\\\/ateneo_nacho\\\/\",\"url\":\"https:\\\/\\\/www.solidaridadobrera.org\\\/confederal\\\/ateneo_nacho\\\/\",\"name\":\"Ateneo Nacho Caba\u00f1as - CONFEDERACI\u00d3N SOLIDARIDAD OBRERA\",\"isPartOf\":{\"@id\":\"https:\\\/\\\/www.solidaridadobrera.org\\\/confederal\\\/#website\"},\"primaryImageOfPage\":{\"@id\":\"https:\\\/\\\/www.solidaridadobrera.org\\\/confederal\\\/ateneo_nacho\\\/#primaryimage\"},\"image\":{\"@id\":\"https:\\\/\\\/www.solidaridadobrera.org\\\/confederal\\\/ateneo_nacho\\\/#primaryimage\"},\"thumbnailUrl\":\"https:\\\/\\\/www.solidaridadobrera.org\\\/confederal\\\/wp-content\\\/uploads\\\/2026\\\/03\\\/ateneo.jpg\",\"datePublished\":\"2026-03-03T10:10:02+00:00\",\"dateModified\":\"2026-03-29T09:43:18+00:00\",\"description\":\"El Ateneo, lugar de encuentro, centro de difusi\u00f3n de ideas y de transmisi\u00f3n de experiencias y luchas, es la instituci\u00f3n cultural por excelencia del movimiento libertario de emancipaci\u00f3n social. Su funci\u00f3n hist\u00f3rica fue difundir la Idea tanto en el barrio como en la localidad.\",\"breadcrumb\":{\"@id\":\"https:\\\/\\\/www.solidaridadobrera.org\\\/confederal\\\/ateneo_nacho\\\/#breadcrumb\"},\"inLanguage\":\"es\",\"potentialAction\":[{\"@type\":\"ReadAction\",\"target\":[\"https:\\\/\\\/www.solidaridadobrera.org\\\/confederal\\\/ateneo_nacho\\\/\"]}]},{\"@type\":\"ImageObject\",\"inLanguage\":\"es\",\"@id\":\"https:\\\/\\\/www.solidaridadobrera.org\\\/confederal\\\/ateneo_nacho\\\/#primaryimage\",\"url\":\"https:\\\/\\\/www.solidaridadobrera.org\\\/confederal\\\/wp-content\\\/uploads\\\/2026\\\/03\\\/ateneo.jpg\",\"contentUrl\":\"https:\\\/\\\/www.solidaridadobrera.org\\\/confederal\\\/wp-content\\\/uploads\\\/2026\\\/03\\\/ateneo.jpg\",\"width\":703,\"height\":173},{\"@type\":\"BreadcrumbList\",\"@id\":\"https:\\\/\\\/www.solidaridadobrera.org\\\/confederal\\\/ateneo_nacho\\\/#breadcrumb\",\"itemListElement\":[{\"@type\":\"ListItem\",\"position\":1,\"name\":\"Portada\",\"item\":\"https:\\\/\\\/www.solidaridadobrera.org\\\/confederal\\\/\"},{\"@type\":\"ListItem\",\"position\":2,\"name\":\"Ateneo Nacho Caba\u00f1as\"}]},{\"@type\":\"WebSite\",\"@id\":\"https:\\\/\\\/www.solidaridadobrera.org\\\/confederal\\\/#website\",\"url\":\"https:\\\/\\\/www.solidaridadobrera.org\\\/confederal\\\/\",\"name\":\"SOLIDARIDAD OBRERA\",\"description\":\"Confederaci\u00f3n Anarcosindicalista. La lucha es el \u00fanico camino.\",\"publisher\":{\"@id\":\"https:\\\/\\\/www.solidaridadobrera.org\\\/confederal\\\/#organization\"},\"potentialAction\":[{\"@type\":\"SearchAction\",\"target\":{\"@type\":\"EntryPoint\",\"urlTemplate\":\"https:\\\/\\\/www.solidaridadobrera.org\\\/confederal\\\/?s={search_term_string}\"},\"query-input\":{\"@type\":\"PropertyValueSpecification\",\"valueRequired\":true,\"valueName\":\"search_term_string\"}}],\"inLanguage\":\"es\"},{\"@type\":\"Organization\",\"@id\":\"https:\\\/\\\/www.solidaridadobrera.org\\\/confederal\\\/#organization\",\"name\":\"Solidaridad Obrera\",\"url\":\"https:\\\/\\\/www.solidaridadobrera.org\\\/confederal\\\/\",\"logo\":{\"@type\":\"ImageObject\",\"inLanguage\":\"es\",\"@id\":\"https:\\\/\\\/www.solidaridadobrera.org\\\/confederal\\\/#\\\/schema\\\/logo\\\/image\\\/\",\"url\":\"https:\\\/\\\/www.solidaridadobrera.org\\\/confederal\\\/wp-content\\\/uploads\\\/2021\\\/07\\\/logo_soli_web.png\",\"contentUrl\":\"https:\\\/\\\/www.solidaridadobrera.org\\\/confederal\\\/wp-content\\\/uploads\\\/2021\\\/07\\\/logo_soli_web.png\",\"width\":1181,\"height\":1181,\"caption\":\"Solidaridad Obrera\"},\"image\":{\"@id\":\"https:\\\/\\\/www.solidaridadobrera.org\\\/confederal\\\/#\\\/schema\\\/logo\\\/image\\\/\"},\"sameAs\":[\"https:\\\/\\\/es-es.facebook.com\\\/Soliobrera\",\"https:\\\/\\\/www.instagram.com\\\/soliobrera\\\/\",\"https:\\\/\\\/web.telegram.org\\\/a\\\/#-1001124968543\"]}]}<\/script>\n<!-- \/ Yoast SEO plugin. -->","yoast_head_json":{"title":"Ateneo Nacho Caba\u00f1as - CONFEDERACI\u00d3N SOLIDARIDAD OBRERA","description":"El Ateneo, lugar de encuentro, centro de difusi\u00f3n de ideas y de transmisi\u00f3n de experiencias y luchas, es la instituci\u00f3n cultural por excelencia del movimiento libertario de emancipaci\u00f3n social. Su funci\u00f3n hist\u00f3rica fue difundir la Idea tanto en el barrio como en la localidad.","robots":{"index":"index","follow":"follow","max-snippet":"max-snippet:-1","max-image-preview":"max-image-preview:large","max-video-preview":"max-video-preview:-1"},"canonical":"https:\/\/www.solidaridadobrera.org\/confederal\/ateneo_nacho\/","og_locale":"es_ES","og_type":"article","og_title":"Ateneo Nacho Caba\u00f1as - CONFEDERACI\u00d3N SOLIDARIDAD OBRERA","og_description":"El Ateneo, lugar de encuentro, centro de difusi\u00f3n de ideas y de transmisi\u00f3n de experiencias y luchas, es la instituci\u00f3n cultural por excelencia del movimiento libertario de emancipaci\u00f3n social. Su funci\u00f3n hist\u00f3rica fue difundir la Idea tanto en el barrio como en la localidad.","og_url":"https:\/\/www.solidaridadobrera.org\/confederal\/ateneo_nacho\/","og_site_name":"CONFEDERACI\u00d3N SOLIDARIDAD OBRERA","article_publisher":"https:\/\/es-es.facebook.com\/Soliobrera","article_modified_time":"2026-03-29T09:43:18+00:00","og_image":[{"width":703,"height":173,"url":"https:\/\/www.solidaridadobrera.org\/confederal\/wp-content\/uploads\/2026\/03\/ateneo.jpg","type":"image\/jpeg"}],"twitter_card":"summary_large_image","twitter_misc":{"Tiempo de lectura":"4 minutos"},"schema":{"@context":"https:\/\/schema.org","@graph":[{"@type":"WebPage","@id":"https:\/\/www.solidaridadobrera.org\/confederal\/ateneo_nacho\/","url":"https:\/\/www.solidaridadobrera.org\/confederal\/ateneo_nacho\/","name":"Ateneo Nacho Caba\u00f1as - CONFEDERACI\u00d3N SOLIDARIDAD OBRERA","isPartOf":{"@id":"https:\/\/www.solidaridadobrera.org\/confederal\/#website"},"primaryImageOfPage":{"@id":"https:\/\/www.solidaridadobrera.org\/confederal\/ateneo_nacho\/#primaryimage"},"image":{"@id":"https:\/\/www.solidaridadobrera.org\/confederal\/ateneo_nacho\/#primaryimage"},"thumbnailUrl":"https:\/\/www.solidaridadobrera.org\/confederal\/wp-content\/uploads\/2026\/03\/ateneo.jpg","datePublished":"2026-03-03T10:10:02+00:00","dateModified":"2026-03-29T09:43:18+00:00","description":"El Ateneo, lugar de encuentro, centro de difusi\u00f3n de ideas y de transmisi\u00f3n de experiencias y luchas, es la instituci\u00f3n cultural por excelencia del movimiento libertario de emancipaci\u00f3n social. Su funci\u00f3n hist\u00f3rica fue difundir la Idea tanto en el barrio como en la localidad.","breadcrumb":{"@id":"https:\/\/www.solidaridadobrera.org\/confederal\/ateneo_nacho\/#breadcrumb"},"inLanguage":"es","potentialAction":[{"@type":"ReadAction","target":["https:\/\/www.solidaridadobrera.org\/confederal\/ateneo_nacho\/"]}]},{"@type":"ImageObject","inLanguage":"es","@id":"https:\/\/www.solidaridadobrera.org\/confederal\/ateneo_nacho\/#primaryimage","url":"https:\/\/www.solidaridadobrera.org\/confederal\/wp-content\/uploads\/2026\/03\/ateneo.jpg","contentUrl":"https:\/\/www.solidaridadobrera.org\/confederal\/wp-content\/uploads\/2026\/03\/ateneo.jpg","width":703,"height":173},{"@type":"BreadcrumbList","@id":"https:\/\/www.solidaridadobrera.org\/confederal\/ateneo_nacho\/#breadcrumb","itemListElement":[{"@type":"ListItem","position":1,"name":"Portada","item":"https:\/\/www.solidaridadobrera.org\/confederal\/"},{"@type":"ListItem","position":2,"name":"Ateneo Nacho Caba\u00f1as"}]},{"@type":"WebSite","@id":"https:\/\/www.solidaridadobrera.org\/confederal\/#website","url":"https:\/\/www.solidaridadobrera.org\/confederal\/","name":"SOLIDARIDAD OBRERA","description":"Confederaci\u00f3n Anarcosindicalista. La lucha es el \u00fanico camino.","publisher":{"@id":"https:\/\/www.solidaridadobrera.org\/confederal\/#organization"},"potentialAction":[{"@type":"SearchAction","target":{"@type":"EntryPoint","urlTemplate":"https:\/\/www.solidaridadobrera.org\/confederal\/?s={search_term_string}"},"query-input":{"@type":"PropertyValueSpecification","valueRequired":true,"valueName":"search_term_string"}}],"inLanguage":"es"},{"@type":"Organization","@id":"https:\/\/www.solidaridadobrera.org\/confederal\/#organization","name":"Solidaridad Obrera","url":"https:\/\/www.solidaridadobrera.org\/confederal\/","logo":{"@type":"ImageObject","inLanguage":"es","@id":"https:\/\/www.solidaridadobrera.org\/confederal\/#\/schema\/logo\/image\/","url":"https:\/\/www.solidaridadobrera.org\/confederal\/wp-content\/uploads\/2021\/07\/logo_soli_web.png","contentUrl":"https:\/\/www.solidaridadobrera.org\/confederal\/wp-content\/uploads\/2021\/07\/logo_soli_web.png","width":1181,"height":1181,"caption":"Solidaridad Obrera"},"image":{"@id":"https:\/\/www.solidaridadobrera.org\/confederal\/#\/schema\/logo\/image\/"},"sameAs":["https:\/\/es-es.facebook.com\/Soliobrera","https:\/\/www.instagram.com\/soliobrera\/","https:\/\/web.telegram.org\/a\/#-1001124968543"]}]}},"_links":{"self":[{"href":"https:\/\/www.solidaridadobrera.org\/confederal\/wp-json\/wp\/v2\/pages\/12725","targetHints":{"allow":["GET"]}}],"collection":[{"href":"https:\/\/www.solidaridadobrera.org\/confederal\/wp-json\/wp\/v2\/pages"}],"about":[{"href":"https:\/\/www.solidaridadobrera.org\/confederal\/wp-json\/wp\/v2\/types\/page"}],"author":[{"embeddable":true,"href":"https:\/\/www.solidaridadobrera.org\/confederal\/wp-json\/wp\/v2\/users\/14"}],"replies":[{"embeddable":true,"href":"https:\/\/www.solidaridadobrera.org\/confederal\/wp-json\/wp\/v2\/comments?post=12725"}],"version-history":[{"count":18,"href":"https:\/\/www.solidaridadobrera.org\/confederal\/wp-json\/wp\/v2\/pages\/12725\/revisions"}],"predecessor-version":[{"id":178338,"href":"https:\/\/www.solidaridadobrera.org\/confederal\/wp-json\/wp\/v2\/pages\/12725\/revisions\/178338"}],"wp:attachment":[{"href":"https:\/\/www.solidaridadobrera.org\/confederal\/wp-json\/wp\/v2\/media?parent=12725"}],"curies":[{"name":"wp","href":"https:\/\/api.w.org\/{rel}","templated":true}]}}