{"id":12698,"date":"2026-02-28T19:34:36","date_gmt":"2026-02-28T19:34:36","guid":{"rendered":"https:\/\/www.solidaridadobrera.org\/confederal\/?page_id=12698"},"modified":"2026-03-04T22:36:22","modified_gmt":"2026-03-04T22:36:22","slug":"jose-luis-carretero-miramar","status":"publish","type":"page","link":"https:\/\/www.solidaridadobrera.org\/confederal\/jose-luis-carretero-miramar\/","title":{"rendered":"JOS\u00c9 LUIS CARRETERO MIRAMAR"},"content":{"rendered":"\n<h3 class=\"wp-block-heading\">CONTRATOS TEMPORALES Y PRECARIEDAD<\/h3>\n\n\n\n<p>El Derecho del Trabajo es una porci\u00f3n del ordenamiento jur\u00eddico que se ocupa de todo aquello relacionado con la actividad laboral. Se trata, pues, de una fracci\u00f3n de un modelo jur\u00eddico acorde a un sistema econ\u00f3mico particular, el capitalismo, y a una estructura pol\u00edtica determinada, en nuestro caso la democracia burguesa. De ah\u00ed tambi\u00e9n su otro nombre: Derecho Social.<\/p>\n\n\n\n<figure class=\"wp-block-image size-full\"><img decoding=\"async\" width=\"130\" height=\"200\" src=\"https:\/\/www.solidaridadobrera.org\/confederal\/wp-content\/uploads\/2026\/02\/carretero_contratos_temporales.gif\" alt=\"\" class=\"wp-image-12649\"\/><\/figure>\n\n\n\n<p>El Derecho del Trabajo, o Derecho Social, es uno de los reactivos de la econom\u00eda de un pa\u00eds, ya que por medio suyo se gestiona, promueve, reconvierte, etc. un recurso econ\u00f3mico (y social) b\u00e1sico: el que genera cada trabajador. Por ello es tan importante el papel que se autorreserva el Estado que, adem\u00e1s de ser el patr\u00f3n principal, es el regulador, dentro de sus l\u00edmites territoriales, de toda la mano de obra.<\/p>\n\n\n\n<p><br>A la vez, podr\u00edamos decir que el movimiento obrero es el catalizador de la aparici\u00f3n del Derecho del Trabajo, por dos senderos complementarios y paralelos, pero bien distintos. En una vereda, el colaboracionismo, crisol de pactos del reformismo socialdem\u00f3crata, de la evoluci\u00f3n en lugar de la revoluci\u00f3n (y contra ella), de los sindicatos dependientes del Sistema que intervienen como singulares \u201ccapataces\u201d en lugar de aut\u00e9nticas organizaciones de lucha obrera, etc. En la otra senda encontramos al anarcosindicalismo, con el principio pol\u00edtico de que una sociedad libre e igualitaria s\u00f3lo es alcanzable por obra de los trabajadores mismos. O no ser\u00e1.<\/p>\n\n\n\n<p><br>Con este texto Jos\u00e9 Luis Carretero Miramar nos ofrece un trabajo que es, por supuesto, de Derecho y sobre el Derecho. Podr\u00edamos acercarnos a \u00e9l con cierto recelo, quiz\u00e1 temerosos de que lo abstracto aplaste lo concreto, y no lo entendamos. \u00a1Que no tema el lector!<\/p>\n\n\n\n<p><br>Al comienzo del libro, Jos\u00e9 Luis nos propone un viaje por las duras tierras de la precariedad y los contratos temporales. \u00c9l, sin saberlo, durante todo el camino nos ha recordado a Astr\u00e1galo, que habitaba en las regiones nevadas de los Alpes y en quien los viajeros en apuros encontraban ayuda y ense\u00f1anza del camino; as\u00ed como buenos consejos y gu\u00eda aquellos que buscaban el verdadero sentido de las cosas.<\/p>\n\n\n\n<p><br>Sin duda, este libro era necesario y ser\u00e1 \u00fatil.<\/p>\n\n\n\n<div class=\"wp-block-columns is-layout-flex wp-container-core-columns-is-layout-28f84493 wp-block-columns-is-layout-flex\">\n<div class=\"wp-block-column is-layout-flow wp-block-column-is-layout-flow\"><div class=\"wp-block-image has-lightbox\">\n<figure class=\"aligncenter size-full is-resized\"><a href=\"https:\/\/www.solidaridadobrera.org\/confederal\/nacho-cabanas-rue-cavanilles\/\"><img decoding=\"async\" width=\"130\" height=\"200\" src=\"https:\/\/www.solidaridadobrera.org\/confederal\/wp-content\/uploads\/2026\/02\/nacho_rue_cavanilles_1.gif\" alt=\"rue cavanilles\" class=\"wp-image-12642\" style=\"aspect-ratio:0.6500061651294418;width:186px;height:auto\"\/><\/a><\/figure>\n<\/div><\/div>\n\n\n\n<div class=\"wp-block-column is-layout-flow wp-block-column-is-layout-flow\"><div class=\"wp-block-image has-lightbox\">\n<figure class=\"aligncenter size-full is-resized\"><a href=\"https:\/\/www.solidaridadobrera.org\/confederal\/tercera-edicion-de-el-anarcosindicalismo-en-imagenes\/\"><img decoding=\"async\" width=\"130\" height=\"200\" src=\"https:\/\/www.solidaridadobrera.org\/confederal\/wp-content\/uploads\/2026\/02\/anarcosindicalismo_imagenes_3-_1.gif\" alt=\"\" class=\"wp-image-12672\" style=\"width:185px\"\/><\/a><\/figure>\n<\/div><\/div>\n\n\n\n<div class=\"wp-block-column is-layout-flow wp-block-column-is-layout-flow\"><div class=\"wp-block-image has-lightbox\">\n<figure class=\"aligncenter size-full is-resized\"><a href=\"https:\/\/www.solidaridadobrera.org\/confederal\/andrea-benites-dumont-y-sus-andares-y-venires\/\"><img loading=\"lazy\" decoding=\"async\" width=\"130\" height=\"200\" src=\"https:\/\/www.solidaridadobrera.org\/confederal\/wp-content\/uploads\/2026\/02\/andares_y_venires_1.gif\" alt=\"\" class=\"wp-image-12644\" style=\"width:186px\"\/><\/a><\/figure>\n<\/div><\/div>\n<\/div>\n\n\n\n<div class=\"wp-block-columns is-layout-flex wp-container-core-columns-is-layout-28f84493 wp-block-columns-is-layout-flex\">\n<div class=\"wp-block-column is-layout-flow wp-block-column-is-layout-flow\"><div class=\"wp-block-image has-lightbox\">\n<figure class=\"aligncenter size-full is-resized\"><a href=\"https:\/\/www.solidaridadobrera.org\/confederal\/ruben-uceda-el-corazon-del-sueno\/\"><img loading=\"lazy\" decoding=\"async\" width=\"130\" height=\"200\" src=\"https:\/\/www.solidaridadobrera.org\/confederal\/wp-content\/uploads\/2026\/02\/corazon_sueno_1.gif\" alt=\"\" class=\"wp-image-12645\" style=\"width:185px\"\/><\/a><\/figure>\n<\/div><\/div>\n\n\n\n<div class=\"wp-block-column is-layout-flow wp-block-column-is-layout-flow\"><div class=\"wp-block-image has-lightbox\">\n<figure class=\"aligncenter size-full is-resized\"><a href=\"https:\/\/www.solidaridadobrera.org\/confederal\/david-ripoll-acerete-el-caleidoscopio\/\"><img loading=\"lazy\" decoding=\"async\" width=\"130\" height=\"200\" src=\"https:\/\/www.solidaridadobrera.org\/confederal\/wp-content\/uploads\/2026\/02\/david_ripoll_caleidoscopio_1.gif\" alt=\"\" class=\"wp-image-12646\" style=\"width:186px\"\/><\/a><\/figure>\n<\/div><\/div>\n\n\n\n<div class=\"wp-block-column is-layout-flow wp-block-column-is-layout-flow\"><div class=\"wp-block-image has-lightbox\">\n<figure class=\"aligncenter size-full is-resized\"><a href=\"https:\/\/www.solidaridadobrera.org\/confederal\/francisco-olaya-morales\/\"><img loading=\"lazy\" decoding=\"async\" width=\"130\" height=\"200\" src=\"https:\/\/www.solidaridadobrera.org\/confederal\/wp-content\/uploads\/2026\/02\/olaya_movimiento_obrero_1-1.gif\" alt=\"\" class=\"wp-image-12647\" style=\"width:186px\"\/><\/a><\/figure>\n<\/div><\/div>\n<\/div>\n\n\n\n<div class=\"wp-block-columns is-layout-flex wp-container-core-columns-is-layout-28f84493 wp-block-columns-is-layout-flex\">\n<div class=\"wp-block-column is-layout-flow wp-block-column-is-layout-flow\"><div class=\"wp-block-image has-lightbox\">\n<figure class=\"aligncenter size-full is-resized\"><a href=\"https:\/\/www.solidaridadobrera.org\/confederal\/anselmo-lorenzo\/\"><img loading=\"lazy\" decoding=\"async\" width=\"130\" height=\"200\" src=\"https:\/\/www.solidaridadobrera.org\/confederal\/wp-content\/uploads\/2026\/02\/lorenzo_proletariado_1.gif\" alt=\"\" class=\"wp-image-12648\" style=\"width:186px\"\/><\/a><\/figure>\n<\/div><\/div>\n\n\n\n<div class=\"wp-block-column is-layout-flow wp-block-column-is-layout-flow\"><div class=\"wp-block-image has-lightbox\">\n<figure class=\"aligncenter size-full is-resized\"><a href=\"https:\/\/www.solidaridadobrera.org\/confederal\/jose-luis-carretero-miramar\/\"><img loading=\"lazy\" decoding=\"async\" width=\"130\" height=\"200\" src=\"https:\/\/www.solidaridadobrera.org\/confederal\/wp-content\/uploads\/2026\/02\/carretero_contratos_temporales.gif\" alt=\"\" class=\"wp-image-12649\" style=\"width:186px\"\/><\/a><\/figure>\n<\/div><\/div>\n\n\n\n<div class=\"wp-block-column is-layout-flow wp-block-column-is-layout-flow\"><div class=\"wp-block-image has-lightbox\">\n<figure class=\"aligncenter size-full is-resized\"><a href=\"https:\/\/www.solidaridadobrera.org\/confederal\/publicacion-en-digital-de-las-memorias-de-cipriano-mera\/\"><img loading=\"lazy\" decoding=\"async\" width=\"130\" height=\"200\" src=\"https:\/\/www.solidaridadobrera.org\/confederal\/wp-content\/uploads\/2026\/02\/mera_memorias_01.gif\" alt=\"\" class=\"wp-image-12650\" style=\"width:186px\"\/><\/a><\/figure>\n<\/div><\/div>\n<\/div>\n\n\n\n<div class=\"wp-block-columns is-layout-flex wp-container-core-columns-is-layout-28f84493 wp-block-columns-is-layout-flex\">\n<div class=\"wp-block-column is-layout-flow wp-block-column-is-layout-flow\"><div class=\"wp-block-image has-lightbox\">\n<figure class=\"aligncenter size-full is-resized\"><a href=\"https:\/\/www.solidaridadobrera.org\/confederal\/jose-luis-carretero\/\"><img loading=\"lazy\" decoding=\"async\" width=\"130\" height=\"200\" src=\"https:\/\/www.solidaridadobrera.org\/confederal\/wp-content\/uploads\/2026\/02\/carretero-abraham-guillen01.gif\" alt=\"\" class=\"wp-image-12652\" style=\"width:186px\"\/><\/a><\/figure>\n<\/div><\/div>\n\n\n\n<div class=\"wp-block-column is-layout-flow wp-block-column-is-layout-flow\"><\/div>\n\n\n\n<div class=\"wp-block-column is-layout-flow wp-block-column-is-layout-flow\"><\/div>\n<\/div>\n","protected":false},"excerpt":{"rendered":"<p>CONTRATOS TEMPORALES Y PRECARIEDAD El Derecho del Trabajo es una porci\u00f3n del ordenamiento jur\u00eddico que se ocupa de todo aquello relacionado con la actividad laboral. Se trata, pues, de una [&hellip;]<\/p>\n","protected":false},"author":14,"featured_media":0,"parent":0,"menu_order":0,"comment_status":"closed","ping_status":"closed","template":"","meta":{"postBodyCss":"","postBodyMargin":[],"postBodyPadding":[],"postBodyBackground":{"backgroundType":"classic","gradient":""},"ngg_post_thumbnail":0,"footnotes":""},"class_list":["post-12698","page","type-page","status-publish","hentry"],"yoast_head":"<!-- This site is optimized with the Yoast SEO plugin v27.3 - https:\/\/yoast.com\/product\/yoast-seo-wordpress\/ -->\n<title>JOS\u00c9 LUIS CARRETERO MIRAMAR - CONFEDERACI\u00d3N SOLIDARIDAD OBRERA<\/title>\n<meta name=\"robots\" content=\"index, follow, max-snippet:-1, max-image-preview:large, max-video-preview:-1\" \/>\n<link rel=\"canonical\" href=\"https:\/\/www.solidaridadobrera.org\/confederal\/jose-luis-carretero-miramar\/\" \/>\n<meta property=\"og:locale\" content=\"es_ES\" \/>\n<meta property=\"og:type\" content=\"article\" \/>\n<meta property=\"og:title\" content=\"JOS\u00c9 LUIS CARRETERO MIRAMAR - CONFEDERACI\u00d3N SOLIDARIDAD OBRERA\" \/>\n<meta property=\"og:description\" content=\"CONTRATOS TEMPORALES Y PRECARIEDAD El Derecho del Trabajo es una porci\u00f3n del ordenamiento jur\u00eddico que se ocupa de todo aquello relacionado con la actividad laboral. Se trata, pues, de una [&hellip;]\" \/>\n<meta property=\"og:url\" content=\"https:\/\/www.solidaridadobrera.org\/confederal\/jose-luis-carretero-miramar\/\" \/>\n<meta property=\"og:site_name\" content=\"CONFEDERACI\u00d3N SOLIDARIDAD OBRERA\" \/>\n<meta property=\"article:publisher\" content=\"https:\/\/es-es.facebook.com\/Soliobrera\" \/>\n<meta property=\"article:modified_time\" content=\"2026-03-04T22:36:22+00:00\" \/>\n<meta property=\"og:image\" content=\"https:\/\/www.solidaridadobrera.org\/confederal\/wp-content\/uploads\/2026\/02\/carretero_contratos_temporales.gif\" \/>\n\t<meta property=\"og:image:width\" content=\"130\" \/>\n\t<meta property=\"og:image:height\" content=\"200\" \/>\n\t<meta property=\"og:image:type\" content=\"image\/gif\" \/>\n<meta name=\"twitter:card\" content=\"summary_large_image\" \/>\n<meta name=\"twitter:label1\" content=\"Tiempo de lectura\" \/>\n\t<meta name=\"twitter:data1\" content=\"4 minutos\" \/>\n<script type=\"application\/ld+json\" class=\"yoast-schema-graph\">{\"@context\":\"https:\\\/\\\/schema.org\",\"@graph\":[{\"@type\":\"WebPage\",\"@id\":\"https:\\\/\\\/www.solidaridadobrera.org\\\/confederal\\\/jose-luis-carretero-miramar\\\/\",\"url\":\"https:\\\/\\\/www.solidaridadobrera.org\\\/confederal\\\/jose-luis-carretero-miramar\\\/\",\"name\":\"JOS\u00c9 LUIS CARRETERO MIRAMAR - CONFEDERACI\u00d3N SOLIDARIDAD OBRERA\",\"isPartOf\":{\"@id\":\"https:\\\/\\\/www.solidaridadobrera.org\\\/confederal\\\/#website\"},\"primaryImageOfPage\":{\"@id\":\"https:\\\/\\\/www.solidaridadobrera.org\\\/confederal\\\/jose-luis-carretero-miramar\\\/#primaryimage\"},\"image\":{\"@id\":\"https:\\\/\\\/www.solidaridadobrera.org\\\/confederal\\\/jose-luis-carretero-miramar\\\/#primaryimage\"},\"thumbnailUrl\":\"https:\\\/\\\/www.solidaridadobrera.org\\\/confederal\\\/wp-content\\\/uploads\\\/2026\\\/02\\\/carretero_contratos_temporales.gif\",\"datePublished\":\"2026-02-28T19:34:36+00:00\",\"dateModified\":\"2026-03-04T22:36:22+00:00\",\"breadcrumb\":{\"@id\":\"https:\\\/\\\/www.solidaridadobrera.org\\\/confederal\\\/jose-luis-carretero-miramar\\\/#breadcrumb\"},\"inLanguage\":\"es\",\"potentialAction\":[{\"@type\":\"ReadAction\",\"target\":[\"https:\\\/\\\/www.solidaridadobrera.org\\\/confederal\\\/jose-luis-carretero-miramar\\\/\"]}]},{\"@type\":\"ImageObject\",\"inLanguage\":\"es\",\"@id\":\"https:\\\/\\\/www.solidaridadobrera.org\\\/confederal\\\/jose-luis-carretero-miramar\\\/#primaryimage\",\"url\":\"https:\\\/\\\/www.solidaridadobrera.org\\\/confederal\\\/wp-content\\\/uploads\\\/2026\\\/02\\\/carretero_contratos_temporales.gif\",\"contentUrl\":\"https:\\\/\\\/www.solidaridadobrera.org\\\/confederal\\\/wp-content\\\/uploads\\\/2026\\\/02\\\/carretero_contratos_temporales.gif\",\"width\":130,\"height\":200},{\"@type\":\"BreadcrumbList\",\"@id\":\"https:\\\/\\\/www.solidaridadobrera.org\\\/confederal\\\/jose-luis-carretero-miramar\\\/#breadcrumb\",\"itemListElement\":[{\"@type\":\"ListItem\",\"position\":1,\"name\":\"Portada\",\"item\":\"https:\\\/\\\/www.solidaridadobrera.org\\\/confederal\\\/\"},{\"@type\":\"ListItem\",\"position\":2,\"name\":\"JOS\u00c9 LUIS CARRETERO MIRAMAR\"}]},{\"@type\":\"WebSite\",\"@id\":\"https:\\\/\\\/www.solidaridadobrera.org\\\/confederal\\\/#website\",\"url\":\"https:\\\/\\\/www.solidaridadobrera.org\\\/confederal\\\/\",\"name\":\"SOLIDARIDAD OBRERA\",\"description\":\"Confederaci\u00f3n Anarcosindicalista. La lucha es el \u00fanico camino.\",\"publisher\":{\"@id\":\"https:\\\/\\\/www.solidaridadobrera.org\\\/confederal\\\/#organization\"},\"potentialAction\":[{\"@type\":\"SearchAction\",\"target\":{\"@type\":\"EntryPoint\",\"urlTemplate\":\"https:\\\/\\\/www.solidaridadobrera.org\\\/confederal\\\/?s={search_term_string}\"},\"query-input\":{\"@type\":\"PropertyValueSpecification\",\"valueRequired\":true,\"valueName\":\"search_term_string\"}}],\"inLanguage\":\"es\"},{\"@type\":\"Organization\",\"@id\":\"https:\\\/\\\/www.solidaridadobrera.org\\\/confederal\\\/#organization\",\"name\":\"Solidaridad Obrera\",\"url\":\"https:\\\/\\\/www.solidaridadobrera.org\\\/confederal\\\/\",\"logo\":{\"@type\":\"ImageObject\",\"inLanguage\":\"es\",\"@id\":\"https:\\\/\\\/www.solidaridadobrera.org\\\/confederal\\\/#\\\/schema\\\/logo\\\/image\\\/\",\"url\":\"https:\\\/\\\/www.solidaridadobrera.org\\\/confederal\\\/wp-content\\\/uploads\\\/2021\\\/07\\\/logo_soli_web.png\",\"contentUrl\":\"https:\\\/\\\/www.solidaridadobrera.org\\\/confederal\\\/wp-content\\\/uploads\\\/2021\\\/07\\\/logo_soli_web.png\",\"width\":1181,\"height\":1181,\"caption\":\"Solidaridad Obrera\"},\"image\":{\"@id\":\"https:\\\/\\\/www.solidaridadobrera.org\\\/confederal\\\/#\\\/schema\\\/logo\\\/image\\\/\"},\"sameAs\":[\"https:\\\/\\\/es-es.facebook.com\\\/Soliobrera\",\"https:\\\/\\\/www.instagram.com\\\/soliobrera\\\/\",\"https:\\\/\\\/web.telegram.org\\\/a\\\/#-1001124968543\"]}]}<\/script>\n<!-- \/ Yoast SEO plugin. -->","yoast_head_json":{"title":"JOS\u00c9 LUIS CARRETERO MIRAMAR - CONFEDERACI\u00d3N SOLIDARIDAD OBRERA","robots":{"index":"index","follow":"follow","max-snippet":"max-snippet:-1","max-image-preview":"max-image-preview:large","max-video-preview":"max-video-preview:-1"},"canonical":"https:\/\/www.solidaridadobrera.org\/confederal\/jose-luis-carretero-miramar\/","og_locale":"es_ES","og_type":"article","og_title":"JOS\u00c9 LUIS CARRETERO MIRAMAR - CONFEDERACI\u00d3N SOLIDARIDAD OBRERA","og_description":"CONTRATOS TEMPORALES Y PRECARIEDAD El Derecho del Trabajo es una porci\u00f3n del ordenamiento jur\u00eddico que se ocupa de todo aquello relacionado con la actividad laboral. Se trata, pues, de una [&hellip;]","og_url":"https:\/\/www.solidaridadobrera.org\/confederal\/jose-luis-carretero-miramar\/","og_site_name":"CONFEDERACI\u00d3N SOLIDARIDAD OBRERA","article_publisher":"https:\/\/es-es.facebook.com\/Soliobrera","article_modified_time":"2026-03-04T22:36:22+00:00","og_image":[{"width":130,"height":200,"url":"https:\/\/www.solidaridadobrera.org\/confederal\/wp-content\/uploads\/2026\/02\/carretero_contratos_temporales.gif","type":"image\/gif"}],"twitter_card":"summary_large_image","twitter_misc":{"Tiempo de lectura":"4 minutos"},"schema":{"@context":"https:\/\/schema.org","@graph":[{"@type":"WebPage","@id":"https:\/\/www.solidaridadobrera.org\/confederal\/jose-luis-carretero-miramar\/","url":"https:\/\/www.solidaridadobrera.org\/confederal\/jose-luis-carretero-miramar\/","name":"JOS\u00c9 LUIS CARRETERO MIRAMAR - CONFEDERACI\u00d3N SOLIDARIDAD OBRERA","isPartOf":{"@id":"https:\/\/www.solidaridadobrera.org\/confederal\/#website"},"primaryImageOfPage":{"@id":"https:\/\/www.solidaridadobrera.org\/confederal\/jose-luis-carretero-miramar\/#primaryimage"},"image":{"@id":"https:\/\/www.solidaridadobrera.org\/confederal\/jose-luis-carretero-miramar\/#primaryimage"},"thumbnailUrl":"https:\/\/www.solidaridadobrera.org\/confederal\/wp-content\/uploads\/2026\/02\/carretero_contratos_temporales.gif","datePublished":"2026-02-28T19:34:36+00:00","dateModified":"2026-03-04T22:36:22+00:00","breadcrumb":{"@id":"https:\/\/www.solidaridadobrera.org\/confederal\/jose-luis-carretero-miramar\/#breadcrumb"},"inLanguage":"es","potentialAction":[{"@type":"ReadAction","target":["https:\/\/www.solidaridadobrera.org\/confederal\/jose-luis-carretero-miramar\/"]}]},{"@type":"ImageObject","inLanguage":"es","@id":"https:\/\/www.solidaridadobrera.org\/confederal\/jose-luis-carretero-miramar\/#primaryimage","url":"https:\/\/www.solidaridadobrera.org\/confederal\/wp-content\/uploads\/2026\/02\/carretero_contratos_temporales.gif","contentUrl":"https:\/\/www.solidaridadobrera.org\/confederal\/wp-content\/uploads\/2026\/02\/carretero_contratos_temporales.gif","width":130,"height":200},{"@type":"BreadcrumbList","@id":"https:\/\/www.solidaridadobrera.org\/confederal\/jose-luis-carretero-miramar\/#breadcrumb","itemListElement":[{"@type":"ListItem","position":1,"name":"Portada","item":"https:\/\/www.solidaridadobrera.org\/confederal\/"},{"@type":"ListItem","position":2,"name":"JOS\u00c9 LUIS CARRETERO MIRAMAR"}]},{"@type":"WebSite","@id":"https:\/\/www.solidaridadobrera.org\/confederal\/#website","url":"https:\/\/www.solidaridadobrera.org\/confederal\/","name":"SOLIDARIDAD OBRERA","description":"Confederaci\u00f3n Anarcosindicalista. La lucha es el \u00fanico camino.","publisher":{"@id":"https:\/\/www.solidaridadobrera.org\/confederal\/#organization"},"potentialAction":[{"@type":"SearchAction","target":{"@type":"EntryPoint","urlTemplate":"https:\/\/www.solidaridadobrera.org\/confederal\/?s={search_term_string}"},"query-input":{"@type":"PropertyValueSpecification","valueRequired":true,"valueName":"search_term_string"}}],"inLanguage":"es"},{"@type":"Organization","@id":"https:\/\/www.solidaridadobrera.org\/confederal\/#organization","name":"Solidaridad Obrera","url":"https:\/\/www.solidaridadobrera.org\/confederal\/","logo":{"@type":"ImageObject","inLanguage":"es","@id":"https:\/\/www.solidaridadobrera.org\/confederal\/#\/schema\/logo\/image\/","url":"https:\/\/www.solidaridadobrera.org\/confederal\/wp-content\/uploads\/2021\/07\/logo_soli_web.png","contentUrl":"https:\/\/www.solidaridadobrera.org\/confederal\/wp-content\/uploads\/2021\/07\/logo_soli_web.png","width":1181,"height":1181,"caption":"Solidaridad Obrera"},"image":{"@id":"https:\/\/www.solidaridadobrera.org\/confederal\/#\/schema\/logo\/image\/"},"sameAs":["https:\/\/es-es.facebook.com\/Soliobrera","https:\/\/www.instagram.com\/soliobrera\/","https:\/\/web.telegram.org\/a\/#-1001124968543"]}]}},"_links":{"self":[{"href":"https:\/\/www.solidaridadobrera.org\/confederal\/wp-json\/wp\/v2\/pages\/12698","targetHints":{"allow":["GET"]}}],"collection":[{"href":"https:\/\/www.solidaridadobrera.org\/confederal\/wp-json\/wp\/v2\/pages"}],"about":[{"href":"https:\/\/www.solidaridadobrera.org\/confederal\/wp-json\/wp\/v2\/types\/page"}],"author":[{"embeddable":true,"href":"https:\/\/www.solidaridadobrera.org\/confederal\/wp-json\/wp\/v2\/users\/14"}],"replies":[{"embeddable":true,"href":"https:\/\/www.solidaridadobrera.org\/confederal\/wp-json\/wp\/v2\/comments?post=12698"}],"version-history":[{"count":3,"href":"https:\/\/www.solidaridadobrera.org\/confederal\/wp-json\/wp\/v2\/pages\/12698\/revisions"}],"predecessor-version":[{"id":13198,"href":"https:\/\/www.solidaridadobrera.org\/confederal\/wp-json\/wp\/v2\/pages\/12698\/revisions\/13198"}],"wp:attachment":[{"href":"https:\/\/www.solidaridadobrera.org\/confederal\/wp-json\/wp\/v2\/media?parent=12698"}],"curies":[{"name":"wp","href":"https:\/\/api.w.org\/{rel}","templated":true}]}}