{"id":12693,"date":"2026-02-28T19:33:30","date_gmt":"2026-02-28T19:33:30","guid":{"rendered":"https:\/\/www.solidaridadobrera.org\/confederal\/?page_id=12693"},"modified":"2026-03-04T22:34:52","modified_gmt":"2026-03-04T22:34:52","slug":"anselmo-lorenzo","status":"publish","type":"page","link":"https:\/\/www.solidaridadobrera.org\/confederal\/anselmo-lorenzo\/","title":{"rendered":"ANSELMO LORENZO"},"content":{"rendered":"\n<h3 class=\"wp-block-heading\"><em>EL PROLETARIADO MILITANTE<\/em><\/h3>\n\n\n\n<p>Desde antes de la transici\u00f3n, el elector espa\u00f1ol pudo tener acceso a la presente obra, b\u00e1sicamente a trav\u00e9s de dos ediciones: la de la desaparecida editorial ZERO (ZYX), y la de Alianza Editorial.&nbsp;&nbsp; La primera de ellas, contaba con un pr\u00f3logo de Juan G\u00f3mez Casas, y la segunda fue una edici\u00f3n preparada por Jos\u00e9 \u00c1lvarez Junco.<br>Ambas vieron la luz al final del franquismo, \u00e9poca oscura a\u00fan, pero \u00e9poca de esperanzas, pues el final de aqu\u00e9l formaba parte ya del horizonte pr\u00f3ximo en el momento de su salida a la calle.<\/p>\n\n\n\n<p>El anarcosindicalismo perdi\u00f3 una nueva oportunidad hist\u00f3rica, tras volver a nacer, y morir desgarr\u00e1ndose.<br>La Confederaci\u00f3n Sindical Solidaridad Obrera, fruto de uno de aquellos m\u00faltiples desgarros, volvi\u00f3 a recuperar la voz del \u201cviejo\u201d; esa voz que deber\u00edamos haber le\u00eddo con m\u00e1s detenimiento en su momento.<br>\u00bfQuiz\u00e1s as\u00ed habr\u00edamos evitado la cat\u00e1strofe?<\/p>\n\n\n\n<figure class=\"wp-block-image size-full\"><img decoding=\"async\" width=\"130\" height=\"200\" src=\"https:\/\/www.solidaridadobrera.org\/confederal\/wp-content\/uploads\/2026\/02\/lorenzo_proletariado_1.gif\" alt=\"\" class=\"wp-image-12648\"\/><\/figure>\n\n\n\n<p>En estos tiempos en que el confusionismo se ha adentrado en los medios de las organizaciones obreras, \u201cEl Proletariado Militante\u201d ser\u00e1, indudablemente el rayo de luz que acabe con desviaciones lamentables y equ\u00edvocos funestos&#8230;<\/p>\n\n\n\n<p>Se demuestra, de un modo palmario, en las p\u00e1ginas de este libro, cuan f\u00e1cil es mantener el prestigio y la fuerza de las organizaciones proletarias y, por deducci\u00f3n, se demuestra tambi\u00e9n con cu\u00e1nta facilidad puede perderse ese prestigio y esa fuerza.<br>Esta obra de Lorenzo no puede escapar al romanticismo, propio del momento en que fue escrita; aunque releyendo algunos de sus p\u00e1rrafos no sabr\u00edamos decir si Lorenzo est\u00e1 escribiendo de su \u00e9poca&#8230; o la nuestra:<br><br>\u201cCon la divisi\u00f3n se produjo una orientaci\u00f3n diferente para cada fracci\u00f3n; una pretendi\u00f3 hacerse estacionaria creyendo practicar la virtud&#8230; Otra se inclin\u00f3 forzosamente a deducir consecuencias de los principios admitidos&#8230;\u201d<\/p>\n\n\n\n<p>Sin embargo podemos afirmar que con ser oscura aquella primera noche, que nos narra Lorenzo, hab\u00eda m\u00e1s luz que en \u00e9sta.<br>El cap\u00edtulo 18 del tomo I se inicia con \u00e9stas palabras: \u201cSi la Internacional fracas\u00f3, no pod\u00eda ocurrir lo mismo con el proletariado militante, que era como el esp\u00edritu inmortal de aquella\u201d.<br>Hoy quisi\u00e9ramos poder parafrasear a Lorenzo, simplemente de la siguiente forma: \u201cSi la CNT reconstruida fracas\u00f3, no pod\u00eda ocurrir lo mismo con el anarcosindicalismo, que era como el esp\u00edritu inmortal de aquella\u201d&#8230;&nbsp; Pero tenemos dudas&#8230;<br><br>Como dijimos antes, esta noche es m\u00e1s negra.<\/p>\n\n\n\n<p>\u00bfHabremos de hacer un elogio de la labor inmensa que representa este libro?<br>Editando esta obra no pretendemos levantar una estatua al hombre bueno que se llam\u00f3 Lorenzo, ni siquiera queremos incurrir en el pecado id\u00f3latra de publicarlo invocando su memoria.<br>Lo que queremos y pretendemos, a la vez que recomendamos a todos la emulaci\u00f3n por imitar las virtudes del maestro, es servir los intereses de las clases trabajadoras, siempre ansiosas de libertad y de justicia.<\/p>\n\n\n\n<p>Y para concluir, un deseo: que cuando se realice la pr\u00f3xima edici\u00f3n de \u00e9ste libro, la C. S. Solidaridad Obrera haya desaparecido ya, por haber desembocado felizmente en la conformaci\u00f3n del gran r\u00edo del ANARCOSINDICALISMO, vuelto a renacer.<\/p>\n\n\n\n<p>Esperemos que mientras llega ese d\u00eda, \u00e9ste libro de Anselmo, pueda servirnos de \u201clazarillo\u201d en esta edad oscura.<\/p>\n\n\n\n<p>Nota de la editorial: Esta edici\u00f3n de <em>El proletariado militante<\/em> de Anselmo Lorenzo, est\u00e1 a disposici\u00f3n del navegante en la Biblioteca del Ateneo libertario virtual de este mismo Sitio, concretamente en el apartado de Libros editados por Solidaridad Obrera, donde puede ser consultado y descargado en formato <em>e-book<\/em><\/p>\n\n\n\n<div class=\"wp-block-columns is-layout-flex wp-container-core-columns-is-layout-28f84493 wp-block-columns-is-layout-flex\">\n<div class=\"wp-block-column is-layout-flow wp-block-column-is-layout-flow\"><div class=\"wp-block-image has-lightbox\">\n<figure class=\"aligncenter size-full is-resized\"><a href=\"https:\/\/www.solidaridadobrera.org\/confederal\/nacho-cabanas-rue-cavanilles\/\"><img decoding=\"async\" width=\"130\" height=\"200\" src=\"https:\/\/www.solidaridadobrera.org\/confederal\/wp-content\/uploads\/2026\/02\/nacho_rue_cavanilles_1.gif\" alt=\"rue cavanilles\" class=\"wp-image-12642\" style=\"aspect-ratio:0.6500061651294418;width:186px;height:auto\"\/><\/a><\/figure>\n<\/div><\/div>\n\n\n\n<div class=\"wp-block-column is-layout-flow wp-block-column-is-layout-flow\"><div class=\"wp-block-image has-lightbox\">\n<figure class=\"aligncenter size-full is-resized\"><a href=\"https:\/\/www.solidaridadobrera.org\/confederal\/tercera-edicion-de-el-anarcosindicalismo-en-imagenes\/\"><img decoding=\"async\" width=\"130\" height=\"200\" src=\"https:\/\/www.solidaridadobrera.org\/confederal\/wp-content\/uploads\/2026\/02\/anarcosindicalismo_imagenes_3-_1.gif\" alt=\"\" class=\"wp-image-12672\" style=\"width:185px\"\/><\/a><\/figure>\n<\/div><\/div>\n\n\n\n<div class=\"wp-block-column is-layout-flow wp-block-column-is-layout-flow\"><div class=\"wp-block-image has-lightbox\">\n<figure class=\"aligncenter size-full is-resized\"><a href=\"https:\/\/www.solidaridadobrera.org\/confederal\/andrea-benites-dumont-y-sus-andares-y-venires\/\"><img loading=\"lazy\" decoding=\"async\" width=\"130\" height=\"200\" src=\"https:\/\/www.solidaridadobrera.org\/confederal\/wp-content\/uploads\/2026\/02\/andares_y_venires_1.gif\" alt=\"\" class=\"wp-image-12644\" style=\"width:186px\"\/><\/a><\/figure>\n<\/div><\/div>\n<\/div>\n\n\n\n<div class=\"wp-block-columns is-layout-flex wp-container-core-columns-is-layout-28f84493 wp-block-columns-is-layout-flex\">\n<div class=\"wp-block-column is-layout-flow wp-block-column-is-layout-flow\"><div class=\"wp-block-image has-lightbox\">\n<figure class=\"aligncenter size-full is-resized\"><a href=\"https:\/\/www.solidaridadobrera.org\/confederal\/ruben-uceda-el-corazon-del-sueno\/\"><img loading=\"lazy\" decoding=\"async\" width=\"130\" height=\"200\" src=\"https:\/\/www.solidaridadobrera.org\/confederal\/wp-content\/uploads\/2026\/02\/corazon_sueno_1.gif\" alt=\"\" class=\"wp-image-12645\" style=\"width:185px\"\/><\/a><\/figure>\n<\/div><\/div>\n\n\n\n<div class=\"wp-block-column is-layout-flow wp-block-column-is-layout-flow\"><div class=\"wp-block-image has-lightbox\">\n<figure class=\"aligncenter size-full is-resized\"><a href=\"https:\/\/www.solidaridadobrera.org\/confederal\/david-ripoll-acerete-el-caleidoscopio\/\"><img loading=\"lazy\" decoding=\"async\" width=\"130\" height=\"200\" src=\"https:\/\/www.solidaridadobrera.org\/confederal\/wp-content\/uploads\/2026\/02\/david_ripoll_caleidoscopio_1.gif\" alt=\"\" class=\"wp-image-12646\" style=\"width:186px\"\/><\/a><\/figure>\n<\/div><\/div>\n\n\n\n<div class=\"wp-block-column is-layout-flow wp-block-column-is-layout-flow\"><div class=\"wp-block-image has-lightbox\">\n<figure class=\"aligncenter size-full is-resized\"><a href=\"https:\/\/www.solidaridadobrera.org\/confederal\/francisco-olaya-morales\/\"><img loading=\"lazy\" decoding=\"async\" width=\"130\" height=\"200\" src=\"https:\/\/www.solidaridadobrera.org\/confederal\/wp-content\/uploads\/2026\/02\/olaya_movimiento_obrero_1-1.gif\" alt=\"\" class=\"wp-image-12647\" style=\"width:186px\"\/><\/a><\/figure>\n<\/div><\/div>\n<\/div>\n\n\n\n<div class=\"wp-block-columns is-layout-flex wp-container-core-columns-is-layout-28f84493 wp-block-columns-is-layout-flex\">\n<div class=\"wp-block-column is-layout-flow wp-block-column-is-layout-flow\"><div class=\"wp-block-image has-lightbox\">\n<figure class=\"aligncenter size-full is-resized\"><a href=\"https:\/\/www.solidaridadobrera.org\/confederal\/anselmo-lorenzo\/\"><img loading=\"lazy\" decoding=\"async\" width=\"130\" height=\"200\" src=\"https:\/\/www.solidaridadobrera.org\/confederal\/wp-content\/uploads\/2026\/02\/lorenzo_proletariado_1.gif\" alt=\"\" class=\"wp-image-12648\" style=\"width:186px\"\/><\/a><\/figure>\n<\/div><\/div>\n\n\n\n<div class=\"wp-block-column is-layout-flow wp-block-column-is-layout-flow\"><div class=\"wp-block-image has-lightbox\">\n<figure class=\"aligncenter size-full is-resized\"><a href=\"https:\/\/www.solidaridadobrera.org\/confederal\/jose-luis-carretero-miramar\/\"><img loading=\"lazy\" decoding=\"async\" width=\"130\" height=\"200\" src=\"https:\/\/www.solidaridadobrera.org\/confederal\/wp-content\/uploads\/2026\/02\/carretero_contratos_temporales.gif\" alt=\"\" class=\"wp-image-12649\" style=\"width:186px\"\/><\/a><\/figure>\n<\/div><\/div>\n\n\n\n<div class=\"wp-block-column is-layout-flow wp-block-column-is-layout-flow\"><div class=\"wp-block-image has-lightbox\">\n<figure class=\"aligncenter size-full is-resized\"><a href=\"https:\/\/www.solidaridadobrera.org\/confederal\/publicacion-en-digital-de-las-memorias-de-cipriano-mera\/\"><img loading=\"lazy\" decoding=\"async\" width=\"130\" height=\"200\" src=\"https:\/\/www.solidaridadobrera.org\/confederal\/wp-content\/uploads\/2026\/02\/mera_memorias_01.gif\" alt=\"\" class=\"wp-image-12650\" style=\"width:186px\"\/><\/a><\/figure>\n<\/div><\/div>\n<\/div>\n\n\n\n<div class=\"wp-block-columns is-layout-flex wp-container-core-columns-is-layout-28f84493 wp-block-columns-is-layout-flex\">\n<div class=\"wp-block-column is-layout-flow wp-block-column-is-layout-flow\"><div class=\"wp-block-image has-lightbox\">\n<figure class=\"aligncenter size-full is-resized\"><a href=\"https:\/\/www.solidaridadobrera.org\/confederal\/jose-luis-carretero\/\"><img loading=\"lazy\" decoding=\"async\" width=\"130\" height=\"200\" src=\"https:\/\/www.solidaridadobrera.org\/confederal\/wp-content\/uploads\/2026\/02\/carretero-abraham-guillen01.gif\" alt=\"\" class=\"wp-image-12652\" style=\"width:186px\"\/><\/a><\/figure>\n<\/div><\/div>\n\n\n\n<div class=\"wp-block-column is-layout-flow wp-block-column-is-layout-flow\"><\/div>\n\n\n\n<div class=\"wp-block-column is-layout-flow wp-block-column-is-layout-flow\"><\/div>\n<\/div>\n","protected":false},"excerpt":{"rendered":"<p>EL PROLETARIADO MILITANTE Desde antes de la transici\u00f3n, el elector espa\u00f1ol pudo tener acceso a la presente obra, b\u00e1sicamente a trav\u00e9s de dos ediciones: la de la desaparecida editorial ZERO [&hellip;]<\/p>\n","protected":false},"author":14,"featured_media":0,"parent":0,"menu_order":0,"comment_status":"closed","ping_status":"closed","template":"","meta":{"postBodyCss":"","postBodyMargin":[],"postBodyPadding":[],"postBodyBackground":{"backgroundType":"classic","gradient":""},"ngg_post_thumbnail":0,"footnotes":""},"class_list":["post-12693","page","type-page","status-publish","hentry"],"yoast_head":"<!-- This site is optimized with the Yoast SEO plugin v27.3 - https:\/\/yoast.com\/product\/yoast-seo-wordpress\/ -->\n<title>ANSELMO LORENZO - CONFEDERACI\u00d3N SOLIDARIDAD OBRERA<\/title>\n<meta name=\"robots\" content=\"index, follow, max-snippet:-1, max-image-preview:large, max-video-preview:-1\" \/>\n<link rel=\"canonical\" href=\"https:\/\/www.solidaridadobrera.org\/confederal\/anselmo-lorenzo\/\" \/>\n<meta property=\"og:locale\" content=\"es_ES\" \/>\n<meta property=\"og:type\" content=\"article\" \/>\n<meta property=\"og:title\" content=\"ANSELMO LORENZO - CONFEDERACI\u00d3N SOLIDARIDAD OBRERA\" \/>\n<meta property=\"og:description\" content=\"EL PROLETARIADO MILITANTE Desde antes de la transici\u00f3n, el elector espa\u00f1ol pudo tener acceso a la presente obra, b\u00e1sicamente a trav\u00e9s de dos ediciones: la de la desaparecida editorial ZERO [&hellip;]\" \/>\n<meta property=\"og:url\" content=\"https:\/\/www.solidaridadobrera.org\/confederal\/anselmo-lorenzo\/\" \/>\n<meta property=\"og:site_name\" content=\"CONFEDERACI\u00d3N SOLIDARIDAD OBRERA\" \/>\n<meta property=\"article:publisher\" content=\"https:\/\/es-es.facebook.com\/Soliobrera\" \/>\n<meta property=\"article:modified_time\" content=\"2026-03-04T22:34:52+00:00\" \/>\n<meta property=\"og:image\" content=\"https:\/\/www.solidaridadobrera.org\/confederal\/wp-content\/uploads\/2026\/02\/lorenzo_proletariado_1.gif\" \/>\n\t<meta property=\"og:image:width\" content=\"130\" \/>\n\t<meta property=\"og:image:height\" content=\"200\" \/>\n\t<meta property=\"og:image:type\" content=\"image\/gif\" \/>\n<meta name=\"twitter:card\" content=\"summary_large_image\" \/>\n<meta name=\"twitter:label1\" content=\"Tiempo de lectura\" \/>\n\t<meta name=\"twitter:data1\" content=\"5 minutos\" \/>\n<script type=\"application\/ld+json\" class=\"yoast-schema-graph\">{\"@context\":\"https:\\\/\\\/schema.org\",\"@graph\":[{\"@type\":\"WebPage\",\"@id\":\"https:\\\/\\\/www.solidaridadobrera.org\\\/confederal\\\/anselmo-lorenzo\\\/\",\"url\":\"https:\\\/\\\/www.solidaridadobrera.org\\\/confederal\\\/anselmo-lorenzo\\\/\",\"name\":\"ANSELMO LORENZO - CONFEDERACI\u00d3N SOLIDARIDAD OBRERA\",\"isPartOf\":{\"@id\":\"https:\\\/\\\/www.solidaridadobrera.org\\\/confederal\\\/#website\"},\"primaryImageOfPage\":{\"@id\":\"https:\\\/\\\/www.solidaridadobrera.org\\\/confederal\\\/anselmo-lorenzo\\\/#primaryimage\"},\"image\":{\"@id\":\"https:\\\/\\\/www.solidaridadobrera.org\\\/confederal\\\/anselmo-lorenzo\\\/#primaryimage\"},\"thumbnailUrl\":\"https:\\\/\\\/www.solidaridadobrera.org\\\/confederal\\\/wp-content\\\/uploads\\\/2026\\\/02\\\/lorenzo_proletariado_1.gif\",\"datePublished\":\"2026-02-28T19:33:30+00:00\",\"dateModified\":\"2026-03-04T22:34:52+00:00\",\"breadcrumb\":{\"@id\":\"https:\\\/\\\/www.solidaridadobrera.org\\\/confederal\\\/anselmo-lorenzo\\\/#breadcrumb\"},\"inLanguage\":\"es\",\"potentialAction\":[{\"@type\":\"ReadAction\",\"target\":[\"https:\\\/\\\/www.solidaridadobrera.org\\\/confederal\\\/anselmo-lorenzo\\\/\"]}]},{\"@type\":\"ImageObject\",\"inLanguage\":\"es\",\"@id\":\"https:\\\/\\\/www.solidaridadobrera.org\\\/confederal\\\/anselmo-lorenzo\\\/#primaryimage\",\"url\":\"https:\\\/\\\/www.solidaridadobrera.org\\\/confederal\\\/wp-content\\\/uploads\\\/2026\\\/02\\\/lorenzo_proletariado_1.gif\",\"contentUrl\":\"https:\\\/\\\/www.solidaridadobrera.org\\\/confederal\\\/wp-content\\\/uploads\\\/2026\\\/02\\\/lorenzo_proletariado_1.gif\",\"width\":130,\"height\":200},{\"@type\":\"BreadcrumbList\",\"@id\":\"https:\\\/\\\/www.solidaridadobrera.org\\\/confederal\\\/anselmo-lorenzo\\\/#breadcrumb\",\"itemListElement\":[{\"@type\":\"ListItem\",\"position\":1,\"name\":\"Portada\",\"item\":\"https:\\\/\\\/www.solidaridadobrera.org\\\/confederal\\\/\"},{\"@type\":\"ListItem\",\"position\":2,\"name\":\"ANSELMO LORENZO\"}]},{\"@type\":\"WebSite\",\"@id\":\"https:\\\/\\\/www.solidaridadobrera.org\\\/confederal\\\/#website\",\"url\":\"https:\\\/\\\/www.solidaridadobrera.org\\\/confederal\\\/\",\"name\":\"SOLIDARIDAD OBRERA\",\"description\":\"Confederaci\u00f3n Anarcosindicalista. La lucha es el \u00fanico camino.\",\"publisher\":{\"@id\":\"https:\\\/\\\/www.solidaridadobrera.org\\\/confederal\\\/#organization\"},\"potentialAction\":[{\"@type\":\"SearchAction\",\"target\":{\"@type\":\"EntryPoint\",\"urlTemplate\":\"https:\\\/\\\/www.solidaridadobrera.org\\\/confederal\\\/?s={search_term_string}\"},\"query-input\":{\"@type\":\"PropertyValueSpecification\",\"valueRequired\":true,\"valueName\":\"search_term_string\"}}],\"inLanguage\":\"es\"},{\"@type\":\"Organization\",\"@id\":\"https:\\\/\\\/www.solidaridadobrera.org\\\/confederal\\\/#organization\",\"name\":\"Solidaridad Obrera\",\"url\":\"https:\\\/\\\/www.solidaridadobrera.org\\\/confederal\\\/\",\"logo\":{\"@type\":\"ImageObject\",\"inLanguage\":\"es\",\"@id\":\"https:\\\/\\\/www.solidaridadobrera.org\\\/confederal\\\/#\\\/schema\\\/logo\\\/image\\\/\",\"url\":\"https:\\\/\\\/www.solidaridadobrera.org\\\/confederal\\\/wp-content\\\/uploads\\\/2021\\\/07\\\/logo_soli_web.png\",\"contentUrl\":\"https:\\\/\\\/www.solidaridadobrera.org\\\/confederal\\\/wp-content\\\/uploads\\\/2021\\\/07\\\/logo_soli_web.png\",\"width\":1181,\"height\":1181,\"caption\":\"Solidaridad Obrera\"},\"image\":{\"@id\":\"https:\\\/\\\/www.solidaridadobrera.org\\\/confederal\\\/#\\\/schema\\\/logo\\\/image\\\/\"},\"sameAs\":[\"https:\\\/\\\/es-es.facebook.com\\\/Soliobrera\",\"https:\\\/\\\/www.instagram.com\\\/soliobrera\\\/\",\"https:\\\/\\\/web.telegram.org\\\/a\\\/#-1001124968543\"]}]}<\/script>\n<!-- \/ Yoast SEO plugin. -->","yoast_head_json":{"title":"ANSELMO LORENZO - CONFEDERACI\u00d3N SOLIDARIDAD OBRERA","robots":{"index":"index","follow":"follow","max-snippet":"max-snippet:-1","max-image-preview":"max-image-preview:large","max-video-preview":"max-video-preview:-1"},"canonical":"https:\/\/www.solidaridadobrera.org\/confederal\/anselmo-lorenzo\/","og_locale":"es_ES","og_type":"article","og_title":"ANSELMO LORENZO - CONFEDERACI\u00d3N SOLIDARIDAD OBRERA","og_description":"EL PROLETARIADO MILITANTE Desde antes de la transici\u00f3n, el elector espa\u00f1ol pudo tener acceso a la presente obra, b\u00e1sicamente a trav\u00e9s de dos ediciones: la de la desaparecida editorial ZERO [&hellip;]","og_url":"https:\/\/www.solidaridadobrera.org\/confederal\/anselmo-lorenzo\/","og_site_name":"CONFEDERACI\u00d3N SOLIDARIDAD OBRERA","article_publisher":"https:\/\/es-es.facebook.com\/Soliobrera","article_modified_time":"2026-03-04T22:34:52+00:00","og_image":[{"width":130,"height":200,"url":"https:\/\/www.solidaridadobrera.org\/confederal\/wp-content\/uploads\/2026\/02\/lorenzo_proletariado_1.gif","type":"image\/gif"}],"twitter_card":"summary_large_image","twitter_misc":{"Tiempo de lectura":"5 minutos"},"schema":{"@context":"https:\/\/schema.org","@graph":[{"@type":"WebPage","@id":"https:\/\/www.solidaridadobrera.org\/confederal\/anselmo-lorenzo\/","url":"https:\/\/www.solidaridadobrera.org\/confederal\/anselmo-lorenzo\/","name":"ANSELMO LORENZO - CONFEDERACI\u00d3N SOLIDARIDAD OBRERA","isPartOf":{"@id":"https:\/\/www.solidaridadobrera.org\/confederal\/#website"},"primaryImageOfPage":{"@id":"https:\/\/www.solidaridadobrera.org\/confederal\/anselmo-lorenzo\/#primaryimage"},"image":{"@id":"https:\/\/www.solidaridadobrera.org\/confederal\/anselmo-lorenzo\/#primaryimage"},"thumbnailUrl":"https:\/\/www.solidaridadobrera.org\/confederal\/wp-content\/uploads\/2026\/02\/lorenzo_proletariado_1.gif","datePublished":"2026-02-28T19:33:30+00:00","dateModified":"2026-03-04T22:34:52+00:00","breadcrumb":{"@id":"https:\/\/www.solidaridadobrera.org\/confederal\/anselmo-lorenzo\/#breadcrumb"},"inLanguage":"es","potentialAction":[{"@type":"ReadAction","target":["https:\/\/www.solidaridadobrera.org\/confederal\/anselmo-lorenzo\/"]}]},{"@type":"ImageObject","inLanguage":"es","@id":"https:\/\/www.solidaridadobrera.org\/confederal\/anselmo-lorenzo\/#primaryimage","url":"https:\/\/www.solidaridadobrera.org\/confederal\/wp-content\/uploads\/2026\/02\/lorenzo_proletariado_1.gif","contentUrl":"https:\/\/www.solidaridadobrera.org\/confederal\/wp-content\/uploads\/2026\/02\/lorenzo_proletariado_1.gif","width":130,"height":200},{"@type":"BreadcrumbList","@id":"https:\/\/www.solidaridadobrera.org\/confederal\/anselmo-lorenzo\/#breadcrumb","itemListElement":[{"@type":"ListItem","position":1,"name":"Portada","item":"https:\/\/www.solidaridadobrera.org\/confederal\/"},{"@type":"ListItem","position":2,"name":"ANSELMO LORENZO"}]},{"@type":"WebSite","@id":"https:\/\/www.solidaridadobrera.org\/confederal\/#website","url":"https:\/\/www.solidaridadobrera.org\/confederal\/","name":"SOLIDARIDAD OBRERA","description":"Confederaci\u00f3n Anarcosindicalista. La lucha es el \u00fanico camino.","publisher":{"@id":"https:\/\/www.solidaridadobrera.org\/confederal\/#organization"},"potentialAction":[{"@type":"SearchAction","target":{"@type":"EntryPoint","urlTemplate":"https:\/\/www.solidaridadobrera.org\/confederal\/?s={search_term_string}"},"query-input":{"@type":"PropertyValueSpecification","valueRequired":true,"valueName":"search_term_string"}}],"inLanguage":"es"},{"@type":"Organization","@id":"https:\/\/www.solidaridadobrera.org\/confederal\/#organization","name":"Solidaridad Obrera","url":"https:\/\/www.solidaridadobrera.org\/confederal\/","logo":{"@type":"ImageObject","inLanguage":"es","@id":"https:\/\/www.solidaridadobrera.org\/confederal\/#\/schema\/logo\/image\/","url":"https:\/\/www.solidaridadobrera.org\/confederal\/wp-content\/uploads\/2021\/07\/logo_soli_web.png","contentUrl":"https:\/\/www.solidaridadobrera.org\/confederal\/wp-content\/uploads\/2021\/07\/logo_soli_web.png","width":1181,"height":1181,"caption":"Solidaridad Obrera"},"image":{"@id":"https:\/\/www.solidaridadobrera.org\/confederal\/#\/schema\/logo\/image\/"},"sameAs":["https:\/\/es-es.facebook.com\/Soliobrera","https:\/\/www.instagram.com\/soliobrera\/","https:\/\/web.telegram.org\/a\/#-1001124968543"]}]}},"_links":{"self":[{"href":"https:\/\/www.solidaridadobrera.org\/confederal\/wp-json\/wp\/v2\/pages\/12693","targetHints":{"allow":["GET"]}}],"collection":[{"href":"https:\/\/www.solidaridadobrera.org\/confederal\/wp-json\/wp\/v2\/pages"}],"about":[{"href":"https:\/\/www.solidaridadobrera.org\/confederal\/wp-json\/wp\/v2\/types\/page"}],"author":[{"embeddable":true,"href":"https:\/\/www.solidaridadobrera.org\/confederal\/wp-json\/wp\/v2\/users\/14"}],"replies":[{"embeddable":true,"href":"https:\/\/www.solidaridadobrera.org\/confederal\/wp-json\/wp\/v2\/comments?post=12693"}],"version-history":[{"count":3,"href":"https:\/\/www.solidaridadobrera.org\/confederal\/wp-json\/wp\/v2\/pages\/12693\/revisions"}],"predecessor-version":[{"id":13197,"href":"https:\/\/www.solidaridadobrera.org\/confederal\/wp-json\/wp\/v2\/pages\/12693\/revisions\/13197"}],"wp:attachment":[{"href":"https:\/\/www.solidaridadobrera.org\/confederal\/wp-json\/wp\/v2\/media?parent=12693"}],"curies":[{"name":"wp","href":"https:\/\/api.w.org\/{rel}","templated":true}]}}