{"id":12690,"date":"2026-02-28T19:29:30","date_gmt":"2026-02-28T19:29:30","guid":{"rendered":"https:\/\/www.solidaridadobrera.org\/confederal\/?page_id=12690"},"modified":"2026-03-04T22:35:57","modified_gmt":"2026-03-04T22:35:57","slug":"francisco-olaya-morales","status":"publish","type":"page","link":"https:\/\/www.solidaridadobrera.org\/confederal\/francisco-olaya-morales\/","title":{"rendered":"FRANCISCO OLAYA MORALES"},"content":{"rendered":"\n<h3 class=\"wp-block-heading\"><em>HISTORIA DEL MOVIMIENTO OBRERO ESPA\u00d1OL. 1900 &#8211; 1939<\/em><\/h3>\n\n\n\n<p><em>Est\u00e1 probado hist\u00f3ricamente que, desde hace siglos, la cultura ha tenido en Espa\u00f1a (y lo sigue teniendo) un acusado tufillo azufrado. Lo dijeron en el siglo XIX las doctas eminencias docentes de la Universidad de Cervera y, posteriormente, el insigne pol\u00edtico Gonz\u00e1lez Bravo; lo confirm\u00f3 despu\u00e9s Larra, que ten\u00eda que escribir con sangre, y, m\u00e1s recientemente, el c\u00e9lebre general Millan Astray, que prefer\u00eda derramarla para que no se escribiera.<\/em><\/p>\n\n\n\n<figure class=\"wp-block-image size-full\"><img decoding=\"async\" width=\"130\" height=\"200\" src=\"https:\/\/www.solidaridadobrera.org\/confederal\/wp-content\/uploads\/2026\/02\/olaya_movimiento_obrero_1-1.gif\" alt=\"\" class=\"wp-image-12647\"\/><\/figure>\n\n\n\n<p>As\u00ed comienza Olaya la introducci\u00f3n a su libro sobre el movimiento obrero en la primera parte del siglo XX.<br><br><\/p>\n\n\n\n<p>Es \u00e9ste un libro important\u00edsimo. El m\u00e1s detallado y completo en cuanto a la descripci\u00f3n del movimiento proletario en el per\u00edodo abarcado y en el que como no podr\u00eda ser menos el movimiento libertario ocupa un lugar preeminente en dicha descripci\u00f3n.<br><br><\/p>\n\n\n\n<p>Editado por Solidaridad Obrera en 2006, es complemento de otro libro titulado <em>El movimiento obrero espa\u00f1ol en el siglo XIX<\/em>, que fue editado en su d\u00eda por Nossa y Jara.<br><br><\/p>\n\n\n\n<p>Un libro imprescindible para el estudioso de los quehaceres del movimiento obrero.<\/p>\n\n\n\n<div class=\"wp-block-columns is-layout-flex wp-container-core-columns-is-layout-28f84493 wp-block-columns-is-layout-flex\">\n<div class=\"wp-block-column is-layout-flow wp-block-column-is-layout-flow\"><div class=\"wp-block-image has-lightbox\">\n<figure class=\"aligncenter size-full is-resized\"><a href=\"https:\/\/www.solidaridadobrera.org\/confederal\/nacho-cabanas-rue-cavanilles\/\"><img decoding=\"async\" width=\"130\" height=\"200\" src=\"https:\/\/www.solidaridadobrera.org\/confederal\/wp-content\/uploads\/2026\/02\/nacho_rue_cavanilles_1.gif\" alt=\"rue cavanilles\" class=\"wp-image-12642\" style=\"aspect-ratio:0.6500061651294418;width:186px;height:auto\"\/><\/a><\/figure>\n<\/div><\/div>\n\n\n\n<div class=\"wp-block-column is-layout-flow wp-block-column-is-layout-flow\"><div class=\"wp-block-image has-lightbox\">\n<figure class=\"aligncenter size-full is-resized\"><a href=\"https:\/\/www.solidaridadobrera.org\/confederal\/tercera-edicion-de-el-anarcosindicalismo-en-imagenes\/\"><img decoding=\"async\" width=\"130\" height=\"200\" src=\"https:\/\/www.solidaridadobrera.org\/confederal\/wp-content\/uploads\/2026\/02\/anarcosindicalismo_imagenes_3-_1.gif\" alt=\"\" class=\"wp-image-12672\" style=\"width:185px\"\/><\/a><\/figure>\n<\/div><\/div>\n\n\n\n<div class=\"wp-block-column is-layout-flow wp-block-column-is-layout-flow\"><div class=\"wp-block-image has-lightbox\">\n<figure class=\"aligncenter size-full is-resized\"><a href=\"https:\/\/www.solidaridadobrera.org\/confederal\/andrea-benites-dumont-y-sus-andares-y-venires\/\"><img loading=\"lazy\" decoding=\"async\" width=\"130\" height=\"200\" src=\"https:\/\/www.solidaridadobrera.org\/confederal\/wp-content\/uploads\/2026\/02\/andares_y_venires_1.gif\" alt=\"\" class=\"wp-image-12644\" style=\"width:186px\"\/><\/a><\/figure>\n<\/div><\/div>\n<\/div>\n\n\n\n<div class=\"wp-block-columns is-layout-flex wp-container-core-columns-is-layout-28f84493 wp-block-columns-is-layout-flex\">\n<div class=\"wp-block-column is-layout-flow wp-block-column-is-layout-flow\"><div class=\"wp-block-image has-lightbox\">\n<figure class=\"aligncenter size-full is-resized\"><a href=\"https:\/\/www.solidaridadobrera.org\/confederal\/ruben-uceda-el-corazon-del-sueno\/\"><img loading=\"lazy\" decoding=\"async\" width=\"130\" height=\"200\" src=\"https:\/\/www.solidaridadobrera.org\/confederal\/wp-content\/uploads\/2026\/02\/corazon_sueno_1.gif\" alt=\"\" class=\"wp-image-12645\" style=\"width:185px\"\/><\/a><\/figure>\n<\/div><\/div>\n\n\n\n<div class=\"wp-block-column is-layout-flow wp-block-column-is-layout-flow\"><div class=\"wp-block-image has-lightbox\">\n<figure class=\"aligncenter size-full is-resized\"><a href=\"https:\/\/www.solidaridadobrera.org\/confederal\/david-ripoll-acerete-el-caleidoscopio\/\"><img loading=\"lazy\" decoding=\"async\" width=\"130\" height=\"200\" src=\"https:\/\/www.solidaridadobrera.org\/confederal\/wp-content\/uploads\/2026\/02\/david_ripoll_caleidoscopio_1.gif\" alt=\"\" class=\"wp-image-12646\" style=\"width:186px\"\/><\/a><\/figure>\n<\/div><\/div>\n\n\n\n<div class=\"wp-block-column is-layout-flow wp-block-column-is-layout-flow\"><div class=\"wp-block-image has-lightbox\">\n<figure class=\"aligncenter size-full is-resized\"><a href=\"https:\/\/www.solidaridadobrera.org\/confederal\/francisco-olaya-morales\/\"><img loading=\"lazy\" decoding=\"async\" width=\"130\" height=\"200\" src=\"https:\/\/www.solidaridadobrera.org\/confederal\/wp-content\/uploads\/2026\/02\/olaya_movimiento_obrero_1-1.gif\" alt=\"\" class=\"wp-image-12647\" style=\"width:186px\"\/><\/a><\/figure>\n<\/div><\/div>\n<\/div>\n\n\n\n<div class=\"wp-block-columns is-layout-flex wp-container-core-columns-is-layout-28f84493 wp-block-columns-is-layout-flex\">\n<div class=\"wp-block-column is-layout-flow wp-block-column-is-layout-flow\"><div class=\"wp-block-image has-lightbox\">\n<figure class=\"aligncenter size-full is-resized\"><a href=\"https:\/\/www.solidaridadobrera.org\/confederal\/anselmo-lorenzo\/\"><img loading=\"lazy\" decoding=\"async\" width=\"130\" height=\"200\" src=\"https:\/\/www.solidaridadobrera.org\/confederal\/wp-content\/uploads\/2026\/02\/lorenzo_proletariado_1.gif\" alt=\"\" class=\"wp-image-12648\" style=\"width:186px\"\/><\/a><\/figure>\n<\/div><\/div>\n\n\n\n<div class=\"wp-block-column is-layout-flow wp-block-column-is-layout-flow\"><div class=\"wp-block-image has-lightbox\">\n<figure class=\"aligncenter size-full is-resized\"><a href=\"https:\/\/www.solidaridadobrera.org\/confederal\/jose-luis-carretero-miramar\/\"><img loading=\"lazy\" decoding=\"async\" width=\"130\" height=\"200\" src=\"https:\/\/www.solidaridadobrera.org\/confederal\/wp-content\/uploads\/2026\/02\/carretero_contratos_temporales.gif\" alt=\"\" class=\"wp-image-12649\" style=\"width:186px\"\/><\/a><\/figure>\n<\/div><\/div>\n\n\n\n<div class=\"wp-block-column is-layout-flow wp-block-column-is-layout-flow\"><div class=\"wp-block-image has-lightbox\">\n<figure class=\"aligncenter size-full is-resized\"><a href=\"https:\/\/www.solidaridadobrera.org\/confederal\/publicacion-en-digital-de-las-memorias-de-cipriano-mera\/\"><img loading=\"lazy\" decoding=\"async\" width=\"130\" height=\"200\" src=\"https:\/\/www.solidaridadobrera.org\/confederal\/wp-content\/uploads\/2026\/02\/mera_memorias_01.gif\" alt=\"\" class=\"wp-image-12650\" style=\"width:186px\"\/><\/a><\/figure>\n<\/div><\/div>\n<\/div>\n\n\n\n<div class=\"wp-block-columns is-layout-flex wp-container-core-columns-is-layout-28f84493 wp-block-columns-is-layout-flex\">\n<div class=\"wp-block-column is-layout-flow wp-block-column-is-layout-flow\"><div class=\"wp-block-image has-lightbox\">\n<figure class=\"aligncenter size-full is-resized\"><a href=\"https:\/\/www.solidaridadobrera.org\/confederal\/jose-luis-carretero\/\"><img loading=\"lazy\" decoding=\"async\" width=\"130\" height=\"200\" src=\"https:\/\/www.solidaridadobrera.org\/confederal\/wp-content\/uploads\/2026\/02\/carretero-abraham-guillen01.gif\" alt=\"\" class=\"wp-image-12652\" style=\"width:186px\"\/><\/a><\/figure>\n<\/div><\/div>\n\n\n\n<div class=\"wp-block-column is-layout-flow wp-block-column-is-layout-flow\"><\/div>\n\n\n\n<div class=\"wp-block-column is-layout-flow wp-block-column-is-layout-flow\"><\/div>\n<\/div>\n","protected":false},"excerpt":{"rendered":"<p>HISTORIA DEL MOVIMIENTO OBRERO ESPA\u00d1OL. 1900 &#8211; 1939 Est\u00e1 probado hist\u00f3ricamente que, desde hace siglos, la cultura ha tenido en Espa\u00f1a (y lo sigue teniendo) un acusado tufillo azufrado. Lo [&hellip;]<\/p>\n","protected":false},"author":14,"featured_media":0,"parent":0,"menu_order":0,"comment_status":"closed","ping_status":"closed","template":"","meta":{"postBodyCss":"","postBodyMargin":[],"postBodyPadding":[],"postBodyBackground":{"backgroundType":"classic","gradient":""},"ngg_post_thumbnail":0,"footnotes":""},"class_list":["post-12690","page","type-page","status-publish","hentry"],"yoast_head":"<!-- This site is optimized with the Yoast SEO plugin v27.3 - https:\/\/yoast.com\/product\/yoast-seo-wordpress\/ -->\n<title>FRANCISCO OLAYA MORALES - CONFEDERACI\u00d3N SOLIDARIDAD OBRERA<\/title>\n<meta name=\"robots\" content=\"index, follow, max-snippet:-1, max-image-preview:large, max-video-preview:-1\" \/>\n<link rel=\"canonical\" href=\"https:\/\/www.solidaridadobrera.org\/confederal\/francisco-olaya-morales\/\" \/>\n<meta property=\"og:locale\" content=\"es_ES\" \/>\n<meta property=\"og:type\" content=\"article\" \/>\n<meta property=\"og:title\" content=\"FRANCISCO OLAYA MORALES - CONFEDERACI\u00d3N SOLIDARIDAD OBRERA\" \/>\n<meta property=\"og:description\" content=\"HISTORIA DEL MOVIMIENTO OBRERO ESPA\u00d1OL. 1900 &#8211; 1939 Est\u00e1 probado hist\u00f3ricamente que, desde hace siglos, la cultura ha tenido en Espa\u00f1a (y lo sigue teniendo) un acusado tufillo azufrado. Lo [&hellip;]\" \/>\n<meta property=\"og:url\" content=\"https:\/\/www.solidaridadobrera.org\/confederal\/francisco-olaya-morales\/\" \/>\n<meta property=\"og:site_name\" content=\"CONFEDERACI\u00d3N SOLIDARIDAD OBRERA\" \/>\n<meta property=\"article:publisher\" content=\"https:\/\/es-es.facebook.com\/Soliobrera\" \/>\n<meta property=\"article:modified_time\" content=\"2026-03-04T22:35:57+00:00\" \/>\n<meta property=\"og:image\" content=\"https:\/\/www.solidaridadobrera.org\/confederal\/wp-content\/uploads\/2026\/02\/olaya_movimiento_obrero_1-1.gif\" \/>\n\t<meta property=\"og:image:width\" content=\"130\" \/>\n\t<meta property=\"og:image:height\" content=\"200\" \/>\n\t<meta property=\"og:image:type\" content=\"image\/gif\" \/>\n<meta name=\"twitter:card\" content=\"summary_large_image\" \/>\n<meta name=\"twitter:label1\" content=\"Tiempo de lectura\" \/>\n\t<meta name=\"twitter:data1\" content=\"4 minutos\" \/>\n<script type=\"application\/ld+json\" class=\"yoast-schema-graph\">{\"@context\":\"https:\\\/\\\/schema.org\",\"@graph\":[{\"@type\":\"WebPage\",\"@id\":\"https:\\\/\\\/www.solidaridadobrera.org\\\/confederal\\\/francisco-olaya-morales\\\/\",\"url\":\"https:\\\/\\\/www.solidaridadobrera.org\\\/confederal\\\/francisco-olaya-morales\\\/\",\"name\":\"FRANCISCO OLAYA MORALES - CONFEDERACI\u00d3N SOLIDARIDAD OBRERA\",\"isPartOf\":{\"@id\":\"https:\\\/\\\/www.solidaridadobrera.org\\\/confederal\\\/#website\"},\"primaryImageOfPage\":{\"@id\":\"https:\\\/\\\/www.solidaridadobrera.org\\\/confederal\\\/francisco-olaya-morales\\\/#primaryimage\"},\"image\":{\"@id\":\"https:\\\/\\\/www.solidaridadobrera.org\\\/confederal\\\/francisco-olaya-morales\\\/#primaryimage\"},\"thumbnailUrl\":\"https:\\\/\\\/www.solidaridadobrera.org\\\/confederal\\\/wp-content\\\/uploads\\\/2026\\\/02\\\/olaya_movimiento_obrero_1-1.gif\",\"datePublished\":\"2026-02-28T19:29:30+00:00\",\"dateModified\":\"2026-03-04T22:35:57+00:00\",\"breadcrumb\":{\"@id\":\"https:\\\/\\\/www.solidaridadobrera.org\\\/confederal\\\/francisco-olaya-morales\\\/#breadcrumb\"},\"inLanguage\":\"es\",\"potentialAction\":[{\"@type\":\"ReadAction\",\"target\":[\"https:\\\/\\\/www.solidaridadobrera.org\\\/confederal\\\/francisco-olaya-morales\\\/\"]}]},{\"@type\":\"ImageObject\",\"inLanguage\":\"es\",\"@id\":\"https:\\\/\\\/www.solidaridadobrera.org\\\/confederal\\\/francisco-olaya-morales\\\/#primaryimage\",\"url\":\"https:\\\/\\\/www.solidaridadobrera.org\\\/confederal\\\/wp-content\\\/uploads\\\/2026\\\/02\\\/olaya_movimiento_obrero_1-1.gif\",\"contentUrl\":\"https:\\\/\\\/www.solidaridadobrera.org\\\/confederal\\\/wp-content\\\/uploads\\\/2026\\\/02\\\/olaya_movimiento_obrero_1-1.gif\",\"width\":130,\"height\":200},{\"@type\":\"BreadcrumbList\",\"@id\":\"https:\\\/\\\/www.solidaridadobrera.org\\\/confederal\\\/francisco-olaya-morales\\\/#breadcrumb\",\"itemListElement\":[{\"@type\":\"ListItem\",\"position\":1,\"name\":\"Portada\",\"item\":\"https:\\\/\\\/www.solidaridadobrera.org\\\/confederal\\\/\"},{\"@type\":\"ListItem\",\"position\":2,\"name\":\"FRANCISCO OLAYA MORALES\"}]},{\"@type\":\"WebSite\",\"@id\":\"https:\\\/\\\/www.solidaridadobrera.org\\\/confederal\\\/#website\",\"url\":\"https:\\\/\\\/www.solidaridadobrera.org\\\/confederal\\\/\",\"name\":\"SOLIDARIDAD OBRERA\",\"description\":\"Confederaci\u00f3n Anarcosindicalista. La lucha es el \u00fanico camino.\",\"publisher\":{\"@id\":\"https:\\\/\\\/www.solidaridadobrera.org\\\/confederal\\\/#organization\"},\"potentialAction\":[{\"@type\":\"SearchAction\",\"target\":{\"@type\":\"EntryPoint\",\"urlTemplate\":\"https:\\\/\\\/www.solidaridadobrera.org\\\/confederal\\\/?s={search_term_string}\"},\"query-input\":{\"@type\":\"PropertyValueSpecification\",\"valueRequired\":true,\"valueName\":\"search_term_string\"}}],\"inLanguage\":\"es\"},{\"@type\":\"Organization\",\"@id\":\"https:\\\/\\\/www.solidaridadobrera.org\\\/confederal\\\/#organization\",\"name\":\"Solidaridad Obrera\",\"url\":\"https:\\\/\\\/www.solidaridadobrera.org\\\/confederal\\\/\",\"logo\":{\"@type\":\"ImageObject\",\"inLanguage\":\"es\",\"@id\":\"https:\\\/\\\/www.solidaridadobrera.org\\\/confederal\\\/#\\\/schema\\\/logo\\\/image\\\/\",\"url\":\"https:\\\/\\\/www.solidaridadobrera.org\\\/confederal\\\/wp-content\\\/uploads\\\/2021\\\/07\\\/logo_soli_web.png\",\"contentUrl\":\"https:\\\/\\\/www.solidaridadobrera.org\\\/confederal\\\/wp-content\\\/uploads\\\/2021\\\/07\\\/logo_soli_web.png\",\"width\":1181,\"height\":1181,\"caption\":\"Solidaridad Obrera\"},\"image\":{\"@id\":\"https:\\\/\\\/www.solidaridadobrera.org\\\/confederal\\\/#\\\/schema\\\/logo\\\/image\\\/\"},\"sameAs\":[\"https:\\\/\\\/es-es.facebook.com\\\/Soliobrera\",\"https:\\\/\\\/www.instagram.com\\\/soliobrera\\\/\",\"https:\\\/\\\/web.telegram.org\\\/a\\\/#-1001124968543\"]}]}<\/script>\n<!-- \/ Yoast SEO plugin. -->","yoast_head_json":{"title":"FRANCISCO OLAYA MORALES - CONFEDERACI\u00d3N SOLIDARIDAD OBRERA","robots":{"index":"index","follow":"follow","max-snippet":"max-snippet:-1","max-image-preview":"max-image-preview:large","max-video-preview":"max-video-preview:-1"},"canonical":"https:\/\/www.solidaridadobrera.org\/confederal\/francisco-olaya-morales\/","og_locale":"es_ES","og_type":"article","og_title":"FRANCISCO OLAYA MORALES - CONFEDERACI\u00d3N SOLIDARIDAD OBRERA","og_description":"HISTORIA DEL MOVIMIENTO OBRERO ESPA\u00d1OL. 1900 &#8211; 1939 Est\u00e1 probado hist\u00f3ricamente que, desde hace siglos, la cultura ha tenido en Espa\u00f1a (y lo sigue teniendo) un acusado tufillo azufrado. Lo [&hellip;]","og_url":"https:\/\/www.solidaridadobrera.org\/confederal\/francisco-olaya-morales\/","og_site_name":"CONFEDERACI\u00d3N SOLIDARIDAD OBRERA","article_publisher":"https:\/\/es-es.facebook.com\/Soliobrera","article_modified_time":"2026-03-04T22:35:57+00:00","og_image":[{"width":130,"height":200,"url":"https:\/\/www.solidaridadobrera.org\/confederal\/wp-content\/uploads\/2026\/02\/olaya_movimiento_obrero_1-1.gif","type":"image\/gif"}],"twitter_card":"summary_large_image","twitter_misc":{"Tiempo de lectura":"4 minutos"},"schema":{"@context":"https:\/\/schema.org","@graph":[{"@type":"WebPage","@id":"https:\/\/www.solidaridadobrera.org\/confederal\/francisco-olaya-morales\/","url":"https:\/\/www.solidaridadobrera.org\/confederal\/francisco-olaya-morales\/","name":"FRANCISCO OLAYA MORALES - CONFEDERACI\u00d3N SOLIDARIDAD OBRERA","isPartOf":{"@id":"https:\/\/www.solidaridadobrera.org\/confederal\/#website"},"primaryImageOfPage":{"@id":"https:\/\/www.solidaridadobrera.org\/confederal\/francisco-olaya-morales\/#primaryimage"},"image":{"@id":"https:\/\/www.solidaridadobrera.org\/confederal\/francisco-olaya-morales\/#primaryimage"},"thumbnailUrl":"https:\/\/www.solidaridadobrera.org\/confederal\/wp-content\/uploads\/2026\/02\/olaya_movimiento_obrero_1-1.gif","datePublished":"2026-02-28T19:29:30+00:00","dateModified":"2026-03-04T22:35:57+00:00","breadcrumb":{"@id":"https:\/\/www.solidaridadobrera.org\/confederal\/francisco-olaya-morales\/#breadcrumb"},"inLanguage":"es","potentialAction":[{"@type":"ReadAction","target":["https:\/\/www.solidaridadobrera.org\/confederal\/francisco-olaya-morales\/"]}]},{"@type":"ImageObject","inLanguage":"es","@id":"https:\/\/www.solidaridadobrera.org\/confederal\/francisco-olaya-morales\/#primaryimage","url":"https:\/\/www.solidaridadobrera.org\/confederal\/wp-content\/uploads\/2026\/02\/olaya_movimiento_obrero_1-1.gif","contentUrl":"https:\/\/www.solidaridadobrera.org\/confederal\/wp-content\/uploads\/2026\/02\/olaya_movimiento_obrero_1-1.gif","width":130,"height":200},{"@type":"BreadcrumbList","@id":"https:\/\/www.solidaridadobrera.org\/confederal\/francisco-olaya-morales\/#breadcrumb","itemListElement":[{"@type":"ListItem","position":1,"name":"Portada","item":"https:\/\/www.solidaridadobrera.org\/confederal\/"},{"@type":"ListItem","position":2,"name":"FRANCISCO OLAYA MORALES"}]},{"@type":"WebSite","@id":"https:\/\/www.solidaridadobrera.org\/confederal\/#website","url":"https:\/\/www.solidaridadobrera.org\/confederal\/","name":"SOLIDARIDAD OBRERA","description":"Confederaci\u00f3n Anarcosindicalista. La lucha es el \u00fanico camino.","publisher":{"@id":"https:\/\/www.solidaridadobrera.org\/confederal\/#organization"},"potentialAction":[{"@type":"SearchAction","target":{"@type":"EntryPoint","urlTemplate":"https:\/\/www.solidaridadobrera.org\/confederal\/?s={search_term_string}"},"query-input":{"@type":"PropertyValueSpecification","valueRequired":true,"valueName":"search_term_string"}}],"inLanguage":"es"},{"@type":"Organization","@id":"https:\/\/www.solidaridadobrera.org\/confederal\/#organization","name":"Solidaridad Obrera","url":"https:\/\/www.solidaridadobrera.org\/confederal\/","logo":{"@type":"ImageObject","inLanguage":"es","@id":"https:\/\/www.solidaridadobrera.org\/confederal\/#\/schema\/logo\/image\/","url":"https:\/\/www.solidaridadobrera.org\/confederal\/wp-content\/uploads\/2021\/07\/logo_soli_web.png","contentUrl":"https:\/\/www.solidaridadobrera.org\/confederal\/wp-content\/uploads\/2021\/07\/logo_soli_web.png","width":1181,"height":1181,"caption":"Solidaridad Obrera"},"image":{"@id":"https:\/\/www.solidaridadobrera.org\/confederal\/#\/schema\/logo\/image\/"},"sameAs":["https:\/\/es-es.facebook.com\/Soliobrera","https:\/\/www.instagram.com\/soliobrera\/","https:\/\/web.telegram.org\/a\/#-1001124968543"]}]}},"_links":{"self":[{"href":"https:\/\/www.solidaridadobrera.org\/confederal\/wp-json\/wp\/v2\/pages\/12690","targetHints":{"allow":["GET"]}}],"collection":[{"href":"https:\/\/www.solidaridadobrera.org\/confederal\/wp-json\/wp\/v2\/pages"}],"about":[{"href":"https:\/\/www.solidaridadobrera.org\/confederal\/wp-json\/wp\/v2\/types\/page"}],"author":[{"embeddable":true,"href":"https:\/\/www.solidaridadobrera.org\/confederal\/wp-json\/wp\/v2\/users\/14"}],"replies":[{"embeddable":true,"href":"https:\/\/www.solidaridadobrera.org\/confederal\/wp-json\/wp\/v2\/comments?post=12690"}],"version-history":[{"count":3,"href":"https:\/\/www.solidaridadobrera.org\/confederal\/wp-json\/wp\/v2\/pages\/12690\/revisions"}],"predecessor-version":[{"id":13196,"href":"https:\/\/www.solidaridadobrera.org\/confederal\/wp-json\/wp\/v2\/pages\/12690\/revisions\/13196"}],"wp:attachment":[{"href":"https:\/\/www.solidaridadobrera.org\/confederal\/wp-json\/wp\/v2\/media?parent=12690"}],"curies":[{"name":"wp","href":"https:\/\/api.w.org\/{rel}","templated":true}]}}