{"id":12687,"date":"2026-02-28T19:28:08","date_gmt":"2026-02-28T19:28:08","guid":{"rendered":"https:\/\/www.solidaridadobrera.org\/confederal\/?page_id=12687"},"modified":"2026-03-04T22:35:14","modified_gmt":"2026-03-04T22:35:14","slug":"david-ripoll-acerete-el-caleidoscopio","status":"publish","type":"page","link":"https:\/\/www.solidaridadobrera.org\/confederal\/david-ripoll-acerete-el-caleidoscopio\/","title":{"rendered":"DAVID RIPOLL ACERETE"},"content":{"rendered":"\n<h3 class=\"wp-block-heading\"> EL CALEIDOSCOPIO<\/h3>\n\n\n\n<p>Un caleidoscopio (del griego kal\u00f3s bella \u00e9idos imagen scop\u00e9o observar) es un tubo que contiene tres espejos, que forman un prisma triangular con su parte reflectante hacia el interior, al extremo de los cuales se encuentran dos l\u00e1minas trasl\u00facidas entre las cuales hay varios objetos de colores y formas diferentes, cuyas im\u00e1genes se ven multiplicadas sim\u00e9tricamente al ir girando el tubo mientras se mira por el extremo opuesto. Es uno de los juguetes m\u00e1s conocidos del mundo. Pero de lo que vamos a hablar en este Contramarcha y suponemos que en los pr\u00f3ximos no es de un juguete, sino de un libro.<\/p>\n\n\n\n<figure class=\"wp-block-image size-full\"><img decoding=\"async\" width=\"130\" height=\"200\" src=\"https:\/\/www.solidaridadobrera.org\/confederal\/wp-content\/uploads\/2026\/02\/david_ripoll_caleidoscopio_1.gif\" alt=\"\" class=\"wp-image-12646\"\/><\/figure>\n\n\n\n<p>El Caleidoscopio es un libro de David Ripoll Acerete, trabajador de Metro de Madrid, es Jefe de Dep\u00f3sito, y militante de la Soli, Es su primer libro. Hasta ahora ha escrito m\u00faltiples art\u00edculos en este peri\u00f3dico y tambi\u00e9n son conocidas por todos sus vi\u00f1etas reproducidas tanto en el Contramarcha como en otros libros editados por el sindicato. Como aperitivo del mismo, reproducimos el pr\u00f3logo de Jos\u00e9 Luis Carretero Miramar<br>Dec\u00eda \u00c1ngel Samblancat, en el exilio, que uno de los aspectos m\u00e1s impresionantes de la Espa\u00f1a de los a\u00f1os treinta era que los obreros, tras doce o catorce horas de trabajo se iban despu\u00e9s a las bibliotecas. De algo as\u00ed puede ufanarse el autor del libro que tenemos entre manos, David Ripoll Acerete, que ha logrado demostrar, con un texto en\u00e9rgico y poderoso, que el estudio, el an\u00e1lisis y la narraci\u00f3n de calidad, no est\u00e1n re\u00f1idas con el trabajo efectuado por cuenta ajena.<br>El Caleidoscopio ha de empezar a\u202f leerse partiendo de la conciencia de que lo que los intelectuales oficiales u oficiosos, y los acad\u00e9micos m\u00e1s o menos asentados, acostumbran a escribir, es siempre lo mismo: lo que se supone que deben de decir, si quieren pasar por \u201cserios\u201d. Y, adem\u00e1s, deben decirlo en un tono gris y caduco que aparente una supuesta neutralidad, carente de toda pasi\u00f3n. No es ese el tono del texto que presentamos.<br>De hecho, \u201cEl Caleidoscopio\u201d constituye un libro construido con los finos mimbres de la iron\u00eda y la sinceridad, con cuyos aspectos m\u00e1s te\u00f3ricos se puede estar de acuerdo o no, pero que, obviamente, no dejar\u00e1 ning\u00fan lector indiferente. Es una apuesta arriesgada y directa, un esfuerzo consciente y riguroso de an\u00e1lisis te\u00f1ido de humor. \u00bfPor qu\u00e9 no?<br>La gigantesca crisis econ\u00f3mica y social en que nos encontramos constituye un escenario de tintes borrosos y circunstancias enormemente cambiantes. La realidad se ha vuelto m\u00e1s din\u00e1mica y m\u00f3vil que nunca, se transforma y muta a cada instante. Pero lo cierto es que todo ello, por vertiginoso y ca\u00f3tico que nos resulte, tiene una explicaci\u00f3n accesible al an\u00e1lisis. Es en el intento de dicha explicaci\u00f3n que el libro de David Ripoll se sumerge en las cenagosas aguas de la financiarizaci\u00f3n de la econom\u00eda y de la brutal burbuja inmobiliaria en que nuestro pa\u00eds se sumi\u00f3 en los \u00faltimos decenios. Narr\u00e1ndonos los aspectos mantenidos en la penumbra por los aparatos medi\u00e1ticos y mercantiles de nuestro tiempo, el texto indaga en la gigantesca deriva hacia la nada del capitalismo postmoderno hisp\u00e1nico.<br>Una deriva recorrida por m\u00faltiples conceptos que han terminado por hac\u00e9rsenos familiares: los derivados financieros, el dinero bancario, la burbuja inmobiliaria, el euribor, el pico del petr\u00f3leo, etc. Una trama conceptual y material que aprisiona nuestras vidas y amenaza con transformarlas de una manera tan profunda que estamos cerca de perder pi\u00e9. Los ajustes que nos han sido impuestos y los que a\u00fan vendr\u00e1n, no son m\u00e1s que el resultado de un proceso que no hemos sido capaces de detener, ocupados como est\u00e1bamos en navegar por las redes sociales del vac\u00edo y pararnos ante todos los escaparates de luces rutilantes del neoliberalismo.<br>Este es un libro con el que, ya lo hemos dicho, se puede o no estar de acuerdo con aspectos concretos y sustantivos, pero que capta a la perfecci\u00f3n la ca\u00f3tica senilidad de un modo de producci\u00f3n al borde del abismo, y de una sociedad (la espa\u00f1ola de las \u00faltimas d\u00e9cadas) en el filo de la descomposici\u00f3n, pero vibrando inf\u00e9rtil al comp\u00e1s de un brillante mundo virtual.<br>Por otro lado, \u201cEl Caleidoscopio\u201d no es s\u00f3lo una acompasada tentativa te\u00f3rica de explicaci\u00f3n del presente y de su g\u00e9nesis. Es tambi\u00e9n un producto literario de alta calidad que recorre los senderos de la iron\u00eda, el esperpento y el sarcasmo. Cual un redivivo Balzac dispuesto a dibujarnos la locura y la miseria vital de los s\u00fabditos del r\u00e9gimen juancarlista, burbujeado y neoliberal, David Ripoll transita por el universo oscuro de los nuevos ricos y los j\u00f3venes sobradamente preparados (que han acabado sobradamente desempleados en los \u00faltimos meses), por el espejismo social que ha llevado a \u00e9ste Estado al desastre, mientras unos cuantos hac\u00edan enormes fortunas.<br>Textos furiosos y c\u00e1usticos. Tramas corrosivas y an\u00e1lisis te\u00f3rico, planeando sobre la crisis m\u00e1s profunda del capitalismo desde el a\u00f1o 29. Una explicaci\u00f3n pol\u00e9mica, pero seria y trabajada, del presente y sus vericuetos, y una narraci\u00f3n espeluznada de los territorios yermos de las urbanizaciones postmodernas y de sus vac\u00edos habitantes. El Caleidoscopio es todo eso y mucho m\u00e1s.<br>Esperamos que lo disfrutes.<\/p>\n\n\n\n<div class=\"wp-block-columns is-layout-flex wp-container-core-columns-is-layout-28f84493 wp-block-columns-is-layout-flex\">\n<div class=\"wp-block-column is-layout-flow wp-block-column-is-layout-flow\"><div class=\"wp-block-image has-lightbox\">\n<figure class=\"aligncenter size-full is-resized\"><a href=\"https:\/\/www.solidaridadobrera.org\/confederal\/nacho-cabanas-rue-cavanilles\/\"><img decoding=\"async\" width=\"130\" height=\"200\" src=\"https:\/\/www.solidaridadobrera.org\/confederal\/wp-content\/uploads\/2026\/02\/nacho_rue_cavanilles_1.gif\" alt=\"rue cavanilles\" class=\"wp-image-12642\" style=\"aspect-ratio:0.6500061651294418;width:186px;height:auto\"\/><\/a><\/figure>\n<\/div><\/div>\n\n\n\n<div class=\"wp-block-column is-layout-flow wp-block-column-is-layout-flow\"><div class=\"wp-block-image has-lightbox\">\n<figure class=\"aligncenter size-full is-resized\"><a href=\"https:\/\/www.solidaridadobrera.org\/confederal\/tercera-edicion-de-el-anarcosindicalismo-en-imagenes\/\"><img decoding=\"async\" width=\"130\" height=\"200\" src=\"https:\/\/www.solidaridadobrera.org\/confederal\/wp-content\/uploads\/2026\/02\/anarcosindicalismo_imagenes_3-_1.gif\" alt=\"\" class=\"wp-image-12672\" style=\"width:185px\"\/><\/a><\/figure>\n<\/div><\/div>\n\n\n\n<div class=\"wp-block-column is-layout-flow wp-block-column-is-layout-flow\"><div class=\"wp-block-image has-lightbox\">\n<figure class=\"aligncenter size-full is-resized\"><a href=\"https:\/\/www.solidaridadobrera.org\/confederal\/andrea-benites-dumont-y-sus-andares-y-venires\/\"><img loading=\"lazy\" decoding=\"async\" width=\"130\" height=\"200\" src=\"https:\/\/www.solidaridadobrera.org\/confederal\/wp-content\/uploads\/2026\/02\/andares_y_venires_1.gif\" alt=\"\" class=\"wp-image-12644\" style=\"width:186px\"\/><\/a><\/figure>\n<\/div><\/div>\n<\/div>\n\n\n\n<div class=\"wp-block-columns is-layout-flex wp-container-core-columns-is-layout-28f84493 wp-block-columns-is-layout-flex\">\n<div class=\"wp-block-column is-layout-flow wp-block-column-is-layout-flow\"><div class=\"wp-block-image has-lightbox\">\n<figure class=\"aligncenter size-full is-resized\"><a href=\"https:\/\/www.solidaridadobrera.org\/confederal\/ruben-uceda-el-corazon-del-sueno\/\"><img loading=\"lazy\" decoding=\"async\" width=\"130\" height=\"200\" src=\"https:\/\/www.solidaridadobrera.org\/confederal\/wp-content\/uploads\/2026\/02\/corazon_sueno_1.gif\" alt=\"\" class=\"wp-image-12645\" style=\"width:185px\"\/><\/a><\/figure>\n<\/div><\/div>\n\n\n\n<div class=\"wp-block-column is-layout-flow wp-block-column-is-layout-flow\"><div class=\"wp-block-image has-lightbox\">\n<figure class=\"aligncenter size-full is-resized\"><a href=\"https:\/\/www.solidaridadobrera.org\/confederal\/david-ripoll-acerete-el-caleidoscopio\/\"><img loading=\"lazy\" decoding=\"async\" width=\"130\" height=\"200\" src=\"https:\/\/www.solidaridadobrera.org\/confederal\/wp-content\/uploads\/2026\/02\/david_ripoll_caleidoscopio_1.gif\" alt=\"\" class=\"wp-image-12646\" style=\"width:186px\"\/><\/a><\/figure>\n<\/div><\/div>\n\n\n\n<div class=\"wp-block-column is-layout-flow wp-block-column-is-layout-flow\"><div class=\"wp-block-image has-lightbox\">\n<figure class=\"aligncenter size-full is-resized\"><a href=\"https:\/\/www.solidaridadobrera.org\/confederal\/francisco-olaya-morales\/\"><img loading=\"lazy\" decoding=\"async\" width=\"130\" height=\"200\" src=\"https:\/\/www.solidaridadobrera.org\/confederal\/wp-content\/uploads\/2026\/02\/olaya_movimiento_obrero_1-1.gif\" alt=\"\" class=\"wp-image-12647\" style=\"width:186px\"\/><\/a><\/figure>\n<\/div><\/div>\n<\/div>\n\n\n\n<div class=\"wp-block-columns is-layout-flex wp-container-core-columns-is-layout-28f84493 wp-block-columns-is-layout-flex\">\n<div class=\"wp-block-column is-layout-flow wp-block-column-is-layout-flow\"><div class=\"wp-block-image has-lightbox\">\n<figure class=\"aligncenter size-full is-resized\"><a href=\"https:\/\/www.solidaridadobrera.org\/confederal\/anselmo-lorenzo\/\"><img loading=\"lazy\" decoding=\"async\" width=\"130\" height=\"200\" src=\"https:\/\/www.solidaridadobrera.org\/confederal\/wp-content\/uploads\/2026\/02\/lorenzo_proletariado_1.gif\" alt=\"\" class=\"wp-image-12648\" style=\"width:186px\"\/><\/a><\/figure>\n<\/div><\/div>\n\n\n\n<div class=\"wp-block-column is-layout-flow wp-block-column-is-layout-flow\"><div class=\"wp-block-image has-lightbox\">\n<figure class=\"aligncenter size-full is-resized\"><a href=\"https:\/\/www.solidaridadobrera.org\/confederal\/jose-luis-carretero-miramar\/\"><img loading=\"lazy\" decoding=\"async\" width=\"130\" height=\"200\" src=\"https:\/\/www.solidaridadobrera.org\/confederal\/wp-content\/uploads\/2026\/02\/carretero_contratos_temporales.gif\" alt=\"\" class=\"wp-image-12649\" style=\"width:186px\"\/><\/a><\/figure>\n<\/div><\/div>\n\n\n\n<div class=\"wp-block-column is-layout-flow wp-block-column-is-layout-flow\"><div class=\"wp-block-image has-lightbox\">\n<figure class=\"aligncenter size-full is-resized\"><a href=\"https:\/\/www.solidaridadobrera.org\/confederal\/publicacion-en-digital-de-las-memorias-de-cipriano-mera\/\"><img loading=\"lazy\" decoding=\"async\" width=\"130\" height=\"200\" src=\"https:\/\/www.solidaridadobrera.org\/confederal\/wp-content\/uploads\/2026\/02\/mera_memorias_01.gif\" alt=\"\" class=\"wp-image-12650\" style=\"width:186px\"\/><\/a><\/figure>\n<\/div><\/div>\n<\/div>\n\n\n\n<div class=\"wp-block-columns is-layout-flex wp-container-core-columns-is-layout-28f84493 wp-block-columns-is-layout-flex\">\n<div class=\"wp-block-column is-layout-flow wp-block-column-is-layout-flow\"><div class=\"wp-block-image has-lightbox\">\n<figure class=\"aligncenter size-full is-resized\"><a href=\"https:\/\/www.solidaridadobrera.org\/confederal\/jose-luis-carretero\/\"><img loading=\"lazy\" decoding=\"async\" width=\"130\" height=\"200\" src=\"https:\/\/www.solidaridadobrera.org\/confederal\/wp-content\/uploads\/2026\/02\/carretero-abraham-guillen01.gif\" alt=\"\" class=\"wp-image-12652\" style=\"width:186px\"\/><\/a><\/figure>\n<\/div><\/div>\n\n\n\n<div class=\"wp-block-column is-layout-flow wp-block-column-is-layout-flow\"><\/div>\n\n\n\n<div class=\"wp-block-column is-layout-flow wp-block-column-is-layout-flow\"><\/div>\n<\/div>\n","protected":false},"excerpt":{"rendered":"<p>EL CALEIDOSCOPIO Un caleidoscopio (del griego kal\u00f3s bella \u00e9idos imagen scop\u00e9o observar) es un tubo que contiene tres espejos, que forman un prisma triangular con su parte reflectante hacia el [&hellip;]<\/p>\n","protected":false},"author":14,"featured_media":0,"parent":0,"menu_order":0,"comment_status":"closed","ping_status":"closed","template":"","meta":{"postBodyCss":"","postBodyMargin":[],"postBodyPadding":[],"postBodyBackground":{"backgroundType":"classic","gradient":""},"ngg_post_thumbnail":0,"footnotes":""},"class_list":["post-12687","page","type-page","status-publish","hentry"],"yoast_head":"<!-- This site is optimized with the Yoast SEO plugin v27.3 - https:\/\/yoast.com\/product\/yoast-seo-wordpress\/ -->\n<title>DAVID RIPOLL ACERETE - CONFEDERACI\u00d3N SOLIDARIDAD OBRERA<\/title>\n<meta name=\"robots\" content=\"index, follow, max-snippet:-1, max-image-preview:large, max-video-preview:-1\" \/>\n<link rel=\"canonical\" href=\"https:\/\/www.solidaridadobrera.org\/confederal\/david-ripoll-acerete-el-caleidoscopio\/\" \/>\n<meta property=\"og:locale\" content=\"es_ES\" \/>\n<meta property=\"og:type\" content=\"article\" \/>\n<meta property=\"og:title\" content=\"DAVID RIPOLL ACERETE - CONFEDERACI\u00d3N SOLIDARIDAD OBRERA\" \/>\n<meta property=\"og:description\" content=\"EL CALEIDOSCOPIO Un caleidoscopio (del griego kal\u00f3s bella \u00e9idos imagen scop\u00e9o observar) es un tubo que contiene tres espejos, que forman un prisma triangular con su parte reflectante hacia el [&hellip;]\" \/>\n<meta property=\"og:url\" content=\"https:\/\/www.solidaridadobrera.org\/confederal\/david-ripoll-acerete-el-caleidoscopio\/\" \/>\n<meta property=\"og:site_name\" content=\"CONFEDERACI\u00d3N SOLIDARIDAD OBRERA\" \/>\n<meta property=\"article:publisher\" content=\"https:\/\/es-es.facebook.com\/Soliobrera\" \/>\n<meta property=\"article:modified_time\" content=\"2026-03-04T22:35:14+00:00\" \/>\n<meta property=\"og:image\" content=\"https:\/\/www.solidaridadobrera.org\/confederal\/wp-content\/uploads\/2026\/02\/david_ripoll_caleidoscopio_1.gif\" \/>\n\t<meta property=\"og:image:width\" content=\"130\" \/>\n\t<meta property=\"og:image:height\" content=\"200\" \/>\n\t<meta property=\"og:image:type\" content=\"image\/gif\" \/>\n<meta name=\"twitter:card\" content=\"summary_large_image\" \/>\n<meta name=\"twitter:label1\" content=\"Tiempo de lectura\" \/>\n\t<meta name=\"twitter:data1\" content=\"7 minutos\" \/>\n<script type=\"application\/ld+json\" class=\"yoast-schema-graph\">{\"@context\":\"https:\\\/\\\/schema.org\",\"@graph\":[{\"@type\":\"WebPage\",\"@id\":\"https:\\\/\\\/www.solidaridadobrera.org\\\/confederal\\\/david-ripoll-acerete-el-caleidoscopio\\\/\",\"url\":\"https:\\\/\\\/www.solidaridadobrera.org\\\/confederal\\\/david-ripoll-acerete-el-caleidoscopio\\\/\",\"name\":\"DAVID RIPOLL ACERETE - CONFEDERACI\u00d3N SOLIDARIDAD OBRERA\",\"isPartOf\":{\"@id\":\"https:\\\/\\\/www.solidaridadobrera.org\\\/confederal\\\/#website\"},\"primaryImageOfPage\":{\"@id\":\"https:\\\/\\\/www.solidaridadobrera.org\\\/confederal\\\/david-ripoll-acerete-el-caleidoscopio\\\/#primaryimage\"},\"image\":{\"@id\":\"https:\\\/\\\/www.solidaridadobrera.org\\\/confederal\\\/david-ripoll-acerete-el-caleidoscopio\\\/#primaryimage\"},\"thumbnailUrl\":\"https:\\\/\\\/www.solidaridadobrera.org\\\/confederal\\\/wp-content\\\/uploads\\\/2026\\\/02\\\/david_ripoll_caleidoscopio_1.gif\",\"datePublished\":\"2026-02-28T19:28:08+00:00\",\"dateModified\":\"2026-03-04T22:35:14+00:00\",\"breadcrumb\":{\"@id\":\"https:\\\/\\\/www.solidaridadobrera.org\\\/confederal\\\/david-ripoll-acerete-el-caleidoscopio\\\/#breadcrumb\"},\"inLanguage\":\"es\",\"potentialAction\":[{\"@type\":\"ReadAction\",\"target\":[\"https:\\\/\\\/www.solidaridadobrera.org\\\/confederal\\\/david-ripoll-acerete-el-caleidoscopio\\\/\"]}]},{\"@type\":\"ImageObject\",\"inLanguage\":\"es\",\"@id\":\"https:\\\/\\\/www.solidaridadobrera.org\\\/confederal\\\/david-ripoll-acerete-el-caleidoscopio\\\/#primaryimage\",\"url\":\"https:\\\/\\\/www.solidaridadobrera.org\\\/confederal\\\/wp-content\\\/uploads\\\/2026\\\/02\\\/david_ripoll_caleidoscopio_1.gif\",\"contentUrl\":\"https:\\\/\\\/www.solidaridadobrera.org\\\/confederal\\\/wp-content\\\/uploads\\\/2026\\\/02\\\/david_ripoll_caleidoscopio_1.gif\",\"width\":130,\"height\":200},{\"@type\":\"BreadcrumbList\",\"@id\":\"https:\\\/\\\/www.solidaridadobrera.org\\\/confederal\\\/david-ripoll-acerete-el-caleidoscopio\\\/#breadcrumb\",\"itemListElement\":[{\"@type\":\"ListItem\",\"position\":1,\"name\":\"Portada\",\"item\":\"https:\\\/\\\/www.solidaridadobrera.org\\\/confederal\\\/\"},{\"@type\":\"ListItem\",\"position\":2,\"name\":\"DAVID RIPOLL ACERETE\"}]},{\"@type\":\"WebSite\",\"@id\":\"https:\\\/\\\/www.solidaridadobrera.org\\\/confederal\\\/#website\",\"url\":\"https:\\\/\\\/www.solidaridadobrera.org\\\/confederal\\\/\",\"name\":\"SOLIDARIDAD OBRERA\",\"description\":\"Confederaci\u00f3n Anarcosindicalista. La lucha es el \u00fanico camino.\",\"publisher\":{\"@id\":\"https:\\\/\\\/www.solidaridadobrera.org\\\/confederal\\\/#organization\"},\"potentialAction\":[{\"@type\":\"SearchAction\",\"target\":{\"@type\":\"EntryPoint\",\"urlTemplate\":\"https:\\\/\\\/www.solidaridadobrera.org\\\/confederal\\\/?s={search_term_string}\"},\"query-input\":{\"@type\":\"PropertyValueSpecification\",\"valueRequired\":true,\"valueName\":\"search_term_string\"}}],\"inLanguage\":\"es\"},{\"@type\":\"Organization\",\"@id\":\"https:\\\/\\\/www.solidaridadobrera.org\\\/confederal\\\/#organization\",\"name\":\"Solidaridad Obrera\",\"url\":\"https:\\\/\\\/www.solidaridadobrera.org\\\/confederal\\\/\",\"logo\":{\"@type\":\"ImageObject\",\"inLanguage\":\"es\",\"@id\":\"https:\\\/\\\/www.solidaridadobrera.org\\\/confederal\\\/#\\\/schema\\\/logo\\\/image\\\/\",\"url\":\"https:\\\/\\\/www.solidaridadobrera.org\\\/confederal\\\/wp-content\\\/uploads\\\/2021\\\/07\\\/logo_soli_web.png\",\"contentUrl\":\"https:\\\/\\\/www.solidaridadobrera.org\\\/confederal\\\/wp-content\\\/uploads\\\/2021\\\/07\\\/logo_soli_web.png\",\"width\":1181,\"height\":1181,\"caption\":\"Solidaridad Obrera\"},\"image\":{\"@id\":\"https:\\\/\\\/www.solidaridadobrera.org\\\/confederal\\\/#\\\/schema\\\/logo\\\/image\\\/\"},\"sameAs\":[\"https:\\\/\\\/es-es.facebook.com\\\/Soliobrera\",\"https:\\\/\\\/www.instagram.com\\\/soliobrera\\\/\",\"https:\\\/\\\/web.telegram.org\\\/a\\\/#-1001124968543\"]}]}<\/script>\n<!-- \/ Yoast SEO plugin. -->","yoast_head_json":{"title":"DAVID RIPOLL ACERETE - CONFEDERACI\u00d3N SOLIDARIDAD OBRERA","robots":{"index":"index","follow":"follow","max-snippet":"max-snippet:-1","max-image-preview":"max-image-preview:large","max-video-preview":"max-video-preview:-1"},"canonical":"https:\/\/www.solidaridadobrera.org\/confederal\/david-ripoll-acerete-el-caleidoscopio\/","og_locale":"es_ES","og_type":"article","og_title":"DAVID RIPOLL ACERETE - CONFEDERACI\u00d3N SOLIDARIDAD OBRERA","og_description":"EL CALEIDOSCOPIO Un caleidoscopio (del griego kal\u00f3s bella \u00e9idos imagen scop\u00e9o observar) es un tubo que contiene tres espejos, que forman un prisma triangular con su parte reflectante hacia el [&hellip;]","og_url":"https:\/\/www.solidaridadobrera.org\/confederal\/david-ripoll-acerete-el-caleidoscopio\/","og_site_name":"CONFEDERACI\u00d3N SOLIDARIDAD OBRERA","article_publisher":"https:\/\/es-es.facebook.com\/Soliobrera","article_modified_time":"2026-03-04T22:35:14+00:00","og_image":[{"width":130,"height":200,"url":"https:\/\/www.solidaridadobrera.org\/confederal\/wp-content\/uploads\/2026\/02\/david_ripoll_caleidoscopio_1.gif","type":"image\/gif"}],"twitter_card":"summary_large_image","twitter_misc":{"Tiempo de lectura":"7 minutos"},"schema":{"@context":"https:\/\/schema.org","@graph":[{"@type":"WebPage","@id":"https:\/\/www.solidaridadobrera.org\/confederal\/david-ripoll-acerete-el-caleidoscopio\/","url":"https:\/\/www.solidaridadobrera.org\/confederal\/david-ripoll-acerete-el-caleidoscopio\/","name":"DAVID RIPOLL ACERETE - CONFEDERACI\u00d3N SOLIDARIDAD OBRERA","isPartOf":{"@id":"https:\/\/www.solidaridadobrera.org\/confederal\/#website"},"primaryImageOfPage":{"@id":"https:\/\/www.solidaridadobrera.org\/confederal\/david-ripoll-acerete-el-caleidoscopio\/#primaryimage"},"image":{"@id":"https:\/\/www.solidaridadobrera.org\/confederal\/david-ripoll-acerete-el-caleidoscopio\/#primaryimage"},"thumbnailUrl":"https:\/\/www.solidaridadobrera.org\/confederal\/wp-content\/uploads\/2026\/02\/david_ripoll_caleidoscopio_1.gif","datePublished":"2026-02-28T19:28:08+00:00","dateModified":"2026-03-04T22:35:14+00:00","breadcrumb":{"@id":"https:\/\/www.solidaridadobrera.org\/confederal\/david-ripoll-acerete-el-caleidoscopio\/#breadcrumb"},"inLanguage":"es","potentialAction":[{"@type":"ReadAction","target":["https:\/\/www.solidaridadobrera.org\/confederal\/david-ripoll-acerete-el-caleidoscopio\/"]}]},{"@type":"ImageObject","inLanguage":"es","@id":"https:\/\/www.solidaridadobrera.org\/confederal\/david-ripoll-acerete-el-caleidoscopio\/#primaryimage","url":"https:\/\/www.solidaridadobrera.org\/confederal\/wp-content\/uploads\/2026\/02\/david_ripoll_caleidoscopio_1.gif","contentUrl":"https:\/\/www.solidaridadobrera.org\/confederal\/wp-content\/uploads\/2026\/02\/david_ripoll_caleidoscopio_1.gif","width":130,"height":200},{"@type":"BreadcrumbList","@id":"https:\/\/www.solidaridadobrera.org\/confederal\/david-ripoll-acerete-el-caleidoscopio\/#breadcrumb","itemListElement":[{"@type":"ListItem","position":1,"name":"Portada","item":"https:\/\/www.solidaridadobrera.org\/confederal\/"},{"@type":"ListItem","position":2,"name":"DAVID RIPOLL ACERETE"}]},{"@type":"WebSite","@id":"https:\/\/www.solidaridadobrera.org\/confederal\/#website","url":"https:\/\/www.solidaridadobrera.org\/confederal\/","name":"SOLIDARIDAD OBRERA","description":"Confederaci\u00f3n Anarcosindicalista. La lucha es el \u00fanico camino.","publisher":{"@id":"https:\/\/www.solidaridadobrera.org\/confederal\/#organization"},"potentialAction":[{"@type":"SearchAction","target":{"@type":"EntryPoint","urlTemplate":"https:\/\/www.solidaridadobrera.org\/confederal\/?s={search_term_string}"},"query-input":{"@type":"PropertyValueSpecification","valueRequired":true,"valueName":"search_term_string"}}],"inLanguage":"es"},{"@type":"Organization","@id":"https:\/\/www.solidaridadobrera.org\/confederal\/#organization","name":"Solidaridad Obrera","url":"https:\/\/www.solidaridadobrera.org\/confederal\/","logo":{"@type":"ImageObject","inLanguage":"es","@id":"https:\/\/www.solidaridadobrera.org\/confederal\/#\/schema\/logo\/image\/","url":"https:\/\/www.solidaridadobrera.org\/confederal\/wp-content\/uploads\/2021\/07\/logo_soli_web.png","contentUrl":"https:\/\/www.solidaridadobrera.org\/confederal\/wp-content\/uploads\/2021\/07\/logo_soli_web.png","width":1181,"height":1181,"caption":"Solidaridad Obrera"},"image":{"@id":"https:\/\/www.solidaridadobrera.org\/confederal\/#\/schema\/logo\/image\/"},"sameAs":["https:\/\/es-es.facebook.com\/Soliobrera","https:\/\/www.instagram.com\/soliobrera\/","https:\/\/web.telegram.org\/a\/#-1001124968543"]}]}},"_links":{"self":[{"href":"https:\/\/www.solidaridadobrera.org\/confederal\/wp-json\/wp\/v2\/pages\/12687","targetHints":{"allow":["GET"]}}],"collection":[{"href":"https:\/\/www.solidaridadobrera.org\/confederal\/wp-json\/wp\/v2\/pages"}],"about":[{"href":"https:\/\/www.solidaridadobrera.org\/confederal\/wp-json\/wp\/v2\/types\/page"}],"author":[{"embeddable":true,"href":"https:\/\/www.solidaridadobrera.org\/confederal\/wp-json\/wp\/v2\/users\/14"}],"replies":[{"embeddable":true,"href":"https:\/\/www.solidaridadobrera.org\/confederal\/wp-json\/wp\/v2\/comments?post=12687"}],"version-history":[{"count":4,"href":"https:\/\/www.solidaridadobrera.org\/confederal\/wp-json\/wp\/v2\/pages\/12687\/revisions"}],"predecessor-version":[{"id":13195,"href":"https:\/\/www.solidaridadobrera.org\/confederal\/wp-json\/wp\/v2\/pages\/12687\/revisions\/13195"}],"wp:attachment":[{"href":"https:\/\/www.solidaridadobrera.org\/confederal\/wp-json\/wp\/v2\/media?parent=12687"}],"curies":[{"name":"wp","href":"https:\/\/api.w.org\/{rel}","templated":true}]}}