{"id":12654,"date":"2026-02-28T11:23:18","date_gmt":"2026-02-28T11:23:18","guid":{"rendered":"https:\/\/www.solidaridadobrera.org\/confederal\/?page_id=12654"},"modified":"2026-03-04T22:36:42","modified_gmt":"2026-03-04T22:36:42","slug":"nacho-cabanas-rue-cavanilles","status":"publish","type":"page","link":"https:\/\/www.solidaridadobrera.org\/confederal\/nacho-cabanas-rue-cavanilles\/","title":{"rendered":"Nacho Caba\u00f1as &#8211; Rue Cavanilles"},"content":{"rendered":"\n<h3 class=\"wp-block-heading has-text-align-center\">NACHO CABA\u00d1AS MAG\u00c1N<\/h3>\n\n\n\n<h3 class=\"wp-block-heading has-text-align-center\">RUE CAVANILLES<br>TREINTA A\u00d1OS DE HISTORIA DEL METRO<\/h3>\n\n\n\n<p>Durante el pasado a\u00f1o (2017), el compa\u00f1ero Jos\u00e9 Ignacio Caba\u00f1as Mag\u00e1n, fallecido el d\u00eda 3 de diciembre, estuvo trabajando en la preparaci\u00f3n de un libro a publicar con la recopilaci\u00f3n de los casi treinta a\u00f1os de edici\u00f3n de los Rue Cavanilles, la p\u00e1gina c\u00f3mica que se incluy\u00f3 en los peri\u00f3dicos de Solidaridad Obrera Contramarcha y El Solidario de la que \u00e9l era autor.<\/p>\n\n\n\n<p>Desgraciadamente Nacho no pudo llegar a ver publicado dicho libro; la parca vino a segar su vida, y los primeros ejemplares nos llegaban de imprenta justo cuando \u00e9l se encontraba ya en el tanatorio. Nacho ingres\u00f3 en Metro en marzo de 1979, en la Secci\u00f3n de V\u00eda. Es de familia metrera, su abuelo, Modesto Mag\u00e1n se jubil\u00f3 como Encargado en L\u00ednea A\u00e9rea; dos t\u00edos m\u00e1s tambi\u00e9n fueron trabajadores de la Compa\u00f1\u00eda y su madre trabaj\u00f3 de revisora hasta que se cas\u00f3, motivo por el que entonces se perd\u00eda el puesto de trabajo. Tambi\u00e9n sus dos hermanos han trabajado en Metro. Nacho trabaj\u00f3 en L\u00ednea A\u00e9rea hasta su reconversi\u00f3n en 1998, junto a la Secci\u00f3n de V\u00eda. Reconversi\u00f3n-venganza auspiciada bajo la aplicaci\u00f3n del Art\u00edculo 41 del Estatuto de los Trabajadores por Valverde Bocanegra y Cristina Sope\u00f1a por la alta participaci\u00f3n de este colectivo en las grandes huelgas del 1997-98. Ajuste que llev\u00f3 a la mitad de la plantilla a Estaciones y a la otra mitad a tener durante a\u00f1os jornadas irregulares de trabajo. Desde entonces Nacho, perteneci\u00f3 al Servicio de Estaciones, primero como Agente de Taquilla, poco despu\u00e9s ya como Jefe de Vest\u00edbulo y posteriormente como Jefe de Sector. Nacho, licenciado en periodismo, ocup\u00f3 tanto en CNT primero, como en Solidaridad Obrera despu\u00e9s, los cargos de m\u00e1s responsabilidad de ambos sindicatos, siendo en el momento de su fallecimiento el Secretario General de la Confederaci\u00f3n.<\/p>\n\n\n<div class=\"wp-block-image\">\n<figure class=\"aligncenter size-full is-resized\"><img decoding=\"async\" width=\"130\" height=\"200\" src=\"https:\/\/www.solidaridadobrera.org\/confederal\/wp-content\/uploads\/2026\/02\/nacho_rue_cavanilles_1.gif\" alt=\"rue cabanilles\" class=\"wp-image-12642\" style=\"width:186px\"\/><\/figure>\n<\/div>\n\n\n<p>En Metro form\u00f3 parte del Comit\u00e9 de Empresa desde 1986 hasta 2011 y durante esos 25 a\u00f1os form\u00f3 parte de diferentes comisiones negociadoras de convenios as\u00ed como de comisiones de seguimiento y de productividad. El \u201cRue Cavanilles\u201d, estuvo claramente inspirado, como los m\u00e1s \u201cvividos\u201d y \u201cle\u00eddos\u201d ya saben, en el \u201cRue del Percebe 13\u201d que el \u00ednclito Ib\u00e1\u00f1ez publicara en sus \u201ctebeos\u201d (o comics como dicen ahora), all\u00e1 por los a\u00f1os 60 al 80 de la pasada centuria. Pues s\u00ed, Nacho fue el autor de los \u201cRue Cavanilles\u201d. Podr\u00eda pensarse de \u00e9l que era un tipo guas\u00f3n, o \u201ccachond\u00edsimo\u201d, al fin y al cabo fabricaba chistes; pero nada m\u00e1s lejos de la realidad. Tampoco es que fuera un \u201csoso\u201d, lo que pasaba es que el humor de Nacho, era un humor muy serio. Lo suyo era la iron\u00eda interior, y la habilidad inherente para sacar punta a las cosas, ci\u00f1\u00e9ndose en todo momento a la comicidad de la situaci\u00f3n y a lo divertido y coruscante de la an\u00e9cdota. Tenemos que decir ya desde ahora que lo que reflej\u00f3 el \u201cRue\u201d, fueron las chanzas, chuflas y cuchufletas que a lo largo de los meses anteriores (normalmente el tiempo transcurrido desde el anterior <em>Rue<\/em>) alegraron las vidas de los compa\u00f1eros de la Secci\u00f3n en lo referente a la acci\u00f3n sindical, tanto en sus relaciones con la empresa como con los dem\u00e1s sindicatos. Re\u00edrse es sano. Tambi\u00e9n re\u00edrse de s\u00ed mismo, por tanto, en el Rue aparecieron retratados con sorna no solo los dem\u00e1s, sino tambi\u00e9n la Soli.<br><br>Nacho fue tan solo el transcriptor de dicho humor en clave de historieta. Y si bien en el Rue no falt\u00f3 un cierto sarcasmo superficial, a flor de piel y f\u00e1cil -la sustituci\u00f3n casi sistem\u00e1tica de unos nombres por otros que los ridiculizaban o retrataban, como \u201cBicho\u201d por Chicho, \u201cAtonte\u201d por A Tope, \u201cPeo\u201d por Teo(doro), \u201cEl Corte de Ingles\u201d por El Corte Ingl\u00e9s, \u201cMorris\u201d por Moris\u2026 son solo algunos ejemplos de lo que decimos-, lo esencial, fue ese sacar punta a la situaci\u00f3n y hacer de ella un comentario gr\u00e1fico que fuese a la vez ir\u00f3nico, sat\u00edrico y mordaz, sin que llegase expresamente a burla, befa o mofa de los personajes implicados; pues en cualquier caso los retru\u00e9canos, ripios, e incluso el papanatismo, lo pon\u00edan ellos. En otras palabras, las risas y las ideas fueron de todos los compa\u00f1eros de la Secci\u00f3n. El Rue de Nacho.<br><br>Sin embargo, a pesar de ser lo m\u00e1s le\u00eddo y disfrutado del Contramarcha (o El Solidario), uno de los h\u00e1ndicaps que siempre tuvo el \u201crue\u201d, es que a una L\u00ednea, Dep\u00f3sito o Taller de distancia de Cavanilles, casi nunca lleg\u00f3 a ser entendible al cien por cien. Y es que para aquellos que no estaban al tanto o cercanos al quehacer diario de nuestra Secci\u00f3n Sindical, la falta de informaci\u00f3n, desgraciadamente, hac\u00eda que algunas vi\u00f1etas, careciesen de sentido. Afortunadamente, y para evitar eso, en el libro, los \u201crues\u201d, son explicitados uno a uno, para de esa forma desvelar a fondo sus secretos. Esas explicaciones Nacho las tuvo que hacer de memoria, y a a\u00f1os de distancia para la mayor\u00eda de los casos, por lo que el buen observador podr\u00e1 notar que debido a ello, las m\u00e1s recientes son m\u00e1s completas que las m\u00e1s antiguas. Junto con las explicaciones, y al filo de ellas, se han a\u00f1adido algunos de los chistes elaborados por los compa\u00f1eros a lo largo de los a\u00f1os para ilustrar las antedichas publicaciones de la Soli. As\u00ed no solo aparecen otras vi\u00f1etas de Nacho, al margen ya del Rue, sino tambi\u00e9n de Acerete, UnderDani (que est\u00e1 muy involucrado \u00faltimamente) y tantos otros. Pr\u00f3ximamente se va a celebrar el centenario de Metro de Madrid, contribuimos con esta edici\u00f3n a dejar constancia de que hay otra historia, distinta a la oficial, la que difunde el poder establecido: la historia obrera. En este caso vista con humor. Sabemos que la historia oficial que nos van a contar en este centenario no va a incluir, no ya los Rue Cavanilles, si no tampoco la historia obrera del Metro que es la que ha hecho posible con sus luchas y constancia, los cambios y mejoras fundamentales en las condiciones de trabajo y tambi\u00e9n en el servicio del transporte p\u00fablico que prestamos al pueblo de Madrid.<\/p>\n\n\n\n<p>En este Sitio, concretamente en la secci\u00f3n de \u201cLibros editados por Solidaridad Obrera\u201d de la \u201cBiblioteca\u201d de nuestro \u201cAteneo libertario virtual\u201d, podr\u00e1 descargarlo en Pdf. Caso de interesarle alg\u00fan ejemplar en papel, p\u00f3ngase en contacto con nosotros.<\/p>\n\n\n\n<div class=\"wp-block-columns is-layout-flex wp-container-core-columns-is-layout-28f84493 wp-block-columns-is-layout-flex\">\n<div class=\"wp-block-column is-layout-flow wp-block-column-is-layout-flow\"><div class=\"wp-block-image has-lightbox\">\n<figure class=\"aligncenter size-full is-resized\"><a href=\"https:\/\/www.solidaridadobrera.org\/confederal\/nacho-cabanas-rue-cavanilles\/\"><img decoding=\"async\" width=\"130\" height=\"200\" src=\"https:\/\/www.solidaridadobrera.org\/confederal\/wp-content\/uploads\/2026\/02\/nacho_rue_cavanilles_1.gif\" alt=\"rue cavanilles\" class=\"wp-image-12642\" style=\"aspect-ratio:0.6500061651294418;width:186px;height:auto\"\/><\/a><\/figure>\n<\/div><\/div>\n\n\n\n<div class=\"wp-block-column is-layout-flow wp-block-column-is-layout-flow\"><div class=\"wp-block-image has-lightbox\">\n<figure class=\"aligncenter size-full is-resized\"><a href=\"https:\/\/www.solidaridadobrera.org\/confederal\/tercera-edicion-de-el-anarcosindicalismo-en-imagenes\/\"><img decoding=\"async\" width=\"130\" height=\"200\" src=\"https:\/\/www.solidaridadobrera.org\/confederal\/wp-content\/uploads\/2026\/02\/anarcosindicalismo_imagenes_3-_1.gif\" alt=\"\" class=\"wp-image-12672\" style=\"width:185px\"\/><\/a><\/figure>\n<\/div><\/div>\n\n\n\n<div class=\"wp-block-column is-layout-flow wp-block-column-is-layout-flow\"><div class=\"wp-block-image has-lightbox\">\n<figure class=\"aligncenter size-full is-resized\"><a href=\"https:\/\/www.solidaridadobrera.org\/confederal\/andrea-benites-dumont-y-sus-andares-y-venires\/\"><img loading=\"lazy\" decoding=\"async\" width=\"130\" height=\"200\" src=\"https:\/\/www.solidaridadobrera.org\/confederal\/wp-content\/uploads\/2026\/02\/andares_y_venires_1.gif\" alt=\"\" class=\"wp-image-12644\" style=\"width:186px\"\/><\/a><\/figure>\n<\/div><\/div>\n<\/div>\n\n\n\n<div class=\"wp-block-columns is-layout-flex wp-container-core-columns-is-layout-28f84493 wp-block-columns-is-layout-flex\">\n<div class=\"wp-block-column is-layout-flow wp-block-column-is-layout-flow\"><div class=\"wp-block-image has-lightbox\">\n<figure class=\"aligncenter size-full is-resized\"><a href=\"https:\/\/www.solidaridadobrera.org\/confederal\/ruben-uceda-el-corazon-del-sueno\/\"><img loading=\"lazy\" decoding=\"async\" width=\"130\" height=\"200\" src=\"https:\/\/www.solidaridadobrera.org\/confederal\/wp-content\/uploads\/2026\/02\/corazon_sueno_1.gif\" alt=\"\" class=\"wp-image-12645\" style=\"width:185px\"\/><\/a><\/figure>\n<\/div><\/div>\n\n\n\n<div class=\"wp-block-column is-layout-flow wp-block-column-is-layout-flow\"><div class=\"wp-block-image has-lightbox\">\n<figure class=\"aligncenter size-full is-resized\"><a href=\"https:\/\/www.solidaridadobrera.org\/confederal\/david-ripoll-acerete-el-caleidoscopio\/\"><img loading=\"lazy\" decoding=\"async\" width=\"130\" height=\"200\" src=\"https:\/\/www.solidaridadobrera.org\/confederal\/wp-content\/uploads\/2026\/02\/david_ripoll_caleidoscopio_1.gif\" alt=\"\" class=\"wp-image-12646\" style=\"width:186px\"\/><\/a><\/figure>\n<\/div><\/div>\n\n\n\n<div class=\"wp-block-column is-layout-flow wp-block-column-is-layout-flow\"><div class=\"wp-block-image has-lightbox\">\n<figure class=\"aligncenter size-full is-resized\"><a href=\"https:\/\/www.solidaridadobrera.org\/confederal\/francisco-olaya-morales\/\"><img loading=\"lazy\" decoding=\"async\" width=\"130\" height=\"200\" src=\"https:\/\/www.solidaridadobrera.org\/confederal\/wp-content\/uploads\/2026\/02\/olaya_movimiento_obrero_1-1.gif\" alt=\"\" class=\"wp-image-12647\" style=\"width:186px\"\/><\/a><\/figure>\n<\/div><\/div>\n<\/div>\n\n\n\n<div class=\"wp-block-columns is-layout-flex wp-container-core-columns-is-layout-28f84493 wp-block-columns-is-layout-flex\">\n<div class=\"wp-block-column is-layout-flow wp-block-column-is-layout-flow\"><div class=\"wp-block-image has-lightbox\">\n<figure class=\"aligncenter size-full is-resized\"><a href=\"https:\/\/www.solidaridadobrera.org\/confederal\/anselmo-lorenzo\/\"><img loading=\"lazy\" decoding=\"async\" width=\"130\" height=\"200\" src=\"https:\/\/www.solidaridadobrera.org\/confederal\/wp-content\/uploads\/2026\/02\/lorenzo_proletariado_1.gif\" alt=\"\" class=\"wp-image-12648\" style=\"width:186px\"\/><\/a><\/figure>\n<\/div><\/div>\n\n\n\n<div class=\"wp-block-column is-layout-flow wp-block-column-is-layout-flow\"><div class=\"wp-block-image has-lightbox\">\n<figure class=\"aligncenter size-full is-resized\"><a href=\"https:\/\/www.solidaridadobrera.org\/confederal\/jose-luis-carretero-miramar\/\"><img loading=\"lazy\" decoding=\"async\" width=\"130\" height=\"200\" src=\"https:\/\/www.solidaridadobrera.org\/confederal\/wp-content\/uploads\/2026\/02\/carretero_contratos_temporales.gif\" alt=\"\" class=\"wp-image-12649\" style=\"width:186px\"\/><\/a><\/figure>\n<\/div><\/div>\n\n\n\n<div class=\"wp-block-column is-layout-flow wp-block-column-is-layout-flow\"><div class=\"wp-block-image has-lightbox\">\n<figure class=\"aligncenter size-full is-resized\"><a href=\"https:\/\/www.solidaridadobrera.org\/confederal\/publicacion-en-digital-de-las-memorias-de-cipriano-mera\/\"><img loading=\"lazy\" decoding=\"async\" width=\"130\" height=\"200\" src=\"https:\/\/www.solidaridadobrera.org\/confederal\/wp-content\/uploads\/2026\/02\/mera_memorias_01.gif\" alt=\"\" class=\"wp-image-12650\" style=\"width:186px\"\/><\/a><\/figure>\n<\/div><\/div>\n<\/div>\n\n\n\n<div class=\"wp-block-columns is-layout-flex wp-container-core-columns-is-layout-28f84493 wp-block-columns-is-layout-flex\">\n<div class=\"wp-block-column is-layout-flow wp-block-column-is-layout-flow\"><div class=\"wp-block-image has-lightbox\">\n<figure class=\"aligncenter size-full is-resized\"><a href=\"https:\/\/www.solidaridadobrera.org\/confederal\/jose-luis-carretero\/\"><img loading=\"lazy\" decoding=\"async\" width=\"130\" height=\"200\" src=\"https:\/\/www.solidaridadobrera.org\/confederal\/wp-content\/uploads\/2026\/02\/carretero-abraham-guillen01.gif\" alt=\"\" class=\"wp-image-12652\" style=\"width:186px\"\/><\/a><\/figure>\n<\/div><\/div>\n\n\n\n<div class=\"wp-block-column is-layout-flow wp-block-column-is-layout-flow\"><\/div>\n\n\n\n<div class=\"wp-block-column is-layout-flow wp-block-column-is-layout-flow\"><\/div>\n<\/div>\n","protected":false},"excerpt":{"rendered":"<p>NACHO CABA\u00d1AS MAG\u00c1N RUE CAVANILLESTREINTA A\u00d1OS DE HISTORIA DEL METRO Durante el pasado a\u00f1o (2017), el compa\u00f1ero Jos\u00e9 Ignacio Caba\u00f1as Mag\u00e1n, fallecido el d\u00eda 3 de diciembre, estuvo trabajando en [&hellip;]<\/p>\n","protected":false},"author":14,"featured_media":0,"parent":0,"menu_order":0,"comment_status":"closed","ping_status":"closed","template":"","meta":{"postBodyCss":"","postBodyMargin":[],"postBodyPadding":[],"postBodyBackground":{"backgroundType":"classic","gradient":""},"ngg_post_thumbnail":0,"footnotes":""},"class_list":["post-12654","page","type-page","status-publish","hentry"],"yoast_head":"<!-- This site is optimized with the Yoast SEO plugin v27.3 - https:\/\/yoast.com\/product\/yoast-seo-wordpress\/ -->\n<title>Nacho Caba\u00f1as - Rue Cavanilles - CONFEDERACI\u00d3N SOLIDARIDAD OBRERA<\/title>\n<meta name=\"robots\" content=\"index, follow, max-snippet:-1, max-image-preview:large, max-video-preview:-1\" \/>\n<link rel=\"canonical\" href=\"https:\/\/www.solidaridadobrera.org\/confederal\/nacho-cabanas-rue-cavanilles\/\" \/>\n<meta property=\"og:locale\" content=\"es_ES\" \/>\n<meta property=\"og:type\" content=\"article\" \/>\n<meta property=\"og:title\" content=\"Nacho Caba\u00f1as - Rue Cavanilles - CONFEDERACI\u00d3N SOLIDARIDAD OBRERA\" \/>\n<meta property=\"og:description\" content=\"NACHO CABA\u00d1AS MAG\u00c1N RUE CAVANILLESTREINTA A\u00d1OS DE HISTORIA DEL METRO Durante el pasado a\u00f1o (2017), el compa\u00f1ero Jos\u00e9 Ignacio Caba\u00f1as Mag\u00e1n, fallecido el d\u00eda 3 de diciembre, estuvo trabajando en [&hellip;]\" \/>\n<meta property=\"og:url\" content=\"https:\/\/www.solidaridadobrera.org\/confederal\/nacho-cabanas-rue-cavanilles\/\" \/>\n<meta property=\"og:site_name\" content=\"CONFEDERACI\u00d3N SOLIDARIDAD OBRERA\" \/>\n<meta property=\"article:publisher\" content=\"https:\/\/es-es.facebook.com\/Soliobrera\" \/>\n<meta property=\"article:modified_time\" content=\"2026-03-04T22:36:42+00:00\" \/>\n<meta property=\"og:image\" content=\"https:\/\/www.solidaridadobrera.org\/confederal\/wp-content\/uploads\/2026\/02\/nacho_rue_cavanilles_1.gif\" \/>\n\t<meta property=\"og:image:width\" content=\"130\" \/>\n\t<meta property=\"og:image:height\" content=\"200\" \/>\n\t<meta property=\"og:image:type\" content=\"image\/gif\" \/>\n<meta name=\"twitter:card\" content=\"summary_large_image\" \/>\n<meta name=\"twitter:label1\" content=\"Tiempo de lectura\" \/>\n\t<meta name=\"twitter:data1\" content=\"8 minutos\" \/>\n<script type=\"application\/ld+json\" class=\"yoast-schema-graph\">{\"@context\":\"https:\\\/\\\/schema.org\",\"@graph\":[{\"@type\":\"WebPage\",\"@id\":\"https:\\\/\\\/www.solidaridadobrera.org\\\/confederal\\\/nacho-cabanas-rue-cavanilles\\\/\",\"url\":\"https:\\\/\\\/www.solidaridadobrera.org\\\/confederal\\\/nacho-cabanas-rue-cavanilles\\\/\",\"name\":\"Nacho Caba\u00f1as - Rue Cavanilles - CONFEDERACI\u00d3N SOLIDARIDAD OBRERA\",\"isPartOf\":{\"@id\":\"https:\\\/\\\/www.solidaridadobrera.org\\\/confederal\\\/#website\"},\"primaryImageOfPage\":{\"@id\":\"https:\\\/\\\/www.solidaridadobrera.org\\\/confederal\\\/nacho-cabanas-rue-cavanilles\\\/#primaryimage\"},\"image\":{\"@id\":\"https:\\\/\\\/www.solidaridadobrera.org\\\/confederal\\\/nacho-cabanas-rue-cavanilles\\\/#primaryimage\"},\"thumbnailUrl\":\"https:\\\/\\\/www.solidaridadobrera.org\\\/confederal\\\/wp-content\\\/uploads\\\/2026\\\/02\\\/nacho_rue_cavanilles_1.gif\",\"datePublished\":\"2026-02-28T11:23:18+00:00\",\"dateModified\":\"2026-03-04T22:36:42+00:00\",\"breadcrumb\":{\"@id\":\"https:\\\/\\\/www.solidaridadobrera.org\\\/confederal\\\/nacho-cabanas-rue-cavanilles\\\/#breadcrumb\"},\"inLanguage\":\"es\",\"potentialAction\":[{\"@type\":\"ReadAction\",\"target\":[\"https:\\\/\\\/www.solidaridadobrera.org\\\/confederal\\\/nacho-cabanas-rue-cavanilles\\\/\"]}]},{\"@type\":\"ImageObject\",\"inLanguage\":\"es\",\"@id\":\"https:\\\/\\\/www.solidaridadobrera.org\\\/confederal\\\/nacho-cabanas-rue-cavanilles\\\/#primaryimage\",\"url\":\"https:\\\/\\\/www.solidaridadobrera.org\\\/confederal\\\/wp-content\\\/uploads\\\/2026\\\/02\\\/nacho_rue_cavanilles_1.gif\",\"contentUrl\":\"https:\\\/\\\/www.solidaridadobrera.org\\\/confederal\\\/wp-content\\\/uploads\\\/2026\\\/02\\\/nacho_rue_cavanilles_1.gif\",\"width\":130,\"height\":200,\"caption\":\"rue cabanilles\"},{\"@type\":\"BreadcrumbList\",\"@id\":\"https:\\\/\\\/www.solidaridadobrera.org\\\/confederal\\\/nacho-cabanas-rue-cavanilles\\\/#breadcrumb\",\"itemListElement\":[{\"@type\":\"ListItem\",\"position\":1,\"name\":\"Portada\",\"item\":\"https:\\\/\\\/www.solidaridadobrera.org\\\/confederal\\\/\"},{\"@type\":\"ListItem\",\"position\":2,\"name\":\"Nacho Caba\u00f1as &#8211; Rue Cavanilles\"}]},{\"@type\":\"WebSite\",\"@id\":\"https:\\\/\\\/www.solidaridadobrera.org\\\/confederal\\\/#website\",\"url\":\"https:\\\/\\\/www.solidaridadobrera.org\\\/confederal\\\/\",\"name\":\"SOLIDARIDAD OBRERA\",\"description\":\"Confederaci\u00f3n Anarcosindicalista. La lucha es el \u00fanico camino.\",\"publisher\":{\"@id\":\"https:\\\/\\\/www.solidaridadobrera.org\\\/confederal\\\/#organization\"},\"potentialAction\":[{\"@type\":\"SearchAction\",\"target\":{\"@type\":\"EntryPoint\",\"urlTemplate\":\"https:\\\/\\\/www.solidaridadobrera.org\\\/confederal\\\/?s={search_term_string}\"},\"query-input\":{\"@type\":\"PropertyValueSpecification\",\"valueRequired\":true,\"valueName\":\"search_term_string\"}}],\"inLanguage\":\"es\"},{\"@type\":\"Organization\",\"@id\":\"https:\\\/\\\/www.solidaridadobrera.org\\\/confederal\\\/#organization\",\"name\":\"Solidaridad Obrera\",\"url\":\"https:\\\/\\\/www.solidaridadobrera.org\\\/confederal\\\/\",\"logo\":{\"@type\":\"ImageObject\",\"inLanguage\":\"es\",\"@id\":\"https:\\\/\\\/www.solidaridadobrera.org\\\/confederal\\\/#\\\/schema\\\/logo\\\/image\\\/\",\"url\":\"https:\\\/\\\/www.solidaridadobrera.org\\\/confederal\\\/wp-content\\\/uploads\\\/2021\\\/07\\\/logo_soli_web.png\",\"contentUrl\":\"https:\\\/\\\/www.solidaridadobrera.org\\\/confederal\\\/wp-content\\\/uploads\\\/2021\\\/07\\\/logo_soli_web.png\",\"width\":1181,\"height\":1181,\"caption\":\"Solidaridad Obrera\"},\"image\":{\"@id\":\"https:\\\/\\\/www.solidaridadobrera.org\\\/confederal\\\/#\\\/schema\\\/logo\\\/image\\\/\"},\"sameAs\":[\"https:\\\/\\\/es-es.facebook.com\\\/Soliobrera\",\"https:\\\/\\\/www.instagram.com\\\/soliobrera\\\/\",\"https:\\\/\\\/web.telegram.org\\\/a\\\/#-1001124968543\"]}]}<\/script>\n<!-- \/ Yoast SEO plugin. -->","yoast_head_json":{"title":"Nacho Caba\u00f1as - Rue Cavanilles - CONFEDERACI\u00d3N SOLIDARIDAD OBRERA","robots":{"index":"index","follow":"follow","max-snippet":"max-snippet:-1","max-image-preview":"max-image-preview:large","max-video-preview":"max-video-preview:-1"},"canonical":"https:\/\/www.solidaridadobrera.org\/confederal\/nacho-cabanas-rue-cavanilles\/","og_locale":"es_ES","og_type":"article","og_title":"Nacho Caba\u00f1as - Rue Cavanilles - CONFEDERACI\u00d3N SOLIDARIDAD OBRERA","og_description":"NACHO CABA\u00d1AS MAG\u00c1N RUE CAVANILLESTREINTA A\u00d1OS DE HISTORIA DEL METRO Durante el pasado a\u00f1o (2017), el compa\u00f1ero Jos\u00e9 Ignacio Caba\u00f1as Mag\u00e1n, fallecido el d\u00eda 3 de diciembre, estuvo trabajando en [&hellip;]","og_url":"https:\/\/www.solidaridadobrera.org\/confederal\/nacho-cabanas-rue-cavanilles\/","og_site_name":"CONFEDERACI\u00d3N SOLIDARIDAD OBRERA","article_publisher":"https:\/\/es-es.facebook.com\/Soliobrera","article_modified_time":"2026-03-04T22:36:42+00:00","og_image":[{"width":130,"height":200,"url":"https:\/\/www.solidaridadobrera.org\/confederal\/wp-content\/uploads\/2026\/02\/nacho_rue_cavanilles_1.gif","type":"image\/gif"}],"twitter_card":"summary_large_image","twitter_misc":{"Tiempo de lectura":"8 minutos"},"schema":{"@context":"https:\/\/schema.org","@graph":[{"@type":"WebPage","@id":"https:\/\/www.solidaridadobrera.org\/confederal\/nacho-cabanas-rue-cavanilles\/","url":"https:\/\/www.solidaridadobrera.org\/confederal\/nacho-cabanas-rue-cavanilles\/","name":"Nacho Caba\u00f1as - Rue Cavanilles - CONFEDERACI\u00d3N SOLIDARIDAD OBRERA","isPartOf":{"@id":"https:\/\/www.solidaridadobrera.org\/confederal\/#website"},"primaryImageOfPage":{"@id":"https:\/\/www.solidaridadobrera.org\/confederal\/nacho-cabanas-rue-cavanilles\/#primaryimage"},"image":{"@id":"https:\/\/www.solidaridadobrera.org\/confederal\/nacho-cabanas-rue-cavanilles\/#primaryimage"},"thumbnailUrl":"https:\/\/www.solidaridadobrera.org\/confederal\/wp-content\/uploads\/2026\/02\/nacho_rue_cavanilles_1.gif","datePublished":"2026-02-28T11:23:18+00:00","dateModified":"2026-03-04T22:36:42+00:00","breadcrumb":{"@id":"https:\/\/www.solidaridadobrera.org\/confederal\/nacho-cabanas-rue-cavanilles\/#breadcrumb"},"inLanguage":"es","potentialAction":[{"@type":"ReadAction","target":["https:\/\/www.solidaridadobrera.org\/confederal\/nacho-cabanas-rue-cavanilles\/"]}]},{"@type":"ImageObject","inLanguage":"es","@id":"https:\/\/www.solidaridadobrera.org\/confederal\/nacho-cabanas-rue-cavanilles\/#primaryimage","url":"https:\/\/www.solidaridadobrera.org\/confederal\/wp-content\/uploads\/2026\/02\/nacho_rue_cavanilles_1.gif","contentUrl":"https:\/\/www.solidaridadobrera.org\/confederal\/wp-content\/uploads\/2026\/02\/nacho_rue_cavanilles_1.gif","width":130,"height":200,"caption":"rue cabanilles"},{"@type":"BreadcrumbList","@id":"https:\/\/www.solidaridadobrera.org\/confederal\/nacho-cabanas-rue-cavanilles\/#breadcrumb","itemListElement":[{"@type":"ListItem","position":1,"name":"Portada","item":"https:\/\/www.solidaridadobrera.org\/confederal\/"},{"@type":"ListItem","position":2,"name":"Nacho Caba\u00f1as &#8211; Rue Cavanilles"}]},{"@type":"WebSite","@id":"https:\/\/www.solidaridadobrera.org\/confederal\/#website","url":"https:\/\/www.solidaridadobrera.org\/confederal\/","name":"SOLIDARIDAD OBRERA","description":"Confederaci\u00f3n Anarcosindicalista. La lucha es el \u00fanico camino.","publisher":{"@id":"https:\/\/www.solidaridadobrera.org\/confederal\/#organization"},"potentialAction":[{"@type":"SearchAction","target":{"@type":"EntryPoint","urlTemplate":"https:\/\/www.solidaridadobrera.org\/confederal\/?s={search_term_string}"},"query-input":{"@type":"PropertyValueSpecification","valueRequired":true,"valueName":"search_term_string"}}],"inLanguage":"es"},{"@type":"Organization","@id":"https:\/\/www.solidaridadobrera.org\/confederal\/#organization","name":"Solidaridad Obrera","url":"https:\/\/www.solidaridadobrera.org\/confederal\/","logo":{"@type":"ImageObject","inLanguage":"es","@id":"https:\/\/www.solidaridadobrera.org\/confederal\/#\/schema\/logo\/image\/","url":"https:\/\/www.solidaridadobrera.org\/confederal\/wp-content\/uploads\/2021\/07\/logo_soli_web.png","contentUrl":"https:\/\/www.solidaridadobrera.org\/confederal\/wp-content\/uploads\/2021\/07\/logo_soli_web.png","width":1181,"height":1181,"caption":"Solidaridad Obrera"},"image":{"@id":"https:\/\/www.solidaridadobrera.org\/confederal\/#\/schema\/logo\/image\/"},"sameAs":["https:\/\/es-es.facebook.com\/Soliobrera","https:\/\/www.instagram.com\/soliobrera\/","https:\/\/web.telegram.org\/a\/#-1001124968543"]}]}},"_links":{"self":[{"href":"https:\/\/www.solidaridadobrera.org\/confederal\/wp-json\/wp\/v2\/pages\/12654","targetHints":{"allow":["GET"]}}],"collection":[{"href":"https:\/\/www.solidaridadobrera.org\/confederal\/wp-json\/wp\/v2\/pages"}],"about":[{"href":"https:\/\/www.solidaridadobrera.org\/confederal\/wp-json\/wp\/v2\/types\/page"}],"author":[{"embeddable":true,"href":"https:\/\/www.solidaridadobrera.org\/confederal\/wp-json\/wp\/v2\/users\/14"}],"replies":[{"embeddable":true,"href":"https:\/\/www.solidaridadobrera.org\/confederal\/wp-json\/wp\/v2\/comments?post=12654"}],"version-history":[{"count":8,"href":"https:\/\/www.solidaridadobrera.org\/confederal\/wp-json\/wp\/v2\/pages\/12654\/revisions"}],"predecessor-version":[{"id":13204,"href":"https:\/\/www.solidaridadobrera.org\/confederal\/wp-json\/wp\/v2\/pages\/12654\/revisions\/13204"}],"wp:attachment":[{"href":"https:\/\/www.solidaridadobrera.org\/confederal\/wp-json\/wp\/v2\/media?parent=12654"}],"curies":[{"name":"wp","href":"https:\/\/api.w.org\/{rel}","templated":true}]}}