{"id":12534,"date":"2026-02-08T13:49:43","date_gmt":"2026-02-08T13:49:43","guid":{"rendered":"https:\/\/www.solidaridadobrera.org\/confederal\/?page_id=12534"},"modified":"2026-02-25T13:51:49","modified_gmt":"2026-02-25T13:51:49","slug":"oo-vv-madrid-ciudad-real","status":"publish","type":"page","link":"https:\/\/www.solidaridadobrera.org\/confederal\/oo-vv-madrid-ciudad-real\/","title":{"rendered":"OO.VV. Madrid &#8211; Ciudad Real"},"content":{"rendered":"\n<div style=\"height:50px\" aria-hidden=\"true\" class=\"wp-block-spacer\"><\/div>\n\n\n\n<h2 class=\"wp-block-heading has-text-align-center has-vivid-red-color has-text-color has-link-color wp-elements-2db6cf04b5915943bf56a7ccc81320b6\">SECCIONES SINDICALES<\/h2>\n\n\n\n<div style=\"height:25px\" aria-hidden=\"true\" class=\"wp-block-spacer\"><\/div>\n\n\n\n<h3 class=\"wp-block-heading\">ATD (Agencia de Transformaci\u00f3n Digital de Castilla-La Mancha)<\/h3>\n\n\n<div class=\"wp-block-image\">\n<figure class=\"alignleft size-full is-resized\"><img fetchpriority=\"high\" decoding=\"async\" width=\"400\" height=\"319\" src=\"https:\/\/www.solidaridadobrera.org\/confederal\/wp-content\/uploads\/2026\/02\/logo_atad.jpeg\" alt=\"\" class=\"wp-image-12538\" style=\"width:375px\" srcset=\"https:\/\/www.solidaridadobrera.org\/confederal\/wp-content\/uploads\/2026\/02\/logo_atad.jpeg 400w, https:\/\/www.solidaridadobrera.org\/confederal\/wp-content\/uploads\/2026\/02\/logo_atad-300x239.jpeg 300w\" sizes=\"(max-width: 400px) 100vw, 400px\" \/><\/figure>\n<\/div>\n\n\n<br\/><br\/>\n\n\n\n<h3 class=\"wp-block-heading\">CORREO ELECTR\u00d3NICO<\/h3>\n\n\n\n<p><a href=\"mailto:solidaridadobreraatd@gmail.com\">solidaridadobreraatd@gmail.com<\/a><\/p>\n\n\n\n<h3 class=\"wp-block-heading\">WEB<\/h3>\n\n\n\n<p><a href=\"http:\/\/solidaridadobreraatd.blogspot.com\">https:\/\/solidaridadobreraatd.blogspot.com<\/a><\/p>\n\n\n\n<div style=\"height:1px\" aria-hidden=\"true\" class=\"wp-block-spacer\"><\/div>\n\n\n\n<hr class=\"wp-block-separator has-text-color has-vivid-red-color has-alpha-channel-opacity has-vivid-red-background-color has-background\"\/>\n\n\n\n<div style=\"height:25px\" aria-hidden=\"true\" class=\"wp-block-spacer\"><\/div>\n\n\n\n<h3 class=\"wp-block-heading\">SESCAM (Servicio de Salud de Castilla-La Mancha)<\/h3>\n\n\n<div class=\"wp-block-image\">\n<figure class=\"alignleft size-large is-resized\"><img decoding=\"async\" width=\"1024\" height=\"440\" src=\"https:\/\/www.solidaridadobrera.org\/confederal\/wp-content\/uploads\/2026\/02\/logo_sescam-1024x440.jpeg\" alt=\"\" class=\"wp-image-12524\" style=\"width:375px\" srcset=\"https:\/\/www.solidaridadobrera.org\/confederal\/wp-content\/uploads\/2026\/02\/logo_sescam-1024x440.jpeg 1024w, https:\/\/www.solidaridadobrera.org\/confederal\/wp-content\/uploads\/2026\/02\/logo_sescam-300x129.jpeg 300w, https:\/\/www.solidaridadobrera.org\/confederal\/wp-content\/uploads\/2026\/02\/logo_sescam-768x330.jpeg 768w, https:\/\/www.solidaridadobrera.org\/confederal\/wp-content\/uploads\/2026\/02\/logo_sescam-1536x660.jpeg 1536w, https:\/\/www.solidaridadobrera.org\/confederal\/wp-content\/uploads\/2026\/02\/logo_sescam.jpeg 1600w\" sizes=\"(max-width: 1024px) 100vw, 1024px\" \/><\/figure>\n<\/div>\n\n\n<h3 class=\"wp-block-heading\">CORREO ELECTR\u00d3NICO<\/h3>\n\n\n\n<p><a href=\"mailto:solidaridadobrerasescam@gmail.com\">solidaridadobrerasescam@gmail.com<\/a><\/p>\n\n\n\n<h3 class=\"wp-block-heading\">WEB<\/h3>\n\n\n\n<p><a href=\"https:\/\/solidaridadobrerasescam.wordpress.com\/\">https:\/\/solidaridadobrerasescam.wordpress.com<\/a><\/p>\n\n\n\n<h3 class=\"wp-block-heading\">REDES SOCIALES<\/h3>\n\n\n\n<div class=\"redes-sociales-lista\" style=\"font-family: sans-serif; line-height: 2em;\">\n\n<!-- Facebook -->\n  <div style=\"display: flex; align-items: center;\">\n    <svg xmlns=\"http:\/\/www.w3.org\/2000\/svg\" width=\"24\" height=\"24\" viewBox=\"0 0 24 24\" fill=\"#1877F2\" style=\"margin-right: 8px;\">\n      <path d=\"M22.675 0H1.325C.593 0 0 .593 0 1.326v21.348C0 23.407.593 24 1.325 24h11.495v-9.294H9.692v-3.622h3.128V8.414c0-3.1 1.893-4.788 4.659-4.788 1.325 0 2.464.099 2.795.143v3.24l-1.918.001c-1.504 0-1.796.715-1.796 1.763v2.312h3.587l-.467 3.622h-3.12V24h6.116c.73 0 1.323-.593 1.323-1.326V1.326C24 .593 23.407 0 22.675 0z\"\/>\n    <\/svg>\n    <a href=\"https:\/\/www.facebook.com\/solidaridadobrersanidad#\" target=\"_blank\">Solidaridad Obrera Sescam<\/a>\n  <\/div>\n\n<!-- X (Twitter) -->\n\t<div style=\"display: flex; align-items: center;\">\n\t  <svg xmlns=\"http:\/\/www.w3.org\/2000\/svg\" width=\"24\" height=\"24\" viewBox=\"0 0 24 24\" style=\"margin-right: 8px;\">\n\t\t<path fill=\"#000000\" d=\"M18.244 2.25h3.308l-7.227 8.26L22.5 21.75h-6.375l-4.99-6.53-5.714 6.53H2.11l7.73-8.84L1.5 2.25h6.535l4.51 5.93 5.699-5.93zm-1.161 17.52h1.833L6.62 4.126H4.653z\"\/>\n\t  <\/svg>\n\t  <a href=\"https:\/\/x.com\/SoliObSescam\" target=\"_blank\">Solidaridad Obrera SESCAM<\/a>\n\t<\/div>\n<\/div>\n\n\n\n<div style=\"height:50px\" aria-hidden=\"true\" class=\"wp-block-spacer\"><\/div>\n\n\n\n<p><\/p>\n","protected":false},"excerpt":{"rendered":"<p>SECCIONES SINDICALES ATD (Agencia de Transformaci\u00f3n Digital de Castilla-La Mancha) CORREO ELECTR\u00d3NICO solidaridadobreraatd@gmail.com WEB https:\/\/solidaridadobreraatd.blogspot.com SESCAM (Servicio de Salud de Castilla-La Mancha) CORREO ELECTR\u00d3NICO solidaridadobrerasescam@gmail.com WEB https:\/\/solidaridadobrerasescam.wordpress.com REDES SOCIALES Solidaridad [&hellip;]<\/p>\n","protected":false},"author":18,"featured_media":0,"parent":0,"menu_order":0,"comment_status":"closed","ping_status":"closed","template":"","meta":{"postBodyCss":"","postBodyMargin":[],"postBodyPadding":[],"postBodyBackground":{"backgroundType":"classic","gradient":""},"ngg_post_thumbnail":0,"footnotes":""},"class_list":["post-12534","page","type-page","status-publish","hentry"],"yoast_head":"<!-- This site is optimized with the Yoast SEO plugin v27.3 - https:\/\/yoast.com\/product\/yoast-seo-wordpress\/ -->\n<title>OO.VV. Madrid - Ciudad Real - CONFEDERACI\u00d3N SOLIDARIDAD OBRERA<\/title>\n<meta name=\"robots\" content=\"index, follow, max-snippet:-1, max-image-preview:large, max-video-preview:-1\" \/>\n<link rel=\"canonical\" href=\"https:\/\/www.solidaridadobrera.org\/confederal\/oo-vv-madrid-ciudad-real\/\" \/>\n<meta property=\"og:locale\" content=\"es_ES\" \/>\n<meta property=\"og:type\" content=\"article\" \/>\n<meta property=\"og:title\" content=\"OO.VV. Madrid - Ciudad Real - CONFEDERACI\u00d3N SOLIDARIDAD OBRERA\" \/>\n<meta property=\"og:description\" content=\"SECCIONES SINDICALES ATD (Agencia de Transformaci\u00f3n Digital de Castilla-La Mancha) CORREO ELECTR\u00d3NICO solidaridadobreraatd@gmail.com WEB https:\/\/solidaridadobreraatd.blogspot.com SESCAM (Servicio de Salud de Castilla-La Mancha) CORREO ELECTR\u00d3NICO solidaridadobrerasescam@gmail.com WEB https:\/\/solidaridadobrerasescam.wordpress.com REDES SOCIALES Solidaridad [&hellip;]\" \/>\n<meta property=\"og:url\" content=\"https:\/\/www.solidaridadobrera.org\/confederal\/oo-vv-madrid-ciudad-real\/\" \/>\n<meta property=\"og:site_name\" content=\"CONFEDERACI\u00d3N SOLIDARIDAD OBRERA\" \/>\n<meta property=\"article:publisher\" content=\"https:\/\/es-es.facebook.com\/Soliobrera\" \/>\n<meta property=\"article:modified_time\" content=\"2026-02-25T13:51:49+00:00\" \/>\n<meta property=\"og:image\" content=\"https:\/\/www.solidaridadobrera.org\/confederal\/wp-content\/uploads\/2026\/02\/logo_atad.jpeg\" \/>\n\t<meta property=\"og:image:width\" content=\"400\" \/>\n\t<meta property=\"og:image:height\" content=\"319\" \/>\n\t<meta property=\"og:image:type\" content=\"image\/jpeg\" \/>\n<meta name=\"twitter:card\" content=\"summary_large_image\" \/>\n<meta name=\"twitter:label1\" content=\"Tiempo de lectura\" \/>\n\t<meta name=\"twitter:data1\" content=\"1 minuto\" \/>\n<script type=\"application\/ld+json\" class=\"yoast-schema-graph\">{\"@context\":\"https:\\\/\\\/schema.org\",\"@graph\":[{\"@type\":\"WebPage\",\"@id\":\"https:\\\/\\\/www.solidaridadobrera.org\\\/confederal\\\/oo-vv-madrid-ciudad-real\\\/\",\"url\":\"https:\\\/\\\/www.solidaridadobrera.org\\\/confederal\\\/oo-vv-madrid-ciudad-real\\\/\",\"name\":\"OO.VV. Madrid - Ciudad Real - CONFEDERACI\u00d3N SOLIDARIDAD OBRERA\",\"isPartOf\":{\"@id\":\"https:\\\/\\\/www.solidaridadobrera.org\\\/confederal\\\/#website\"},\"primaryImageOfPage\":{\"@id\":\"https:\\\/\\\/www.solidaridadobrera.org\\\/confederal\\\/oo-vv-madrid-ciudad-real\\\/#primaryimage\"},\"image\":{\"@id\":\"https:\\\/\\\/www.solidaridadobrera.org\\\/confederal\\\/oo-vv-madrid-ciudad-real\\\/#primaryimage\"},\"thumbnailUrl\":\"https:\\\/\\\/www.solidaridadobrera.org\\\/confederal\\\/wp-content\\\/uploads\\\/2026\\\/02\\\/logo_atad.jpeg\",\"datePublished\":\"2026-02-08T13:49:43+00:00\",\"dateModified\":\"2026-02-25T13:51:49+00:00\",\"breadcrumb\":{\"@id\":\"https:\\\/\\\/www.solidaridadobrera.org\\\/confederal\\\/oo-vv-madrid-ciudad-real\\\/#breadcrumb\"},\"inLanguage\":\"es\",\"potentialAction\":[{\"@type\":\"ReadAction\",\"target\":[\"https:\\\/\\\/www.solidaridadobrera.org\\\/confederal\\\/oo-vv-madrid-ciudad-real\\\/\"]}]},{\"@type\":\"ImageObject\",\"inLanguage\":\"es\",\"@id\":\"https:\\\/\\\/www.solidaridadobrera.org\\\/confederal\\\/oo-vv-madrid-ciudad-real\\\/#primaryimage\",\"url\":\"https:\\\/\\\/www.solidaridadobrera.org\\\/confederal\\\/wp-content\\\/uploads\\\/2026\\\/02\\\/logo_atad.jpeg\",\"contentUrl\":\"https:\\\/\\\/www.solidaridadobrera.org\\\/confederal\\\/wp-content\\\/uploads\\\/2026\\\/02\\\/logo_atad.jpeg\",\"width\":400,\"height\":319},{\"@type\":\"BreadcrumbList\",\"@id\":\"https:\\\/\\\/www.solidaridadobrera.org\\\/confederal\\\/oo-vv-madrid-ciudad-real\\\/#breadcrumb\",\"itemListElement\":[{\"@type\":\"ListItem\",\"position\":1,\"name\":\"Portada\",\"item\":\"https:\\\/\\\/www.solidaridadobrera.org\\\/confederal\\\/\"},{\"@type\":\"ListItem\",\"position\":2,\"name\":\"OO.VV. Madrid &#8211; Ciudad Real\"}]},{\"@type\":\"WebSite\",\"@id\":\"https:\\\/\\\/www.solidaridadobrera.org\\\/confederal\\\/#website\",\"url\":\"https:\\\/\\\/www.solidaridadobrera.org\\\/confederal\\\/\",\"name\":\"SOLIDARIDAD OBRERA\",\"description\":\"Confederaci\u00f3n Anarcosindicalista. La lucha es el \u00fanico camino.\",\"publisher\":{\"@id\":\"https:\\\/\\\/www.solidaridadobrera.org\\\/confederal\\\/#organization\"},\"potentialAction\":[{\"@type\":\"SearchAction\",\"target\":{\"@type\":\"EntryPoint\",\"urlTemplate\":\"https:\\\/\\\/www.solidaridadobrera.org\\\/confederal\\\/?s={search_term_string}\"},\"query-input\":{\"@type\":\"PropertyValueSpecification\",\"valueRequired\":true,\"valueName\":\"search_term_string\"}}],\"inLanguage\":\"es\"},{\"@type\":\"Organization\",\"@id\":\"https:\\\/\\\/www.solidaridadobrera.org\\\/confederal\\\/#organization\",\"name\":\"Solidaridad Obrera\",\"url\":\"https:\\\/\\\/www.solidaridadobrera.org\\\/confederal\\\/\",\"logo\":{\"@type\":\"ImageObject\",\"inLanguage\":\"es\",\"@id\":\"https:\\\/\\\/www.solidaridadobrera.org\\\/confederal\\\/#\\\/schema\\\/logo\\\/image\\\/\",\"url\":\"https:\\\/\\\/www.solidaridadobrera.org\\\/confederal\\\/wp-content\\\/uploads\\\/2021\\\/07\\\/logo_soli_web.png\",\"contentUrl\":\"https:\\\/\\\/www.solidaridadobrera.org\\\/confederal\\\/wp-content\\\/uploads\\\/2021\\\/07\\\/logo_soli_web.png\",\"width\":1181,\"height\":1181,\"caption\":\"Solidaridad Obrera\"},\"image\":{\"@id\":\"https:\\\/\\\/www.solidaridadobrera.org\\\/confederal\\\/#\\\/schema\\\/logo\\\/image\\\/\"},\"sameAs\":[\"https:\\\/\\\/es-es.facebook.com\\\/Soliobrera\",\"https:\\\/\\\/www.instagram.com\\\/soliobrera\\\/\",\"https:\\\/\\\/web.telegram.org\\\/a\\\/#-1001124968543\"]}]}<\/script>\n<!-- \/ Yoast SEO plugin. -->","yoast_head_json":{"title":"OO.VV. Madrid - Ciudad Real - CONFEDERACI\u00d3N SOLIDARIDAD OBRERA","robots":{"index":"index","follow":"follow","max-snippet":"max-snippet:-1","max-image-preview":"max-image-preview:large","max-video-preview":"max-video-preview:-1"},"canonical":"https:\/\/www.solidaridadobrera.org\/confederal\/oo-vv-madrid-ciudad-real\/","og_locale":"es_ES","og_type":"article","og_title":"OO.VV. Madrid - Ciudad Real - CONFEDERACI\u00d3N SOLIDARIDAD OBRERA","og_description":"SECCIONES SINDICALES ATD (Agencia de Transformaci\u00f3n Digital de Castilla-La Mancha) CORREO ELECTR\u00d3NICO solidaridadobreraatd@gmail.com WEB https:\/\/solidaridadobreraatd.blogspot.com SESCAM (Servicio de Salud de Castilla-La Mancha) CORREO ELECTR\u00d3NICO solidaridadobrerasescam@gmail.com WEB https:\/\/solidaridadobrerasescam.wordpress.com REDES SOCIALES Solidaridad [&hellip;]","og_url":"https:\/\/www.solidaridadobrera.org\/confederal\/oo-vv-madrid-ciudad-real\/","og_site_name":"CONFEDERACI\u00d3N SOLIDARIDAD OBRERA","article_publisher":"https:\/\/es-es.facebook.com\/Soliobrera","article_modified_time":"2026-02-25T13:51:49+00:00","og_image":[{"width":400,"height":319,"url":"https:\/\/www.solidaridadobrera.org\/confederal\/wp-content\/uploads\/2026\/02\/logo_atad.jpeg","type":"image\/jpeg"}],"twitter_card":"summary_large_image","twitter_misc":{"Tiempo de lectura":"1 minuto"},"schema":{"@context":"https:\/\/schema.org","@graph":[{"@type":"WebPage","@id":"https:\/\/www.solidaridadobrera.org\/confederal\/oo-vv-madrid-ciudad-real\/","url":"https:\/\/www.solidaridadobrera.org\/confederal\/oo-vv-madrid-ciudad-real\/","name":"OO.VV. Madrid - Ciudad Real - CONFEDERACI\u00d3N SOLIDARIDAD OBRERA","isPartOf":{"@id":"https:\/\/www.solidaridadobrera.org\/confederal\/#website"},"primaryImageOfPage":{"@id":"https:\/\/www.solidaridadobrera.org\/confederal\/oo-vv-madrid-ciudad-real\/#primaryimage"},"image":{"@id":"https:\/\/www.solidaridadobrera.org\/confederal\/oo-vv-madrid-ciudad-real\/#primaryimage"},"thumbnailUrl":"https:\/\/www.solidaridadobrera.org\/confederal\/wp-content\/uploads\/2026\/02\/logo_atad.jpeg","datePublished":"2026-02-08T13:49:43+00:00","dateModified":"2026-02-25T13:51:49+00:00","breadcrumb":{"@id":"https:\/\/www.solidaridadobrera.org\/confederal\/oo-vv-madrid-ciudad-real\/#breadcrumb"},"inLanguage":"es","potentialAction":[{"@type":"ReadAction","target":["https:\/\/www.solidaridadobrera.org\/confederal\/oo-vv-madrid-ciudad-real\/"]}]},{"@type":"ImageObject","inLanguage":"es","@id":"https:\/\/www.solidaridadobrera.org\/confederal\/oo-vv-madrid-ciudad-real\/#primaryimage","url":"https:\/\/www.solidaridadobrera.org\/confederal\/wp-content\/uploads\/2026\/02\/logo_atad.jpeg","contentUrl":"https:\/\/www.solidaridadobrera.org\/confederal\/wp-content\/uploads\/2026\/02\/logo_atad.jpeg","width":400,"height":319},{"@type":"BreadcrumbList","@id":"https:\/\/www.solidaridadobrera.org\/confederal\/oo-vv-madrid-ciudad-real\/#breadcrumb","itemListElement":[{"@type":"ListItem","position":1,"name":"Portada","item":"https:\/\/www.solidaridadobrera.org\/confederal\/"},{"@type":"ListItem","position":2,"name":"OO.VV. Madrid &#8211; Ciudad Real"}]},{"@type":"WebSite","@id":"https:\/\/www.solidaridadobrera.org\/confederal\/#website","url":"https:\/\/www.solidaridadobrera.org\/confederal\/","name":"SOLIDARIDAD OBRERA","description":"Confederaci\u00f3n Anarcosindicalista. La lucha es el \u00fanico camino.","publisher":{"@id":"https:\/\/www.solidaridadobrera.org\/confederal\/#organization"},"potentialAction":[{"@type":"SearchAction","target":{"@type":"EntryPoint","urlTemplate":"https:\/\/www.solidaridadobrera.org\/confederal\/?s={search_term_string}"},"query-input":{"@type":"PropertyValueSpecification","valueRequired":true,"valueName":"search_term_string"}}],"inLanguage":"es"},{"@type":"Organization","@id":"https:\/\/www.solidaridadobrera.org\/confederal\/#organization","name":"Solidaridad Obrera","url":"https:\/\/www.solidaridadobrera.org\/confederal\/","logo":{"@type":"ImageObject","inLanguage":"es","@id":"https:\/\/www.solidaridadobrera.org\/confederal\/#\/schema\/logo\/image\/","url":"https:\/\/www.solidaridadobrera.org\/confederal\/wp-content\/uploads\/2021\/07\/logo_soli_web.png","contentUrl":"https:\/\/www.solidaridadobrera.org\/confederal\/wp-content\/uploads\/2021\/07\/logo_soli_web.png","width":1181,"height":1181,"caption":"Solidaridad Obrera"},"image":{"@id":"https:\/\/www.solidaridadobrera.org\/confederal\/#\/schema\/logo\/image\/"},"sameAs":["https:\/\/es-es.facebook.com\/Soliobrera","https:\/\/www.instagram.com\/soliobrera\/","https:\/\/web.telegram.org\/a\/#-1001124968543"]}]}},"_links":{"self":[{"href":"https:\/\/www.solidaridadobrera.org\/confederal\/wp-json\/wp\/v2\/pages\/12534","targetHints":{"allow":["GET"]}}],"collection":[{"href":"https:\/\/www.solidaridadobrera.org\/confederal\/wp-json\/wp\/v2\/pages"}],"about":[{"href":"https:\/\/www.solidaridadobrera.org\/confederal\/wp-json\/wp\/v2\/types\/page"}],"author":[{"embeddable":true,"href":"https:\/\/www.solidaridadobrera.org\/confederal\/wp-json\/wp\/v2\/users\/18"}],"replies":[{"embeddable":true,"href":"https:\/\/www.solidaridadobrera.org\/confederal\/wp-json\/wp\/v2\/comments?post=12534"}],"version-history":[{"count":8,"href":"https:\/\/www.solidaridadobrera.org\/confederal\/wp-json\/wp\/v2\/pages\/12534\/revisions"}],"predecessor-version":[{"id":12640,"href":"https:\/\/www.solidaridadobrera.org\/confederal\/wp-json\/wp\/v2\/pages\/12534\/revisions\/12640"}],"wp:attachment":[{"href":"https:\/\/www.solidaridadobrera.org\/confederal\/wp-json\/wp\/v2\/media?parent=12534"}],"curies":[{"name":"wp","href":"https:\/\/api.w.org\/{rel}","templated":true}]}}