{"id":12147,"date":"2026-02-02T15:44:39","date_gmt":"2026-02-02T15:44:39","guid":{"rendered":"https:\/\/www.solidaridadobrera.org\/confederal\/?page_id=12147"},"modified":"2026-03-04T23:01:57","modified_gmt":"2026-03-04T23:01:57","slug":"resena-de-libros","status":"publish","type":"page","link":"https:\/\/www.solidaridadobrera.org\/confederal\/resena-de-libros\/","title":{"rendered":"Rese\u00f1a de libros"},"content":{"rendered":"\n<div style=\"height:50px\" aria-hidden=\"true\" class=\"wp-block-spacer\"><\/div>\n\n\n<div class=\"wp-block-image\">\n<figure class=\"alignleft is-resized\"><img fetchpriority=\"high\" decoding=\"async\" width=\"228\" height=\"350\" src=\"https:\/\/www.solidaridadobrera.org\/confederal\/wp-content\/uploads\/2021\/01\/9788409192649-1.gif\" alt=\"\" class=\"wp-image-9004\" style=\"object-fit:cover;width:186px;height:200px\"\/><\/figure>\n<\/div>\n\n\n<p><a href=\"https:\/\/www.traficantes.net\/libros\/abraham-guill%C3%A9n\" target=\"_blank\" rel=\"noreferrer noopener\"><strong>ABRAHAM GUILL\u00c9N. GUERRILLA Y AUTOGESTI\u00d3N<\/strong><\/a><\/p>\n\n\n\n<p>Abraham Guill\u00e9n. Guerrilla y autogesti\u00f3n, es una rigurosa biograf\u00eda del economista y revolucionario libertario Abraham Guill\u00e9n Sanz (1913-1993), que, tras combatir en la Guerra Civil espa\u00f1ola y huir varias veces de las c\u00e1rceles franquistas, recal\u00f3 en Argentina, Cuba, Uruguay y Per\u00fa, donde particip\u00f3 en las principales luchas sociales de su tiempo y se convirti\u00f3 en uno de los m\u00e1s afamados te\u00f3ricos de la guerrilla urbana, en debate abierto con las posiciones del Che Guevara. Al volver a Espa\u00f1a, Guill\u00e9n se convirti\u00f3 en el principal te\u00f3rico de la autogesti\u00f3n obrera, vincul\u00e1ndose con el movimiento anarquista.<br>Para esta biograf\u00eda se han utilizado numerosas fuentes in\u00e9ditas, obrantes en diversos archivos p\u00fablicos y privados, as\u00ed como materiales fotogr\u00e1ficos donados por la familia del biografiado<\/p>\n\n\n\n<div style=\"height:25px\" aria-hidden=\"true\" class=\"wp-block-spacer\"><\/div>\n\n\n<div class=\"wp-block-image\">\n<figure class=\"alignleft is-resized\"><img decoding=\"async\" width=\"240\" height=\"378\" src=\"https:\/\/www.solidaridadobrera.org\/confederal\/wp-content\/uploads\/2021\/01\/9789788412212.gif\" alt=\"\" class=\"wp-image-9005\" style=\"object-fit:cover;width:186px;height:200px\"\/><\/figure>\n<\/div>\n\n\n<p><a href=\"https:\/\/www.traficantes.net\/libros\/alimento-para-ratones\" target=\"_blank\" rel=\"noreferrer noopener\"><strong>ALIMENTO PARA RATONES<\/strong><\/a><\/p>\n\n\n\n<p>Alimento para ratones es un poemario de combate, hecho de anhelos y pulsiones vitalistas. Una obra modesta, pero combada por el peso de la sinceridad. Estaba destinada a servir de pitanza de roedores en las olas del tiempo, pero Calumnia ha tenido a bien lanzarla al seno de lo que existe y lo que es nombrado. Afirma el cuerpo, la lucha y las pasiones que se desatan cuando se elige la libertad. Esperamos que os guste. Su mensaje, en estos tiempos inciertos y crueles, ser\u00eda aquel que ya declam\u00f3 Rimbaud: \u00a1El canto de los cielos, el avance los pueblos! Esclavos: no maldigamos la vida.<\/p>\n\n\n\n<div style=\"height:25px\" aria-hidden=\"true\" class=\"wp-block-spacer\"><\/div>\n\n\n\n<div class=\"wp-block-columns is-layout-flex wp-container-core-columns-is-layout-28f84493 wp-block-columns-is-layout-flex\">\n<div class=\"wp-block-column is-layout-flow wp-block-column-is-layout-flow\"><div class=\"wp-block-image\">\n<figure class=\"alignleft is-resized\"><img decoding=\"async\" src=\"https:\/\/www.solidaridadobrera.org\/ateneo_nacho\/imagenesarchivos\/Edward%20Abbey%20-%20La%20banda%20de%20la%20tenaza.gif\" alt=\"\" style=\"width:auto;height:200px\"\/><\/figure>\n<\/div>\n\n\n<p><a href=\"https:\/\/www.solidaridadobrera.org\/ateneo_nacho\/paginasagora\/paginasarticulos\/Edward%20Abbey.html\" target=\"_blank\" rel=\"noreferrer noopener\"><strong>LA NARRATIVA ECOACTIVISTA Y LIBERTARIA DE EDWARD ABBEY<\/strong><\/a><\/p>\n\n\n\n<div style=\"height:25px\" aria-hidden=\"true\" class=\"wp-block-spacer\"><\/div>\n\n\n<div class=\"wp-block-image\">\n<figure class=\"alignleft is-resized\"><img decoding=\"async\" src=\"https:\/\/www.solidaridadobrera.org\/ateneo_nacho\/imagenesarchivos\/julian%20vadillo%20historia%20de%20la%20cnt.gif\" alt=\"\" style=\"width:auto;height:200px\"\/><\/figure>\n<\/div>\n\n\n<p><a href=\"https:\/\/www.solidaridadobrera.org\/confederal\/2026\/03\/04\/la-historia-de-la-cnt-de-julian-vadillo-2020\/\" target=\"_blank\" rel=\"noreferrer noopener\"><strong>LA HISTORIA DE LA CNT DE JULI\u00c1N VADILLO, YA DISPONIBLE EN NUESTRA WEB<\/strong><\/a><\/p>\n\n\n\n<div style=\"height:25px\" aria-hidden=\"true\" class=\"wp-block-spacer\"><\/div>\n\n\n<div class=\"wp-block-image\">\n<figure class=\"alignleft is-resized\"><img decoding=\"async\" src=\"https:\/\/www.solidaridadobrera.org\/fotos\/libro%20002.gif\" alt=\"\" style=\"width:auto;height:200px\"\/><\/figure>\n<\/div>\n\n\n<p><a href=\"https:\/\/www.solidaridadobrera.org\/ateneo_nacho\/paginasagora\/paginasarticulos\/pedro%20dorado%20montero.html\" target=\"_blank\" rel=\"noreferrer noopener\"><strong>UN LIBRO DE LAURA PASCUAL: PEDRO DORADO MONTERO EL DESCONOCIDO<\/strong><\/a><\/p>\n\n\n\n<div style=\"height:25px\" aria-hidden=\"true\" class=\"wp-block-spacer\"><\/div>\n<\/div>\n\n\n\n<div class=\"wp-block-column is-layout-flow wp-block-column-is-layout-flow\"><div class=\"wp-block-image\">\n<figure class=\"alignleft is-resized\"><img decoding=\"async\" src=\"https:\/\/www.solidaridadobrera.org\/ateneo_nacho\/imagenesarchivos\/Mera_guerra_exilio_y_carcel.gif\" alt=\"\" style=\"width:auto;height:200px\"\/><\/figure>\n<\/div>\n\n\n<p><a href=\"https:\/\/www.solidaridadobrera.org\/confederal\/publicacion-en-digital-de-las-memorias-de-cipriano-mera\/\" target=\"_blank\" rel=\"noreferrer noopener\"><strong>LAS MEMORIAS DE CIPRIANO MERA EN EDICI\u00d3N DIGITAL<\/strong><\/a><\/p>\n\n\n\n<div style=\"height:25px\" aria-hidden=\"true\" class=\"wp-block-spacer\"><\/div>\n\n\n<div class=\"wp-block-image\">\n<figure class=\"alignleft is-resized\"><img decoding=\"async\" src=\"https:\/\/www.solidaridadobrera.org\/fotos\/libro%20001.gif\" alt=\"\" style=\"width:auto;height:200px\"\/><\/figure>\n<\/div>\n\n\n<p><strong>DESCARGA DIRECTA: <a href=\"https:\/\/loboiberico.com\/wp-content\/uploads\/2014\/05\/ASCEL_LobosPeninsulaIberica.pdf\" target=\"_blank\" rel=\"noreferrer noopener\">EN DEFENSA DEL LOBO IB\u00c9RICO<\/a><\/strong><\/p>\n\n\n\n<div style=\"height:25px\" aria-hidden=\"true\" class=\"wp-block-spacer\"><\/div>\n<\/div>\n<\/div>\n\n\n\n<div style=\"height:50px\" aria-hidden=\"true\" class=\"wp-block-spacer\"><\/div>\n","protected":false},"excerpt":{"rendered":"<p>ABRAHAM GUILL\u00c9N. GUERRILLA Y AUTOGESTI\u00d3N Abraham Guill\u00e9n. Guerrilla y autogesti\u00f3n, es una rigurosa biograf\u00eda del economista y revolucionario libertario Abraham Guill\u00e9n Sanz (1913-1993), que, tras combatir en la Guerra Civil [&hellip;]<\/p>\n","protected":false},"author":18,"featured_media":0,"parent":0,"menu_order":0,"comment_status":"closed","ping_status":"closed","template":"","meta":{"postBodyCss":"","postBodyMargin":[],"postBodyPadding":[],"postBodyBackground":{"backgroundType":"classic","gradient":""},"ngg_post_thumbnail":0,"footnotes":""},"class_list":["post-12147","page","type-page","status-publish","hentry"],"yoast_head":"<!-- This site is optimized with the Yoast SEO plugin v27.3 - https:\/\/yoast.com\/product\/yoast-seo-wordpress\/ -->\n<title>Rese\u00f1a de libros - CONFEDERACI\u00d3N SOLIDARIDAD OBRERA<\/title>\n<meta name=\"robots\" content=\"index, follow, max-snippet:-1, max-image-preview:large, max-video-preview:-1\" \/>\n<link rel=\"canonical\" href=\"https:\/\/www.solidaridadobrera.org\/confederal\/resena-de-libros\/\" \/>\n<meta property=\"og:locale\" content=\"es_ES\" \/>\n<meta property=\"og:type\" content=\"article\" \/>\n<meta property=\"og:title\" content=\"Rese\u00f1a de libros - CONFEDERACI\u00d3N SOLIDARIDAD OBRERA\" \/>\n<meta property=\"og:description\" content=\"ABRAHAM GUILL\u00c9N. GUERRILLA Y AUTOGESTI\u00d3N Abraham Guill\u00e9n. Guerrilla y autogesti\u00f3n, es una rigurosa biograf\u00eda del economista y revolucionario libertario Abraham Guill\u00e9n Sanz (1913-1993), que, tras combatir en la Guerra Civil [&hellip;]\" \/>\n<meta property=\"og:url\" content=\"https:\/\/www.solidaridadobrera.org\/confederal\/resena-de-libros\/\" \/>\n<meta property=\"og:site_name\" content=\"CONFEDERACI\u00d3N SOLIDARIDAD OBRERA\" \/>\n<meta property=\"article:publisher\" content=\"https:\/\/es-es.facebook.com\/Soliobrera\" \/>\n<meta property=\"article:modified_time\" content=\"2026-03-04T23:01:57+00:00\" \/>\n<meta property=\"og:image\" content=\"https:\/\/www.solidaridadobrera.org\/confederal\/wp-content\/uploads\/2021\/01\/9788409192649-1.gif\" \/>\n\t<meta property=\"og:image:width\" content=\"228\" \/>\n\t<meta property=\"og:image:height\" content=\"350\" \/>\n\t<meta property=\"og:image:type\" content=\"image\/gif\" \/>\n<meta name=\"twitter:card\" content=\"summary_large_image\" \/>\n<meta name=\"twitter:label1\" content=\"Tiempo de lectura\" \/>\n\t<meta name=\"twitter:data1\" content=\"3 minutos\" \/>\n<script type=\"application\/ld+json\" class=\"yoast-schema-graph\">{\"@context\":\"https:\\\/\\\/schema.org\",\"@graph\":[{\"@type\":\"WebPage\",\"@id\":\"https:\\\/\\\/www.solidaridadobrera.org\\\/confederal\\\/resena-de-libros\\\/\",\"url\":\"https:\\\/\\\/www.solidaridadobrera.org\\\/confederal\\\/resena-de-libros\\\/\",\"name\":\"Rese\u00f1a de libros - CONFEDERACI\u00d3N SOLIDARIDAD OBRERA\",\"isPartOf\":{\"@id\":\"https:\\\/\\\/www.solidaridadobrera.org\\\/confederal\\\/#website\"},\"primaryImageOfPage\":{\"@id\":\"https:\\\/\\\/www.solidaridadobrera.org\\\/confederal\\\/resena-de-libros\\\/#primaryimage\"},\"image\":{\"@id\":\"https:\\\/\\\/www.solidaridadobrera.org\\\/confederal\\\/resena-de-libros\\\/#primaryimage\"},\"thumbnailUrl\":\"https:\\\/\\\/www.solidaridadobrera.org\\\/confederal\\\/wp-content\\\/uploads\\\/2021\\\/01\\\/9788409192649-1.gif\",\"datePublished\":\"2026-02-02T15:44:39+00:00\",\"dateModified\":\"2026-03-04T23:01:57+00:00\",\"breadcrumb\":{\"@id\":\"https:\\\/\\\/www.solidaridadobrera.org\\\/confederal\\\/resena-de-libros\\\/#breadcrumb\"},\"inLanguage\":\"es\",\"potentialAction\":[{\"@type\":\"ReadAction\",\"target\":[\"https:\\\/\\\/www.solidaridadobrera.org\\\/confederal\\\/resena-de-libros\\\/\"]}]},{\"@type\":\"ImageObject\",\"inLanguage\":\"es\",\"@id\":\"https:\\\/\\\/www.solidaridadobrera.org\\\/confederal\\\/resena-de-libros\\\/#primaryimage\",\"url\":\"https:\\\/\\\/www.solidaridadobrera.org\\\/confederal\\\/wp-content\\\/uploads\\\/2021\\\/01\\\/9788409192649-1.gif\",\"contentUrl\":\"https:\\\/\\\/www.solidaridadobrera.org\\\/confederal\\\/wp-content\\\/uploads\\\/2021\\\/01\\\/9788409192649-1.gif\",\"width\":228,\"height\":350},{\"@type\":\"BreadcrumbList\",\"@id\":\"https:\\\/\\\/www.solidaridadobrera.org\\\/confederal\\\/resena-de-libros\\\/#breadcrumb\",\"itemListElement\":[{\"@type\":\"ListItem\",\"position\":1,\"name\":\"Portada\",\"item\":\"https:\\\/\\\/www.solidaridadobrera.org\\\/confederal\\\/\"},{\"@type\":\"ListItem\",\"position\":2,\"name\":\"Rese\u00f1a de libros\"}]},{\"@type\":\"WebSite\",\"@id\":\"https:\\\/\\\/www.solidaridadobrera.org\\\/confederal\\\/#website\",\"url\":\"https:\\\/\\\/www.solidaridadobrera.org\\\/confederal\\\/\",\"name\":\"SOLIDARIDAD OBRERA\",\"description\":\"Confederaci\u00f3n Anarcosindicalista. La lucha es el \u00fanico camino.\",\"publisher\":{\"@id\":\"https:\\\/\\\/www.solidaridadobrera.org\\\/confederal\\\/#organization\"},\"potentialAction\":[{\"@type\":\"SearchAction\",\"target\":{\"@type\":\"EntryPoint\",\"urlTemplate\":\"https:\\\/\\\/www.solidaridadobrera.org\\\/confederal\\\/?s={search_term_string}\"},\"query-input\":{\"@type\":\"PropertyValueSpecification\",\"valueRequired\":true,\"valueName\":\"search_term_string\"}}],\"inLanguage\":\"es\"},{\"@type\":\"Organization\",\"@id\":\"https:\\\/\\\/www.solidaridadobrera.org\\\/confederal\\\/#organization\",\"name\":\"Solidaridad Obrera\",\"url\":\"https:\\\/\\\/www.solidaridadobrera.org\\\/confederal\\\/\",\"logo\":{\"@type\":\"ImageObject\",\"inLanguage\":\"es\",\"@id\":\"https:\\\/\\\/www.solidaridadobrera.org\\\/confederal\\\/#\\\/schema\\\/logo\\\/image\\\/\",\"url\":\"https:\\\/\\\/www.solidaridadobrera.org\\\/confederal\\\/wp-content\\\/uploads\\\/2021\\\/07\\\/logo_soli_web.png\",\"contentUrl\":\"https:\\\/\\\/www.solidaridadobrera.org\\\/confederal\\\/wp-content\\\/uploads\\\/2021\\\/07\\\/logo_soli_web.png\",\"width\":1181,\"height\":1181,\"caption\":\"Solidaridad Obrera\"},\"image\":{\"@id\":\"https:\\\/\\\/www.solidaridadobrera.org\\\/confederal\\\/#\\\/schema\\\/logo\\\/image\\\/\"},\"sameAs\":[\"https:\\\/\\\/es-es.facebook.com\\\/Soliobrera\",\"https:\\\/\\\/www.instagram.com\\\/soliobrera\\\/\",\"https:\\\/\\\/web.telegram.org\\\/a\\\/#-1001124968543\"]}]}<\/script>\n<!-- \/ Yoast SEO plugin. -->","yoast_head_json":{"title":"Rese\u00f1a de libros - CONFEDERACI\u00d3N SOLIDARIDAD OBRERA","robots":{"index":"index","follow":"follow","max-snippet":"max-snippet:-1","max-image-preview":"max-image-preview:large","max-video-preview":"max-video-preview:-1"},"canonical":"https:\/\/www.solidaridadobrera.org\/confederal\/resena-de-libros\/","og_locale":"es_ES","og_type":"article","og_title":"Rese\u00f1a de libros - CONFEDERACI\u00d3N SOLIDARIDAD OBRERA","og_description":"ABRAHAM GUILL\u00c9N. GUERRILLA Y AUTOGESTI\u00d3N Abraham Guill\u00e9n. Guerrilla y autogesti\u00f3n, es una rigurosa biograf\u00eda del economista y revolucionario libertario Abraham Guill\u00e9n Sanz (1913-1993), que, tras combatir en la Guerra Civil [&hellip;]","og_url":"https:\/\/www.solidaridadobrera.org\/confederal\/resena-de-libros\/","og_site_name":"CONFEDERACI\u00d3N SOLIDARIDAD OBRERA","article_publisher":"https:\/\/es-es.facebook.com\/Soliobrera","article_modified_time":"2026-03-04T23:01:57+00:00","og_image":[{"width":228,"height":350,"url":"https:\/\/www.solidaridadobrera.org\/confederal\/wp-content\/uploads\/2021\/01\/9788409192649-1.gif","type":"image\/gif"}],"twitter_card":"summary_large_image","twitter_misc":{"Tiempo de lectura":"3 minutos"},"schema":{"@context":"https:\/\/schema.org","@graph":[{"@type":"WebPage","@id":"https:\/\/www.solidaridadobrera.org\/confederal\/resena-de-libros\/","url":"https:\/\/www.solidaridadobrera.org\/confederal\/resena-de-libros\/","name":"Rese\u00f1a de libros - CONFEDERACI\u00d3N SOLIDARIDAD OBRERA","isPartOf":{"@id":"https:\/\/www.solidaridadobrera.org\/confederal\/#website"},"primaryImageOfPage":{"@id":"https:\/\/www.solidaridadobrera.org\/confederal\/resena-de-libros\/#primaryimage"},"image":{"@id":"https:\/\/www.solidaridadobrera.org\/confederal\/resena-de-libros\/#primaryimage"},"thumbnailUrl":"https:\/\/www.solidaridadobrera.org\/confederal\/wp-content\/uploads\/2021\/01\/9788409192649-1.gif","datePublished":"2026-02-02T15:44:39+00:00","dateModified":"2026-03-04T23:01:57+00:00","breadcrumb":{"@id":"https:\/\/www.solidaridadobrera.org\/confederal\/resena-de-libros\/#breadcrumb"},"inLanguage":"es","potentialAction":[{"@type":"ReadAction","target":["https:\/\/www.solidaridadobrera.org\/confederal\/resena-de-libros\/"]}]},{"@type":"ImageObject","inLanguage":"es","@id":"https:\/\/www.solidaridadobrera.org\/confederal\/resena-de-libros\/#primaryimage","url":"https:\/\/www.solidaridadobrera.org\/confederal\/wp-content\/uploads\/2021\/01\/9788409192649-1.gif","contentUrl":"https:\/\/www.solidaridadobrera.org\/confederal\/wp-content\/uploads\/2021\/01\/9788409192649-1.gif","width":228,"height":350},{"@type":"BreadcrumbList","@id":"https:\/\/www.solidaridadobrera.org\/confederal\/resena-de-libros\/#breadcrumb","itemListElement":[{"@type":"ListItem","position":1,"name":"Portada","item":"https:\/\/www.solidaridadobrera.org\/confederal\/"},{"@type":"ListItem","position":2,"name":"Rese\u00f1a de libros"}]},{"@type":"WebSite","@id":"https:\/\/www.solidaridadobrera.org\/confederal\/#website","url":"https:\/\/www.solidaridadobrera.org\/confederal\/","name":"SOLIDARIDAD OBRERA","description":"Confederaci\u00f3n Anarcosindicalista. La lucha es el \u00fanico camino.","publisher":{"@id":"https:\/\/www.solidaridadobrera.org\/confederal\/#organization"},"potentialAction":[{"@type":"SearchAction","target":{"@type":"EntryPoint","urlTemplate":"https:\/\/www.solidaridadobrera.org\/confederal\/?s={search_term_string}"},"query-input":{"@type":"PropertyValueSpecification","valueRequired":true,"valueName":"search_term_string"}}],"inLanguage":"es"},{"@type":"Organization","@id":"https:\/\/www.solidaridadobrera.org\/confederal\/#organization","name":"Solidaridad Obrera","url":"https:\/\/www.solidaridadobrera.org\/confederal\/","logo":{"@type":"ImageObject","inLanguage":"es","@id":"https:\/\/www.solidaridadobrera.org\/confederal\/#\/schema\/logo\/image\/","url":"https:\/\/www.solidaridadobrera.org\/confederal\/wp-content\/uploads\/2021\/07\/logo_soli_web.png","contentUrl":"https:\/\/www.solidaridadobrera.org\/confederal\/wp-content\/uploads\/2021\/07\/logo_soli_web.png","width":1181,"height":1181,"caption":"Solidaridad Obrera"},"image":{"@id":"https:\/\/www.solidaridadobrera.org\/confederal\/#\/schema\/logo\/image\/"},"sameAs":["https:\/\/es-es.facebook.com\/Soliobrera","https:\/\/www.instagram.com\/soliobrera\/","https:\/\/web.telegram.org\/a\/#-1001124968543"]}]}},"_links":{"self":[{"href":"https:\/\/www.solidaridadobrera.org\/confederal\/wp-json\/wp\/v2\/pages\/12147","targetHints":{"allow":["GET"]}}],"collection":[{"href":"https:\/\/www.solidaridadobrera.org\/confederal\/wp-json\/wp\/v2\/pages"}],"about":[{"href":"https:\/\/www.solidaridadobrera.org\/confederal\/wp-json\/wp\/v2\/types\/page"}],"author":[{"embeddable":true,"href":"https:\/\/www.solidaridadobrera.org\/confederal\/wp-json\/wp\/v2\/users\/18"}],"replies":[{"embeddable":true,"href":"https:\/\/www.solidaridadobrera.org\/confederal\/wp-json\/wp\/v2\/comments?post=12147"}],"version-history":[{"count":11,"href":"https:\/\/www.solidaridadobrera.org\/confederal\/wp-json\/wp\/v2\/pages\/12147\/revisions"}],"predecessor-version":[{"id":13209,"href":"https:\/\/www.solidaridadobrera.org\/confederal\/wp-json\/wp\/v2\/pages\/12147\/revisions\/13209"}],"wp:attachment":[{"href":"https:\/\/www.solidaridadobrera.org\/confederal\/wp-json\/wp\/v2\/media?parent=12147"}],"curies":[{"name":"wp","href":"https:\/\/api.w.org\/{rel}","templated":true}]}}