{"id":11839,"date":"2026-01-31T01:07:16","date_gmt":"2026-01-31T01:07:16","guid":{"rendered":"https:\/\/www.solidaridadobrera.org\/confederal\/?page_id=11839"},"modified":"2026-02-06T16:48:11","modified_gmt":"2026-02-06T16:48:11","slug":"oo-vv-a-coruna","status":"publish","type":"page","link":"https:\/\/www.solidaridadobrera.org\/confederal\/oo-vv-a-coruna\/","title":{"rendered":"OO.VV. A Coru\u00f1a"},"content":{"rendered":"\n<div style=\"height:25px\" aria-hidden=\"true\" class=\"wp-block-spacer\"><\/div>\n\n\n<div class=\"wp-block-image\">\n<figure class=\"alignright size-full is-resized\"><img fetchpriority=\"high\" decoding=\"async\" width=\"1063\" height=\"1063\" src=\"https:\/\/www.solidaridadobrera.org\/confederal\/wp-content\/uploads\/2026\/02\/SOLI_Xeral_9x9_transparente.png\" alt=\"Logo Solidariedade Obreira OOVV A Coru\u00f1a\" class=\"wp-image-12019\" style=\"width:375px\" srcset=\"https:\/\/www.solidaridadobrera.org\/confederal\/wp-content\/uploads\/2026\/02\/SOLI_Xeral_9x9_transparente.png 1063w, https:\/\/www.solidaridadobrera.org\/confederal\/wp-content\/uploads\/2026\/02\/SOLI_Xeral_9x9_transparente-300x300.png 300w, https:\/\/www.solidaridadobrera.org\/confederal\/wp-content\/uploads\/2026\/02\/SOLI_Xeral_9x9_transparente-1024x1024.png 1024w, https:\/\/www.solidaridadobrera.org\/confederal\/wp-content\/uploads\/2026\/02\/SOLI_Xeral_9x9_transparente-150x150.png 150w, https:\/\/www.solidaridadobrera.org\/confederal\/wp-content\/uploads\/2026\/02\/SOLI_Xeral_9x9_transparente-768x768.png 768w\" sizes=\"(max-width: 1063px) 100vw, 1063px\" \/><\/figure>\n<\/div>\n\n\n<h3 class=\"wp-block-heading\">DIRECCI\u00d3N POSTAL<\/h3>\n\n\n\n<p>R\u00faa dos Irm\u00e1ns Rey-Alvite, 3<br>15702 Santiago de Compostela<br>A Coru\u00f1a<\/p>\n\n\n\n<h3 class=\"wp-block-heading\">CORREO ELECTR\u00d3NICO<\/h3>\n\n\n\n<p><a href=\"mailto:info@solidariedadeobreira.org\">info@solidariedadeobreira.org<\/a><\/p>\n\n\n\n<h3 class=\"wp-block-heading\">WEB<\/h3>\n\n\n\n<p><a href=\"https:\/\/solidariedadeobreira.org\">https:\/\/solidariedadeobreira.org<\/a><\/p>\n\n\n\n<h3 class=\"wp-block-heading\">REDES SOCIALES<\/h3>\n\n\n\n<div class=\"redes-sociales-lista\" style=\"font-family: sans-serif; line-height: 2em;\">\n\n  <!-- Instagram -->\n  <div style=\"display: flex; align-items: center;\">\n    <svg xmlns=\"http:\/\/www.w3.org\/2000\/svg\" width=\"24\" height=\"24\" viewBox=\"0 0 512 512\" style=\"margin-right: 8px;\">\n      <linearGradient id=\"instaGrad2\" x1=\"0\" y1=\"0\" x2=\"1\" y2=\"1\">\n        <stop offset=\"0%\" stop-color=\"#f58529\"\/>\n        <stop offset=\"50%\" stop-color=\"#dd2a7b\"\/>\n        <stop offset=\"100%\" stop-color=\"#8134af\"\/>\n      <\/linearGradient>\n      <path fill=\"url(#instaGrad2)\" d=\"M349.33 69.33H162.67C108.66 69.33 69.33 108.66 69.33 162.67v186.66c0 54.01 39.33 93.34 93.34 93.34h186.66c54.01 0 93.34-39.33 93.34-93.34V162.67c0-54.01-39.33-93.34-93.34-93.34zm61.33 280c0 33.92-27.41 61.33-61.33 61.33H162.67c-33.92 0-61.33-27.41-61.33-61.33V162.67c0-33.92 27.41-61.33 61.33-61.33h186.66c33.92 0 61.33 27.41 61.33 61.33v186.66z\"\/>\n      <circle fill=\"url(#instaGrad2)\" cx=\"256\" cy=\"256\" r=\"80\"\/>\n      <circle fill=\"url(#instaGrad2)\" cx=\"350\" cy=\"162\" r=\"20\"\/>\n    <\/svg>\n<a href=\"https:\/\/www.instagram.com\/solidariedadeobreira\/\" target=\"_blank\">solidariedadeobreira<\/a>\n  <\/div>\n\n  <!-- Facebook -->\n  <div style=\"display: flex; align-items: center;\">\n    <svg xmlns=\"http:\/\/www.w3.org\/2000\/svg\" width=\"24\" height=\"24\" viewBox=\"0 0 24 24\" fill=\"#1877F2\" style=\"margin-right: 8px;\">\n      <path d=\"M22.675 0H1.325C.593 0 0 .593 0 1.326v21.348C0 23.407.593 24 1.325 24h11.495v-9.294H9.692v-3.622h3.128V8.414c0-3.1 1.893-4.788 4.659-4.788 1.325 0 2.464.099 2.795.143v3.24l-1.918.001c-1.504 0-1.796.715-1.796 1.763v2.312h3.587l-.467 3.622h-3.12V24h6.116c.73 0 1.323-.593 1.323-1.326V1.326C24 .593 23.407 0 22.675 0z\"\/>\n    <\/svg>\n<a href=\"https:\/\/www.facebook.com\/p\/Solidariedade-Obreira-61565336643277\" target=\"_blank\">Solidariedade Obreira<\/a>\n  <\/div>\n\n  <!-- Bluesky -->\n  <div style=\"display: flex; align-items: center;\">\n    <svg xmlns=\"http:\/\/www.w3.org\/2000\/svg\" width=\"24\" height=\"24\" viewBox=\"0 0 24 24\" fill=\"#1DA1F2\" style=\"margin-right: 8px;\">\n      <path d=\"M6.3,4.2c2.3,1.7,4.8,5.3,5.7,7.2.9-1.9,3.4-5.4,5.7-7.2,1.7-1.3,4.3-2.2,4.3.9s-.4,5.2-.6,5.9c-.7,2.6-3.3,3.2-5.6,2.8,4,.7,5.1,3,2.9,5.3-5,5.2-6.7-2.8-6.7-2.8,0,0-1.7,8-6.7,2.8-2.2-2.3-1.2-4.6,2.9-5.3-2.3.4-4.9-.3-5.6-2.8-.2-.7-.6-5.3-.6-5.9,0-3.1,2.7-2.1,4.3-.9h0Z\"><\/path>\n    <\/svg>\n<a href=\"https:\/\/bsky.app\/profile\/soliobreira.bsky.social\" target=\"_blank\">Solidariedade Obreira<\/a>\n  <\/div>\n\n<\/div>\n\n\n\n<div style=\"height:10px\" aria-hidden=\"true\" class=\"wp-block-spacer mt-0\"><\/div>\n\n\n\n<p><\/p>\n","protected":false},"excerpt":{"rendered":"<p>DIRECCI\u00d3N POSTAL R\u00faa dos Irm\u00e1ns Rey-Alvite, 315702 Santiago de CompostelaA Coru\u00f1a CORREO ELECTR\u00d3NICO info@solidariedadeobreira.org WEB https:\/\/solidariedadeobreira.org REDES SOCIALES solidariedadeobreira Solidariedade Obreira Solidariedade Obreira<\/p>\n","protected":false},"author":18,"featured_media":0,"parent":0,"menu_order":0,"comment_status":"closed","ping_status":"closed","template":"","meta":{"postBodyCss":"","postBodyMargin":[],"postBodyPadding":[],"postBodyBackground":{"backgroundType":"classic","gradient":""},"ngg_post_thumbnail":0,"footnotes":""},"class_list":["post-11839","page","type-page","status-publish","hentry"],"yoast_head":"<!-- This site is optimized with the Yoast SEO plugin v27.3 - https:\/\/yoast.com\/product\/yoast-seo-wordpress\/ -->\n<title>OO.VV. A Coru\u00f1a - CONFEDERACI\u00d3N SOLIDARIDAD OBRERA<\/title>\n<meta name=\"robots\" content=\"index, follow, max-snippet:-1, max-image-preview:large, max-video-preview:-1\" \/>\n<link rel=\"canonical\" href=\"https:\/\/www.solidaridadobrera.org\/confederal\/oo-vv-a-coruna\/\" \/>\n<meta property=\"og:locale\" content=\"es_ES\" \/>\n<meta property=\"og:type\" content=\"article\" \/>\n<meta property=\"og:title\" content=\"OO.VV. A Coru\u00f1a - CONFEDERACI\u00d3N SOLIDARIDAD OBRERA\" \/>\n<meta property=\"og:description\" content=\"DIRECCI\u00d3N POSTAL R\u00faa dos Irm\u00e1ns Rey-Alvite, 315702 Santiago de CompostelaA Coru\u00f1a CORREO ELECTR\u00d3NICO info@solidariedadeobreira.org WEB https:\/\/solidariedadeobreira.org REDES SOCIALES solidariedadeobreira Solidariedade Obreira Solidariedade Obreira\" \/>\n<meta property=\"og:url\" content=\"https:\/\/www.solidaridadobrera.org\/confederal\/oo-vv-a-coruna\/\" \/>\n<meta property=\"og:site_name\" content=\"CONFEDERACI\u00d3N SOLIDARIDAD OBRERA\" \/>\n<meta property=\"article:publisher\" content=\"https:\/\/es-es.facebook.com\/Soliobrera\" \/>\n<meta property=\"article:modified_time\" content=\"2026-02-06T16:48:11+00:00\" \/>\n<meta property=\"og:image\" content=\"https:\/\/www.solidaridadobrera.org\/confederal\/wp-content\/uploads\/2026\/02\/SOLI_Xeral_9x9_transparente.png\" \/>\n\t<meta property=\"og:image:width\" content=\"1063\" \/>\n\t<meta property=\"og:image:height\" content=\"1063\" \/>\n\t<meta property=\"og:image:type\" content=\"image\/png\" \/>\n<meta name=\"twitter:card\" content=\"summary_large_image\" \/>\n<meta name=\"twitter:label1\" content=\"Tiempo de lectura\" \/>\n\t<meta name=\"twitter:data1\" content=\"1 minuto\" \/>\n<script type=\"application\/ld+json\" class=\"yoast-schema-graph\">{\"@context\":\"https:\\\/\\\/schema.org\",\"@graph\":[{\"@type\":\"WebPage\",\"@id\":\"https:\\\/\\\/www.solidaridadobrera.org\\\/confederal\\\/oo-vv-a-coruna\\\/\",\"url\":\"https:\\\/\\\/www.solidaridadobrera.org\\\/confederal\\\/oo-vv-a-coruna\\\/\",\"name\":\"OO.VV. A Coru\u00f1a - CONFEDERACI\u00d3N SOLIDARIDAD OBRERA\",\"isPartOf\":{\"@id\":\"https:\\\/\\\/www.solidaridadobrera.org\\\/confederal\\\/#website\"},\"primaryImageOfPage\":{\"@id\":\"https:\\\/\\\/www.solidaridadobrera.org\\\/confederal\\\/oo-vv-a-coruna\\\/#primaryimage\"},\"image\":{\"@id\":\"https:\\\/\\\/www.solidaridadobrera.org\\\/confederal\\\/oo-vv-a-coruna\\\/#primaryimage\"},\"thumbnailUrl\":\"https:\\\/\\\/www.solidaridadobrera.org\\\/confederal\\\/wp-content\\\/uploads\\\/2026\\\/02\\\/SOLI_Xeral_9x9_transparente.png\",\"datePublished\":\"2026-01-31T01:07:16+00:00\",\"dateModified\":\"2026-02-06T16:48:11+00:00\",\"breadcrumb\":{\"@id\":\"https:\\\/\\\/www.solidaridadobrera.org\\\/confederal\\\/oo-vv-a-coruna\\\/#breadcrumb\"},\"inLanguage\":\"es\",\"potentialAction\":[{\"@type\":\"ReadAction\",\"target\":[\"https:\\\/\\\/www.solidaridadobrera.org\\\/confederal\\\/oo-vv-a-coruna\\\/\"]}]},{\"@type\":\"ImageObject\",\"inLanguage\":\"es\",\"@id\":\"https:\\\/\\\/www.solidaridadobrera.org\\\/confederal\\\/oo-vv-a-coruna\\\/#primaryimage\",\"url\":\"https:\\\/\\\/www.solidaridadobrera.org\\\/confederal\\\/wp-content\\\/uploads\\\/2026\\\/02\\\/SOLI_Xeral_9x9_transparente.png\",\"contentUrl\":\"https:\\\/\\\/www.solidaridadobrera.org\\\/confederal\\\/wp-content\\\/uploads\\\/2026\\\/02\\\/SOLI_Xeral_9x9_transparente.png\",\"width\":1063,\"height\":1063},{\"@type\":\"BreadcrumbList\",\"@id\":\"https:\\\/\\\/www.solidaridadobrera.org\\\/confederal\\\/oo-vv-a-coruna\\\/#breadcrumb\",\"itemListElement\":[{\"@type\":\"ListItem\",\"position\":1,\"name\":\"Portada\",\"item\":\"https:\\\/\\\/www.solidaridadobrera.org\\\/confederal\\\/\"},{\"@type\":\"ListItem\",\"position\":2,\"name\":\"OO.VV. A Coru\u00f1a\"}]},{\"@type\":\"WebSite\",\"@id\":\"https:\\\/\\\/www.solidaridadobrera.org\\\/confederal\\\/#website\",\"url\":\"https:\\\/\\\/www.solidaridadobrera.org\\\/confederal\\\/\",\"name\":\"SOLIDARIDAD OBRERA\",\"description\":\"Confederaci\u00f3n Anarcosindicalista. La lucha es el \u00fanico camino.\",\"publisher\":{\"@id\":\"https:\\\/\\\/www.solidaridadobrera.org\\\/confederal\\\/#organization\"},\"potentialAction\":[{\"@type\":\"SearchAction\",\"target\":{\"@type\":\"EntryPoint\",\"urlTemplate\":\"https:\\\/\\\/www.solidaridadobrera.org\\\/confederal\\\/?s={search_term_string}\"},\"query-input\":{\"@type\":\"PropertyValueSpecification\",\"valueRequired\":true,\"valueName\":\"search_term_string\"}}],\"inLanguage\":\"es\"},{\"@type\":\"Organization\",\"@id\":\"https:\\\/\\\/www.solidaridadobrera.org\\\/confederal\\\/#organization\",\"name\":\"Solidaridad Obrera\",\"url\":\"https:\\\/\\\/www.solidaridadobrera.org\\\/confederal\\\/\",\"logo\":{\"@type\":\"ImageObject\",\"inLanguage\":\"es\",\"@id\":\"https:\\\/\\\/www.solidaridadobrera.org\\\/confederal\\\/#\\\/schema\\\/logo\\\/image\\\/\",\"url\":\"https:\\\/\\\/www.solidaridadobrera.org\\\/confederal\\\/wp-content\\\/uploads\\\/2021\\\/07\\\/logo_soli_web.png\",\"contentUrl\":\"https:\\\/\\\/www.solidaridadobrera.org\\\/confederal\\\/wp-content\\\/uploads\\\/2021\\\/07\\\/logo_soli_web.png\",\"width\":1181,\"height\":1181,\"caption\":\"Solidaridad Obrera\"},\"image\":{\"@id\":\"https:\\\/\\\/www.solidaridadobrera.org\\\/confederal\\\/#\\\/schema\\\/logo\\\/image\\\/\"},\"sameAs\":[\"https:\\\/\\\/es-es.facebook.com\\\/Soliobrera\",\"https:\\\/\\\/www.instagram.com\\\/soliobrera\\\/\",\"https:\\\/\\\/web.telegram.org\\\/a\\\/#-1001124968543\"]}]}<\/script>\n<!-- \/ Yoast SEO plugin. -->","yoast_head_json":{"title":"OO.VV. A Coru\u00f1a - CONFEDERACI\u00d3N SOLIDARIDAD OBRERA","robots":{"index":"index","follow":"follow","max-snippet":"max-snippet:-1","max-image-preview":"max-image-preview:large","max-video-preview":"max-video-preview:-1"},"canonical":"https:\/\/www.solidaridadobrera.org\/confederal\/oo-vv-a-coruna\/","og_locale":"es_ES","og_type":"article","og_title":"OO.VV. A Coru\u00f1a - CONFEDERACI\u00d3N SOLIDARIDAD OBRERA","og_description":"DIRECCI\u00d3N POSTAL R\u00faa dos Irm\u00e1ns Rey-Alvite, 315702 Santiago de CompostelaA Coru\u00f1a CORREO ELECTR\u00d3NICO info@solidariedadeobreira.org WEB https:\/\/solidariedadeobreira.org REDES SOCIALES solidariedadeobreira Solidariedade Obreira Solidariedade Obreira","og_url":"https:\/\/www.solidaridadobrera.org\/confederal\/oo-vv-a-coruna\/","og_site_name":"CONFEDERACI\u00d3N SOLIDARIDAD OBRERA","article_publisher":"https:\/\/es-es.facebook.com\/Soliobrera","article_modified_time":"2026-02-06T16:48:11+00:00","og_image":[{"width":1063,"height":1063,"url":"https:\/\/www.solidaridadobrera.org\/confederal\/wp-content\/uploads\/2026\/02\/SOLI_Xeral_9x9_transparente.png","type":"image\/png"}],"twitter_card":"summary_large_image","twitter_misc":{"Tiempo de lectura":"1 minuto"},"schema":{"@context":"https:\/\/schema.org","@graph":[{"@type":"WebPage","@id":"https:\/\/www.solidaridadobrera.org\/confederal\/oo-vv-a-coruna\/","url":"https:\/\/www.solidaridadobrera.org\/confederal\/oo-vv-a-coruna\/","name":"OO.VV. A Coru\u00f1a - CONFEDERACI\u00d3N SOLIDARIDAD OBRERA","isPartOf":{"@id":"https:\/\/www.solidaridadobrera.org\/confederal\/#website"},"primaryImageOfPage":{"@id":"https:\/\/www.solidaridadobrera.org\/confederal\/oo-vv-a-coruna\/#primaryimage"},"image":{"@id":"https:\/\/www.solidaridadobrera.org\/confederal\/oo-vv-a-coruna\/#primaryimage"},"thumbnailUrl":"https:\/\/www.solidaridadobrera.org\/confederal\/wp-content\/uploads\/2026\/02\/SOLI_Xeral_9x9_transparente.png","datePublished":"2026-01-31T01:07:16+00:00","dateModified":"2026-02-06T16:48:11+00:00","breadcrumb":{"@id":"https:\/\/www.solidaridadobrera.org\/confederal\/oo-vv-a-coruna\/#breadcrumb"},"inLanguage":"es","potentialAction":[{"@type":"ReadAction","target":["https:\/\/www.solidaridadobrera.org\/confederal\/oo-vv-a-coruna\/"]}]},{"@type":"ImageObject","inLanguage":"es","@id":"https:\/\/www.solidaridadobrera.org\/confederal\/oo-vv-a-coruna\/#primaryimage","url":"https:\/\/www.solidaridadobrera.org\/confederal\/wp-content\/uploads\/2026\/02\/SOLI_Xeral_9x9_transparente.png","contentUrl":"https:\/\/www.solidaridadobrera.org\/confederal\/wp-content\/uploads\/2026\/02\/SOLI_Xeral_9x9_transparente.png","width":1063,"height":1063},{"@type":"BreadcrumbList","@id":"https:\/\/www.solidaridadobrera.org\/confederal\/oo-vv-a-coruna\/#breadcrumb","itemListElement":[{"@type":"ListItem","position":1,"name":"Portada","item":"https:\/\/www.solidaridadobrera.org\/confederal\/"},{"@type":"ListItem","position":2,"name":"OO.VV. A Coru\u00f1a"}]},{"@type":"WebSite","@id":"https:\/\/www.solidaridadobrera.org\/confederal\/#website","url":"https:\/\/www.solidaridadobrera.org\/confederal\/","name":"SOLIDARIDAD OBRERA","description":"Confederaci\u00f3n Anarcosindicalista. La lucha es el \u00fanico camino.","publisher":{"@id":"https:\/\/www.solidaridadobrera.org\/confederal\/#organization"},"potentialAction":[{"@type":"SearchAction","target":{"@type":"EntryPoint","urlTemplate":"https:\/\/www.solidaridadobrera.org\/confederal\/?s={search_term_string}"},"query-input":{"@type":"PropertyValueSpecification","valueRequired":true,"valueName":"search_term_string"}}],"inLanguage":"es"},{"@type":"Organization","@id":"https:\/\/www.solidaridadobrera.org\/confederal\/#organization","name":"Solidaridad Obrera","url":"https:\/\/www.solidaridadobrera.org\/confederal\/","logo":{"@type":"ImageObject","inLanguage":"es","@id":"https:\/\/www.solidaridadobrera.org\/confederal\/#\/schema\/logo\/image\/","url":"https:\/\/www.solidaridadobrera.org\/confederal\/wp-content\/uploads\/2021\/07\/logo_soli_web.png","contentUrl":"https:\/\/www.solidaridadobrera.org\/confederal\/wp-content\/uploads\/2021\/07\/logo_soli_web.png","width":1181,"height":1181,"caption":"Solidaridad Obrera"},"image":{"@id":"https:\/\/www.solidaridadobrera.org\/confederal\/#\/schema\/logo\/image\/"},"sameAs":["https:\/\/es-es.facebook.com\/Soliobrera","https:\/\/www.instagram.com\/soliobrera\/","https:\/\/web.telegram.org\/a\/#-1001124968543"]}]}},"_links":{"self":[{"href":"https:\/\/www.solidaridadobrera.org\/confederal\/wp-json\/wp\/v2\/pages\/11839","targetHints":{"allow":["GET"]}}],"collection":[{"href":"https:\/\/www.solidaridadobrera.org\/confederal\/wp-json\/wp\/v2\/pages"}],"about":[{"href":"https:\/\/www.solidaridadobrera.org\/confederal\/wp-json\/wp\/v2\/types\/page"}],"author":[{"embeddable":true,"href":"https:\/\/www.solidaridadobrera.org\/confederal\/wp-json\/wp\/v2\/users\/18"}],"replies":[{"embeddable":true,"href":"https:\/\/www.solidaridadobrera.org\/confederal\/wp-json\/wp\/v2\/comments?post=11839"}],"version-history":[{"count":52,"href":"https:\/\/www.solidaridadobrera.org\/confederal\/wp-json\/wp\/v2\/pages\/11839\/revisions"}],"predecessor-version":[{"id":12513,"href":"https:\/\/www.solidaridadobrera.org\/confederal\/wp-json\/wp\/v2\/pages\/11839\/revisions\/12513"}],"wp:attachment":[{"href":"https:\/\/www.solidaridadobrera.org\/confederal\/wp-json\/wp\/v2\/media?parent=11839"}],"curies":[{"name":"wp","href":"https:\/\/api.w.org\/{rel}","templated":true}]}}