{"id":11798,"date":"2026-01-31T00:00:07","date_gmt":"2026-01-31T00:00:07","guid":{"rendered":"https:\/\/www.solidaridadobrera.org\/confederal\/?page_id=11798"},"modified":"2026-02-04T12:32:18","modified_gmt":"2026-02-04T12:32:18","slug":"enlaces-libertarios","status":"publish","type":"page","link":"https:\/\/www.solidaridadobrera.org\/confederal\/enlaces-libertarios\/","title":{"rendered":"Enlaces Universo Libertario"},"content":{"rendered":"\n<h2 class=\"wp-block-heading\"><em>\u00bf TE DAS UNA VUELTA POR LA GALAXIA ACRACIA ?<\/em><\/h2>\n\n\n\n<h3 class=\"wp-block-heading\">Internacionales<\/h3>\n\n\n\n<table id=\"tablepress-1\" class=\"tablepress tablepress-id-1\">\n<tbody class=\"row-striping row-hover\">\n<tr class=\"row-1\">\n\t<td class=\"column-1\">ICL-CIT. Confederaci\u00f3n Internacional del Trabajo<\/td><td class=\"column-2\"><a href=\"https:\/\/www.icl-cit.org\/es\" target=\"_blank\" >https:\/\/www.icl-cit.org\/es<\/a><\/td>\n<\/tr>\n<tr class=\"row-2\">\n\t<td class=\"column-1\">IWA-AIT. Asociaci\u00f3n Internacional de los trabajadores<\/td><td class=\"column-2\"><a href=\"https:\/\/iwa-ait.org\/es\" target=\"_blank\" >https:\/\/iwa-ait.org\/es<\/a><\/td>\n<\/tr>\n<tr class=\"row-3\">\n\t<td class=\"column-1\">Red &amp; Black Coordination &#8211; Coordinadora Rojinegra Internacional<\/td><td class=\"column-2\"><a href=\"http:\/\/redblack.org\" target=\"_blank\" >http:\/\/redblack.org<\/a><\/td>\n<\/tr>\n<\/tbody>\n<\/table>\n<!-- #tablepress-1 from cache -->\n\n\n<h3 class=\"wp-block-heading\">Anarcosindicales Espa\u00f1olas<\/h3>\n\n\n\n<table id=\"tablepress-2\" class=\"tablepress tablepress-id-2\">\n<tbody class=\"row-striping row-hover\">\n<tr class=\"row-1\">\n\t<td class=\"column-1\">CGT. Confederaci\u00f3n General del Trabajo<\/td><td class=\"column-2\"><a href=\"http:\/\/cgt.org.es\" target=\"_blank\" >http:\/\/cgt.org.es<\/a><\/td>\n<\/tr>\n<tr class=\"row-2\">\n\t<td class=\"column-1\">CNT-CIT. Confederaci\u00f3n Nacional del Trabajo<\/td><td class=\"column-2\"><a href=\"http:\/\/www.cnt.es\" target=\"_blank\" >http:\/\/www.cnt.es<\/a><\/td>\n<\/tr>\n<tr class=\"row-3\">\n\t<td class=\"column-1\">CNT-AIT. Confederaci\u00f3n Nacional del Trabajo<\/td><td class=\"column-2\"><a href=\"http:\/\/www.cnt-ait.org\" target=\"_blank\" >http:\/\/www.cnt-ait.org<\/a><\/td>\n<\/tr>\n<\/tbody>\n<\/table>\n<!-- #tablepress-2 from cache -->\n\n\n<h3 class=\"wp-block-heading\">Enlaces varios antiautoritarios Espa\u00f1a<\/h3>\n\n\n\n<table id=\"tablepress-4\" class=\"tablepress tablepress-id-4\">\n<tbody class=\"row-striping row-hover\">\n<tr class=\"row-1\">\n\t<td class=\"column-1\">CNT francesa<\/td><td class=\"column-2\"><a href=\"https:\/\/www.cnt-f.org\" target=\"_blank\">https:\/\/www.cnt-f.org<\/a><\/td>\n<\/tr>\n<tr class=\"row-2\">\n\t<td class=\"column-1\">SAC (Suecia)<\/td><td class=\"column-2\"><a href=\"https:\/\/www.sac.se\" target=\"_blank\">https:\/\/www.sac.se<\/a><\/td>\n<\/tr>\n<tr class=\"row-3\">\n\t<td class=\"column-1\">USI italiana<\/td><td class=\"column-2\"><a href=\"https:\/\/www.usi-cit.org\" target=\"_blank\">https:\/\/www.usi-cit.org<\/a><\/td>\n<\/tr>\n<tr class=\"row-4\">\n\t<td class=\"column-1\">IWW. Trabajadores Industriales del Mundo<\/td><td class=\"column-2\"><a href=\"https:\/\/www.iww.org\" target=\"_blank\">https:\/\/www.iww.org<\/a><\/td>\n<\/tr>\n<tr class=\"row-5\">\n\t<td class=\"column-1\">Solidarity (IWW)<\/td><td class=\"column-2\"><a href=\"https:\/\/iwwsolidaridad.org\" target=\"_blank\">https:\/\/iwwsolidaridad.org<\/a><\/td>\n<\/tr>\n<tr class=\"row-6\">\n\t<td class=\"column-1\">FAU alemana<\/td><td class=\"column-2\"><a href=\"https:\/\/www.fau.org\" target=\"_blank\">https:\/\/www.fau.org<\/a><\/td>\n<\/tr>\n<tr class=\"row-7\">\n\t<td class=\"column-1\">Federaci\u00f3n Anarquista Francesa<\/td><td class=\"column-2\"><a href=\"https:\/\/federation-anarchiste.org\" target=\"_blank\">https:\/\/federation-anarchiste.org<\/a><\/td>\n<\/tr>\n<tr class=\"row-8\">\n\t<td class=\"column-1\">Bit\u00e1cora Anarquista (Per\u00fa)<\/td><td class=\"column-2\"><a href=\"https:\/\/bitacoraanarquista.wordpress.com\" target=\"_blank\">https:\/\/bitacoraanarquista.wordpress.com<\/a><\/td>\n<\/tr>\n<\/tbody>\n<\/table>\n<!-- #tablepress-4 from cache -->\n\n\n<h3 class=\"wp-block-heading\">Organizaciones Ib\u00e9ricas<\/h3>\n\n\n\n<table id=\"tablepress-4-no-2\" class=\"tablepress tablepress-id-4\">\n<tbody class=\"row-striping row-hover\">\n<tr class=\"row-1\">\n\t<td class=\"column-1\">CNT francesa<\/td><td class=\"column-2\"><a href=\"https:\/\/www.cnt-f.org\" target=\"_blank\">https:\/\/www.cnt-f.org<\/a><\/td>\n<\/tr>\n<tr class=\"row-2\">\n\t<td class=\"column-1\">SAC (Suecia)<\/td><td class=\"column-2\"><a href=\"https:\/\/www.sac.se\" target=\"_blank\">https:\/\/www.sac.se<\/a><\/td>\n<\/tr>\n<tr class=\"row-3\">\n\t<td class=\"column-1\">USI italiana<\/td><td class=\"column-2\"><a href=\"https:\/\/www.usi-cit.org\" target=\"_blank\">https:\/\/www.usi-cit.org<\/a><\/td>\n<\/tr>\n<tr class=\"row-4\">\n\t<td class=\"column-1\">IWW. Trabajadores Industriales del Mundo<\/td><td class=\"column-2\"><a href=\"https:\/\/www.iww.org\" target=\"_blank\">https:\/\/www.iww.org<\/a><\/td>\n<\/tr>\n<tr class=\"row-5\">\n\t<td class=\"column-1\">Solidarity (IWW)<\/td><td class=\"column-2\"><a href=\"https:\/\/iwwsolidaridad.org\" target=\"_blank\">https:\/\/iwwsolidaridad.org<\/a><\/td>\n<\/tr>\n<tr class=\"row-6\">\n\t<td class=\"column-1\">FAU alemana<\/td><td class=\"column-2\"><a href=\"https:\/\/www.fau.org\" target=\"_blank\">https:\/\/www.fau.org<\/a><\/td>\n<\/tr>\n<tr class=\"row-7\">\n\t<td class=\"column-1\">Federaci\u00f3n Anarquista Francesa<\/td><td class=\"column-2\"><a href=\"https:\/\/federation-anarchiste.org\" target=\"_blank\">https:\/\/federation-anarchiste.org<\/a><\/td>\n<\/tr>\n<tr class=\"row-8\">\n\t<td class=\"column-1\">Bit\u00e1cora Anarquista (Per\u00fa)<\/td><td class=\"column-2\"><a href=\"https:\/\/bitacoraanarquista.wordpress.com\" target=\"_blank\">https:\/\/bitacoraanarquista.wordpress.com<\/a><\/td>\n<\/tr>\n<\/tbody>\n<\/table>\n<!-- #tablepress-4-no-2 from cache -->\n\n\n<h3 class=\"wp-block-heading\">Otros enlaces<\/h3>\n\n\n\n<table id=\"tablepress-5\" class=\"tablepress tablepress-id-5\">\n<tbody class=\"row-striping row-hover\">\n<tr class=\"row-1\">\n\t<td class=\"column-1\">Defensa Jur\u00eddica<\/td><td class=\"column-2\"><a href=\"https:\/\/www.nodo50.org\" target=\"_blank\">https:\/\/www.nodo50.org<\/a><\/td>\n<\/tr>\n<tr class=\"row-2\">\n\t<td class=\"column-1\">Plataforma Sindical E.M.T.<\/td><td class=\"column-2\"><a href=\"https:\/\/www.plataformasindical.org\" target=\"_blank\">https:\/\/www.plataformasindical.org<\/a><\/td>\n<\/tr>\n<tr class=\"row-3\">\n\t<td class=\"column-1\">Web Antimilitarista Tortuga<\/td><td class=\"column-2\"><a href=\"https:\/\/www.nodo50.org\" target=\"_blank\">https:\/\/www.nodo50.org<\/a><\/td>\n<\/tr>\n<\/tbody>\n<\/table>\n<!-- #tablepress-5 from cache -->","protected":false},"excerpt":{"rendered":"<p>\u00bf TE DAS UNA VUELTA POR LA GALAXIA ACRACIA ? Internacionales Anarcosindicales Espa\u00f1olas Enlaces varios antiautoritarios Espa\u00f1a Organizaciones Ib\u00e9ricas Otros enlaces<\/p>\n","protected":false},"author":18,"featured_media":0,"parent":0,"menu_order":0,"comment_status":"closed","ping_status":"closed","template":"","meta":{"postBodyCss":"","postBodyMargin":[],"postBodyPadding":[],"postBodyBackground":{"backgroundType":"classic","gradient":""},"ngg_post_thumbnail":0,"footnotes":""},"class_list":["post-11798","page","type-page","status-publish","hentry"],"yoast_head":"<!-- This site is optimized with the Yoast SEO plugin v27.3 - https:\/\/yoast.com\/product\/yoast-seo-wordpress\/ -->\n<title>Enlaces Universo Libertario - CONFEDERACI\u00d3N SOLIDARIDAD OBRERA<\/title>\n<meta name=\"robots\" content=\"index, follow, max-snippet:-1, max-image-preview:large, max-video-preview:-1\" \/>\n<link rel=\"canonical\" href=\"https:\/\/www.solidaridadobrera.org\/confederal\/enlaces-libertarios\/\" \/>\n<meta property=\"og:locale\" content=\"es_ES\" \/>\n<meta property=\"og:type\" content=\"article\" \/>\n<meta property=\"og:title\" content=\"Enlaces Universo Libertario - CONFEDERACI\u00d3N SOLIDARIDAD OBRERA\" \/>\n<meta property=\"og:description\" content=\"\u00bf TE DAS UNA VUELTA POR LA GALAXIA ACRACIA ? Internacionales Anarcosindicales Espa\u00f1olas Enlaces varios antiautoritarios Espa\u00f1a Organizaciones Ib\u00e9ricas Otros enlaces\" \/>\n<meta property=\"og:url\" content=\"https:\/\/www.solidaridadobrera.org\/confederal\/enlaces-libertarios\/\" \/>\n<meta property=\"og:site_name\" content=\"CONFEDERACI\u00d3N SOLIDARIDAD OBRERA\" \/>\n<meta property=\"article:publisher\" content=\"https:\/\/es-es.facebook.com\/Soliobrera\" \/>\n<meta property=\"article:modified_time\" content=\"2026-02-04T12:32:18+00:00\" \/>\n<meta name=\"twitter:card\" content=\"summary_large_image\" \/>\n<meta name=\"twitter:label1\" content=\"Tiempo de lectura\" \/>\n\t<meta name=\"twitter:data1\" content=\"1 minuto\" \/>\n<script type=\"application\/ld+json\" class=\"yoast-schema-graph\">{\"@context\":\"https:\\\/\\\/schema.org\",\"@graph\":[{\"@type\":\"WebPage\",\"@id\":\"https:\\\/\\\/www.solidaridadobrera.org\\\/confederal\\\/enlaces-libertarios\\\/\",\"url\":\"https:\\\/\\\/www.solidaridadobrera.org\\\/confederal\\\/enlaces-libertarios\\\/\",\"name\":\"Enlaces Universo Libertario - CONFEDERACI\u00d3N SOLIDARIDAD OBRERA\",\"isPartOf\":{\"@id\":\"https:\\\/\\\/www.solidaridadobrera.org\\\/confederal\\\/#website\"},\"datePublished\":\"2026-01-31T00:00:07+00:00\",\"dateModified\":\"2026-02-04T12:32:18+00:00\",\"breadcrumb\":{\"@id\":\"https:\\\/\\\/www.solidaridadobrera.org\\\/confederal\\\/enlaces-libertarios\\\/#breadcrumb\"},\"inLanguage\":\"es\",\"potentialAction\":[{\"@type\":\"ReadAction\",\"target\":[\"https:\\\/\\\/www.solidaridadobrera.org\\\/confederal\\\/enlaces-libertarios\\\/\"]}]},{\"@type\":\"BreadcrumbList\",\"@id\":\"https:\\\/\\\/www.solidaridadobrera.org\\\/confederal\\\/enlaces-libertarios\\\/#breadcrumb\",\"itemListElement\":[{\"@type\":\"ListItem\",\"position\":1,\"name\":\"Portada\",\"item\":\"https:\\\/\\\/www.solidaridadobrera.org\\\/confederal\\\/\"},{\"@type\":\"ListItem\",\"position\":2,\"name\":\"Enlaces Universo Libertario\"}]},{\"@type\":\"WebSite\",\"@id\":\"https:\\\/\\\/www.solidaridadobrera.org\\\/confederal\\\/#website\",\"url\":\"https:\\\/\\\/www.solidaridadobrera.org\\\/confederal\\\/\",\"name\":\"SOLIDARIDAD OBRERA\",\"description\":\"Confederaci\u00f3n Anarcosindicalista. La lucha es el \u00fanico camino.\",\"publisher\":{\"@id\":\"https:\\\/\\\/www.solidaridadobrera.org\\\/confederal\\\/#organization\"},\"potentialAction\":[{\"@type\":\"SearchAction\",\"target\":{\"@type\":\"EntryPoint\",\"urlTemplate\":\"https:\\\/\\\/www.solidaridadobrera.org\\\/confederal\\\/?s={search_term_string}\"},\"query-input\":{\"@type\":\"PropertyValueSpecification\",\"valueRequired\":true,\"valueName\":\"search_term_string\"}}],\"inLanguage\":\"es\"},{\"@type\":\"Organization\",\"@id\":\"https:\\\/\\\/www.solidaridadobrera.org\\\/confederal\\\/#organization\",\"name\":\"Solidaridad Obrera\",\"url\":\"https:\\\/\\\/www.solidaridadobrera.org\\\/confederal\\\/\",\"logo\":{\"@type\":\"ImageObject\",\"inLanguage\":\"es\",\"@id\":\"https:\\\/\\\/www.solidaridadobrera.org\\\/confederal\\\/#\\\/schema\\\/logo\\\/image\\\/\",\"url\":\"https:\\\/\\\/www.solidaridadobrera.org\\\/confederal\\\/wp-content\\\/uploads\\\/2021\\\/07\\\/logo_soli_web.png\",\"contentUrl\":\"https:\\\/\\\/www.solidaridadobrera.org\\\/confederal\\\/wp-content\\\/uploads\\\/2021\\\/07\\\/logo_soli_web.png\",\"width\":1181,\"height\":1181,\"caption\":\"Solidaridad Obrera\"},\"image\":{\"@id\":\"https:\\\/\\\/www.solidaridadobrera.org\\\/confederal\\\/#\\\/schema\\\/logo\\\/image\\\/\"},\"sameAs\":[\"https:\\\/\\\/es-es.facebook.com\\\/Soliobrera\",\"https:\\\/\\\/www.instagram.com\\\/soliobrera\\\/\",\"https:\\\/\\\/web.telegram.org\\\/a\\\/#-1001124968543\"]}]}<\/script>\n<!-- \/ Yoast SEO plugin. -->","yoast_head_json":{"title":"Enlaces Universo Libertario - CONFEDERACI\u00d3N SOLIDARIDAD OBRERA","robots":{"index":"index","follow":"follow","max-snippet":"max-snippet:-1","max-image-preview":"max-image-preview:large","max-video-preview":"max-video-preview:-1"},"canonical":"https:\/\/www.solidaridadobrera.org\/confederal\/enlaces-libertarios\/","og_locale":"es_ES","og_type":"article","og_title":"Enlaces Universo Libertario - CONFEDERACI\u00d3N SOLIDARIDAD OBRERA","og_description":"\u00bf TE DAS UNA VUELTA POR LA GALAXIA ACRACIA ? Internacionales Anarcosindicales Espa\u00f1olas Enlaces varios antiautoritarios Espa\u00f1a Organizaciones Ib\u00e9ricas Otros enlaces","og_url":"https:\/\/www.solidaridadobrera.org\/confederal\/enlaces-libertarios\/","og_site_name":"CONFEDERACI\u00d3N SOLIDARIDAD OBRERA","article_publisher":"https:\/\/es-es.facebook.com\/Soliobrera","article_modified_time":"2026-02-04T12:32:18+00:00","twitter_card":"summary_large_image","twitter_misc":{"Tiempo de lectura":"1 minuto"},"schema":{"@context":"https:\/\/schema.org","@graph":[{"@type":"WebPage","@id":"https:\/\/www.solidaridadobrera.org\/confederal\/enlaces-libertarios\/","url":"https:\/\/www.solidaridadobrera.org\/confederal\/enlaces-libertarios\/","name":"Enlaces Universo Libertario - CONFEDERACI\u00d3N SOLIDARIDAD OBRERA","isPartOf":{"@id":"https:\/\/www.solidaridadobrera.org\/confederal\/#website"},"datePublished":"2026-01-31T00:00:07+00:00","dateModified":"2026-02-04T12:32:18+00:00","breadcrumb":{"@id":"https:\/\/www.solidaridadobrera.org\/confederal\/enlaces-libertarios\/#breadcrumb"},"inLanguage":"es","potentialAction":[{"@type":"ReadAction","target":["https:\/\/www.solidaridadobrera.org\/confederal\/enlaces-libertarios\/"]}]},{"@type":"BreadcrumbList","@id":"https:\/\/www.solidaridadobrera.org\/confederal\/enlaces-libertarios\/#breadcrumb","itemListElement":[{"@type":"ListItem","position":1,"name":"Portada","item":"https:\/\/www.solidaridadobrera.org\/confederal\/"},{"@type":"ListItem","position":2,"name":"Enlaces Universo Libertario"}]},{"@type":"WebSite","@id":"https:\/\/www.solidaridadobrera.org\/confederal\/#website","url":"https:\/\/www.solidaridadobrera.org\/confederal\/","name":"SOLIDARIDAD OBRERA","description":"Confederaci\u00f3n Anarcosindicalista. La lucha es el \u00fanico camino.","publisher":{"@id":"https:\/\/www.solidaridadobrera.org\/confederal\/#organization"},"potentialAction":[{"@type":"SearchAction","target":{"@type":"EntryPoint","urlTemplate":"https:\/\/www.solidaridadobrera.org\/confederal\/?s={search_term_string}"},"query-input":{"@type":"PropertyValueSpecification","valueRequired":true,"valueName":"search_term_string"}}],"inLanguage":"es"},{"@type":"Organization","@id":"https:\/\/www.solidaridadobrera.org\/confederal\/#organization","name":"Solidaridad Obrera","url":"https:\/\/www.solidaridadobrera.org\/confederal\/","logo":{"@type":"ImageObject","inLanguage":"es","@id":"https:\/\/www.solidaridadobrera.org\/confederal\/#\/schema\/logo\/image\/","url":"https:\/\/www.solidaridadobrera.org\/confederal\/wp-content\/uploads\/2021\/07\/logo_soli_web.png","contentUrl":"https:\/\/www.solidaridadobrera.org\/confederal\/wp-content\/uploads\/2021\/07\/logo_soli_web.png","width":1181,"height":1181,"caption":"Solidaridad Obrera"},"image":{"@id":"https:\/\/www.solidaridadobrera.org\/confederal\/#\/schema\/logo\/image\/"},"sameAs":["https:\/\/es-es.facebook.com\/Soliobrera","https:\/\/www.instagram.com\/soliobrera\/","https:\/\/web.telegram.org\/a\/#-1001124968543"]}]}},"_links":{"self":[{"href":"https:\/\/www.solidaridadobrera.org\/confederal\/wp-json\/wp\/v2\/pages\/11798","targetHints":{"allow":["GET"]}}],"collection":[{"href":"https:\/\/www.solidaridadobrera.org\/confederal\/wp-json\/wp\/v2\/pages"}],"about":[{"href":"https:\/\/www.solidaridadobrera.org\/confederal\/wp-json\/wp\/v2\/types\/page"}],"author":[{"embeddable":true,"href":"https:\/\/www.solidaridadobrera.org\/confederal\/wp-json\/wp\/v2\/users\/18"}],"replies":[{"embeddable":true,"href":"https:\/\/www.solidaridadobrera.org\/confederal\/wp-json\/wp\/v2\/comments?post=11798"}],"version-history":[{"count":7,"href":"https:\/\/www.solidaridadobrera.org\/confederal\/wp-json\/wp\/v2\/pages\/11798\/revisions"}],"predecessor-version":[{"id":12411,"href":"https:\/\/www.solidaridadobrera.org\/confederal\/wp-json\/wp\/v2\/pages\/11798\/revisions\/12411"}],"wp:attachment":[{"href":"https:\/\/www.solidaridadobrera.org\/confederal\/wp-json\/wp\/v2\/media?parent=11798"}],"curies":[{"name":"wp","href":"https:\/\/api.w.org\/{rel}","templated":true}]}}