{"id":11758,"date":"2026-01-30T23:07:51","date_gmt":"2026-01-30T23:07:51","guid":{"rendered":"https:\/\/www.solidaridadobrera.org\/confederal\/?page_id=11758"},"modified":"2026-01-30T23:20:26","modified_gmt":"2026-01-30T23:20:26","slug":"presentacion","status":"publish","type":"page","link":"https:\/\/www.solidaridadobrera.org\/confederal\/presentacion\/","title":{"rendered":"Presentaci\u00f3n"},"content":{"rendered":"\n<div style=\"text-align:center;\"><figure class=\"wp-block-image size-full\"><img decoding=\"async\" src=\"https:\/\/www.solidaridadobrera.org\/confederal\/wp-content\/uploads\/2026\/01\/image.png\" alt=\"\" class=\"Presentaci\u00f3n Solidaridad Obrera\"\/><\/figure><\/div>\n\n\n\n<h4 class=\"wp-block-heading has-text-align-center\"><strong>UN ANARCOSINDICALISMO PARA EL SIGLO XXI<br><\/strong><\/h4>\n\n\n\n<p>SOLIDARIDAD OBRERA es el producto de la unidad de trabajadoras y trabajadores que en 1989 iniciamos un modelo sindical, que asegurase la participaci\u00f3n real de las personas en sus propios asuntos laborales y sociales.<\/p>\n\n\n\n<p><br>Nuestro principio es la autonom\u00eda. Somos l@s propi@s afiliad@s quienes soportamos, con las cuotas, la financiaci\u00f3n del Sindicato, pues por decisi\u00f3n propia, no recibimos subvenciones. No consentimos cualquier tipo de dependencia pol\u00edtica, econ\u00f3mica o institucional. Naturalmente, nuestro funcionamiento es la democracia directa sin intermediarios.<\/p>\n\n\n\n<p><br>No nos consideramos especiales, pero s\u00ed creemos que debemos dar muestras inequ\u00edvocas de independencia y fiabilidad en nuestro compromiso. Partimos de la experiencia acumulada, de la voluntad de luchar; y nos situamos con claridad ante los problemas y con firmeza en nuestras actuaciones.<\/p>\n\n\n\n<p><br>Queremos movilizar a la clase obrera para cambiar el mundo, para acabar con el capitalismo, sistema injusto, depredador y dilapidador de recursos materiales y humanos. Llamamos a luchar por mejorar las condiciones de trabajo y conquistas sociales; compartiendo un proyecto sindical que queremos que sea de tod@s.<br><br>No prometemos. Nos comprometemos.<br><br>Somos una organizaci\u00f3n sindical inspirada en el antiautoritarismo, es decir somos un ente anarcosindicalista que, por otro lado, intenta superar la esclerosis del pensamiento sindical libertario actual, y su atascamiento mostrenco en el problema de los Comit\u00e9s de Empresa (C E).\u00a0<\/p>\n\n\n\n<p><br>En Solidaridad Obrera, tienen cabida tanto aquellos trabajadores que entienden que los C E son un instrumento de la burgues\u00eda para introducir el parlamentarismo dentro de la clase obrera, y que por consiguiente creen que no deben ser utilizados como herramienta de lucha, como aquellos otros que entienden que dentro de los C E es posible enquistar c\u00e9lulas de antiautoritarismo, de forma semejante a como pueden existir organismos antiautoritarios, como son las organizaciones libertarias, dentro de la sociedad actual burguesa, organismo esencialmente autoritario.<\/p>\n\n\n\n<p><br>Si bien para los primeros, el Comit\u00e9 Obrero, ente esencial para el funcionamiento y la coordinaci\u00f3n de la informaci\u00f3n y la gesti\u00f3n de las decisiones tomadas por la asamblea de productores en la futura sociedad, habr\u00eda de ser creado en el momento revolucionario en contraposici\u00f3n a los actuales C E; los segundos ven al Comit\u00e9 Obrero como un posible desarrollo de los C E. Dado que el tema es por tanto un problema de t\u00e1cticas, en Solidaridad Obrera, la estrategia a emplear se deja en manos de la secci\u00f3n sindical en cada empresa, bas\u00e1ndonos en la libertad que proporciona el principio federativo.<\/p>\n\n\n\n<p><br>Solo superando o intentando hacer esfuerzos para superar las contradicciones en que nos sumerge el sistema, podremos ser \u00fatiles al proletariado, y por consiguiente facilitar el camino a la transformaci\u00f3n social.<\/p>\n\n\n\n<p>Si consideras que el sistema capitalista es injusto y que hay que superarlo, unete a Solidaridad Obrera.<\/p>\n\n\n\n<p><\/p>\n","protected":false},"excerpt":{"rendered":"<p>UN ANARCOSINDICALISMO PARA EL SIGLO XXI SOLIDARIDAD OBRERA es el producto de la unidad de trabajadoras y trabajadores que en 1989 iniciamos un modelo sindical, que asegurase la participaci\u00f3n real [&hellip;]<\/p>\n","protected":false},"author":18,"featured_media":0,"parent":0,"menu_order":0,"comment_status":"closed","ping_status":"closed","template":"","meta":{"postBodyCss":"","postBodyMargin":[],"postBodyPadding":[],"postBodyBackground":{"backgroundType":"classic","gradient":""},"ngg_post_thumbnail":0,"footnotes":""},"class_list":["post-11758","page","type-page","status-publish","hentry"],"yoast_head":"<!-- This site is optimized with the Yoast SEO plugin v27.3 - https:\/\/yoast.com\/product\/yoast-seo-wordpress\/ -->\n<title>Presentaci\u00f3n - CONFEDERACI\u00d3N SOLIDARIDAD OBRERA<\/title>\n<meta name=\"robots\" content=\"index, follow, max-snippet:-1, max-image-preview:large, max-video-preview:-1\" \/>\n<link rel=\"canonical\" href=\"https:\/\/www.solidaridadobrera.org\/confederal\/presentacion\/\" \/>\n<meta property=\"og:locale\" content=\"es_ES\" \/>\n<meta property=\"og:type\" content=\"article\" \/>\n<meta property=\"og:title\" content=\"Presentaci\u00f3n - CONFEDERACI\u00d3N SOLIDARIDAD OBRERA\" \/>\n<meta property=\"og:description\" content=\"UN ANARCOSINDICALISMO PARA EL SIGLO XXI SOLIDARIDAD OBRERA es el producto de la unidad de trabajadoras y trabajadores que en 1989 iniciamos un modelo sindical, que asegurase la participaci\u00f3n real [&hellip;]\" \/>\n<meta property=\"og:url\" content=\"https:\/\/www.solidaridadobrera.org\/confederal\/presentacion\/\" \/>\n<meta property=\"og:site_name\" content=\"CONFEDERACI\u00d3N SOLIDARIDAD OBRERA\" \/>\n<meta property=\"article:publisher\" content=\"https:\/\/es-es.facebook.com\/Soliobrera\" \/>\n<meta property=\"article:modified_time\" content=\"2026-01-30T23:20:26+00:00\" \/>\n<meta property=\"og:image\" content=\"https:\/\/www.solidaridadobrera.org\/confederal\/wp-content\/uploads\/2026\/01\/image.png\" \/>\n<meta name=\"twitter:card\" content=\"summary_large_image\" \/>\n<meta name=\"twitter:label1\" content=\"Tiempo de lectura\" \/>\n\t<meta name=\"twitter:data1\" content=\"3 minutos\" \/>\n<script type=\"application\/ld+json\" class=\"yoast-schema-graph\">{\"@context\":\"https:\\\/\\\/schema.org\",\"@graph\":[{\"@type\":\"WebPage\",\"@id\":\"https:\\\/\\\/www.solidaridadobrera.org\\\/confederal\\\/presentacion\\\/\",\"url\":\"https:\\\/\\\/www.solidaridadobrera.org\\\/confederal\\\/presentacion\\\/\",\"name\":\"Presentaci\u00f3n - CONFEDERACI\u00d3N SOLIDARIDAD OBRERA\",\"isPartOf\":{\"@id\":\"https:\\\/\\\/www.solidaridadobrera.org\\\/confederal\\\/#website\"},\"primaryImageOfPage\":{\"@id\":\"https:\\\/\\\/www.solidaridadobrera.org\\\/confederal\\\/presentacion\\\/#primaryimage\"},\"image\":{\"@id\":\"https:\\\/\\\/www.solidaridadobrera.org\\\/confederal\\\/presentacion\\\/#primaryimage\"},\"thumbnailUrl\":\"https:\\\/\\\/www.solidaridadobrera.org\\\/confederal\\\/wp-content\\\/uploads\\\/2026\\\/01\\\/image.png\",\"datePublished\":\"2026-01-30T23:07:51+00:00\",\"dateModified\":\"2026-01-30T23:20:26+00:00\",\"breadcrumb\":{\"@id\":\"https:\\\/\\\/www.solidaridadobrera.org\\\/confederal\\\/presentacion\\\/#breadcrumb\"},\"inLanguage\":\"es\",\"potentialAction\":[{\"@type\":\"ReadAction\",\"target\":[\"https:\\\/\\\/www.solidaridadobrera.org\\\/confederal\\\/presentacion\\\/\"]}]},{\"@type\":\"ImageObject\",\"inLanguage\":\"es\",\"@id\":\"https:\\\/\\\/www.solidaridadobrera.org\\\/confederal\\\/presentacion\\\/#primaryimage\",\"url\":\"https:\\\/\\\/www.solidaridadobrera.org\\\/confederal\\\/wp-content\\\/uploads\\\/2026\\\/01\\\/image.png\",\"contentUrl\":\"https:\\\/\\\/www.solidaridadobrera.org\\\/confederal\\\/wp-content\\\/uploads\\\/2026\\\/01\\\/image.png\",\"width\":500,\"height\":357},{\"@type\":\"BreadcrumbList\",\"@id\":\"https:\\\/\\\/www.solidaridadobrera.org\\\/confederal\\\/presentacion\\\/#breadcrumb\",\"itemListElement\":[{\"@type\":\"ListItem\",\"position\":1,\"name\":\"Portada\",\"item\":\"https:\\\/\\\/www.solidaridadobrera.org\\\/confederal\\\/\"},{\"@type\":\"ListItem\",\"position\":2,\"name\":\"Presentaci\u00f3n\"}]},{\"@type\":\"WebSite\",\"@id\":\"https:\\\/\\\/www.solidaridadobrera.org\\\/confederal\\\/#website\",\"url\":\"https:\\\/\\\/www.solidaridadobrera.org\\\/confederal\\\/\",\"name\":\"SOLIDARIDAD OBRERA\",\"description\":\"Confederaci\u00f3n Anarcosindicalista. La lucha es el \u00fanico camino.\",\"publisher\":{\"@id\":\"https:\\\/\\\/www.solidaridadobrera.org\\\/confederal\\\/#organization\"},\"potentialAction\":[{\"@type\":\"SearchAction\",\"target\":{\"@type\":\"EntryPoint\",\"urlTemplate\":\"https:\\\/\\\/www.solidaridadobrera.org\\\/confederal\\\/?s={search_term_string}\"},\"query-input\":{\"@type\":\"PropertyValueSpecification\",\"valueRequired\":true,\"valueName\":\"search_term_string\"}}],\"inLanguage\":\"es\"},{\"@type\":\"Organization\",\"@id\":\"https:\\\/\\\/www.solidaridadobrera.org\\\/confederal\\\/#organization\",\"name\":\"Solidaridad Obrera\",\"url\":\"https:\\\/\\\/www.solidaridadobrera.org\\\/confederal\\\/\",\"logo\":{\"@type\":\"ImageObject\",\"inLanguage\":\"es\",\"@id\":\"https:\\\/\\\/www.solidaridadobrera.org\\\/confederal\\\/#\\\/schema\\\/logo\\\/image\\\/\",\"url\":\"https:\\\/\\\/www.solidaridadobrera.org\\\/confederal\\\/wp-content\\\/uploads\\\/2021\\\/07\\\/logo_soli_web.png\",\"contentUrl\":\"https:\\\/\\\/www.solidaridadobrera.org\\\/confederal\\\/wp-content\\\/uploads\\\/2021\\\/07\\\/logo_soli_web.png\",\"width\":1181,\"height\":1181,\"caption\":\"Solidaridad Obrera\"},\"image\":{\"@id\":\"https:\\\/\\\/www.solidaridadobrera.org\\\/confederal\\\/#\\\/schema\\\/logo\\\/image\\\/\"},\"sameAs\":[\"https:\\\/\\\/es-es.facebook.com\\\/Soliobrera\",\"https:\\\/\\\/www.instagram.com\\\/soliobrera\\\/\",\"https:\\\/\\\/web.telegram.org\\\/a\\\/#-1001124968543\"]}]}<\/script>\n<!-- \/ Yoast SEO plugin. -->","yoast_head_json":{"title":"Presentaci\u00f3n - CONFEDERACI\u00d3N SOLIDARIDAD OBRERA","robots":{"index":"index","follow":"follow","max-snippet":"max-snippet:-1","max-image-preview":"max-image-preview:large","max-video-preview":"max-video-preview:-1"},"canonical":"https:\/\/www.solidaridadobrera.org\/confederal\/presentacion\/","og_locale":"es_ES","og_type":"article","og_title":"Presentaci\u00f3n - CONFEDERACI\u00d3N SOLIDARIDAD OBRERA","og_description":"UN ANARCOSINDICALISMO PARA EL SIGLO XXI SOLIDARIDAD OBRERA es el producto de la unidad de trabajadoras y trabajadores que en 1989 iniciamos un modelo sindical, que asegurase la participaci\u00f3n real [&hellip;]","og_url":"https:\/\/www.solidaridadobrera.org\/confederal\/presentacion\/","og_site_name":"CONFEDERACI\u00d3N SOLIDARIDAD OBRERA","article_publisher":"https:\/\/es-es.facebook.com\/Soliobrera","article_modified_time":"2026-01-30T23:20:26+00:00","og_image":[{"url":"https:\/\/www.solidaridadobrera.org\/confederal\/wp-content\/uploads\/2026\/01\/image.png","type":"","width":"","height":""}],"twitter_card":"summary_large_image","twitter_misc":{"Tiempo de lectura":"3 minutos"},"schema":{"@context":"https:\/\/schema.org","@graph":[{"@type":"WebPage","@id":"https:\/\/www.solidaridadobrera.org\/confederal\/presentacion\/","url":"https:\/\/www.solidaridadobrera.org\/confederal\/presentacion\/","name":"Presentaci\u00f3n - CONFEDERACI\u00d3N SOLIDARIDAD OBRERA","isPartOf":{"@id":"https:\/\/www.solidaridadobrera.org\/confederal\/#website"},"primaryImageOfPage":{"@id":"https:\/\/www.solidaridadobrera.org\/confederal\/presentacion\/#primaryimage"},"image":{"@id":"https:\/\/www.solidaridadobrera.org\/confederal\/presentacion\/#primaryimage"},"thumbnailUrl":"https:\/\/www.solidaridadobrera.org\/confederal\/wp-content\/uploads\/2026\/01\/image.png","datePublished":"2026-01-30T23:07:51+00:00","dateModified":"2026-01-30T23:20:26+00:00","breadcrumb":{"@id":"https:\/\/www.solidaridadobrera.org\/confederal\/presentacion\/#breadcrumb"},"inLanguage":"es","potentialAction":[{"@type":"ReadAction","target":["https:\/\/www.solidaridadobrera.org\/confederal\/presentacion\/"]}]},{"@type":"ImageObject","inLanguage":"es","@id":"https:\/\/www.solidaridadobrera.org\/confederal\/presentacion\/#primaryimage","url":"https:\/\/www.solidaridadobrera.org\/confederal\/wp-content\/uploads\/2026\/01\/image.png","contentUrl":"https:\/\/www.solidaridadobrera.org\/confederal\/wp-content\/uploads\/2026\/01\/image.png","width":500,"height":357},{"@type":"BreadcrumbList","@id":"https:\/\/www.solidaridadobrera.org\/confederal\/presentacion\/#breadcrumb","itemListElement":[{"@type":"ListItem","position":1,"name":"Portada","item":"https:\/\/www.solidaridadobrera.org\/confederal\/"},{"@type":"ListItem","position":2,"name":"Presentaci\u00f3n"}]},{"@type":"WebSite","@id":"https:\/\/www.solidaridadobrera.org\/confederal\/#website","url":"https:\/\/www.solidaridadobrera.org\/confederal\/","name":"SOLIDARIDAD OBRERA","description":"Confederaci\u00f3n Anarcosindicalista. La lucha es el \u00fanico camino.","publisher":{"@id":"https:\/\/www.solidaridadobrera.org\/confederal\/#organization"},"potentialAction":[{"@type":"SearchAction","target":{"@type":"EntryPoint","urlTemplate":"https:\/\/www.solidaridadobrera.org\/confederal\/?s={search_term_string}"},"query-input":{"@type":"PropertyValueSpecification","valueRequired":true,"valueName":"search_term_string"}}],"inLanguage":"es"},{"@type":"Organization","@id":"https:\/\/www.solidaridadobrera.org\/confederal\/#organization","name":"Solidaridad Obrera","url":"https:\/\/www.solidaridadobrera.org\/confederal\/","logo":{"@type":"ImageObject","inLanguage":"es","@id":"https:\/\/www.solidaridadobrera.org\/confederal\/#\/schema\/logo\/image\/","url":"https:\/\/www.solidaridadobrera.org\/confederal\/wp-content\/uploads\/2021\/07\/logo_soli_web.png","contentUrl":"https:\/\/www.solidaridadobrera.org\/confederal\/wp-content\/uploads\/2021\/07\/logo_soli_web.png","width":1181,"height":1181,"caption":"Solidaridad Obrera"},"image":{"@id":"https:\/\/www.solidaridadobrera.org\/confederal\/#\/schema\/logo\/image\/"},"sameAs":["https:\/\/es-es.facebook.com\/Soliobrera","https:\/\/www.instagram.com\/soliobrera\/","https:\/\/web.telegram.org\/a\/#-1001124968543"]}]}},"_links":{"self":[{"href":"https:\/\/www.solidaridadobrera.org\/confederal\/wp-json\/wp\/v2\/pages\/11758","targetHints":{"allow":["GET"]}}],"collection":[{"href":"https:\/\/www.solidaridadobrera.org\/confederal\/wp-json\/wp\/v2\/pages"}],"about":[{"href":"https:\/\/www.solidaridadobrera.org\/confederal\/wp-json\/wp\/v2\/types\/page"}],"author":[{"embeddable":true,"href":"https:\/\/www.solidaridadobrera.org\/confederal\/wp-json\/wp\/v2\/users\/18"}],"replies":[{"embeddable":true,"href":"https:\/\/www.solidaridadobrera.org\/confederal\/wp-json\/wp\/v2\/comments?post=11758"}],"version-history":[{"count":6,"href":"https:\/\/www.solidaridadobrera.org\/confederal\/wp-json\/wp\/v2\/pages\/11758\/revisions"}],"predecessor-version":[{"id":11777,"href":"https:\/\/www.solidaridadobrera.org\/confederal\/wp-json\/wp\/v2\/pages\/11758\/revisions\/11777"}],"wp:attachment":[{"href":"https:\/\/www.solidaridadobrera.org\/confederal\/wp-json\/wp\/v2\/media?parent=11758"}],"curies":[{"name":"wp","href":"https:\/\/api.w.org\/{rel}","templated":true}]}}