{"id":10262,"date":"2022-02-07T21:51:55","date_gmt":"2022-02-07T21:51:55","guid":{"rendered":"https:\/\/www.solidaridadobrera.org\/confederal\/?page_id=10262"},"modified":"2022-02-07T22:42:32","modified_gmt":"2022-02-07T22:42:32","slug":"seccion-metro-de-madrid-certamen-de-relato-breve","status":"publish","type":"page","link":"https:\/\/www.solidaridadobrera.org\/confederal\/seccion-metro-de-madrid-certamen-de-relato-breve\/","title":{"rendered":"SECCI\u00d3N METRO DE MADRID \/ CERTAMEN DE RELATO BREVE"},"content":{"rendered":"\n<p><strong><span class=\"has-inline-color has-vivid-red-color\">CONSULTA EN EL ENLACE<\/span><\/strong> <a href=\"https:\/\/www.solidaridadobrera.org\/confederal\/category\/metro\/certamen-de-relato-breve-certamen-de-relato-breve\/\">CERTAMEN A\u00d1OS ANTERIORES<\/a> <\/p>\n\n\n\n<blockquote class=\"wp-block-quote is-style-large is-layout-flow wp-block-quote-is-layout-flow\"><p>EL Certamen de Relato Breve este a\u00f1o 2022 cumple su vig\u00e9sima edici\u00f3n, todos los a\u00f1os entorno a octubre saldr\u00e1 el aviso anunciando las bases definitivas para el concurso, y el periodo de presentaci\u00f3n de relatos comprende el mes completo de noviembre. Finalmente celebramos los y las premiadas a mediado de diciembre, esto es algo que no cambia a lo largo del tiempo y que hacemos saber para quien quiera desde ya pueda trabajar en su relato, tener en cuenta que la tem\u00e1tica no varia y las bases en el aspecto t\u00e9cnico tampoco, solo peque\u00f1as pinceladas, con esta premisa se puede ir recogiendo las ideas y haciendo la difusi\u00f3n para seguir compartiendo en este peque\u00f1o espacio cultural y de acercamiento que con tanto cari\u00f1o realizamos, salud!<\/p><cite>Solidaridad Obrera Secci\u00f3n de Metro de Madrid y Librer\u00eda Traficantes de Sue\u00f1os.<\/cite><\/blockquote>\n\n\n\n<p><strong><span class=\"has-inline-color has-vivid-red-color\">Adjuntamos a modo de ejemplo las bases del a\u00f1o 2021<\/span><\/strong>:<\/p>\n\n\n\n<h2 class=\"has-text-align-center wp-block-heading\">CERTAMEN DE RELATO BREVE: \u00abRAIMUNDO ALONSO\u00bb <\/h2>\n\n\n\n<h2 class=\"has-text-align-center wp-block-heading\"><strong>Un metro de 350 palabras\u2026<\/strong><\/h2>\n\n\n\n<h2 class=\"has-text-align-center wp-block-heading\"><strong>10 SIN TI, 10 A\u00d1OS CONTIGO<\/strong><\/h2>\n\n\n\n<h2 class=\"has-text-align-center wp-block-heading\"><strong>BASES DEL CERTAMEN 2021<\/strong><\/h2>\n\n\n\n<p><strong>PARTICIPANTES<\/strong>. \u2013 Se puede presentar&nbsp;<strong>un relato por participante<\/strong>, que no haya sido presentado en ning\u00fan otro concurso, certamen o premio literario, ni est\u00e9 publicado. No existe l\u00edmite de edad<\/p>\n\n\n\n<p><strong>CARACTER\u00cdSTICAS DE LOS RELATOS<\/strong>. \u2013 Los relatos estar\u00e1n escritos en cualquier idioma con traducci\u00f3n al castellano. Podr\u00e1n tener cualquier tem\u00e1tica y estructura narrativa, pero la historia debe relacionarse de alguna manera con el Metro.<\/p>\n\n\n\n<p><strong>LOS RELATOS TENDR\u00c1N UNA EXTENSI\u00d3N M\u00c1XIMA DE 350 PALABRAS.<\/strong><strong><br><\/strong><br><strong>PLAZO DE PRESENTACI\u00d3N<\/strong>. \u2013&nbsp;<strong><u>Comienza el 1 de noviembre y finalizar\u00e1 a las 12 horas del 30 de noviembre de 2021.<\/u><\/strong>&nbsp;S\u00f3lo se aceptar\u00e1n los relatos recibidos dentro de este plazo en los lugares indicados a continuaci\u00f3n.<\/p>\n\n\n\n<p><strong>FORMA DE ENTREGA<\/strong>. \u2013 Por correo postal o entregado en mano en:<br>Local de la&nbsp;<strong>Secci\u00f3n Sindical de Solidaridad Obrera en Metro de Madrid: C\/ Valderribas n\u00ba49 2\u00ba Izq. 28007 Madrid<\/strong>&nbsp;(Tfno. 914335786, Metro Pac\u00edfico).<\/p>\n\n\n\n<p>Local de la&nbsp;<strong>Librer\u00eda Traficantes de Sue\u00f1os: C\/Duque de Alba n\u00ba 13 Madrid 28012<\/strong>&nbsp;(tlfno.915320928, Metro Tirso de Molina o Latina).<\/p>\n\n\n\n<p><strong>REQUISITOS<\/strong>. \u2013 Los relatos deben ir sin firma, aparte dentro de un sobre cerrado, en cuyo interior se incluir\u00e1 una plica con los datos de identificaci\u00f3n del autor o autora (nombre, apellidos, edad, e-mail y tel\u00e9fono m\u00f3vil). Este sobre con los datos s\u00f3lo ser\u00e1 abierto en el caso de resultar premiado.<\/p>\n\n\n\n<p>Los relatos se entregar\u00e1n impresos en papel. Los y las autoras de los relatos podr\u00e1n incluir una breve nota de presentaci\u00f3n personal en el sobre de datos de identificaci\u00f3n.<br><br><strong>PREMIOS<\/strong>. \u2013 Vales para la adquisici\u00f3n de libros en Traficantes de Sue\u00f1os:<br><br>Mejor relato: &nbsp;&nbsp;&nbsp;&nbsp;&nbsp;&nbsp;&nbsp; Vale de 200\u20ac<\/p>\n\n\n\n<p>Dos finalistas: &nbsp;&nbsp;&nbsp;&nbsp;&nbsp; Vale de 100\u20ac<\/p>\n\n\n\n<p>4\u00ba y 5\u00ba premio: &nbsp;&nbsp;&nbsp; Vale de 50\u20ac<br><br>En el caso de resultar seleccionado alg\u00fan relato cuyo autor o autora no pueda ser identificado, el premio se entregar\u00e1 al siguiente relato en el orden de calificaciones. Los cinco relatos ser\u00e1n publicados, al menos en las Webs del sindicato Solidaridad Obrera y de la librer\u00eda Traficantes de Sue\u00f1os. Los y las autoras de los relatos presentados a este certamen, aceptan ceder a los organizadores los derechos necesarios para la edici\u00f3n en cualquiera de sus publicaciones.<\/p>\n\n\n\n<p><strong>FALLO Y ENTREGA DE PREMIOS<\/strong>. \u2013 La Comisi\u00f3n de Premios estar\u00e1 compuesta por compa\u00f1eros y compa\u00f1eras del Sindicato Solidaridad Obrera y de la Librer\u00eda Traficantes de Sue\u00f1os.<\/p>\n\n\n\n<p>La decisi\u00f3n de esta comisi\u00f3n se har\u00e1 p\u00fablica el&nbsp;<strong>VIERNES 10 de DICIEMBRE de 2021, a las 19,00 horas,<\/strong>&nbsp;durante el acto-fiesta que se celebrar\u00e1 en el local de la Librer\u00eda Traficantes de Sue\u00f1os (calle Duque de Alba,13. Metro Tirso de Molina o Latina) de manera presencial si fuera posible o retransmitido en directo (<em>streaming<\/em>) si continua la pandemia Covid19. En este segundo caso los premios quedar\u00e1n disponibles en el local de la librer\u00eda Traficantes de Sue\u00f1os hasta el 28 de febrero de 2022. Adem\u00e1s, en las webs del sindicato y de la librer\u00eda ser\u00e1n anunciados los relatos premiados.<\/p>\n\n\n\n<p>\u00a1Feliz escritura!<\/p>\n\n\n\n<p class=\"has-text-align-right\"><strong>Madrid,&nbsp;20 de octubre de 2021<\/strong><\/p>\n\n\n\n<p class=\"has-text-align-right\">Por Solidaridad Obrera<\/p>\n\n\n\n<p class=\"has-text-align-right\">La Junta Sindical<\/p>\n","protected":false},"excerpt":{"rendered":"<p>CONSULTA EN EL ENLACE CERTAMEN A\u00d1OS ANTERIORES EL Certamen de Relato Breve este a\u00f1o 2022 cumple su vig\u00e9sima edici\u00f3n, todos los a\u00f1os entorno a octubre saldr\u00e1 el aviso anunciando las [&hellip;]<\/p>\n","protected":false},"author":4,"featured_media":0,"parent":0,"menu_order":0,"comment_status":"closed","ping_status":"closed","template":"","meta":{"postBodyCss":"","postBodyMargin":[],"postBodyPadding":[],"postBodyBackground":{"backgroundType":"classic","gradient":""},"ngg_post_thumbnail":0,"footnotes":""},"class_list":["post-10262","page","type-page","status-publish","hentry"],"yoast_head":"<!-- This site is optimized with the Yoast SEO plugin v27.4 - https:\/\/yoast.com\/product\/yoast-seo-wordpress\/ -->\n<title>SECCI\u00d3N METRO DE MADRID \/ CERTAMEN DE RELATO BREVE - CONFEDERACI\u00d3N SOLIDARIDAD OBRERA<\/title>\n<meta name=\"robots\" content=\"index, follow, max-snippet:-1, max-image-preview:large, max-video-preview:-1\" \/>\n<link rel=\"canonical\" href=\"https:\/\/www.solidaridadobrera.org\/confederal\/seccion-metro-de-madrid-certamen-de-relato-breve\/\" \/>\n<meta property=\"og:locale\" content=\"es_ES\" \/>\n<meta property=\"og:type\" content=\"article\" \/>\n<meta property=\"og:title\" content=\"SECCI\u00d3N METRO DE MADRID \/ CERTAMEN DE RELATO BREVE - CONFEDERACI\u00d3N SOLIDARIDAD OBRERA\" \/>\n<meta property=\"og:description\" content=\"CONSULTA EN EL ENLACE CERTAMEN A\u00d1OS ANTERIORES EL Certamen de Relato Breve este a\u00f1o 2022 cumple su vig\u00e9sima edici\u00f3n, todos los a\u00f1os entorno a octubre saldr\u00e1 el aviso anunciando las [&hellip;]\" \/>\n<meta property=\"og:url\" content=\"https:\/\/www.solidaridadobrera.org\/confederal\/seccion-metro-de-madrid-certamen-de-relato-breve\/\" \/>\n<meta property=\"og:site_name\" content=\"CONFEDERACI\u00d3N SOLIDARIDAD OBRERA\" \/>\n<meta property=\"article:publisher\" content=\"https:\/\/es-es.facebook.com\/Soliobrera\" \/>\n<meta property=\"article:modified_time\" content=\"2022-02-07T22:42:32+00:00\" \/>\n<meta name=\"twitter:card\" content=\"summary_large_image\" \/>\n<meta name=\"twitter:label1\" content=\"Tiempo de lectura\" \/>\n\t<meta name=\"twitter:data1\" content=\"4 minutos\" \/>\n<script type=\"application\/ld+json\" class=\"yoast-schema-graph\">{\"@context\":\"https:\\\/\\\/schema.org\",\"@graph\":[{\"@type\":\"WebPage\",\"@id\":\"https:\\\/\\\/www.solidaridadobrera.org\\\/confederal\\\/seccion-metro-de-madrid-certamen-de-relato-breve\\\/\",\"url\":\"https:\\\/\\\/www.solidaridadobrera.org\\\/confederal\\\/seccion-metro-de-madrid-certamen-de-relato-breve\\\/\",\"name\":\"SECCI\u00d3N METRO DE MADRID \\\/ CERTAMEN DE RELATO BREVE - CONFEDERACI\u00d3N SOLIDARIDAD OBRERA\",\"isPartOf\":{\"@id\":\"https:\\\/\\\/www.solidaridadobrera.org\\\/confederal\\\/#website\"},\"datePublished\":\"2022-02-07T21:51:55+00:00\",\"dateModified\":\"2022-02-07T22:42:32+00:00\",\"breadcrumb\":{\"@id\":\"https:\\\/\\\/www.solidaridadobrera.org\\\/confederal\\\/seccion-metro-de-madrid-certamen-de-relato-breve\\\/#breadcrumb\"},\"inLanguage\":\"es\",\"potentialAction\":[{\"@type\":\"ReadAction\",\"target\":[\"https:\\\/\\\/www.solidaridadobrera.org\\\/confederal\\\/seccion-metro-de-madrid-certamen-de-relato-breve\\\/\"]}]},{\"@type\":\"BreadcrumbList\",\"@id\":\"https:\\\/\\\/www.solidaridadobrera.org\\\/confederal\\\/seccion-metro-de-madrid-certamen-de-relato-breve\\\/#breadcrumb\",\"itemListElement\":[{\"@type\":\"ListItem\",\"position\":1,\"name\":\"Portada\",\"item\":\"https:\\\/\\\/www.solidaridadobrera.org\\\/confederal\\\/\"},{\"@type\":\"ListItem\",\"position\":2,\"name\":\"SECCI\u00d3N METRO DE MADRID \\\/ CERTAMEN DE RELATO BREVE\"}]},{\"@type\":\"WebSite\",\"@id\":\"https:\\\/\\\/www.solidaridadobrera.org\\\/confederal\\\/#website\",\"url\":\"https:\\\/\\\/www.solidaridadobrera.org\\\/confederal\\\/\",\"name\":\"SOLIDARIDAD OBRERA\",\"description\":\"Confederaci\u00f3n Anarcosindicalista. La lucha es el \u00fanico camino.\",\"publisher\":{\"@id\":\"https:\\\/\\\/www.solidaridadobrera.org\\\/confederal\\\/#organization\"},\"potentialAction\":[{\"@type\":\"SearchAction\",\"target\":{\"@type\":\"EntryPoint\",\"urlTemplate\":\"https:\\\/\\\/www.solidaridadobrera.org\\\/confederal\\\/?s={search_term_string}\"},\"query-input\":{\"@type\":\"PropertyValueSpecification\",\"valueRequired\":true,\"valueName\":\"search_term_string\"}}],\"inLanguage\":\"es\"},{\"@type\":\"Organization\",\"@id\":\"https:\\\/\\\/www.solidaridadobrera.org\\\/confederal\\\/#organization\",\"name\":\"Solidaridad Obrera\",\"url\":\"https:\\\/\\\/www.solidaridadobrera.org\\\/confederal\\\/\",\"logo\":{\"@type\":\"ImageObject\",\"inLanguage\":\"es\",\"@id\":\"https:\\\/\\\/www.solidaridadobrera.org\\\/confederal\\\/#\\\/schema\\\/logo\\\/image\\\/\",\"url\":\"https:\\\/\\\/www.solidaridadobrera.org\\\/confederal\\\/wp-content\\\/uploads\\\/2021\\\/07\\\/logo_soli_web.png\",\"contentUrl\":\"https:\\\/\\\/www.solidaridadobrera.org\\\/confederal\\\/wp-content\\\/uploads\\\/2021\\\/07\\\/logo_soli_web.png\",\"width\":1181,\"height\":1181,\"caption\":\"Solidaridad Obrera\"},\"image\":{\"@id\":\"https:\\\/\\\/www.solidaridadobrera.org\\\/confederal\\\/#\\\/schema\\\/logo\\\/image\\\/\"},\"sameAs\":[\"https:\\\/\\\/es-es.facebook.com\\\/Soliobrera\",\"https:\\\/\\\/www.instagram.com\\\/soliobrera\\\/\",\"https:\\\/\\\/web.telegram.org\\\/a\\\/#-1001124968543\"]}]}<\/script>\n<!-- \/ Yoast SEO plugin. -->","yoast_head_json":{"title":"SECCI\u00d3N METRO DE MADRID \/ CERTAMEN DE RELATO BREVE - CONFEDERACI\u00d3N SOLIDARIDAD OBRERA","robots":{"index":"index","follow":"follow","max-snippet":"max-snippet:-1","max-image-preview":"max-image-preview:large","max-video-preview":"max-video-preview:-1"},"canonical":"https:\/\/www.solidaridadobrera.org\/confederal\/seccion-metro-de-madrid-certamen-de-relato-breve\/","og_locale":"es_ES","og_type":"article","og_title":"SECCI\u00d3N METRO DE MADRID \/ CERTAMEN DE RELATO BREVE - CONFEDERACI\u00d3N SOLIDARIDAD OBRERA","og_description":"CONSULTA EN EL ENLACE CERTAMEN A\u00d1OS ANTERIORES EL Certamen de Relato Breve este a\u00f1o 2022 cumple su vig\u00e9sima edici\u00f3n, todos los a\u00f1os entorno a octubre saldr\u00e1 el aviso anunciando las [&hellip;]","og_url":"https:\/\/www.solidaridadobrera.org\/confederal\/seccion-metro-de-madrid-certamen-de-relato-breve\/","og_site_name":"CONFEDERACI\u00d3N SOLIDARIDAD OBRERA","article_publisher":"https:\/\/es-es.facebook.com\/Soliobrera","article_modified_time":"2022-02-07T22:42:32+00:00","twitter_card":"summary_large_image","twitter_misc":{"Tiempo de lectura":"4 minutos"},"schema":{"@context":"https:\/\/schema.org","@graph":[{"@type":"WebPage","@id":"https:\/\/www.solidaridadobrera.org\/confederal\/seccion-metro-de-madrid-certamen-de-relato-breve\/","url":"https:\/\/www.solidaridadobrera.org\/confederal\/seccion-metro-de-madrid-certamen-de-relato-breve\/","name":"SECCI\u00d3N METRO DE MADRID \/ CERTAMEN DE RELATO BREVE - CONFEDERACI\u00d3N SOLIDARIDAD OBRERA","isPartOf":{"@id":"https:\/\/www.solidaridadobrera.org\/confederal\/#website"},"datePublished":"2022-02-07T21:51:55+00:00","dateModified":"2022-02-07T22:42:32+00:00","breadcrumb":{"@id":"https:\/\/www.solidaridadobrera.org\/confederal\/seccion-metro-de-madrid-certamen-de-relato-breve\/#breadcrumb"},"inLanguage":"es","potentialAction":[{"@type":"ReadAction","target":["https:\/\/www.solidaridadobrera.org\/confederal\/seccion-metro-de-madrid-certamen-de-relato-breve\/"]}]},{"@type":"BreadcrumbList","@id":"https:\/\/www.solidaridadobrera.org\/confederal\/seccion-metro-de-madrid-certamen-de-relato-breve\/#breadcrumb","itemListElement":[{"@type":"ListItem","position":1,"name":"Portada","item":"https:\/\/www.solidaridadobrera.org\/confederal\/"},{"@type":"ListItem","position":2,"name":"SECCI\u00d3N METRO DE MADRID \/ CERTAMEN DE RELATO BREVE"}]},{"@type":"WebSite","@id":"https:\/\/www.solidaridadobrera.org\/confederal\/#website","url":"https:\/\/www.solidaridadobrera.org\/confederal\/","name":"SOLIDARIDAD OBRERA","description":"Confederaci\u00f3n Anarcosindicalista. La lucha es el \u00fanico camino.","publisher":{"@id":"https:\/\/www.solidaridadobrera.org\/confederal\/#organization"},"potentialAction":[{"@type":"SearchAction","target":{"@type":"EntryPoint","urlTemplate":"https:\/\/www.solidaridadobrera.org\/confederal\/?s={search_term_string}"},"query-input":{"@type":"PropertyValueSpecification","valueRequired":true,"valueName":"search_term_string"}}],"inLanguage":"es"},{"@type":"Organization","@id":"https:\/\/www.solidaridadobrera.org\/confederal\/#organization","name":"Solidaridad Obrera","url":"https:\/\/www.solidaridadobrera.org\/confederal\/","logo":{"@type":"ImageObject","inLanguage":"es","@id":"https:\/\/www.solidaridadobrera.org\/confederal\/#\/schema\/logo\/image\/","url":"https:\/\/www.solidaridadobrera.org\/confederal\/wp-content\/uploads\/2021\/07\/logo_soli_web.png","contentUrl":"https:\/\/www.solidaridadobrera.org\/confederal\/wp-content\/uploads\/2021\/07\/logo_soli_web.png","width":1181,"height":1181,"caption":"Solidaridad Obrera"},"image":{"@id":"https:\/\/www.solidaridadobrera.org\/confederal\/#\/schema\/logo\/image\/"},"sameAs":["https:\/\/es-es.facebook.com\/Soliobrera","https:\/\/www.instagram.com\/soliobrera\/","https:\/\/web.telegram.org\/a\/#-1001124968543"]}]}},"_links":{"self":[{"href":"https:\/\/www.solidaridadobrera.org\/confederal\/wp-json\/wp\/v2\/pages\/10262","targetHints":{"allow":["GET"]}}],"collection":[{"href":"https:\/\/www.solidaridadobrera.org\/confederal\/wp-json\/wp\/v2\/pages"}],"about":[{"href":"https:\/\/www.solidaridadobrera.org\/confederal\/wp-json\/wp\/v2\/types\/page"}],"author":[{"embeddable":true,"href":"https:\/\/www.solidaridadobrera.org\/confederal\/wp-json\/wp\/v2\/users\/4"}],"replies":[{"embeddable":true,"href":"https:\/\/www.solidaridadobrera.org\/confederal\/wp-json\/wp\/v2\/comments?post=10262"}],"version-history":[{"count":5,"href":"https:\/\/www.solidaridadobrera.org\/confederal\/wp-json\/wp\/v2\/pages\/10262\/revisions"}],"predecessor-version":[{"id":10270,"href":"https:\/\/www.solidaridadobrera.org\/confederal\/wp-json\/wp\/v2\/pages\/10262\/revisions\/10270"}],"wp:attachment":[{"href":"https:\/\/www.solidaridadobrera.org\/confederal\/wp-json\/wp\/v2\/media?parent=10262"}],"curies":[{"name":"wp","href":"https:\/\/api.w.org\/{rel}","templated":true}]}}