{"id":10248,"date":"2022-02-07T11:51:13","date_gmt":"2022-02-07T11:51:13","guid":{"rendered":"https:\/\/www.solidaridadobrera.org\/confederal\/?page_id=10248"},"modified":"2025-03-21T09:19:14","modified_gmt":"2025-03-21T09:19:14","slug":"seccion-metro-de-madrid-asamblea-mensual","status":"publish","type":"page","link":"https:\/\/www.solidaridadobrera.org\/confederal\/seccion-metro-de-madrid-asamblea-mensual\/","title":{"rendered":"SECCI\u00d3N METRO DE MADRID \/ ASAMBLEA MENSUAL"},"content":{"rendered":"\n<p>PROXIMA CONVOCATORIA DE ASAMBLEA MENSUAL: <strong>JUEVES, 27 DE MARZO DE 2025 <\/strong><\/p>\n\n\n\n<p><\/p>\n\n\n\n<p><strong><mark style=\"background-color:rgba(0, 0, 0, 0)\" class=\"has-inline-color has-vivid-red-color\">Por regla general la fecha de convocatoria es la \u00faltima semana de cada mes y la semana previa se establece el d\u00eda concreto<\/mark><\/strong>, siempre en dos horarios para cubrir m\u00e1s disponibilidad. La Asamblea General de la Secci\u00f3n Sindical de Metro de Madrid se suele realizar de <strong>manera presencial y telem\u00e1tica <\/strong>(enlace Zoom que se env\u00eda por correo y redes), a las horas habituales <strong>10:00h por la ma\u00f1ana y 17:30 por la tarde<\/strong>, en el local de la Secci\u00f3n Sindical (<strong>C\/Valderribas, 49. 2\u00ba. Metro Pac\u00edfico<\/strong>). <strong><mark style=\"background-color:rgba(0, 0, 0, 0)\" class=\"has-inline-color has-vivid-red-color\">En estas asambleas adem\u00e1s de informar de la actualidad en Metro de Madrid y fuera de \u00e9l, se realizan propuestas o llegamos a consensos en los diferentes temas que puedan surgir.<\/mark><\/strong><\/p>\n\n\n\n<p>Ejemplos<\/p>\n\n\n\n<p>Temas del actual convenio; Votaciones de preacuerdos; Acciones a tomar de cara a futuras luchas; Salud Laboral; Comisi\u00f3n Amianto; Demandas y actualidad jur\u00eddica; Igualdad, Encuentro Internacional de Sindicatos de Metros; Movilizaciones generales (Contra la reforma de las pensiones; Palestina; Por la Derogaci\u00f3n de la Reforma Laboral y la Ley Mordaza; Contra la carest\u00eda de la vida, Contra la crisis clim\u00e1tica y energ\u00e9tica&#8230;); \u2026 y varios para proponer y marcas l\u00edneas de trabajo de cara al nuevo a\u00f1o y las luchas que tenemos que emprender.<\/p>\n\n\n\n<p><\/p>\n\n\n\n<blockquote class=\"wp-block-quote is-layout-flow wp-block-quote-is-layout-flow\">\n<p><mark style=\"background-color:rgba(0, 0, 0, 0)\" class=\"has-inline-color has-vivid-red-color\">Animamos a toda la afiliaci\u00f3n a participar, y si puede ser de forma presencial, mucho mejor, pues la informaci\u00f3n y la toma de decisiones colectivas son nuestra fuerza y nuestra raz\u00f3n de ser.<\/mark><\/p>\n<\/blockquote>\n\n\n\n<p><br><strong>Nota para quienes participen a trav\u00e9s de zoom:<\/strong><br>Es necesario que teng\u00e1is como nombre de usuario vuestro dne +vuestro nombre para facilitar la identificaci\u00f3n y no entorpecer la din\u00e1mica de la asamblea<\/p>\n","protected":false},"excerpt":{"rendered":"<p>PROXIMA CONVOCATORIA DE ASAMBLEA MENSUAL: JUEVES, 27 DE MARZO DE 2025 Por regla general la fecha de convocatoria es la \u00faltima semana de cada mes y la semana previa se [&hellip;]<\/p>\n","protected":false},"author":3,"featured_media":0,"parent":0,"menu_order":0,"comment_status":"closed","ping_status":"closed","template":"","meta":{"postBodyCss":"","postBodyMargin":[],"postBodyPadding":[],"postBodyBackground":{"backgroundType":"classic","gradient":""},"ngg_post_thumbnail":0,"footnotes":""},"class_list":["post-10248","page","type-page","status-publish","hentry"],"yoast_head":"<!-- This site is optimized with the Yoast SEO plugin v27.4 - https:\/\/yoast.com\/product\/yoast-seo-wordpress\/ -->\n<title>SECCI\u00d3N METRO DE MADRID \/ ASAMBLEA MENSUAL - CONFEDERACI\u00d3N SOLIDARIDAD OBRERA<\/title>\n<meta name=\"robots\" content=\"index, follow, max-snippet:-1, max-image-preview:large, max-video-preview:-1\" \/>\n<link rel=\"canonical\" href=\"https:\/\/www.solidaridadobrera.org\/confederal\/seccion-metro-de-madrid-asamblea-mensual\/\" \/>\n<meta property=\"og:locale\" content=\"es_ES\" \/>\n<meta property=\"og:type\" content=\"article\" \/>\n<meta property=\"og:title\" content=\"SECCI\u00d3N METRO DE MADRID \/ ASAMBLEA MENSUAL - CONFEDERACI\u00d3N SOLIDARIDAD OBRERA\" \/>\n<meta property=\"og:description\" content=\"PROXIMA CONVOCATORIA DE ASAMBLEA MENSUAL: JUEVES, 27 DE MARZO DE 2025 Por regla general la fecha de convocatoria es la \u00faltima semana de cada mes y la semana previa se [&hellip;]\" \/>\n<meta property=\"og:url\" content=\"https:\/\/www.solidaridadobrera.org\/confederal\/seccion-metro-de-madrid-asamblea-mensual\/\" \/>\n<meta property=\"og:site_name\" content=\"CONFEDERACI\u00d3N SOLIDARIDAD OBRERA\" \/>\n<meta property=\"article:publisher\" content=\"https:\/\/es-es.facebook.com\/Soliobrera\" \/>\n<meta property=\"article:modified_time\" content=\"2025-03-21T09:19:14+00:00\" \/>\n<meta name=\"twitter:card\" content=\"summary_large_image\" \/>\n<meta name=\"twitter:label1\" content=\"Tiempo de lectura\" \/>\n\t<meta name=\"twitter:data1\" content=\"2 minutos\" \/>\n<script type=\"application\/ld+json\" class=\"yoast-schema-graph\">{\"@context\":\"https:\\\/\\\/schema.org\",\"@graph\":[{\"@type\":\"WebPage\",\"@id\":\"https:\\\/\\\/www.solidaridadobrera.org\\\/confederal\\\/seccion-metro-de-madrid-asamblea-mensual\\\/\",\"url\":\"https:\\\/\\\/www.solidaridadobrera.org\\\/confederal\\\/seccion-metro-de-madrid-asamblea-mensual\\\/\",\"name\":\"SECCI\u00d3N METRO DE MADRID \\\/ ASAMBLEA MENSUAL - CONFEDERACI\u00d3N SOLIDARIDAD OBRERA\",\"isPartOf\":{\"@id\":\"https:\\\/\\\/www.solidaridadobrera.org\\\/confederal\\\/#website\"},\"datePublished\":\"2022-02-07T11:51:13+00:00\",\"dateModified\":\"2025-03-21T09:19:14+00:00\",\"breadcrumb\":{\"@id\":\"https:\\\/\\\/www.solidaridadobrera.org\\\/confederal\\\/seccion-metro-de-madrid-asamblea-mensual\\\/#breadcrumb\"},\"inLanguage\":\"es\",\"potentialAction\":[{\"@type\":\"ReadAction\",\"target\":[\"https:\\\/\\\/www.solidaridadobrera.org\\\/confederal\\\/seccion-metro-de-madrid-asamblea-mensual\\\/\"]}]},{\"@type\":\"BreadcrumbList\",\"@id\":\"https:\\\/\\\/www.solidaridadobrera.org\\\/confederal\\\/seccion-metro-de-madrid-asamblea-mensual\\\/#breadcrumb\",\"itemListElement\":[{\"@type\":\"ListItem\",\"position\":1,\"name\":\"Portada\",\"item\":\"https:\\\/\\\/www.solidaridadobrera.org\\\/confederal\\\/\"},{\"@type\":\"ListItem\",\"position\":2,\"name\":\"SECCI\u00d3N METRO DE MADRID \\\/ ASAMBLEA MENSUAL\"}]},{\"@type\":\"WebSite\",\"@id\":\"https:\\\/\\\/www.solidaridadobrera.org\\\/confederal\\\/#website\",\"url\":\"https:\\\/\\\/www.solidaridadobrera.org\\\/confederal\\\/\",\"name\":\"SOLIDARIDAD OBRERA\",\"description\":\"Confederaci\u00f3n Anarcosindicalista. La lucha es el \u00fanico camino.\",\"publisher\":{\"@id\":\"https:\\\/\\\/www.solidaridadobrera.org\\\/confederal\\\/#organization\"},\"potentialAction\":[{\"@type\":\"SearchAction\",\"target\":{\"@type\":\"EntryPoint\",\"urlTemplate\":\"https:\\\/\\\/www.solidaridadobrera.org\\\/confederal\\\/?s={search_term_string}\"},\"query-input\":{\"@type\":\"PropertyValueSpecification\",\"valueRequired\":true,\"valueName\":\"search_term_string\"}}],\"inLanguage\":\"es\"},{\"@type\":\"Organization\",\"@id\":\"https:\\\/\\\/www.solidaridadobrera.org\\\/confederal\\\/#organization\",\"name\":\"Solidaridad Obrera\",\"url\":\"https:\\\/\\\/www.solidaridadobrera.org\\\/confederal\\\/\",\"logo\":{\"@type\":\"ImageObject\",\"inLanguage\":\"es\",\"@id\":\"https:\\\/\\\/www.solidaridadobrera.org\\\/confederal\\\/#\\\/schema\\\/logo\\\/image\\\/\",\"url\":\"https:\\\/\\\/www.solidaridadobrera.org\\\/confederal\\\/wp-content\\\/uploads\\\/2021\\\/07\\\/logo_soli_web.png\",\"contentUrl\":\"https:\\\/\\\/www.solidaridadobrera.org\\\/confederal\\\/wp-content\\\/uploads\\\/2021\\\/07\\\/logo_soli_web.png\",\"width\":1181,\"height\":1181,\"caption\":\"Solidaridad Obrera\"},\"image\":{\"@id\":\"https:\\\/\\\/www.solidaridadobrera.org\\\/confederal\\\/#\\\/schema\\\/logo\\\/image\\\/\"},\"sameAs\":[\"https:\\\/\\\/es-es.facebook.com\\\/Soliobrera\",\"https:\\\/\\\/www.instagram.com\\\/soliobrera\\\/\",\"https:\\\/\\\/web.telegram.org\\\/a\\\/#-1001124968543\"]}]}<\/script>\n<!-- \/ Yoast SEO plugin. -->","yoast_head_json":{"title":"SECCI\u00d3N METRO DE MADRID \/ ASAMBLEA MENSUAL - CONFEDERACI\u00d3N SOLIDARIDAD OBRERA","robots":{"index":"index","follow":"follow","max-snippet":"max-snippet:-1","max-image-preview":"max-image-preview:large","max-video-preview":"max-video-preview:-1"},"canonical":"https:\/\/www.solidaridadobrera.org\/confederal\/seccion-metro-de-madrid-asamblea-mensual\/","og_locale":"es_ES","og_type":"article","og_title":"SECCI\u00d3N METRO DE MADRID \/ ASAMBLEA MENSUAL - CONFEDERACI\u00d3N SOLIDARIDAD OBRERA","og_description":"PROXIMA CONVOCATORIA DE ASAMBLEA MENSUAL: JUEVES, 27 DE MARZO DE 2025 Por regla general la fecha de convocatoria es la \u00faltima semana de cada mes y la semana previa se [&hellip;]","og_url":"https:\/\/www.solidaridadobrera.org\/confederal\/seccion-metro-de-madrid-asamblea-mensual\/","og_site_name":"CONFEDERACI\u00d3N SOLIDARIDAD OBRERA","article_publisher":"https:\/\/es-es.facebook.com\/Soliobrera","article_modified_time":"2025-03-21T09:19:14+00:00","twitter_card":"summary_large_image","twitter_misc":{"Tiempo de lectura":"2 minutos"},"schema":{"@context":"https:\/\/schema.org","@graph":[{"@type":"WebPage","@id":"https:\/\/www.solidaridadobrera.org\/confederal\/seccion-metro-de-madrid-asamblea-mensual\/","url":"https:\/\/www.solidaridadobrera.org\/confederal\/seccion-metro-de-madrid-asamblea-mensual\/","name":"SECCI\u00d3N METRO DE MADRID \/ ASAMBLEA MENSUAL - CONFEDERACI\u00d3N SOLIDARIDAD OBRERA","isPartOf":{"@id":"https:\/\/www.solidaridadobrera.org\/confederal\/#website"},"datePublished":"2022-02-07T11:51:13+00:00","dateModified":"2025-03-21T09:19:14+00:00","breadcrumb":{"@id":"https:\/\/www.solidaridadobrera.org\/confederal\/seccion-metro-de-madrid-asamblea-mensual\/#breadcrumb"},"inLanguage":"es","potentialAction":[{"@type":"ReadAction","target":["https:\/\/www.solidaridadobrera.org\/confederal\/seccion-metro-de-madrid-asamblea-mensual\/"]}]},{"@type":"BreadcrumbList","@id":"https:\/\/www.solidaridadobrera.org\/confederal\/seccion-metro-de-madrid-asamblea-mensual\/#breadcrumb","itemListElement":[{"@type":"ListItem","position":1,"name":"Portada","item":"https:\/\/www.solidaridadobrera.org\/confederal\/"},{"@type":"ListItem","position":2,"name":"SECCI\u00d3N METRO DE MADRID \/ ASAMBLEA MENSUAL"}]},{"@type":"WebSite","@id":"https:\/\/www.solidaridadobrera.org\/confederal\/#website","url":"https:\/\/www.solidaridadobrera.org\/confederal\/","name":"SOLIDARIDAD OBRERA","description":"Confederaci\u00f3n Anarcosindicalista. La lucha es el \u00fanico camino.","publisher":{"@id":"https:\/\/www.solidaridadobrera.org\/confederal\/#organization"},"potentialAction":[{"@type":"SearchAction","target":{"@type":"EntryPoint","urlTemplate":"https:\/\/www.solidaridadobrera.org\/confederal\/?s={search_term_string}"},"query-input":{"@type":"PropertyValueSpecification","valueRequired":true,"valueName":"search_term_string"}}],"inLanguage":"es"},{"@type":"Organization","@id":"https:\/\/www.solidaridadobrera.org\/confederal\/#organization","name":"Solidaridad Obrera","url":"https:\/\/www.solidaridadobrera.org\/confederal\/","logo":{"@type":"ImageObject","inLanguage":"es","@id":"https:\/\/www.solidaridadobrera.org\/confederal\/#\/schema\/logo\/image\/","url":"https:\/\/www.solidaridadobrera.org\/confederal\/wp-content\/uploads\/2021\/07\/logo_soli_web.png","contentUrl":"https:\/\/www.solidaridadobrera.org\/confederal\/wp-content\/uploads\/2021\/07\/logo_soli_web.png","width":1181,"height":1181,"caption":"Solidaridad Obrera"},"image":{"@id":"https:\/\/www.solidaridadobrera.org\/confederal\/#\/schema\/logo\/image\/"},"sameAs":["https:\/\/es-es.facebook.com\/Soliobrera","https:\/\/www.instagram.com\/soliobrera\/","https:\/\/web.telegram.org\/a\/#-1001124968543"]}]}},"_links":{"self":[{"href":"https:\/\/www.solidaridadobrera.org\/confederal\/wp-json\/wp\/v2\/pages\/10248","targetHints":{"allow":["GET"]}}],"collection":[{"href":"https:\/\/www.solidaridadobrera.org\/confederal\/wp-json\/wp\/v2\/pages"}],"about":[{"href":"https:\/\/www.solidaridadobrera.org\/confederal\/wp-json\/wp\/v2\/types\/page"}],"author":[{"embeddable":true,"href":"https:\/\/www.solidaridadobrera.org\/confederal\/wp-json\/wp\/v2\/users\/3"}],"replies":[{"embeddable":true,"href":"https:\/\/www.solidaridadobrera.org\/confederal\/wp-json\/wp\/v2\/comments?post=10248"}],"version-history":[{"count":4,"href":"https:\/\/www.solidaridadobrera.org\/confederal\/wp-json\/wp\/v2\/pages\/10248\/revisions"}],"predecessor-version":[{"id":11562,"href":"https:\/\/www.solidaridadobrera.org\/confederal\/wp-json\/wp\/v2\/pages\/10248\/revisions\/11562"}],"wp:attachment":[{"href":"https:\/\/www.solidaridadobrera.org\/confederal\/wp-json\/wp\/v2\/media?parent=10248"}],"curies":[{"name":"wp","href":"https:\/\/api.w.org\/{rel}","templated":true}]}}